{"id":146,"date":"2010-01-02T19:49:22","date_gmt":"2010-01-02T18:49:22","guid":{"rendered":"http:\/\/wordpress.elsa18.fr\/index.php\/repetitions\/"},"modified":"2010-01-02T19:49:22","modified_gmt":"2010-01-02T18:49:22","slug":"repetitions","status":"publish","type":"page","link":"https:\/\/wordpress.elsa18.fr\/wordpress.elsa18.fr\/index.php\/repetitions\/","title":{"rendered":"Les r\u00e9p\u00e9titions vont bon train&#8230;"},"content":{"rendered":"<p style=\"text-align: center;\"><strong><em><br \/>Quelques vid\u00e9os de nos r\u00e9p\u00e9titions&#8230;<\/em><\/strong><\/p>\n<p style=\"text-align: center;\"><strong><em><br \/><\/em><\/strong><\/p>\n<p>\n<object height=\"344\" width=\"425\" codebase=\"http:\/\/download.macromedia.com\/pub\/shockwave\/cabs\/flash\/swflash.cab#version=10,0,32,18\" classid=\"clsid:d27cdb6e-ae6d-11cf-96b8-444553540000\"><param name=\"allowFullScreen\" value=\"true\" \/><param name=\"allowscriptaccess\" value=\"always\" \/><param name=\"src\" value=\"http:\/\/www.youtube.com\/v\/FsWA_fe2hNA&amp;hl=fr_FR&amp;fs=1&amp;color1=0x5d1719&amp;color2=0xcd311b\" \/><embed height=\"344\" width=\"425\" src=\"http:\/\/www.youtube.com\/v\/FsWA_fe2hNA&amp;hl=fr_FR&amp;fs=1&amp;color1=0x5d1719&amp;color2=0xcd311b\" allowscriptaccess=\"always\" allowfullscreen=\"true\" type=\"application\/x-shockwave-flash\">&nbsp;<\/embed><\/object>\n<\/p>\n<p>\u00a0<\/p>\n<p>\n<object height=\"344\" width=\"425\" codebase=\"http:\/\/download.macromedia.com\/pub\/shockwave\/cabs\/flash\/swflash.cab#version=10,0,32,18\" classid=\"clsid:d27cdb6e-ae6d-11cf-96b8-444553540000\"><param name=\"allowFullScreen\" value=\"true\" \/><param name=\"allowscriptaccess\" value=\"always\" \/><param name=\"src\" value=\"http:\/\/www.youtube.com\/v\/j4H-LfZpxdA&amp;hl=fr_FR&amp;fs=1&amp;color1=0x5d1719&amp;color2=0xcd311b\" \/><embed height=\"344\" width=\"425\" src=\"http:\/\/www.youtube.com\/v\/j4H-LfZpxdA&amp;hl=fr_FR&amp;fs=1&amp;color1=0x5d1719&amp;color2=0xcd311b\" allowscriptaccess=\"always\" allowfullscreen=\"true\" type=\"application\/x-shockwave-flash\">&nbsp;<\/embed><\/object>\n<\/p>\n<p>\u00a0<\/p>\n<p>\n<object height=\"344\" width=\"425\" codebase=\"http:\/\/download.macromedia.com\/pub\/shockwave\/cabs\/flash\/swflash.cab#version=10,0,32,18\" classid=\"clsid:d27cdb6e-ae6d-11cf-96b8-444553540000\"><param name=\"allowFullScreen\" value=\"true\" \/><param name=\"allowscriptaccess\" value=\"always\" \/><param name=\"src\" value=\"http:\/\/www.youtube.com\/v\/Al78MWy7joo&amp;hl=fr_FR&amp;fs=1&amp;color1=0x5d1719&amp;color2=0xcd311b\" \/><embed height=\"344\" width=\"425\" src=\"http:\/\/www.youtube.com\/v\/Al78MWy7joo&amp;hl=fr_FR&amp;fs=1&amp;color1=0x5d1719&amp;color2=0xcd311b\" allowscriptaccess=\"always\" allowfullscreen=\"true\" type=\"application\/x-shockwave-flash\"><\/embed><\/object>\n<\/p>\n<p style=\"text-align: center;\">\u00a0<\/p>\n<p style=\"text-align: center;\"><strong><em>Et quelques photos&#8230;<\/em><\/strong><\/p>\n<p style=\"text-align: center;\"><strong><em><br \/><\/em><\/strong><\/p>\n<p><img decoding=\"async\" class=\" alignleft size-full wp-image-145\" style=\"float: left; margin-right: 10px;\" src=\"http:\/\/wordpress.elsa18.fr\/wordpress.elsa18.fr\/wp-content\/uploads\/2010\/01\/operettes_viennechanteetdanse_P1100737-800x600.jpg\" width=\"400\" alt=\"P1100737 [800x600]\" srcset=\"https:\/\/wordpress.elsa18.fr\/wordpress.elsa18.fr\/wp-content\/uploads\/2010\/01\/operettes_viennechanteetdanse_P1100737-800x600.jpg 800w, https:\/\/wordpress.elsa18.fr\/wordpress.elsa18.fr\/wp-content\/uploads\/2010\/01\/operettes_viennechanteetdanse_P1100737-800x600-300x225.jpg 300w, https:\/\/wordpress.elsa18.fr\/wordpress.elsa18.fr\/wp-content\/uploads\/2010\/01\/operettes_viennechanteetdanse_P1100737-800x600-768x576.jpg 768w\" sizes=\"(max-width: 800px) 100vw, 800px\" \/>Toute la troupe d&#8217;ELSA travaille d&#8217;arrache-pied pour vous pr\u00e9senter bient\u00f4t son nouveau spectacle : &#8220;Vienne, chante et danse !&#8221;<\/p>\n<p>Les chants et les textes sont appris, les chor\u00e9graphies cr\u00e9\u00e9es, les mouvements de sc\u00e8ne r\u00e9p\u00e9t\u00e9s, les d\u00e9cors r\u00e9alis\u00e9s, les costumes pr\u00e9vus et\/ou cousus&#8230;<\/p>\n<p>\u00a0<\/p>\n<p>Nous avons d\u00e9j\u00e0 r\u00e9p\u00e9t\u00e9 avec la participation du t\u00e9nor professionnel Christophe CAUL, et nous r\u00e9p\u00e9tons bient\u00f4t avec l&#8217;orchestre&#8230;<\/p>\n<p>\u00a0<\/p>\n<p>H\u00e9 oui, monter une op\u00e9rette, c&#8217;est du boulot, et nous esp\u00e9rons que le r\u00e9sultat sera \u00e0 la hauteur de nos efforts, pour votre plus grand plaisir ! En attendant, voici un avant-go\u00fbt du spectacle : quelques photos des coulisses d&#8217;ELSA : les r\u00e9p\u00e9titions !<\/p>\n<p>{vsig}operettes\/viennechanteetdanse\/repets2{\/vsig}<\/p>\n<p>{vsig}operettes\/viennechanteetdanse\/repets{\/vsig}<\/p>\n","protected":false},"excerpt":{"rendered":"<p>Quelques vid\u00e9os de nos r\u00e9p\u00e9titions&#8230; &nbsp; \u00a0 &nbsp; \u00a0 \u00a0 Et quelques photos&#8230; Toute la troupe d&#8217;ELSA travaille d&#8217;arrache-pied pour vous pr\u00e9senter bient\u00f4t son nouveau spectacle : &#8220;Vienne, chante et &hellip;<\/p>\n<p class=\"read-more\"> <a class=\"\" href=\"https:\/\/wordpress.elsa18.fr\/wordpress.elsa18.fr\/index.php\/repetitions\/\"> <span class=\"screen-reader-text\">Les r\u00e9p\u00e9titions vont bon train&#8230;<\/span> Lire la suite\u00a0\u00bb<\/a><\/p>\n","protected":false},"author":1,"featured_media":145,"parent":0,"menu_order":2,"comment_status":"closed","ping_status":"closed","template":"","meta":{"site-sidebar-layout":"default","site-content-layout":"default","ast-global-header-display":"","ast-main-header-display":"","ast-hfb-above-header-display":"","ast-hfb-below-header-display":"","ast-hfb-mobile-header-display":"","site-post-title":"","ast-breadcrumbs-content":"","ast-featured-img":"","footer-sml-layout":"","theme-transparent-header-meta":"","adv-header-id-meta":"","stick-header-meta":"","header-above-stick-meta":"","header-main-stick-meta":"","header-below-stick-meta":"","footnotes":""},"class_list":["post-146","page","type-page","status-publish","has-post-thumbnail","hentry"],"yoast_head":"<!-- This site is optimized with the Yoast SEO plugin v27.5 - https:\/\/yoast.com\/product\/yoast-seo-wordpress\/ -->\n<title>Les r\u00e9p\u00e9titions vont bon train... - Elsa<\/title>\n<meta name=\"robots\" content=\"index, follow, max-snippet:-1, max-image-preview:large, max-video-preview:-1\" \/>\n<link rel=\"canonical\" href=\"https:\/\/wordpress.elsa18.fr\/wordpress.elsa18.fr\/index.php\/repetitions\/\" \/>\n<meta property=\"og:locale\" content=\"fr_FR\" \/>\n<meta property=\"og:type\" content=\"article\" \/>\n<meta property=\"og:title\" content=\"Les r\u00e9p\u00e9titions vont bon train... - Elsa\" \/>\n<meta property=\"og:description\" content=\"Quelques vid\u00e9os de nos r\u00e9p\u00e9titions&#8230; &nbsp; \u00a0 &nbsp; \u00a0 \u00a0 Et quelques photos&#8230; Toute la troupe d&#8217;ELSA travaille d&#8217;arrache-pied pour vous pr\u00e9senter bient\u00f4t son nouveau spectacle : &#8220;Vienne, chante et &hellip; Les r\u00e9p\u00e9titions vont bon train&#8230; Lire la suite\u00a0\u00bb\" \/>\n<meta property=\"og:url\" content=\"https:\/\/wordpress.elsa18.fr\/wordpress.elsa18.fr\/index.php\/repetitions\/\" \/>\n<meta property=\"og:site_name\" content=\"Elsa\" \/>\n<meta property=\"article:publisher\" content=\"https:\/\/www.facebook.com\/ELSA-572253779530070\/\" \/>\n<meta property=\"og:image\" content=\"https:\/\/wordpress.elsa18.fr\/wordpress.elsa18.fr\/wp-content\/uploads\/2010\/01\/operettes_viennechanteetdanse_P1100737-800x600.jpg\" \/>\n\t<meta property=\"og:image:width\" content=\"800\" \/>\n\t<meta property=\"og:image:height\" content=\"600\" \/>\n\t<meta property=\"og:image:type\" content=\"image\/jpeg\" \/>\n<meta name=\"twitter:card\" content=\"summary_large_image\" \/>\n<meta name=\"twitter:label1\" content=\"Dur\u00e9e de lecture estim\u00e9e\" \/>\n\t<meta name=\"twitter:data1\" content=\"1 minute\" \/>\n<script type=\"application\/ld+json\" class=\"yoast-schema-graph\">{\"@context\":\"https:\\\/\\\/schema.org\",\"@graph\":[{\"@type\":\"WebPage\",\"@id\":\"https:\\\/\\\/wordpress.elsa18.fr\\\/wordpress.elsa18.fr\\\/index.php\\\/repetitions\\\/\",\"url\":\"https:\\\/\\\/wordpress.elsa18.fr\\\/wordpress.elsa18.fr\\\/index.php\\\/repetitions\\\/\",\"name\":\"Les r\u00e9p\u00e9titions vont bon train... - Elsa\",\"isPartOf\":{\"@id\":\"https:\\\/\\\/wordpress.elsa18.fr\\\/wordpress.elsa18.fr\\\/#website\"},\"primaryImageOfPage\":{\"@id\":\"https:\\\/\\\/wordpress.elsa18.fr\\\/wordpress.elsa18.fr\\\/index.php\\\/repetitions\\\/#primaryimage\"},\"image\":{\"@id\":\"https:\\\/\\\/wordpress.elsa18.fr\\\/wordpress.elsa18.fr\\\/index.php\\\/repetitions\\\/#primaryimage\"},\"thumbnailUrl\":\"https:\\\/\\\/wordpress.elsa18.fr\\\/wordpress.elsa18.fr\\\/wp-content\\\/uploads\\\/2010\\\/01\\\/operettes_viennechanteetdanse_P1100737-800x600.jpg\",\"datePublished\":\"2010-01-02T18:49:22+00:00\",\"breadcrumb\":{\"@id\":\"https:\\\/\\\/wordpress.elsa18.fr\\\/wordpress.elsa18.fr\\\/index.php\\\/repetitions\\\/#breadcrumb\"},\"inLanguage\":\"fr-FR\",\"potentialAction\":[{\"@type\":\"ReadAction\",\"target\":[\"https:\\\/\\\/wordpress.elsa18.fr\\\/wordpress.elsa18.fr\\\/index.php\\\/repetitions\\\/\"]}]},{\"@type\":\"ImageObject\",\"inLanguage\":\"fr-FR\",\"@id\":\"https:\\\/\\\/wordpress.elsa18.fr\\\/wordpress.elsa18.fr\\\/index.php\\\/repetitions\\\/#primaryimage\",\"url\":\"https:\\\/\\\/wordpress.elsa18.fr\\\/wordpress.elsa18.fr\\\/wp-content\\\/uploads\\\/2010\\\/01\\\/operettes_viennechanteetdanse_P1100737-800x600.jpg\",\"contentUrl\":\"https:\\\/\\\/wordpress.elsa18.fr\\\/wordpress.elsa18.fr\\\/wp-content\\\/uploads\\\/2010\\\/01\\\/operettes_viennechanteetdanse_P1100737-800x600.jpg\",\"width\":800,\"height\":600,\"caption\":\"P1100737 [800x600]\"},{\"@type\":\"BreadcrumbList\",\"@id\":\"https:\\\/\\\/wordpress.elsa18.fr\\\/wordpress.elsa18.fr\\\/index.php\\\/repetitions\\\/#breadcrumb\",\"itemListElement\":[{\"@type\":\"ListItem\",\"position\":1,\"name\":\"Accueil\",\"item\":\"https:\\\/\\\/wordpress.elsa18.fr\\\/wordpress.elsa18.fr\\\/\"},{\"@type\":\"ListItem\",\"position\":2,\"name\":\"Les r\u00e9p\u00e9titions vont bon train&#8230;\"}]},{\"@type\":\"WebSite\",\"@id\":\"https:\\\/\\\/wordpress.elsa18.fr\\\/wordpress.elsa18.fr\\\/#website\",\"url\":\"https:\\\/\\\/wordpress.elsa18.fr\\\/wordpress.elsa18.fr\\\/\",\"name\":\"Elsa\",\"description\":\"Espoir Lyrique Saint Amandois\",\"publisher\":{\"@id\":\"https:\\\/\\\/wordpress.elsa18.fr\\\/wordpress.elsa18.fr\\\/#organization\"},\"potentialAction\":[{\"@type\":\"SearchAction\",\"target\":{\"@type\":\"EntryPoint\",\"urlTemplate\":\"https:\\\/\\\/wordpress.elsa18.fr\\\/wordpress.elsa18.fr\\\/?s={search_term_string}\"},\"query-input\":{\"@type\":\"PropertyValueSpecification\",\"valueRequired\":true,\"valueName\":\"search_term_string\"}}],\"inLanguage\":\"fr-FR\"},{\"@type\":\"Organization\",\"@id\":\"https:\\\/\\\/wordpress.elsa18.fr\\\/wordpress.elsa18.fr\\\/#organization\",\"name\":\"Elsa\",\"url\":\"https:\\\/\\\/wordpress.elsa18.fr\\\/wordpress.elsa18.fr\\\/\",\"logo\":{\"@type\":\"ImageObject\",\"inLanguage\":\"fr-FR\",\"@id\":\"https:\\\/\\\/wordpress.elsa18.fr\\\/wordpress.elsa18.fr\\\/#\\\/schema\\\/logo\\\/image\\\/\",\"url\":\"https:\\\/\\\/wordpress.elsa18.fr\\\/wordpress.elsa18.fr\\\/wp-content\\\/uploads\\\/2022\\\/07\\\/cropped-ELSA-LOGO_Plan-de-travail-1_Plan-de-travail-1_Plan-de-travail-1_Plan-de-travail-1.png\",\"contentUrl\":\"https:\\\/\\\/wordpress.elsa18.fr\\\/wordpress.elsa18.fr\\\/wp-content\\\/uploads\\\/2022\\\/07\\\/cropped-ELSA-LOGO_Plan-de-travail-1_Plan-de-travail-1_Plan-de-travail-1_Plan-de-travail-1.png\",\"width\":2084,\"height\":2084,\"caption\":\"Elsa\"},\"image\":{\"@id\":\"https:\\\/\\\/wordpress.elsa18.fr\\\/wordpress.elsa18.fr\\\/#\\\/schema\\\/logo\\\/image\\\/\"},\"sameAs\":[\"https:\\\/\\\/www.facebook.com\\\/ELSA-572253779530070\\\/\",\"https:\\\/\\\/www.instagram.com\\\/espoir_lyrique_saint_amandois\\\/?hl=fr\"]}]}<\/script>\n<!-- \/ Yoast SEO plugin. -->","yoast_head_json":{"title":"Les r\u00e9p\u00e9titions vont bon train... - Elsa","robots":{"index":"index","follow":"follow","max-snippet":"max-snippet:-1","max-image-preview":"max-image-preview:large","max-video-preview":"max-video-preview:-1"},"canonical":"https:\/\/wordpress.elsa18.fr\/wordpress.elsa18.fr\/index.php\/repetitions\/","og_locale":"fr_FR","og_type":"article","og_title":"Les r\u00e9p\u00e9titions vont bon train... - Elsa","og_description":"Quelques vid\u00e9os de nos r\u00e9p\u00e9titions&#8230; &nbsp; \u00a0 &nbsp; \u00a0 \u00a0 Et quelques photos&#8230; Toute la troupe d&#8217;ELSA travaille d&#8217;arrache-pied pour vous pr\u00e9senter bient\u00f4t son nouveau spectacle : &#8220;Vienne, chante et &hellip; Les r\u00e9p\u00e9titions vont bon train&#8230; Lire la suite\u00a0\u00bb","og_url":"https:\/\/wordpress.elsa18.fr\/wordpress.elsa18.fr\/index.php\/repetitions\/","og_site_name":"Elsa","article_publisher":"https:\/\/www.facebook.com\/ELSA-572253779530070\/","og_image":[{"width":800,"height":600,"url":"https:\/\/wordpress.elsa18.fr\/wordpress.elsa18.fr\/wp-content\/uploads\/2010\/01\/operettes_viennechanteetdanse_P1100737-800x600.jpg","type":"image\/jpeg"}],"twitter_card":"summary_large_image","twitter_misc":{"Dur\u00e9e de lecture estim\u00e9e":"1 minute"},"schema":{"@context":"https:\/\/schema.org","@graph":[{"@type":"WebPage","@id":"https:\/\/wordpress.elsa18.fr\/wordpress.elsa18.fr\/index.php\/repetitions\/","url":"https:\/\/wordpress.elsa18.fr\/wordpress.elsa18.fr\/index.php\/repetitions\/","name":"Les r\u00e9p\u00e9titions vont bon train... - Elsa","isPartOf":{"@id":"https:\/\/wordpress.elsa18.fr\/wordpress.elsa18.fr\/#website"},"primaryImageOfPage":{"@id":"https:\/\/wordpress.elsa18.fr\/wordpress.elsa18.fr\/index.php\/repetitions\/#primaryimage"},"image":{"@id":"https:\/\/wordpress.elsa18.fr\/wordpress.elsa18.fr\/index.php\/repetitions\/#primaryimage"},"thumbnailUrl":"https:\/\/wordpress.elsa18.fr\/wordpress.elsa18.fr\/wp-content\/uploads\/2010\/01\/operettes_viennechanteetdanse_P1100737-800x600.jpg","datePublished":"2010-01-02T18:49:22+00:00","breadcrumb":{"@id":"https:\/\/wordpress.elsa18.fr\/wordpress.elsa18.fr\/index.php\/repetitions\/#breadcrumb"},"inLanguage":"fr-FR","potentialAction":[{"@type":"ReadAction","target":["https:\/\/wordpress.elsa18.fr\/wordpress.elsa18.fr\/index.php\/repetitions\/"]}]},{"@type":"ImageObject","inLanguage":"fr-FR","@id":"https:\/\/wordpress.elsa18.fr\/wordpress.elsa18.fr\/index.php\/repetitions\/#primaryimage","url":"https:\/\/wordpress.elsa18.fr\/wordpress.elsa18.fr\/wp-content\/uploads\/2010\/01\/operettes_viennechanteetdanse_P1100737-800x600.jpg","contentUrl":"https:\/\/wordpress.elsa18.fr\/wordpress.elsa18.fr\/wp-content\/uploads\/2010\/01\/operettes_viennechanteetdanse_P1100737-800x600.jpg","width":800,"height":600,"caption":"P1100737 [800x600]"},{"@type":"BreadcrumbList","@id":"https:\/\/wordpress.elsa18.fr\/wordpress.elsa18.fr\/index.php\/repetitions\/#breadcrumb","itemListElement":[{"@type":"ListItem","position":1,"name":"Accueil","item":"https:\/\/wordpress.elsa18.fr\/wordpress.elsa18.fr\/"},{"@type":"ListItem","position":2,"name":"Les r\u00e9p\u00e9titions vont bon train&#8230;"}]},{"@type":"WebSite","@id":"https:\/\/wordpress.elsa18.fr\/wordpress.elsa18.fr\/#website","url":"https:\/\/wordpress.elsa18.fr\/wordpress.elsa18.fr\/","name":"Elsa","description":"Espoir Lyrique Saint Amandois","publisher":{"@id":"https:\/\/wordpress.elsa18.fr\/wordpress.elsa18.fr\/#organization"},"potentialAction":[{"@type":"SearchAction","target":{"@type":"EntryPoint","urlTemplate":"https:\/\/wordpress.elsa18.fr\/wordpress.elsa18.fr\/?s={search_term_string}"},"query-input":{"@type":"PropertyValueSpecification","valueRequired":true,"valueName":"search_term_string"}}],"inLanguage":"fr-FR"},{"@type":"Organization","@id":"https:\/\/wordpress.elsa18.fr\/wordpress.elsa18.fr\/#organization","name":"Elsa","url":"https:\/\/wordpress.elsa18.fr\/wordpress.elsa18.fr\/","logo":{"@type":"ImageObject","inLanguage":"fr-FR","@id":"https:\/\/wordpress.elsa18.fr\/wordpress.elsa18.fr\/#\/schema\/logo\/image\/","url":"https:\/\/wordpress.elsa18.fr\/wordpress.elsa18.fr\/wp-content\/uploads\/2022\/07\/cropped-ELSA-LOGO_Plan-de-travail-1_Plan-de-travail-1_Plan-de-travail-1_Plan-de-travail-1.png","contentUrl":"https:\/\/wordpress.elsa18.fr\/wordpress.elsa18.fr\/wp-content\/uploads\/2022\/07\/cropped-ELSA-LOGO_Plan-de-travail-1_Plan-de-travail-1_Plan-de-travail-1_Plan-de-travail-1.png","width":2084,"height":2084,"caption":"Elsa"},"image":{"@id":"https:\/\/wordpress.elsa18.fr\/wordpress.elsa18.fr\/#\/schema\/logo\/image\/"},"sameAs":["https:\/\/www.facebook.com\/ELSA-572253779530070\/","https:\/\/www.instagram.com\/espoir_lyrique_saint_amandois\/?hl=fr"]}]}},"_links":{"self":[{"href":"https:\/\/wordpress.elsa18.fr\/wordpress.elsa18.fr\/index.php\/wp-json\/wp\/v2\/pages\/146","targetHints":{"allow":["GET"]}}],"collection":[{"href":"https:\/\/wordpress.elsa18.fr\/wordpress.elsa18.fr\/index.php\/wp-json\/wp\/v2\/pages"}],"about":[{"href":"https:\/\/wordpress.elsa18.fr\/wordpress.elsa18.fr\/index.php\/wp-json\/wp\/v2\/types\/page"}],"author":[{"embeddable":true,"href":"https:\/\/wordpress.elsa18.fr\/wordpress.elsa18.fr\/index.php\/wp-json\/wp\/v2\/users\/1"}],"replies":[{"embeddable":true,"href":"https:\/\/wordpress.elsa18.fr\/wordpress.elsa18.fr\/index.php\/wp-json\/wp\/v2\/comments?post=146"}],"version-history":[{"count":0,"href":"https:\/\/wordpress.elsa18.fr\/wordpress.elsa18.fr\/index.php\/wp-json\/wp\/v2\/pages\/146\/revisions"}],"wp:featuredmedia":[{"embeddable":true,"href":"https:\/\/wordpress.elsa18.fr\/wordpress.elsa18.fr\/index.php\/wp-json\/wp\/v2\/media\/145"}],"wp:attachment":[{"href":"https:\/\/wordpress.elsa18.fr\/wordpress.elsa18.fr\/index.php\/wp-json\/wp\/v2\/media?parent=146"}],"curies":[{"name":"wp","href":"https:\/\/api.w.org\/{rel}","templated":true}]}}