{"id":147,"date":"2010-01-11T22:00:55","date_gmt":"2010-01-11T21:00:55","guid":{"rendered":"http:\/\/wordpress.elsa18.fr\/index.php\/compte-rendu-de-la-reunion-du-28-decembre-2009\/"},"modified":"2010-01-11T22:00:55","modified_gmt":"2010-01-11T21:00:55","slug":"compte-rendu-de-la-reunion-du-28-decembre-2009","status":"publish","type":"page","link":"https:\/\/wordpress.elsa18.fr\/wordpress.elsa18.fr\/index.php\/compte-rendu-de-la-reunion-du-28-decembre-2009\/","title":{"rendered":"COMPTE-RENDU DE LA REUNION DU 28 DECEMBRE 2009"},"content":{"rendered":"<p><meta http-equiv=\"Content-Type\" content=\"text\/html; charset=utf-8\" \/><br \/>\n<meta name=\"ProgId\" content=\"Word.Document\" \/><br \/>\n<meta name=\"Generator\" content=\"Microsoft Word 12\" \/><br \/>\n<meta name=\"Originator\" content=\"Microsoft Word 12\" \/>\n<link rel=\"File-List\" href=\"file:\/\/\/C:\\Users\\CL3M\\AppData\\Local\\Temp\\msohtmlclip1\\01\\clip_filelist.xml\" \/>\n<link rel=\"themeData\" href=\"file:\/\/\/C:\\Users\\CL3M\\AppData\\Local\\Temp\\msohtmlclip1\\01\\clip_themedata.thmx\" \/>\n<link rel=\"colorSchemeMapping\" href=\"file:\/\/\/C:\\Users\\CL3M\\AppData\\Local\\Temp\\msohtmlclip1\\01\\clip_colorschememapping.xml\" \/>\n<p style=\"text-align: center;\" align=\"center\"><strong><span style=\"text-decoration: underline;\">COMPTE-RENDU<\/span> <br \/><\/strong><\/p>\n<p>\u00a0<\/p>\n<p><span style=\"text-decoration: underline;\">Voeux 2010 <\/span>: Nous avons re\u00e7u par courrier les voeux du maire ainsi que ceux du d\u00e9put\u00e9 Louis Cosyns.<\/p>\n<p><span style=\"text-decoration: underline;\">Contact <\/span>: Une soprano professionnelle a pris contact avec nous, elle a entendu parler de nous gr\u00e2ce au &#8220;bouche \u00e0 oreilles&#8221;. Elle propose ses services pour l&#8217;an prochain. Nous gardons ses coordonn\u00e9es sous la main au cas o\u00f9&#8230;<\/p>\n<p><span style=\"text-decoration: underline;\">Subvention <\/span>: la subvention pour l&#8217;ann\u00e9e 2009 sera vers\u00e9e en 2010.<\/p>\n<p><span style=\"text-decoration: underline;\">Cartes de membres <\/span>: Tr\u00e8s peu d&#8217;adh\u00e9rents. Pour rappel : 5 \u20ac par adulte et 1 \u20ac pour les enfants.<\/p>\n<p><span style=\"text-decoration: underline;\">Affiches et flyers <\/span>: L&#8217;affiche est termin\u00e9e, nous la validons lors de cette r\u00e9union. Merci \u00e0 Cl\u00e9ment et M\u00e9gane pour leur travail ainsi qu&#8217;\u00e0 Amador. Nous allons voir l&#8217;imprimeur cette semaine. Il faut imp\u00e9rativement que les affiches soit pr\u00eates avant le 19 janvier.<\/p>\n<p><span style=\"text-decoration: underline;\">Programme <\/span>: Pr\u00e9sentation du futur programme par D\u00e9borah. Il s&#8217;agit d&#8217;une \u00e9bauche!<\/p>\n<p>Nous remarquons qu&#8217;il y a un peu moins d&#8217;encarts pub que l&#8217;an dernier. Sans doute la faute \u00e0 la crise ou peut-\u00eatre au manque d&#8217;investissement et de dynamisme des membres du bureau pour aller voir les commer\u00e7ants.<\/p>\n<p>L&#8217;imprimeur devrait avoir cette maquette d\u00e9but janvier pour commen\u00e7er \u00e0 travailler dessus. Nous esp\u00e9rons que tout soit termin\u00e9 d\u00e9but f\u00e9vrier.<\/p>\n<p><span style=\"text-decoration: underline;\">Projet pour 2010 :<\/span> Mme Sibrario souhaite faire participer l&#8217;ensemble des associations du St Amandois lors d&#8217;une manifestation qui aura lieu le 30 avril 2010. Nous chanterons quelques airs d&#8217;op\u00e9rette \u00e0 cette occasion. Nous d\u00e9cidons d&#8217;en reparler apr\u00e8s notre spectacle.<\/p>\n<p>\u00a0<\/p>\n<p><span style=\"text-decoration: underline;\">Enfants <\/span>: Certains \u00e9l\u00e8ves de la classe de Geoffrey TOURNY assisteront \u00e0 notre couturi\u00e8re le dimanche 31 janvier \u00e0 la Cit\u00e9 de l&#8217;Or dans le cadre d&#8217;un projet p\u00e9dagogique. Ces jeunes enfants montent une petite com\u00e9die musicale et souhaitent voir une de nos r\u00e9p\u00e9titions. Ils seront accompagn\u00e9s de parents et ne seront en aucun cas sous notre responsabilit\u00e9.<\/p>\n<p><span style=\"text-decoration: underline;\">R\u00e9servations :<\/span> Fin des r\u00e9servations pour les groupes. Environ 800 places d\u00e9j\u00e0 r\u00e9serv\u00e9es \u00e0 ce jour. Les plans et les tickets serons donn\u00e9s \u00e0 l&#8217;office de tourisme le 18 janvier.<\/p>\n<p><span style=\"text-decoration: underline;\">Costumes :<\/span> Livraison des costumes le vendredi 29 janvier. Lieu ?<\/p>\n<p><span style=\"text-decoration: underline;\">Site internet <\/span>: Il nous manque des autorisations pour diffuser les photos. Si vous n&#8217;avez encore rien sign\u00e9, manifestez-vous ! Le site internet n&#8217;avance pas tant que nous n&#8217;avons pas toutes les autorisations.<\/p>\n<p>Vos id\u00e9es sont les bienvenues pour animer le site (articles, photos&#8230;)<\/p>\n<div style=\"overflow: hidden; position: absolute; left: -10000px; top: 0px; width: 1px; height: 1px;\" id=\"_mcePaste\">COMPTE-RENDU<br \/>REUNION DE BUREAU DU 28 DECEMBRE 2009 <\/p>\n<p>Voeux 2010 : Nous avons re\u00e7u par courrier les voeux du maire ainsi que ceux du d\u00e9put\u00e9 Louis Cosyns.<br \/>Contact : Une soprano professionnelle a pris contact avec nous, elle a entendu parler de nous gr\u00e2ce au &#8220;bouche \u00e0 oreilles&#8221;. Elle propose ses services pour l&#8217;an prochain. Nous gardons ses coordonn\u00e9es sous la main au cas o\u00f9&#8230;<br \/>Subvention : la subvention pour l&#8217;ann\u00e9e 2009 sera vers\u00e9e en 2010.<br \/>Cartes de membres : Tr\u00e8s peu d&#8217;adh\u00e9rents. Pour rappel : 5 \u20ac par adulte et 1 \u20ac pour les enfants.<br \/>Affiches et flyers : L&#8217;affiche est termin\u00e9e, nous la validons lors de cette r\u00e9union. Merci \u00e0 Cl\u00e9ment et M\u00e9gane pour leur travail ainsi qu&#8217;\u00e0 Amador. Nous allons voir l&#8217;imprimeur cette semaine. Il faut imp\u00e9rativement que les affiches soit pr\u00eates avant le 19 janvier. <br \/>Programme : Pr\u00e9sentation du futur programme par D\u00e9borah. Il s&#8217;agit d&#8217;une \u00e9bauche! <br \/>Nous remarquons qu&#8217;il y a un peu moins d&#8217;encarts pub que l&#8217;an dernier. Sans doute la faute \u00e0 la crise ou peut-\u00eatre au manque d&#8217;investissement et de dynamisme des membres du bureau pour aller voir les commer\u00e7ants.<br \/>L&#8217;imprimeur devrait avoir cette maquette d\u00e9but janvier pour commen\u00e7er \u00e0 travailler dessus. Nous esp\u00e9rons que tout soit termin\u00e9 d\u00e9but f\u00e9vrier.<br \/>Projet pour 2010 : Mme Sibrario souhaite faire participer l&#8217;ensemble des associations du St Amandois lors d&#8217;une manifestation qui aura lieu le 30 avril 2010. Nous chanterons quelques airs d&#8217;op\u00e9rette \u00e0 cette occasion. Nous d\u00e9cidons d&#8217;en reparler apr\u00e8s notre spectacle.<\/p>\n<p>Enfants : Certains \u00e9l\u00e8ves de la classe de Geoffrey TOURNY assisteront \u00e0 notre couturi\u00e8re le dimanche 31 janvier \u00e0 la Cit\u00e9 de l&#8217;Or dans le cadre d&#8217;un projet p\u00e9dagogique. Ces jeunes enfants montent une petite com\u00e9die musicale et souhaitent voir une de nos r\u00e9p\u00e9titions. Ils seront accompagn\u00e9s de parents et ne seront en aucun cas sous notre responsabilit\u00e9.<br \/>R\u00e9servations : Fin des r\u00e9servations pour les groupes. Environ 800 places d\u00e9j\u00e0 r\u00e9serv\u00e9es \u00e0 ce jour. Les plans et les tickets serons donn\u00e9s \u00e0 l&#8217;office de tourisme le 18 janvier.<br \/>Costumes : Livraison des costumes le vendredi 29 janvier. Lieu ?<br \/>Site internet : Il nous manque des autorisations pour diffuser les photos. Si vous n&#8217;avez encore rien sign\u00e9, manifestez-vous ! Le site internet n&#8217;avance pas tant que nous n&#8217;avons pas toutes les autorisations.<br \/>Vos id\u00e9es sont les bienvenues pour animer le site (articles, photos&#8230;)<\/p>\n<\/div>\n","protected":false},"excerpt":{"rendered":"<p>COMPTE-RENDU \u00a0 Voeux 2010 : Nous avons re\u00e7u par courrier les voeux du maire ainsi que ceux du d\u00e9put\u00e9 Louis Cosyns. Contact : Une soprano professionnelle a pris contact avec &hellip;<\/p>\n<p class=\"read-more\"> <a class=\"\" href=\"https:\/\/wordpress.elsa18.fr\/wordpress.elsa18.fr\/index.php\/compte-rendu-de-la-reunion-du-28-decembre-2009\/\"> <span class=\"screen-reader-text\">COMPTE-RENDU DE LA REUNION DU 28 DECEMBRE 2009<\/span> Lire la suite\u00a0\u00bb<\/a><\/p>\n","protected":false},"author":1,"featured_media":0,"parent":0,"menu_order":4,"comment_status":"closed","ping_status":"closed","template":"","meta":{"site-sidebar-layout":"default","site-content-layout":"default","ast-global-header-display":"","ast-main-header-display":"","ast-hfb-above-header-display":"","ast-hfb-below-header-display":"","ast-hfb-mobile-header-display":"","site-post-title":"","ast-breadcrumbs-content":"","ast-featured-img":"","footer-sml-layout":"","theme-transparent-header-meta":"","adv-header-id-meta":"","stick-header-meta":"","header-above-stick-meta":"","header-main-stick-meta":"","header-below-stick-meta":"","footnotes":""},"class_list":["post-147","page","type-page","status-publish","hentry"],"yoast_head":"<!-- This site is optimized with the Yoast SEO plugin v27.4 - https:\/\/yoast.com\/product\/yoast-seo-wordpress\/ -->\n<title>COMPTE-RENDU DE LA REUNION DU 28 DECEMBRE 2009 - Elsa<\/title>\n<meta name=\"robots\" content=\"index, follow, max-snippet:-1, max-image-preview:large, max-video-preview:-1\" \/>\n<link rel=\"canonical\" href=\"https:\/\/wordpress.elsa18.fr\/wordpress.elsa18.fr\/index.php\/compte-rendu-de-la-reunion-du-28-decembre-2009\/\" \/>\n<meta property=\"og:locale\" content=\"fr_FR\" \/>\n<meta property=\"og:type\" content=\"article\" \/>\n<meta property=\"og:title\" content=\"COMPTE-RENDU DE LA REUNION DU 28 DECEMBRE 2009 - Elsa\" \/>\n<meta property=\"og:description\" content=\"COMPTE-RENDU \u00a0 Voeux 2010 : Nous avons re\u00e7u par courrier les voeux du maire ainsi que ceux du d\u00e9put\u00e9 Louis Cosyns. Contact : Une soprano professionnelle a pris contact avec &hellip; COMPTE-RENDU DE LA REUNION DU 28 DECEMBRE 2009 Lire la suite\u00a0\u00bb\" \/>\n<meta property=\"og:url\" content=\"https:\/\/wordpress.elsa18.fr\/wordpress.elsa18.fr\/index.php\/compte-rendu-de-la-reunion-du-28-decembre-2009\/\" \/>\n<meta property=\"og:site_name\" content=\"Elsa\" \/>\n<meta property=\"article:publisher\" content=\"https:\/\/www.facebook.com\/ELSA-572253779530070\/\" \/>\n<meta name=\"twitter:card\" content=\"summary_large_image\" \/>\n<meta name=\"twitter:label1\" content=\"Dur\u00e9e de lecture estim\u00e9e\" \/>\n\t<meta name=\"twitter:data1\" content=\"4 minutes\" \/>\n<script type=\"application\/ld+json\" class=\"yoast-schema-graph\">{\"@context\":\"https:\\\/\\\/schema.org\",\"@graph\":[{\"@type\":\"WebPage\",\"@id\":\"https:\\\/\\\/wordpress.elsa18.fr\\\/wordpress.elsa18.fr\\\/index.php\\\/compte-rendu-de-la-reunion-du-28-decembre-2009\\\/\",\"url\":\"https:\\\/\\\/wordpress.elsa18.fr\\\/wordpress.elsa18.fr\\\/index.php\\\/compte-rendu-de-la-reunion-du-28-decembre-2009\\\/\",\"name\":\"COMPTE-RENDU DE LA REUNION DU 28 DECEMBRE 2009 - Elsa\",\"isPartOf\":{\"@id\":\"https:\\\/\\\/wordpress.elsa18.fr\\\/wordpress.elsa18.fr\\\/#website\"},\"datePublished\":\"2010-01-11T21:00:55+00:00\",\"breadcrumb\":{\"@id\":\"https:\\\/\\\/wordpress.elsa18.fr\\\/wordpress.elsa18.fr\\\/index.php\\\/compte-rendu-de-la-reunion-du-28-decembre-2009\\\/#breadcrumb\"},\"inLanguage\":\"fr-FR\",\"potentialAction\":[{\"@type\":\"ReadAction\",\"target\":[\"https:\\\/\\\/wordpress.elsa18.fr\\\/wordpress.elsa18.fr\\\/index.php\\\/compte-rendu-de-la-reunion-du-28-decembre-2009\\\/\"]}]},{\"@type\":\"BreadcrumbList\",\"@id\":\"https:\\\/\\\/wordpress.elsa18.fr\\\/wordpress.elsa18.fr\\\/index.php\\\/compte-rendu-de-la-reunion-du-28-decembre-2009\\\/#breadcrumb\",\"itemListElement\":[{\"@type\":\"ListItem\",\"position\":1,\"name\":\"Accueil\",\"item\":\"https:\\\/\\\/wordpress.elsa18.fr\\\/wordpress.elsa18.fr\\\/\"},{\"@type\":\"ListItem\",\"position\":2,\"name\":\"COMPTE-RENDU DE LA REUNION DU 28 DECEMBRE 2009\"}]},{\"@type\":\"WebSite\",\"@id\":\"https:\\\/\\\/wordpress.elsa18.fr\\\/wordpress.elsa18.fr\\\/#website\",\"url\":\"https:\\\/\\\/wordpress.elsa18.fr\\\/wordpress.elsa18.fr\\\/\",\"name\":\"Elsa\",\"description\":\"Espoir Lyrique Saint Amandois\",\"publisher\":{\"@id\":\"https:\\\/\\\/wordpress.elsa18.fr\\\/wordpress.elsa18.fr\\\/#organization\"},\"potentialAction\":[{\"@type\":\"SearchAction\",\"target\":{\"@type\":\"EntryPoint\",\"urlTemplate\":\"https:\\\/\\\/wordpress.elsa18.fr\\\/wordpress.elsa18.fr\\\/?s={search_term_string}\"},\"query-input\":{\"@type\":\"PropertyValueSpecification\",\"valueRequired\":true,\"valueName\":\"search_term_string\"}}],\"inLanguage\":\"fr-FR\"},{\"@type\":\"Organization\",\"@id\":\"https:\\\/\\\/wordpress.elsa18.fr\\\/wordpress.elsa18.fr\\\/#organization\",\"name\":\"Elsa\",\"url\":\"https:\\\/\\\/wordpress.elsa18.fr\\\/wordpress.elsa18.fr\\\/\",\"logo\":{\"@type\":\"ImageObject\",\"inLanguage\":\"fr-FR\",\"@id\":\"https:\\\/\\\/wordpress.elsa18.fr\\\/wordpress.elsa18.fr\\\/#\\\/schema\\\/logo\\\/image\\\/\",\"url\":\"https:\\\/\\\/wordpress.elsa18.fr\\\/wordpress.elsa18.fr\\\/wp-content\\\/uploads\\\/2022\\\/07\\\/cropped-ELSA-LOGO_Plan-de-travail-1_Plan-de-travail-1_Plan-de-travail-1_Plan-de-travail-1.png\",\"contentUrl\":\"https:\\\/\\\/wordpress.elsa18.fr\\\/wordpress.elsa18.fr\\\/wp-content\\\/uploads\\\/2022\\\/07\\\/cropped-ELSA-LOGO_Plan-de-travail-1_Plan-de-travail-1_Plan-de-travail-1_Plan-de-travail-1.png\",\"width\":2084,\"height\":2084,\"caption\":\"Elsa\"},\"image\":{\"@id\":\"https:\\\/\\\/wordpress.elsa18.fr\\\/wordpress.elsa18.fr\\\/#\\\/schema\\\/logo\\\/image\\\/\"},\"sameAs\":[\"https:\\\/\\\/www.facebook.com\\\/ELSA-572253779530070\\\/\",\"https:\\\/\\\/www.instagram.com\\\/espoir_lyrique_saint_amandois\\\/?hl=fr\"]}]}<\/script>\n<!-- \/ Yoast SEO plugin. -->","yoast_head_json":{"title":"COMPTE-RENDU DE LA REUNION DU 28 DECEMBRE 2009 - Elsa","robots":{"index":"index","follow":"follow","max-snippet":"max-snippet:-1","max-image-preview":"max-image-preview:large","max-video-preview":"max-video-preview:-1"},"canonical":"https:\/\/wordpress.elsa18.fr\/wordpress.elsa18.fr\/index.php\/compte-rendu-de-la-reunion-du-28-decembre-2009\/","og_locale":"fr_FR","og_type":"article","og_title":"COMPTE-RENDU DE LA REUNION DU 28 DECEMBRE 2009 - Elsa","og_description":"COMPTE-RENDU \u00a0 Voeux 2010 : Nous avons re\u00e7u par courrier les voeux du maire ainsi que ceux du d\u00e9put\u00e9 Louis Cosyns. Contact : Une soprano professionnelle a pris contact avec &hellip; COMPTE-RENDU DE LA REUNION DU 28 DECEMBRE 2009 Lire la suite\u00a0\u00bb","og_url":"https:\/\/wordpress.elsa18.fr\/wordpress.elsa18.fr\/index.php\/compte-rendu-de-la-reunion-du-28-decembre-2009\/","og_site_name":"Elsa","article_publisher":"https:\/\/www.facebook.com\/ELSA-572253779530070\/","twitter_card":"summary_large_image","twitter_misc":{"Dur\u00e9e de lecture estim\u00e9e":"4 minutes"},"schema":{"@context":"https:\/\/schema.org","@graph":[{"@type":"WebPage","@id":"https:\/\/wordpress.elsa18.fr\/wordpress.elsa18.fr\/index.php\/compte-rendu-de-la-reunion-du-28-decembre-2009\/","url":"https:\/\/wordpress.elsa18.fr\/wordpress.elsa18.fr\/index.php\/compte-rendu-de-la-reunion-du-28-decembre-2009\/","name":"COMPTE-RENDU DE LA REUNION DU 28 DECEMBRE 2009 - Elsa","isPartOf":{"@id":"https:\/\/wordpress.elsa18.fr\/wordpress.elsa18.fr\/#website"},"datePublished":"2010-01-11T21:00:55+00:00","breadcrumb":{"@id":"https:\/\/wordpress.elsa18.fr\/wordpress.elsa18.fr\/index.php\/compte-rendu-de-la-reunion-du-28-decembre-2009\/#breadcrumb"},"inLanguage":"fr-FR","potentialAction":[{"@type":"ReadAction","target":["https:\/\/wordpress.elsa18.fr\/wordpress.elsa18.fr\/index.php\/compte-rendu-de-la-reunion-du-28-decembre-2009\/"]}]},{"@type":"BreadcrumbList","@id":"https:\/\/wordpress.elsa18.fr\/wordpress.elsa18.fr\/index.php\/compte-rendu-de-la-reunion-du-28-decembre-2009\/#breadcrumb","itemListElement":[{"@type":"ListItem","position":1,"name":"Accueil","item":"https:\/\/wordpress.elsa18.fr\/wordpress.elsa18.fr\/"},{"@type":"ListItem","position":2,"name":"COMPTE-RENDU DE LA REUNION DU 28 DECEMBRE 2009"}]},{"@type":"WebSite","@id":"https:\/\/wordpress.elsa18.fr\/wordpress.elsa18.fr\/#website","url":"https:\/\/wordpress.elsa18.fr\/wordpress.elsa18.fr\/","name":"Elsa","description":"Espoir Lyrique Saint Amandois","publisher":{"@id":"https:\/\/wordpress.elsa18.fr\/wordpress.elsa18.fr\/#organization"},"potentialAction":[{"@type":"SearchAction","target":{"@type":"EntryPoint","urlTemplate":"https:\/\/wordpress.elsa18.fr\/wordpress.elsa18.fr\/?s={search_term_string}"},"query-input":{"@type":"PropertyValueSpecification","valueRequired":true,"valueName":"search_term_string"}}],"inLanguage":"fr-FR"},{"@type":"Organization","@id":"https:\/\/wordpress.elsa18.fr\/wordpress.elsa18.fr\/#organization","name":"Elsa","url":"https:\/\/wordpress.elsa18.fr\/wordpress.elsa18.fr\/","logo":{"@type":"ImageObject","inLanguage":"fr-FR","@id":"https:\/\/wordpress.elsa18.fr\/wordpress.elsa18.fr\/#\/schema\/logo\/image\/","url":"https:\/\/wordpress.elsa18.fr\/wordpress.elsa18.fr\/wp-content\/uploads\/2022\/07\/cropped-ELSA-LOGO_Plan-de-travail-1_Plan-de-travail-1_Plan-de-travail-1_Plan-de-travail-1.png","contentUrl":"https:\/\/wordpress.elsa18.fr\/wordpress.elsa18.fr\/wp-content\/uploads\/2022\/07\/cropped-ELSA-LOGO_Plan-de-travail-1_Plan-de-travail-1_Plan-de-travail-1_Plan-de-travail-1.png","width":2084,"height":2084,"caption":"Elsa"},"image":{"@id":"https:\/\/wordpress.elsa18.fr\/wordpress.elsa18.fr\/#\/schema\/logo\/image\/"},"sameAs":["https:\/\/www.facebook.com\/ELSA-572253779530070\/","https:\/\/www.instagram.com\/espoir_lyrique_saint_amandois\/?hl=fr"]}]}},"_links":{"self":[{"href":"https:\/\/wordpress.elsa18.fr\/wordpress.elsa18.fr\/index.php\/wp-json\/wp\/v2\/pages\/147","targetHints":{"allow":["GET"]}}],"collection":[{"href":"https:\/\/wordpress.elsa18.fr\/wordpress.elsa18.fr\/index.php\/wp-json\/wp\/v2\/pages"}],"about":[{"href":"https:\/\/wordpress.elsa18.fr\/wordpress.elsa18.fr\/index.php\/wp-json\/wp\/v2\/types\/page"}],"author":[{"embeddable":true,"href":"https:\/\/wordpress.elsa18.fr\/wordpress.elsa18.fr\/index.php\/wp-json\/wp\/v2\/users\/1"}],"replies":[{"embeddable":true,"href":"https:\/\/wordpress.elsa18.fr\/wordpress.elsa18.fr\/index.php\/wp-json\/wp\/v2\/comments?post=147"}],"version-history":[{"count":0,"href":"https:\/\/wordpress.elsa18.fr\/wordpress.elsa18.fr\/index.php\/wp-json\/wp\/v2\/pages\/147\/revisions"}],"wp:attachment":[{"href":"https:\/\/wordpress.elsa18.fr\/wordpress.elsa18.fr\/index.php\/wp-json\/wp\/v2\/media?parent=147"}],"curies":[{"name":"wp","href":"https:\/\/api.w.org\/{rel}","templated":true}]}}