{"id":162,"date":"2010-02-19T21:40:58","date_gmt":"2010-02-19T20:40:58","guid":{"rendered":"http:\/\/wordpress.elsa18.fr\/index.php\/un-anniversaire-a-elsa\/"},"modified":"2010-02-19T21:40:58","modified_gmt":"2010-02-19T20:40:58","slug":"un-anniversaire-a-elsa","status":"publish","type":"page","link":"https:\/\/wordpress.elsa18.fr\/wordpress.elsa18.fr\/index.php\/un-anniversaire-a-elsa\/","title":{"rendered":"Un anniversaire \u00e0 ELSA"},"content":{"rendered":"<p>Dimanche 17 janvier dernier, nous avons f\u00eat\u00e9 ensemble les <strong>23 ans de Cl\u00e9ment.<\/strong><\/p>\n<p>Encore une occasion festive, avec de bons gateaux&nbsp; faits et d\u00e9coup\u00e9s avec soin par les parents, photos \u00e0 l&#8217;appui !&nbsp;<\/p>\n<p>\u00a0<\/p>\n<p>{vsig}vietroupe\/2010\/anniv clem{\/vsig}<\/p>\n","protected":false},"excerpt":{"rendered":"<p>Dimanche 17 janvier dernier, nous avons f\u00eat\u00e9 ensemble les 23 ans de Cl\u00e9ment. Encore une occasion festive, avec de bons gateaux&nbsp; faits et d\u00e9coup\u00e9s avec soin par les parents, photos &hellip;<\/p>\n<p class=\"read-more\"> <a class=\"\" href=\"https:\/\/wordpress.elsa18.fr\/wordpress.elsa18.fr\/index.php\/un-anniversaire-a-elsa\/\"> <span class=\"screen-reader-text\">Un anniversaire \u00e0 ELSA<\/span> Lire la suite\u00a0\u00bb<\/a><\/p>\n","protected":false},"author":1,"featured_media":0,"parent":0,"menu_order":50,"comment_status":"closed","ping_status":"closed","template":"","meta":{"site-sidebar-layout":"default","site-content-layout":"default","ast-global-header-display":"","ast-main-header-display":"","ast-hfb-above-header-display":"","ast-hfb-below-header-display":"","ast-hfb-mobile-header-display":"","site-post-title":"","ast-breadcrumbs-content":"","ast-featured-img":"","footer-sml-layout":"","theme-transparent-header-meta":"","adv-header-id-meta":"","stick-header-meta":"","header-above-stick-meta":"","header-main-stick-meta":"","header-below-stick-meta":"","footnotes":""},"class_list":["post-162","page","type-page","status-publish","hentry"],"yoast_head":"<!-- This site is optimized with the Yoast SEO plugin v27.3 - https:\/\/yoast.com\/product\/yoast-seo-wordpress\/ -->\n<title>Un anniversaire \u00e0 ELSA - Elsa<\/title>\n<meta name=\"robots\" content=\"index, follow, max-snippet:-1, max-image-preview:large, max-video-preview:-1\" \/>\n<link rel=\"canonical\" href=\"https:\/\/wordpress.elsa18.fr\/wordpress.elsa18.fr\/index.php\/un-anniversaire-a-elsa\/\" \/>\n<meta property=\"og:locale\" content=\"fr_FR\" \/>\n<meta property=\"og:type\" content=\"article\" \/>\n<meta property=\"og:title\" content=\"Un anniversaire \u00e0 ELSA - Elsa\" \/>\n<meta property=\"og:description\" content=\"Dimanche 17 janvier dernier, nous avons f\u00eat\u00e9 ensemble les 23 ans de Cl\u00e9ment. Encore une occasion festive, avec de bons gateaux&nbsp; faits et d\u00e9coup\u00e9s avec soin par les parents, photos &hellip; Un anniversaire \u00e0 ELSA Lire la suite\u00a0\u00bb\" \/>\n<meta property=\"og:url\" content=\"https:\/\/wordpress.elsa18.fr\/wordpress.elsa18.fr\/index.php\/un-anniversaire-a-elsa\/\" \/>\n<meta property=\"og:site_name\" content=\"Elsa\" \/>\n<meta property=\"article:publisher\" content=\"https:\/\/www.facebook.com\/ELSA-572253779530070\/\" \/>\n<meta name=\"twitter:card\" content=\"summary_large_image\" \/>\n<script type=\"application\/ld+json\" class=\"yoast-schema-graph\">{\"@context\":\"https:\\\/\\\/schema.org\",\"@graph\":[{\"@type\":\"WebPage\",\"@id\":\"https:\\\/\\\/wordpress.elsa18.fr\\\/wordpress.elsa18.fr\\\/index.php\\\/un-anniversaire-a-elsa\\\/\",\"url\":\"https:\\\/\\\/wordpress.elsa18.fr\\\/wordpress.elsa18.fr\\\/index.php\\\/un-anniversaire-a-elsa\\\/\",\"name\":\"Un anniversaire \u00e0 ELSA - Elsa\",\"isPartOf\":{\"@id\":\"https:\\\/\\\/wordpress.elsa18.fr\\\/wordpress.elsa18.fr\\\/#website\"},\"datePublished\":\"2010-02-19T20:40:58+00:00\",\"breadcrumb\":{\"@id\":\"https:\\\/\\\/wordpress.elsa18.fr\\\/wordpress.elsa18.fr\\\/index.php\\\/un-anniversaire-a-elsa\\\/#breadcrumb\"},\"inLanguage\":\"fr-FR\",\"potentialAction\":[{\"@type\":\"ReadAction\",\"target\":[\"https:\\\/\\\/wordpress.elsa18.fr\\\/wordpress.elsa18.fr\\\/index.php\\\/un-anniversaire-a-elsa\\\/\"]}]},{\"@type\":\"BreadcrumbList\",\"@id\":\"https:\\\/\\\/wordpress.elsa18.fr\\\/wordpress.elsa18.fr\\\/index.php\\\/un-anniversaire-a-elsa\\\/#breadcrumb\",\"itemListElement\":[{\"@type\":\"ListItem\",\"position\":1,\"name\":\"Accueil\",\"item\":\"https:\\\/\\\/wordpress.elsa18.fr\\\/wordpress.elsa18.fr\\\/\"},{\"@type\":\"ListItem\",\"position\":2,\"name\":\"Un anniversaire \u00e0 ELSA\"}]},{\"@type\":\"WebSite\",\"@id\":\"https:\\\/\\\/wordpress.elsa18.fr\\\/wordpress.elsa18.fr\\\/#website\",\"url\":\"https:\\\/\\\/wordpress.elsa18.fr\\\/wordpress.elsa18.fr\\\/\",\"name\":\"Elsa\",\"description\":\"Espoir Lyrique Saint Amandois\",\"publisher\":{\"@id\":\"https:\\\/\\\/wordpress.elsa18.fr\\\/wordpress.elsa18.fr\\\/#organization\"},\"potentialAction\":[{\"@type\":\"SearchAction\",\"target\":{\"@type\":\"EntryPoint\",\"urlTemplate\":\"https:\\\/\\\/wordpress.elsa18.fr\\\/wordpress.elsa18.fr\\\/?s={search_term_string}\"},\"query-input\":{\"@type\":\"PropertyValueSpecification\",\"valueRequired\":true,\"valueName\":\"search_term_string\"}}],\"inLanguage\":\"fr-FR\"},{\"@type\":\"Organization\",\"@id\":\"https:\\\/\\\/wordpress.elsa18.fr\\\/wordpress.elsa18.fr\\\/#organization\",\"name\":\"Elsa\",\"url\":\"https:\\\/\\\/wordpress.elsa18.fr\\\/wordpress.elsa18.fr\\\/\",\"logo\":{\"@type\":\"ImageObject\",\"inLanguage\":\"fr-FR\",\"@id\":\"https:\\\/\\\/wordpress.elsa18.fr\\\/wordpress.elsa18.fr\\\/#\\\/schema\\\/logo\\\/image\\\/\",\"url\":\"https:\\\/\\\/wordpress.elsa18.fr\\\/wordpress.elsa18.fr\\\/wp-content\\\/uploads\\\/2022\\\/07\\\/cropped-ELSA-LOGO_Plan-de-travail-1_Plan-de-travail-1_Plan-de-travail-1_Plan-de-travail-1.png\",\"contentUrl\":\"https:\\\/\\\/wordpress.elsa18.fr\\\/wordpress.elsa18.fr\\\/wp-content\\\/uploads\\\/2022\\\/07\\\/cropped-ELSA-LOGO_Plan-de-travail-1_Plan-de-travail-1_Plan-de-travail-1_Plan-de-travail-1.png\",\"width\":2084,\"height\":2084,\"caption\":\"Elsa\"},\"image\":{\"@id\":\"https:\\\/\\\/wordpress.elsa18.fr\\\/wordpress.elsa18.fr\\\/#\\\/schema\\\/logo\\\/image\\\/\"},\"sameAs\":[\"https:\\\/\\\/www.facebook.com\\\/ELSA-572253779530070\\\/\",\"https:\\\/\\\/www.instagram.com\\\/espoir_lyrique_saint_amandois\\\/?hl=fr\"]}]}<\/script>\n<!-- \/ Yoast SEO plugin. -->","yoast_head_json":{"title":"Un anniversaire \u00e0 ELSA - Elsa","robots":{"index":"index","follow":"follow","max-snippet":"max-snippet:-1","max-image-preview":"max-image-preview:large","max-video-preview":"max-video-preview:-1"},"canonical":"https:\/\/wordpress.elsa18.fr\/wordpress.elsa18.fr\/index.php\/un-anniversaire-a-elsa\/","og_locale":"fr_FR","og_type":"article","og_title":"Un anniversaire \u00e0 ELSA - Elsa","og_description":"Dimanche 17 janvier dernier, nous avons f\u00eat\u00e9 ensemble les 23 ans de Cl\u00e9ment. Encore une occasion festive, avec de bons gateaux&nbsp; faits et d\u00e9coup\u00e9s avec soin par les parents, photos &hellip; Un anniversaire \u00e0 ELSA Lire la suite\u00a0\u00bb","og_url":"https:\/\/wordpress.elsa18.fr\/wordpress.elsa18.fr\/index.php\/un-anniversaire-a-elsa\/","og_site_name":"Elsa","article_publisher":"https:\/\/www.facebook.com\/ELSA-572253779530070\/","twitter_card":"summary_large_image","schema":{"@context":"https:\/\/schema.org","@graph":[{"@type":"WebPage","@id":"https:\/\/wordpress.elsa18.fr\/wordpress.elsa18.fr\/index.php\/un-anniversaire-a-elsa\/","url":"https:\/\/wordpress.elsa18.fr\/wordpress.elsa18.fr\/index.php\/un-anniversaire-a-elsa\/","name":"Un anniversaire \u00e0 ELSA - Elsa","isPartOf":{"@id":"https:\/\/wordpress.elsa18.fr\/wordpress.elsa18.fr\/#website"},"datePublished":"2010-02-19T20:40:58+00:00","breadcrumb":{"@id":"https:\/\/wordpress.elsa18.fr\/wordpress.elsa18.fr\/index.php\/un-anniversaire-a-elsa\/#breadcrumb"},"inLanguage":"fr-FR","potentialAction":[{"@type":"ReadAction","target":["https:\/\/wordpress.elsa18.fr\/wordpress.elsa18.fr\/index.php\/un-anniversaire-a-elsa\/"]}]},{"@type":"BreadcrumbList","@id":"https:\/\/wordpress.elsa18.fr\/wordpress.elsa18.fr\/index.php\/un-anniversaire-a-elsa\/#breadcrumb","itemListElement":[{"@type":"ListItem","position":1,"name":"Accueil","item":"https:\/\/wordpress.elsa18.fr\/wordpress.elsa18.fr\/"},{"@type":"ListItem","position":2,"name":"Un anniversaire \u00e0 ELSA"}]},{"@type":"WebSite","@id":"https:\/\/wordpress.elsa18.fr\/wordpress.elsa18.fr\/#website","url":"https:\/\/wordpress.elsa18.fr\/wordpress.elsa18.fr\/","name":"Elsa","description":"Espoir Lyrique Saint Amandois","publisher":{"@id":"https:\/\/wordpress.elsa18.fr\/wordpress.elsa18.fr\/#organization"},"potentialAction":[{"@type":"SearchAction","target":{"@type":"EntryPoint","urlTemplate":"https:\/\/wordpress.elsa18.fr\/wordpress.elsa18.fr\/?s={search_term_string}"},"query-input":{"@type":"PropertyValueSpecification","valueRequired":true,"valueName":"search_term_string"}}],"inLanguage":"fr-FR"},{"@type":"Organization","@id":"https:\/\/wordpress.elsa18.fr\/wordpress.elsa18.fr\/#organization","name":"Elsa","url":"https:\/\/wordpress.elsa18.fr\/wordpress.elsa18.fr\/","logo":{"@type":"ImageObject","inLanguage":"fr-FR","@id":"https:\/\/wordpress.elsa18.fr\/wordpress.elsa18.fr\/#\/schema\/logo\/image\/","url":"https:\/\/wordpress.elsa18.fr\/wordpress.elsa18.fr\/wp-content\/uploads\/2022\/07\/cropped-ELSA-LOGO_Plan-de-travail-1_Plan-de-travail-1_Plan-de-travail-1_Plan-de-travail-1.png","contentUrl":"https:\/\/wordpress.elsa18.fr\/wordpress.elsa18.fr\/wp-content\/uploads\/2022\/07\/cropped-ELSA-LOGO_Plan-de-travail-1_Plan-de-travail-1_Plan-de-travail-1_Plan-de-travail-1.png","width":2084,"height":2084,"caption":"Elsa"},"image":{"@id":"https:\/\/wordpress.elsa18.fr\/wordpress.elsa18.fr\/#\/schema\/logo\/image\/"},"sameAs":["https:\/\/www.facebook.com\/ELSA-572253779530070\/","https:\/\/www.instagram.com\/espoir_lyrique_saint_amandois\/?hl=fr"]}]}},"_links":{"self":[{"href":"https:\/\/wordpress.elsa18.fr\/wordpress.elsa18.fr\/index.php\/wp-json\/wp\/v2\/pages\/162","targetHints":{"allow":["GET"]}}],"collection":[{"href":"https:\/\/wordpress.elsa18.fr\/wordpress.elsa18.fr\/index.php\/wp-json\/wp\/v2\/pages"}],"about":[{"href":"https:\/\/wordpress.elsa18.fr\/wordpress.elsa18.fr\/index.php\/wp-json\/wp\/v2\/types\/page"}],"author":[{"embeddable":true,"href":"https:\/\/wordpress.elsa18.fr\/wordpress.elsa18.fr\/index.php\/wp-json\/wp\/v2\/users\/1"}],"replies":[{"embeddable":true,"href":"https:\/\/wordpress.elsa18.fr\/wordpress.elsa18.fr\/index.php\/wp-json\/wp\/v2\/comments?post=162"}],"version-history":[{"count":0,"href":"https:\/\/wordpress.elsa18.fr\/wordpress.elsa18.fr\/index.php\/wp-json\/wp\/v2\/pages\/162\/revisions"}],"wp:attachment":[{"href":"https:\/\/wordpress.elsa18.fr\/wordpress.elsa18.fr\/index.php\/wp-json\/wp\/v2\/media?parent=162"}],"curies":[{"name":"wp","href":"https:\/\/api.w.org\/{rel}","templated":true}]}}