{"id":287,"date":"2011-01-26T18:42:53","date_gmt":"2011-01-26T17:42:53","guid":{"rendered":"http:\/\/wordpress.elsa18.fr\/index.php\/les-danseuses-qui-sont-venues-nous-renforcer\/"},"modified":"2011-01-26T18:42:53","modified_gmt":"2011-01-26T17:42:53","slug":"les-danseuses-qui-sont-venues-nous-renforcer","status":"publish","type":"page","link":"https:\/\/wordpress.elsa18.fr\/wordpress.elsa18.fr\/index.php\/les-danseuses-qui-sont-venues-nous-renforcer\/","title":{"rendered":"Les danseuses et danseurs \u00e0 ELSA&#8230;"},"content":{"rendered":"<p>Une op\u00e9rette, c&#8217;est un art complet, r\u00e9unissant le chant, le th\u00e9\u00e2tre&#8230; et la <strong>danse<\/strong> !&nbsp; <strong>Tous nos membres esquissent quelques pas<\/strong> dans nos mouvements d&#8217;ensemble, et chacun participe au succ\u00e8s de nos chor\u00e9graphies globales.<\/p>\n<p>Pour les danses un peu plus d\u00e9taill\u00e9es, <strong>notre troupe a ses propres danseuses<\/strong> bien s\u00fbr, dont le nombre varie selon les besoins. Mais elles ne sont pas des sp\u00e9cialistes de tout, loin de l\u00e0&#8230; Si certaines ont \u00e9videmment fait de la danse, d&#8217;autres au contraire sont novices et donc bien moins exp\u00e9riment\u00e9es pour des chor\u00e9graphies trop complexes et sp\u00e9cifiques. Cependant chacun fait de son mieux pour s&#8217;am\u00e9liorer et vous pr\u00e9senter des chor\u00e9graphies dignes de ce nom&#8230;cr\u00e9\u00e9es par <strong>Chantal et H\u00e9l\u00e8ne<\/strong>, dont il faut saluer le talent et la patience pour nous faire r\u00e9p\u00e9ter inlassablement les mouvements en les d\u00e9composant.<\/p>\n<p>&nbsp;<\/p>\n<p>Mais parfois, selon l&#8217;op\u00e9rette choisie, nous demandons donc \u00e0 une troupe de danseuses d&#8217;intervenir dans nos spectacles pour nous pr\u00eater main-forte et vous pr\u00e9senter un travail plus approfondi.<\/p>\n<p>&nbsp;<\/p>\n<p>Voici d&#8217;abord quelques photos des <strong>danseuses de l&#8217;Etoile Saint-Amandoise<\/strong>, qui pendant de longues ann\u00e9es ont jou\u00e9 avec nous. Ceratines danseuses sont d&#8217;ailleurs aujourd&#8217;hui parmis nos acteurs ou nos musiciens&#8230;<\/p>\n<p>&nbsp;<\/p>\n<p><strong>Samuel Vaisson<\/strong> nous a aussi \u00e0 l&#8217;occasion fait profiter de ses talents d&#8217;acrobate et de danseur&#8230;<\/p>\n<p>&nbsp;<\/p>\n<p>&nbsp;<\/p>\n<p>Voici ensuite les <strong>danseuses classiques de Moulins<\/strong> qui sont venues nous pr\u00eater main-forte pour l&#8217;<em>Auberge du Cheval Blanc.<\/em><\/p>\n<p>&nbsp;<\/p>\n<p>Pour <em>Gipsy<\/em> nous avons demand\u00e9 un flamenco aux<strong> danseuses de Vierzon&#8230;<\/strong><\/p>\n<p>&nbsp;<\/p>\n<p>Puis nous avons \u00e9t\u00e9 rejoints par l&#8217;\u00e9quipe de <strong>danse classique de Sam&#8217;danse<\/strong>, dirig\u00e9e par Marie-Claude Vallet.&nbsp; Comme certaines de nos danseuses y \u00e9taient int\u00e9gr\u00e9es, nous avons pu vous pr\u00e9senter des ballets classiques de qualit\u00e9, avec la pr\u00e9sence notamment d&#8217;un danseur masculin : Benjamin. <strong>Marie-Claude et son mari Ren\u00e9<\/strong> nous ont aussi enchant\u00e9 par leur &#8220;pas de deux&#8221; et leurs chor\u00e9graphies si recherch\u00e9es et parfaitement ex\u00e9cut\u00e9es&#8230;<\/p>\n<p>&nbsp;<\/p>\n<p>Pour <em>Quatre jours \u00e0 Paris<\/em> nous voulions du cabaret, des paillettes et des plumes, et nous avons \u00e9t\u00e9 servis par <strong>la compagnie Accessoire et sa troupe de danseurs et danseuses<\/strong>&#8230;<\/p>\n<\/p>\n<p>Pour <em>La vie Parisienne, <\/em>nous avons fait appel au talent et \u00e0 la gr\u00e2ce des danseuses (et du danseur !) de l&#8217;<strong>acad\u00e9mie chor\u00e9graphique de Moulins<\/strong>, sous la direction de Florence Conrad, qui nous ont \u00e9merveill\u00e9s avec leur &#8220;french cancan&#8221; endiabl\u00e9, leurs jeux de jambes et leurs grands \u00e9carts jet\u00e9s, et \u00e9blouis par leurx sourirex,&nbsp; leurs cris et leurs magnifiques costumes !<\/p>\n<p><img fetchpriority=\"high\" decoding=\"async\" class=\" size-full wp-image-286\" style=\"display: block; margin-left: auto; margin-right: auto;\" alt=\"danseusesmoulins\" src=\"http:\/\/wordpress.elsa18.fr\/wordpress.elsa18.fr\/wp-content\/uploads\/2011\/01\/2011_2012_danseusesmoulins.jpg\" width=\"484\" height=\"263\" srcset=\"https:\/\/wordpress.elsa18.fr\/wordpress.elsa18.fr\/wp-content\/uploads\/2011\/01\/2011_2012_danseusesmoulins.jpg 484w, https:\/\/wordpress.elsa18.fr\/wordpress.elsa18.fr\/wp-content\/uploads\/2011\/01\/2011_2012_danseusesmoulins-300x163.jpg 300w\" sizes=\"(max-width: 484px) 100vw, 484px\" \/><\/p>\n<p>&nbsp;<\/p>\n","protected":false},"excerpt":{"rendered":"<p>Une op\u00e9rette, c&#8217;est un art complet, r\u00e9unissant le chant, le th\u00e9\u00e2tre&#8230; et la danse !&nbsp; Tous nos membres esquissent quelques pas dans nos mouvements d&#8217;ensemble, et chacun participe au succ\u00e8s &hellip;<\/p>\n<p class=\"read-more\"> <a class=\"\" href=\"https:\/\/wordpress.elsa18.fr\/wordpress.elsa18.fr\/index.php\/les-danseuses-qui-sont-venues-nous-renforcer\/\"> <span class=\"screen-reader-text\">Les danseuses et danseurs \u00e0 ELSA&#8230;<\/span> Lire la suite\u00a0\u00bb<\/a><\/p>\n","protected":false},"author":1,"featured_media":286,"parent":0,"menu_order":4,"comment_status":"closed","ping_status":"closed","template":"","meta":{"site-sidebar-layout":"default","site-content-layout":"default","ast-global-header-display":"","ast-main-header-display":"","ast-hfb-above-header-display":"","ast-hfb-below-header-display":"","ast-hfb-mobile-header-display":"","site-post-title":"","ast-breadcrumbs-content":"","ast-featured-img":"","footer-sml-layout":"","theme-transparent-header-meta":"","adv-header-id-meta":"","stick-header-meta":"","header-above-stick-meta":"","header-main-stick-meta":"","header-below-stick-meta":"","footnotes":""},"class_list":["post-287","page","type-page","status-publish","has-post-thumbnail","hentry"],"yoast_head":"<!-- This site is optimized with the Yoast SEO plugin v27.4 - https:\/\/yoast.com\/product\/yoast-seo-wordpress\/ -->\n<title>Les danseuses et danseurs \u00e0 ELSA... - Elsa<\/title>\n<meta name=\"robots\" content=\"index, follow, max-snippet:-1, max-image-preview:large, max-video-preview:-1\" \/>\n<link rel=\"canonical\" href=\"https:\/\/wordpress.elsa18.fr\/wordpress.elsa18.fr\/index.php\/les-danseuses-qui-sont-venues-nous-renforcer\/\" \/>\n<meta property=\"og:locale\" content=\"fr_FR\" \/>\n<meta property=\"og:type\" content=\"article\" \/>\n<meta property=\"og:title\" content=\"Les danseuses et danseurs \u00e0 ELSA... - Elsa\" \/>\n<meta property=\"og:description\" content=\"Une op\u00e9rette, c&#8217;est un art complet, r\u00e9unissant le chant, le th\u00e9\u00e2tre&#8230; et la danse !&nbsp; Tous nos membres esquissent quelques pas dans nos mouvements d&#8217;ensemble, et chacun participe au succ\u00e8s &hellip; Les danseuses et danseurs \u00e0 ELSA&#8230; Lire la suite\u00a0\u00bb\" \/>\n<meta property=\"og:url\" content=\"https:\/\/wordpress.elsa18.fr\/wordpress.elsa18.fr\/index.php\/les-danseuses-qui-sont-venues-nous-renforcer\/\" \/>\n<meta property=\"og:site_name\" content=\"Elsa\" \/>\n<meta property=\"article:publisher\" content=\"https:\/\/www.facebook.com\/ELSA-572253779530070\/\" \/>\n<meta property=\"og:image\" content=\"https:\/\/wordpress.elsa18.fr\/wordpress.elsa18.fr\/wp-content\/uploads\/2011\/01\/2011_2012_danseusesmoulins.jpg\" \/>\n\t<meta property=\"og:image:width\" content=\"484\" \/>\n\t<meta property=\"og:image:height\" content=\"263\" \/>\n\t<meta property=\"og:image:type\" content=\"image\/jpeg\" \/>\n<meta name=\"twitter:card\" content=\"summary_large_image\" \/>\n<meta name=\"twitter:label1\" content=\"Dur\u00e9e de lecture estim\u00e9e\" \/>\n\t<meta name=\"twitter:data1\" content=\"2 minutes\" \/>\n<script type=\"application\/ld+json\" class=\"yoast-schema-graph\">{\"@context\":\"https:\\\/\\\/schema.org\",\"@graph\":[{\"@type\":\"WebPage\",\"@id\":\"https:\\\/\\\/wordpress.elsa18.fr\\\/wordpress.elsa18.fr\\\/index.php\\\/les-danseuses-qui-sont-venues-nous-renforcer\\\/\",\"url\":\"https:\\\/\\\/wordpress.elsa18.fr\\\/wordpress.elsa18.fr\\\/index.php\\\/les-danseuses-qui-sont-venues-nous-renforcer\\\/\",\"name\":\"Les danseuses et danseurs \u00e0 ELSA... - Elsa\",\"isPartOf\":{\"@id\":\"https:\\\/\\\/wordpress.elsa18.fr\\\/wordpress.elsa18.fr\\\/#website\"},\"primaryImageOfPage\":{\"@id\":\"https:\\\/\\\/wordpress.elsa18.fr\\\/wordpress.elsa18.fr\\\/index.php\\\/les-danseuses-qui-sont-venues-nous-renforcer\\\/#primaryimage\"},\"image\":{\"@id\":\"https:\\\/\\\/wordpress.elsa18.fr\\\/wordpress.elsa18.fr\\\/index.php\\\/les-danseuses-qui-sont-venues-nous-renforcer\\\/#primaryimage\"},\"thumbnailUrl\":\"https:\\\/\\\/wordpress.elsa18.fr\\\/wordpress.elsa18.fr\\\/wp-content\\\/uploads\\\/2011\\\/01\\\/2011_2012_danseusesmoulins.jpg\",\"datePublished\":\"2011-01-26T17:42:53+00:00\",\"breadcrumb\":{\"@id\":\"https:\\\/\\\/wordpress.elsa18.fr\\\/wordpress.elsa18.fr\\\/index.php\\\/les-danseuses-qui-sont-venues-nous-renforcer\\\/#breadcrumb\"},\"inLanguage\":\"fr-FR\",\"potentialAction\":[{\"@type\":\"ReadAction\",\"target\":[\"https:\\\/\\\/wordpress.elsa18.fr\\\/wordpress.elsa18.fr\\\/index.php\\\/les-danseuses-qui-sont-venues-nous-renforcer\\\/\"]}]},{\"@type\":\"ImageObject\",\"inLanguage\":\"fr-FR\",\"@id\":\"https:\\\/\\\/wordpress.elsa18.fr\\\/wordpress.elsa18.fr\\\/index.php\\\/les-danseuses-qui-sont-venues-nous-renforcer\\\/#primaryimage\",\"url\":\"https:\\\/\\\/wordpress.elsa18.fr\\\/wordpress.elsa18.fr\\\/wp-content\\\/uploads\\\/2011\\\/01\\\/2011_2012_danseusesmoulins.jpg\",\"contentUrl\":\"https:\\\/\\\/wordpress.elsa18.fr\\\/wordpress.elsa18.fr\\\/wp-content\\\/uploads\\\/2011\\\/01\\\/2011_2012_danseusesmoulins.jpg\",\"width\":484,\"height\":263,\"caption\":\"danseusesmoulins\"},{\"@type\":\"BreadcrumbList\",\"@id\":\"https:\\\/\\\/wordpress.elsa18.fr\\\/wordpress.elsa18.fr\\\/index.php\\\/les-danseuses-qui-sont-venues-nous-renforcer\\\/#breadcrumb\",\"itemListElement\":[{\"@type\":\"ListItem\",\"position\":1,\"name\":\"Accueil\",\"item\":\"https:\\\/\\\/wordpress.elsa18.fr\\\/wordpress.elsa18.fr\\\/\"},{\"@type\":\"ListItem\",\"position\":2,\"name\":\"Les danseuses et danseurs \u00e0 ELSA&#8230;\"}]},{\"@type\":\"WebSite\",\"@id\":\"https:\\\/\\\/wordpress.elsa18.fr\\\/wordpress.elsa18.fr\\\/#website\",\"url\":\"https:\\\/\\\/wordpress.elsa18.fr\\\/wordpress.elsa18.fr\\\/\",\"name\":\"Elsa\",\"description\":\"Espoir Lyrique Saint Amandois\",\"publisher\":{\"@id\":\"https:\\\/\\\/wordpress.elsa18.fr\\\/wordpress.elsa18.fr\\\/#organization\"},\"potentialAction\":[{\"@type\":\"SearchAction\",\"target\":{\"@type\":\"EntryPoint\",\"urlTemplate\":\"https:\\\/\\\/wordpress.elsa18.fr\\\/wordpress.elsa18.fr\\\/?s={search_term_string}\"},\"query-input\":{\"@type\":\"PropertyValueSpecification\",\"valueRequired\":true,\"valueName\":\"search_term_string\"}}],\"inLanguage\":\"fr-FR\"},{\"@type\":\"Organization\",\"@id\":\"https:\\\/\\\/wordpress.elsa18.fr\\\/wordpress.elsa18.fr\\\/#organization\",\"name\":\"Elsa\",\"url\":\"https:\\\/\\\/wordpress.elsa18.fr\\\/wordpress.elsa18.fr\\\/\",\"logo\":{\"@type\":\"ImageObject\",\"inLanguage\":\"fr-FR\",\"@id\":\"https:\\\/\\\/wordpress.elsa18.fr\\\/wordpress.elsa18.fr\\\/#\\\/schema\\\/logo\\\/image\\\/\",\"url\":\"https:\\\/\\\/wordpress.elsa18.fr\\\/wordpress.elsa18.fr\\\/wp-content\\\/uploads\\\/2022\\\/07\\\/cropped-ELSA-LOGO_Plan-de-travail-1_Plan-de-travail-1_Plan-de-travail-1_Plan-de-travail-1.png\",\"contentUrl\":\"https:\\\/\\\/wordpress.elsa18.fr\\\/wordpress.elsa18.fr\\\/wp-content\\\/uploads\\\/2022\\\/07\\\/cropped-ELSA-LOGO_Plan-de-travail-1_Plan-de-travail-1_Plan-de-travail-1_Plan-de-travail-1.png\",\"width\":2084,\"height\":2084,\"caption\":\"Elsa\"},\"image\":{\"@id\":\"https:\\\/\\\/wordpress.elsa18.fr\\\/wordpress.elsa18.fr\\\/#\\\/schema\\\/logo\\\/image\\\/\"},\"sameAs\":[\"https:\\\/\\\/www.facebook.com\\\/ELSA-572253779530070\\\/\",\"https:\\\/\\\/www.instagram.com\\\/espoir_lyrique_saint_amandois\\\/?hl=fr\"]}]}<\/script>\n<!-- \/ Yoast SEO plugin. -->","yoast_head_json":{"title":"Les danseuses et danseurs \u00e0 ELSA... - Elsa","robots":{"index":"index","follow":"follow","max-snippet":"max-snippet:-1","max-image-preview":"max-image-preview:large","max-video-preview":"max-video-preview:-1"},"canonical":"https:\/\/wordpress.elsa18.fr\/wordpress.elsa18.fr\/index.php\/les-danseuses-qui-sont-venues-nous-renforcer\/","og_locale":"fr_FR","og_type":"article","og_title":"Les danseuses et danseurs \u00e0 ELSA... - Elsa","og_description":"Une op\u00e9rette, c&#8217;est un art complet, r\u00e9unissant le chant, le th\u00e9\u00e2tre&#8230; et la danse !&nbsp; Tous nos membres esquissent quelques pas dans nos mouvements d&#8217;ensemble, et chacun participe au succ\u00e8s &hellip; Les danseuses et danseurs \u00e0 ELSA&#8230; Lire la suite\u00a0\u00bb","og_url":"https:\/\/wordpress.elsa18.fr\/wordpress.elsa18.fr\/index.php\/les-danseuses-qui-sont-venues-nous-renforcer\/","og_site_name":"Elsa","article_publisher":"https:\/\/www.facebook.com\/ELSA-572253779530070\/","og_image":[{"width":484,"height":263,"url":"https:\/\/wordpress.elsa18.fr\/wordpress.elsa18.fr\/wp-content\/uploads\/2011\/01\/2011_2012_danseusesmoulins.jpg","type":"image\/jpeg"}],"twitter_card":"summary_large_image","twitter_misc":{"Dur\u00e9e de lecture estim\u00e9e":"2 minutes"},"schema":{"@context":"https:\/\/schema.org","@graph":[{"@type":"WebPage","@id":"https:\/\/wordpress.elsa18.fr\/wordpress.elsa18.fr\/index.php\/les-danseuses-qui-sont-venues-nous-renforcer\/","url":"https:\/\/wordpress.elsa18.fr\/wordpress.elsa18.fr\/index.php\/les-danseuses-qui-sont-venues-nous-renforcer\/","name":"Les danseuses et danseurs \u00e0 ELSA... - Elsa","isPartOf":{"@id":"https:\/\/wordpress.elsa18.fr\/wordpress.elsa18.fr\/#website"},"primaryImageOfPage":{"@id":"https:\/\/wordpress.elsa18.fr\/wordpress.elsa18.fr\/index.php\/les-danseuses-qui-sont-venues-nous-renforcer\/#primaryimage"},"image":{"@id":"https:\/\/wordpress.elsa18.fr\/wordpress.elsa18.fr\/index.php\/les-danseuses-qui-sont-venues-nous-renforcer\/#primaryimage"},"thumbnailUrl":"https:\/\/wordpress.elsa18.fr\/wordpress.elsa18.fr\/wp-content\/uploads\/2011\/01\/2011_2012_danseusesmoulins.jpg","datePublished":"2011-01-26T17:42:53+00:00","breadcrumb":{"@id":"https:\/\/wordpress.elsa18.fr\/wordpress.elsa18.fr\/index.php\/les-danseuses-qui-sont-venues-nous-renforcer\/#breadcrumb"},"inLanguage":"fr-FR","potentialAction":[{"@type":"ReadAction","target":["https:\/\/wordpress.elsa18.fr\/wordpress.elsa18.fr\/index.php\/les-danseuses-qui-sont-venues-nous-renforcer\/"]}]},{"@type":"ImageObject","inLanguage":"fr-FR","@id":"https:\/\/wordpress.elsa18.fr\/wordpress.elsa18.fr\/index.php\/les-danseuses-qui-sont-venues-nous-renforcer\/#primaryimage","url":"https:\/\/wordpress.elsa18.fr\/wordpress.elsa18.fr\/wp-content\/uploads\/2011\/01\/2011_2012_danseusesmoulins.jpg","contentUrl":"https:\/\/wordpress.elsa18.fr\/wordpress.elsa18.fr\/wp-content\/uploads\/2011\/01\/2011_2012_danseusesmoulins.jpg","width":484,"height":263,"caption":"danseusesmoulins"},{"@type":"BreadcrumbList","@id":"https:\/\/wordpress.elsa18.fr\/wordpress.elsa18.fr\/index.php\/les-danseuses-qui-sont-venues-nous-renforcer\/#breadcrumb","itemListElement":[{"@type":"ListItem","position":1,"name":"Accueil","item":"https:\/\/wordpress.elsa18.fr\/wordpress.elsa18.fr\/"},{"@type":"ListItem","position":2,"name":"Les danseuses et danseurs \u00e0 ELSA&#8230;"}]},{"@type":"WebSite","@id":"https:\/\/wordpress.elsa18.fr\/wordpress.elsa18.fr\/#website","url":"https:\/\/wordpress.elsa18.fr\/wordpress.elsa18.fr\/","name":"Elsa","description":"Espoir Lyrique Saint Amandois","publisher":{"@id":"https:\/\/wordpress.elsa18.fr\/wordpress.elsa18.fr\/#organization"},"potentialAction":[{"@type":"SearchAction","target":{"@type":"EntryPoint","urlTemplate":"https:\/\/wordpress.elsa18.fr\/wordpress.elsa18.fr\/?s={search_term_string}"},"query-input":{"@type":"PropertyValueSpecification","valueRequired":true,"valueName":"search_term_string"}}],"inLanguage":"fr-FR"},{"@type":"Organization","@id":"https:\/\/wordpress.elsa18.fr\/wordpress.elsa18.fr\/#organization","name":"Elsa","url":"https:\/\/wordpress.elsa18.fr\/wordpress.elsa18.fr\/","logo":{"@type":"ImageObject","inLanguage":"fr-FR","@id":"https:\/\/wordpress.elsa18.fr\/wordpress.elsa18.fr\/#\/schema\/logo\/image\/","url":"https:\/\/wordpress.elsa18.fr\/wordpress.elsa18.fr\/wp-content\/uploads\/2022\/07\/cropped-ELSA-LOGO_Plan-de-travail-1_Plan-de-travail-1_Plan-de-travail-1_Plan-de-travail-1.png","contentUrl":"https:\/\/wordpress.elsa18.fr\/wordpress.elsa18.fr\/wp-content\/uploads\/2022\/07\/cropped-ELSA-LOGO_Plan-de-travail-1_Plan-de-travail-1_Plan-de-travail-1_Plan-de-travail-1.png","width":2084,"height":2084,"caption":"Elsa"},"image":{"@id":"https:\/\/wordpress.elsa18.fr\/wordpress.elsa18.fr\/#\/schema\/logo\/image\/"},"sameAs":["https:\/\/www.facebook.com\/ELSA-572253779530070\/","https:\/\/www.instagram.com\/espoir_lyrique_saint_amandois\/?hl=fr"]}]}},"_links":{"self":[{"href":"https:\/\/wordpress.elsa18.fr\/wordpress.elsa18.fr\/index.php\/wp-json\/wp\/v2\/pages\/287","targetHints":{"allow":["GET"]}}],"collection":[{"href":"https:\/\/wordpress.elsa18.fr\/wordpress.elsa18.fr\/index.php\/wp-json\/wp\/v2\/pages"}],"about":[{"href":"https:\/\/wordpress.elsa18.fr\/wordpress.elsa18.fr\/index.php\/wp-json\/wp\/v2\/types\/page"}],"author":[{"embeddable":true,"href":"https:\/\/wordpress.elsa18.fr\/wordpress.elsa18.fr\/index.php\/wp-json\/wp\/v2\/users\/1"}],"replies":[{"embeddable":true,"href":"https:\/\/wordpress.elsa18.fr\/wordpress.elsa18.fr\/index.php\/wp-json\/wp\/v2\/comments?post=287"}],"version-history":[{"count":0,"href":"https:\/\/wordpress.elsa18.fr\/wordpress.elsa18.fr\/index.php\/wp-json\/wp\/v2\/pages\/287\/revisions"}],"wp:featuredmedia":[{"embeddable":true,"href":"https:\/\/wordpress.elsa18.fr\/wordpress.elsa18.fr\/index.php\/wp-json\/wp\/v2\/media\/286"}],"wp:attachment":[{"href":"https:\/\/wordpress.elsa18.fr\/wordpress.elsa18.fr\/index.php\/wp-json\/wp\/v2\/media?parent=287"}],"curies":[{"name":"wp","href":"https:\/\/api.w.org\/{rel}","templated":true}]}}