{"id":288,"date":"2011-01-26T18:43:25","date_gmt":"2011-01-26T17:43:25","guid":{"rendered":"http:\/\/wordpress.elsa18.fr\/index.php\/en-coulisses-cest-lentraide-et-la-bonne-ambiance-qui-regnent\/"},"modified":"2011-01-26T18:43:25","modified_gmt":"2011-01-26T17:43:25","slug":"en-coulisses-cest-lentraide-et-la-bonne-ambiance-qui-regnent","status":"publish","type":"page","link":"https:\/\/wordpress.elsa18.fr\/wordpress.elsa18.fr\/index.php\/en-coulisses-cest-lentraide-et-la-bonne-ambiance-qui-regnent\/","title":{"rendered":"En coulisses, c&#8217;est l&#8217;entraide et la bonne ambiance qui r\u00e8gnent&#8230;"},"content":{"rendered":"<p>Quand arrive le jour J, celui de la repr\u00e9sentation (ou plut\u00f4t des repr\u00e9sentations), c&#8217;est l&#8217;efferverscence \u00e0 ELSA. Notre troupe \u00e9tant nombreuse, il faut que chacun trouve sa place dans les coulisses de la Cit\u00e9 de l&#8217;Or, ce qui n&#8217;est parfois pas \u00e9vident.<\/p>\n<p>&nbsp;<\/p>\n<p>Avant que ne r\u00e9sonnent les trois coups, tout doit \u00eatre pr\u00eat : les d\u00e9cors, bien s\u00fbr, mais aussi les costumes, bien rang\u00e9s, et les acteurs, bien maquill\u00e9s&#8230;<\/p>\n<p>Alors c&#8217;est l&#8217;entraide g\u00e9n\u00e9rale qui r\u00e8gne. Les uns maquillent les autres, les danseuses se mettent \u00e0 la chaine pour s&#8217;habiller mutuellement, surtout lorsque les costumes ont une multitude de petites agraphes \u00e0 accrocher dans le dos. La premi\u00e8re coiff\u00e9e coiffe les autres (perruque, accessoires&#8230;), et chacune v\u00e9rifie avant de rentrer en sc\u00e8ne qu&#8217;il ne manque rien \u00e0 l&#8217;autre (un gant est si vite oubli\u00e9 !)&#8230;<\/p>\n<p>En attendant, nos habilleuses en profitent pour ranger les costumes sur les cintres, dans l&#8217;ordre pour pouvoir les remettre rapidement ensuite, et pr\u00e9parer les chaussures et accessoires n\u00e9cessaires pour la suite du spectacle !<\/p>\n<p>&nbsp;<\/p>\n<p>Parfois les choeurs ont de grands moments sans intervenir dans le spectacle, alors ils en profitent pour grignoter un peu, car le ravitaillement et la boisson sont toujours abondants, et chacun y va de sa sp\u00e9cailit\u00e9 maison qu&#8217;il nous fait partager. H\u00e9 oui, \u00e0 ELSA, nous sommes des gourmands !<\/p>\n<p>&nbsp;<\/p>\n<p>Parfois aussi, on se repose sur un fauteuil. Ou tout simplement on surveille la progression du texte, et on se prend mutuellement en photos&#8230;<\/p>\n<p>&nbsp;<\/p>\n<p>C&#8217;est \u00e7a, ELSA, m\u00eame en coulisses : la convivialit\u00e9 !<\/p>\n","protected":false},"excerpt":{"rendered":"<p>Quand arrive le jour J, celui de la repr\u00e9sentation (ou plut\u00f4t des repr\u00e9sentations), c&#8217;est l&#8217;efferverscence \u00e0 ELSA. Notre troupe \u00e9tant nombreuse, il faut que chacun trouve sa place dans les &hellip;<\/p>\n<p class=\"read-more\"> <a class=\"\" href=\"https:\/\/wordpress.elsa18.fr\/wordpress.elsa18.fr\/index.php\/en-coulisses-cest-lentraide-et-la-bonne-ambiance-qui-regnent\/\"> <span class=\"screen-reader-text\">En coulisses, c&#8217;est l&#8217;entraide et la bonne ambiance qui r\u00e8gnent&#8230;<\/span> Lire la suite\u00a0\u00bb<\/a><\/p>\n","protected":false},"author":1,"featured_media":0,"parent":0,"menu_order":3,"comment_status":"closed","ping_status":"closed","template":"","meta":{"site-sidebar-layout":"default","site-content-layout":"default","ast-global-header-display":"","ast-main-header-display":"","ast-hfb-above-header-display":"","ast-hfb-below-header-display":"","ast-hfb-mobile-header-display":"","site-post-title":"","ast-breadcrumbs-content":"","ast-featured-img":"","footer-sml-layout":"","theme-transparent-header-meta":"","adv-header-id-meta":"","stick-header-meta":"","header-above-stick-meta":"","header-main-stick-meta":"","header-below-stick-meta":"","footnotes":""},"class_list":["post-288","page","type-page","status-publish","hentry"],"yoast_head":"<!-- This site is optimized with the Yoast SEO plugin v27.4 - https:\/\/yoast.com\/product\/yoast-seo-wordpress\/ -->\n<title>En coulisses, c&#039;est l&#039;entraide et la bonne ambiance qui r\u00e8gnent... - Elsa<\/title>\n<meta name=\"robots\" content=\"index, follow, max-snippet:-1, max-image-preview:large, max-video-preview:-1\" \/>\n<link rel=\"canonical\" href=\"https:\/\/wordpress.elsa18.fr\/wordpress.elsa18.fr\/index.php\/en-coulisses-cest-lentraide-et-la-bonne-ambiance-qui-regnent\/\" \/>\n<meta property=\"og:locale\" content=\"fr_FR\" \/>\n<meta property=\"og:type\" content=\"article\" \/>\n<meta property=\"og:title\" content=\"En coulisses, c&#039;est l&#039;entraide et la bonne ambiance qui r\u00e8gnent... - Elsa\" \/>\n<meta property=\"og:description\" content=\"Quand arrive le jour J, celui de la repr\u00e9sentation (ou plut\u00f4t des repr\u00e9sentations), c&#8217;est l&#8217;efferverscence \u00e0 ELSA. Notre troupe \u00e9tant nombreuse, il faut que chacun trouve sa place dans les &hellip; En coulisses, c&#8217;est l&#8217;entraide et la bonne ambiance qui r\u00e8gnent&#8230; Lire la suite\u00a0\u00bb\" \/>\n<meta property=\"og:url\" content=\"https:\/\/wordpress.elsa18.fr\/wordpress.elsa18.fr\/index.php\/en-coulisses-cest-lentraide-et-la-bonne-ambiance-qui-regnent\/\" \/>\n<meta property=\"og:site_name\" content=\"Elsa\" \/>\n<meta property=\"article:publisher\" content=\"https:\/\/www.facebook.com\/ELSA-572253779530070\/\" \/>\n<meta name=\"twitter:card\" content=\"summary_large_image\" \/>\n<meta name=\"twitter:label1\" content=\"Dur\u00e9e de lecture estim\u00e9e\" \/>\n\t<meta name=\"twitter:data1\" content=\"1 minute\" \/>\n<script type=\"application\/ld+json\" class=\"yoast-schema-graph\">{\"@context\":\"https:\\\/\\\/schema.org\",\"@graph\":[{\"@type\":\"WebPage\",\"@id\":\"https:\\\/\\\/wordpress.elsa18.fr\\\/wordpress.elsa18.fr\\\/index.php\\\/en-coulisses-cest-lentraide-et-la-bonne-ambiance-qui-regnent\\\/\",\"url\":\"https:\\\/\\\/wordpress.elsa18.fr\\\/wordpress.elsa18.fr\\\/index.php\\\/en-coulisses-cest-lentraide-et-la-bonne-ambiance-qui-regnent\\\/\",\"name\":\"En coulisses, c'est l'entraide et la bonne ambiance qui r\u00e8gnent... - Elsa\",\"isPartOf\":{\"@id\":\"https:\\\/\\\/wordpress.elsa18.fr\\\/wordpress.elsa18.fr\\\/#website\"},\"datePublished\":\"2011-01-26T17:43:25+00:00\",\"breadcrumb\":{\"@id\":\"https:\\\/\\\/wordpress.elsa18.fr\\\/wordpress.elsa18.fr\\\/index.php\\\/en-coulisses-cest-lentraide-et-la-bonne-ambiance-qui-regnent\\\/#breadcrumb\"},\"inLanguage\":\"fr-FR\",\"potentialAction\":[{\"@type\":\"ReadAction\",\"target\":[\"https:\\\/\\\/wordpress.elsa18.fr\\\/wordpress.elsa18.fr\\\/index.php\\\/en-coulisses-cest-lentraide-et-la-bonne-ambiance-qui-regnent\\\/\"]}]},{\"@type\":\"BreadcrumbList\",\"@id\":\"https:\\\/\\\/wordpress.elsa18.fr\\\/wordpress.elsa18.fr\\\/index.php\\\/en-coulisses-cest-lentraide-et-la-bonne-ambiance-qui-regnent\\\/#breadcrumb\",\"itemListElement\":[{\"@type\":\"ListItem\",\"position\":1,\"name\":\"Accueil\",\"item\":\"https:\\\/\\\/wordpress.elsa18.fr\\\/wordpress.elsa18.fr\\\/\"},{\"@type\":\"ListItem\",\"position\":2,\"name\":\"En coulisses, c&rsquo;est l&rsquo;entraide et la bonne ambiance qui r\u00e8gnent&#8230;\"}]},{\"@type\":\"WebSite\",\"@id\":\"https:\\\/\\\/wordpress.elsa18.fr\\\/wordpress.elsa18.fr\\\/#website\",\"url\":\"https:\\\/\\\/wordpress.elsa18.fr\\\/wordpress.elsa18.fr\\\/\",\"name\":\"Elsa\",\"description\":\"Espoir Lyrique Saint Amandois\",\"publisher\":{\"@id\":\"https:\\\/\\\/wordpress.elsa18.fr\\\/wordpress.elsa18.fr\\\/#organization\"},\"potentialAction\":[{\"@type\":\"SearchAction\",\"target\":{\"@type\":\"EntryPoint\",\"urlTemplate\":\"https:\\\/\\\/wordpress.elsa18.fr\\\/wordpress.elsa18.fr\\\/?s={search_term_string}\"},\"query-input\":{\"@type\":\"PropertyValueSpecification\",\"valueRequired\":true,\"valueName\":\"search_term_string\"}}],\"inLanguage\":\"fr-FR\"},{\"@type\":\"Organization\",\"@id\":\"https:\\\/\\\/wordpress.elsa18.fr\\\/wordpress.elsa18.fr\\\/#organization\",\"name\":\"Elsa\",\"url\":\"https:\\\/\\\/wordpress.elsa18.fr\\\/wordpress.elsa18.fr\\\/\",\"logo\":{\"@type\":\"ImageObject\",\"inLanguage\":\"fr-FR\",\"@id\":\"https:\\\/\\\/wordpress.elsa18.fr\\\/wordpress.elsa18.fr\\\/#\\\/schema\\\/logo\\\/image\\\/\",\"url\":\"https:\\\/\\\/wordpress.elsa18.fr\\\/wordpress.elsa18.fr\\\/wp-content\\\/uploads\\\/2022\\\/07\\\/cropped-ELSA-LOGO_Plan-de-travail-1_Plan-de-travail-1_Plan-de-travail-1_Plan-de-travail-1.png\",\"contentUrl\":\"https:\\\/\\\/wordpress.elsa18.fr\\\/wordpress.elsa18.fr\\\/wp-content\\\/uploads\\\/2022\\\/07\\\/cropped-ELSA-LOGO_Plan-de-travail-1_Plan-de-travail-1_Plan-de-travail-1_Plan-de-travail-1.png\",\"width\":2084,\"height\":2084,\"caption\":\"Elsa\"},\"image\":{\"@id\":\"https:\\\/\\\/wordpress.elsa18.fr\\\/wordpress.elsa18.fr\\\/#\\\/schema\\\/logo\\\/image\\\/\"},\"sameAs\":[\"https:\\\/\\\/www.facebook.com\\\/ELSA-572253779530070\\\/\",\"https:\\\/\\\/www.instagram.com\\\/espoir_lyrique_saint_amandois\\\/?hl=fr\"]}]}<\/script>\n<!-- \/ Yoast SEO plugin. -->","yoast_head_json":{"title":"En coulisses, c'est l'entraide et la bonne ambiance qui r\u00e8gnent... - Elsa","robots":{"index":"index","follow":"follow","max-snippet":"max-snippet:-1","max-image-preview":"max-image-preview:large","max-video-preview":"max-video-preview:-1"},"canonical":"https:\/\/wordpress.elsa18.fr\/wordpress.elsa18.fr\/index.php\/en-coulisses-cest-lentraide-et-la-bonne-ambiance-qui-regnent\/","og_locale":"fr_FR","og_type":"article","og_title":"En coulisses, c'est l'entraide et la bonne ambiance qui r\u00e8gnent... - Elsa","og_description":"Quand arrive le jour J, celui de la repr\u00e9sentation (ou plut\u00f4t des repr\u00e9sentations), c&#8217;est l&#8217;efferverscence \u00e0 ELSA. Notre troupe \u00e9tant nombreuse, il faut que chacun trouve sa place dans les &hellip; En coulisses, c&#8217;est l&#8217;entraide et la bonne ambiance qui r\u00e8gnent&#8230; Lire la suite\u00a0\u00bb","og_url":"https:\/\/wordpress.elsa18.fr\/wordpress.elsa18.fr\/index.php\/en-coulisses-cest-lentraide-et-la-bonne-ambiance-qui-regnent\/","og_site_name":"Elsa","article_publisher":"https:\/\/www.facebook.com\/ELSA-572253779530070\/","twitter_card":"summary_large_image","twitter_misc":{"Dur\u00e9e de lecture estim\u00e9e":"1 minute"},"schema":{"@context":"https:\/\/schema.org","@graph":[{"@type":"WebPage","@id":"https:\/\/wordpress.elsa18.fr\/wordpress.elsa18.fr\/index.php\/en-coulisses-cest-lentraide-et-la-bonne-ambiance-qui-regnent\/","url":"https:\/\/wordpress.elsa18.fr\/wordpress.elsa18.fr\/index.php\/en-coulisses-cest-lentraide-et-la-bonne-ambiance-qui-regnent\/","name":"En coulisses, c'est l'entraide et la bonne ambiance qui r\u00e8gnent... - Elsa","isPartOf":{"@id":"https:\/\/wordpress.elsa18.fr\/wordpress.elsa18.fr\/#website"},"datePublished":"2011-01-26T17:43:25+00:00","breadcrumb":{"@id":"https:\/\/wordpress.elsa18.fr\/wordpress.elsa18.fr\/index.php\/en-coulisses-cest-lentraide-et-la-bonne-ambiance-qui-regnent\/#breadcrumb"},"inLanguage":"fr-FR","potentialAction":[{"@type":"ReadAction","target":["https:\/\/wordpress.elsa18.fr\/wordpress.elsa18.fr\/index.php\/en-coulisses-cest-lentraide-et-la-bonne-ambiance-qui-regnent\/"]}]},{"@type":"BreadcrumbList","@id":"https:\/\/wordpress.elsa18.fr\/wordpress.elsa18.fr\/index.php\/en-coulisses-cest-lentraide-et-la-bonne-ambiance-qui-regnent\/#breadcrumb","itemListElement":[{"@type":"ListItem","position":1,"name":"Accueil","item":"https:\/\/wordpress.elsa18.fr\/wordpress.elsa18.fr\/"},{"@type":"ListItem","position":2,"name":"En coulisses, c&rsquo;est l&rsquo;entraide et la bonne ambiance qui r\u00e8gnent&#8230;"}]},{"@type":"WebSite","@id":"https:\/\/wordpress.elsa18.fr\/wordpress.elsa18.fr\/#website","url":"https:\/\/wordpress.elsa18.fr\/wordpress.elsa18.fr\/","name":"Elsa","description":"Espoir Lyrique Saint Amandois","publisher":{"@id":"https:\/\/wordpress.elsa18.fr\/wordpress.elsa18.fr\/#organization"},"potentialAction":[{"@type":"SearchAction","target":{"@type":"EntryPoint","urlTemplate":"https:\/\/wordpress.elsa18.fr\/wordpress.elsa18.fr\/?s={search_term_string}"},"query-input":{"@type":"PropertyValueSpecification","valueRequired":true,"valueName":"search_term_string"}}],"inLanguage":"fr-FR"},{"@type":"Organization","@id":"https:\/\/wordpress.elsa18.fr\/wordpress.elsa18.fr\/#organization","name":"Elsa","url":"https:\/\/wordpress.elsa18.fr\/wordpress.elsa18.fr\/","logo":{"@type":"ImageObject","inLanguage":"fr-FR","@id":"https:\/\/wordpress.elsa18.fr\/wordpress.elsa18.fr\/#\/schema\/logo\/image\/","url":"https:\/\/wordpress.elsa18.fr\/wordpress.elsa18.fr\/wp-content\/uploads\/2022\/07\/cropped-ELSA-LOGO_Plan-de-travail-1_Plan-de-travail-1_Plan-de-travail-1_Plan-de-travail-1.png","contentUrl":"https:\/\/wordpress.elsa18.fr\/wordpress.elsa18.fr\/wp-content\/uploads\/2022\/07\/cropped-ELSA-LOGO_Plan-de-travail-1_Plan-de-travail-1_Plan-de-travail-1_Plan-de-travail-1.png","width":2084,"height":2084,"caption":"Elsa"},"image":{"@id":"https:\/\/wordpress.elsa18.fr\/wordpress.elsa18.fr\/#\/schema\/logo\/image\/"},"sameAs":["https:\/\/www.facebook.com\/ELSA-572253779530070\/","https:\/\/www.instagram.com\/espoir_lyrique_saint_amandois\/?hl=fr"]}]}},"_links":{"self":[{"href":"https:\/\/wordpress.elsa18.fr\/wordpress.elsa18.fr\/index.php\/wp-json\/wp\/v2\/pages\/288","targetHints":{"allow":["GET"]}}],"collection":[{"href":"https:\/\/wordpress.elsa18.fr\/wordpress.elsa18.fr\/index.php\/wp-json\/wp\/v2\/pages"}],"about":[{"href":"https:\/\/wordpress.elsa18.fr\/wordpress.elsa18.fr\/index.php\/wp-json\/wp\/v2\/types\/page"}],"author":[{"embeddable":true,"href":"https:\/\/wordpress.elsa18.fr\/wordpress.elsa18.fr\/index.php\/wp-json\/wp\/v2\/users\/1"}],"replies":[{"embeddable":true,"href":"https:\/\/wordpress.elsa18.fr\/wordpress.elsa18.fr\/index.php\/wp-json\/wp\/v2\/comments?post=288"}],"version-history":[{"count":0,"href":"https:\/\/wordpress.elsa18.fr\/wordpress.elsa18.fr\/index.php\/wp-json\/wp\/v2\/pages\/288\/revisions"}],"wp:attachment":[{"href":"https:\/\/wordpress.elsa18.fr\/wordpress.elsa18.fr\/index.php\/wp-json\/wp\/v2\/media?parent=288"}],"curies":[{"name":"wp","href":"https:\/\/api.w.org\/{rel}","templated":true}]}}