{"id":289,"date":"2011-01-26T18:56:39","date_gmt":"2011-01-26T17:56:39","guid":{"rendered":"http:\/\/wordpress.elsa18.fr\/index.php\/dans-les-coulisses-delsa\/"},"modified":"2022-09-15T10:36:46","modified_gmt":"2022-09-15T08:36:46","slug":"dans-les-coulisses-delsa","status":"publish","type":"page","link":"https:\/\/wordpress.elsa18.fr\/wordpress.elsa18.fr\/index.php\/dans-les-coulisses-delsa\/","title":{"rendered":"Dans les coulisses d&#8217;ELSA&#8230;"},"content":{"rendered":"\t\t<div data-elementor-type=\"wp-page\" data-elementor-id=\"289\" class=\"elementor elementor-289\">\n\t\t\t\t\t\t<section class=\"elementor-section elementor-top-section elementor-element elementor-element-4afcfc0f elementor-section-boxed elementor-section-height-default elementor-section-height-default\" data-id=\"4afcfc0f\" data-element_type=\"section\" data-e-type=\"section\">\n\t\t\t\t\t\t<div class=\"elementor-container elementor-column-gap-default\">\n\t\t\t\t\t<div class=\"elementor-column elementor-col-100 elementor-top-column elementor-element elementor-element-71c6b602\" data-id=\"71c6b602\" data-element_type=\"column\" data-e-type=\"column\">\n\t\t\t<div class=\"elementor-widget-wrap elementor-element-populated\">\n\t\t\t\t\t\t<div class=\"elementor-element elementor-element-19b1386 elementor-widget elementor-widget-text-editor\" data-id=\"19b1386\" data-element_type=\"widget\" data-e-type=\"widget\" data-widget_type=\"text-editor.default\">\n\t\t\t\t<div class=\"elementor-widget-container\">\n\t\t\t\t\t\t\t\t\t<p><strong><br \/><\/strong><\/p>\r\n<p>&nbsp;Pour que le spectacle soit magnifique, il y a \u00e9videmment ceux qui  sont sur sc\u00e8ne, qui chantent et dansent, ceux&nbsp; qui, dans l&#8217;orchestre,  jouent la musique ou la dirigent, ceux qui, dans le noir, installent les  d\u00e9cors.<\/p>\r\n<p>Mais il y a aussi de nombreuses petites mains qui travaillent dans  l&#8217;ombre, avant, pendant, apr\u00e8s le spectacle&#8230;&nbsp; Metteur en sc\u00e8ne,  chor\u00e9graphes, couturi\u00e8res, maquilleuses, coiffeuses, peintres, cr\u00e9ateurs  de d\u00e9cors, manipulateurs et assembleurs de d\u00e9cors, techniciens,  costumi\u00e8res, d\u00e9m\u00e9nageurs&#8230; Certains (beaucoup m\u00eame ) sont d&#8217;ailleurs  polyvalents.<\/p>\r\n<p>Vous ne les voyez pas forc\u00e9ment \u00e0 l&#8217;action, mais sans eux, rien ne  serait pareil, alors consacrons-leur quelques photos et quelques mots,  pour vous les faire conna\u00eetre !<\/p>\r\n<p>\u00a0<\/p>\r\n<p>Pr\u00e9parez vous \u00e0 d\u00e9couvrir l&#8217;envers du d\u00e9cor&#8230;<\/p>\t\t\t\t\t\t\t\t<\/div>\n\t\t\t\t<\/div>\n\t\t\t\t\t<\/div>\n\t\t<\/div>\n\t\t\t\t\t<\/div>\n\t\t<\/section>\n\t\t\t\t<section class=\"elementor-section elementor-top-section elementor-element elementor-element-7ac874b elementor-section-boxed elementor-section-height-default elementor-section-height-default\" data-id=\"7ac874b\" data-element_type=\"section\" data-e-type=\"section\">\n\t\t\t\t\t\t<div class=\"elementor-container elementor-column-gap-default\">\n\t\t\t\t\t<div class=\"elementor-column elementor-col-100 elementor-top-column elementor-element elementor-element-8f96085\" data-id=\"8f96085\" data-element_type=\"column\" data-e-type=\"column\">\n\t\t\t<div class=\"elementor-widget-wrap elementor-element-populated\">\n\t\t\t\t\t\t<div class=\"elementor-element elementor-element-a780ea3 elementor-arrows-position-inside elementor-pagination-position-outside elementor-widget elementor-widget-image-carousel\" data-id=\"a780ea3\" data-element_type=\"widget\" data-e-type=\"widget\" data-settings=\"{&quot;slides_to_show&quot;:&quot;2&quot;,&quot;navigation&quot;:&quot;both&quot;,&quot;autoplay&quot;:&quot;yes&quot;,&quot;pause_on_hover&quot;:&quot;yes&quot;,&quot;pause_on_interaction&quot;:&quot;yes&quot;,&quot;autoplay_speed&quot;:5000,&quot;infinite&quot;:&quot;yes&quot;,&quot;speed&quot;:500}\" data-widget_type=\"image-carousel.default\">\n\t\t\t\t<div class=\"elementor-widget-container\">\n\t\t\t\t\t\t\t<div class=\"elementor-image-carousel-wrapper swiper\" role=\"region\" aria-roledescription=\"carousel\" aria-label=\"Carrousel d\u2019images\" dir=\"ltr\">\n\t\t\t<div class=\"elementor-image-carousel swiper-wrapper\" aria-live=\"off\">\n\t\t\t\t\t\t\t\t<div class=\"swiper-slide\" role=\"group\" aria-roledescription=\"slide\" aria-label=\"1 sur 7\"><figure class=\"swiper-slide-inner\"><img decoding=\"async\" class=\"swiper-slide-image\" src=\"https:\/\/wordpress.elsa18.fr\/wordpress.elsa18.fr\/wp-content\/uploads\/2016\/06\/2015_2016_vietroupe_rangement-local_100_9879-Copier-225x300.jpg\" alt=\"100_9879 (Copier)\" \/><\/figure><\/div><div class=\"swiper-slide\" role=\"group\" aria-roledescription=\"slide\" aria-label=\"2 sur 7\"><figure class=\"swiper-slide-inner\"><img decoding=\"async\" class=\"swiper-slide-image\" src=\"https:\/\/wordpress.elsa18.fr\/wordpress.elsa18.fr\/wp-content\/uploads\/2016\/06\/2015_2016_vietroupe_rangement-local_101_0281-Copier-300x225.jpg\" alt=\"101_0281 (Copier)\" \/><\/figure><\/div><div class=\"swiper-slide\" role=\"group\" aria-roledescription=\"slide\" aria-label=\"3 sur 7\"><figure class=\"swiper-slide-inner\"><img decoding=\"async\" class=\"swiper-slide-image\" src=\"https:\/\/wordpress.elsa18.fr\/wordpress.elsa18.fr\/wp-content\/uploads\/2011\/09\/2010_2011_sept11-030-225x300.jpg\" alt=\"sept11 030\" \/><\/figure><\/div><div class=\"swiper-slide\" role=\"group\" aria-roledescription=\"slide\" aria-label=\"4 sur 7\"><figure class=\"swiper-slide-inner\"><img decoding=\"async\" class=\"swiper-slide-image\" src=\"https:\/\/wordpress.elsa18.fr\/wordpress.elsa18.fr\/wp-content\/uploads\/2011\/01\/2010_2011_expo_elsa-065-300x225.jpg\" alt=\"expo_elsa 065\" \/><\/figure><\/div><div class=\"swiper-slide\" role=\"group\" aria-roledescription=\"slide\" aria-label=\"5 sur 7\"><figure class=\"swiper-slide-inner\"><img decoding=\"async\" class=\"swiper-slide-image\" src=\"https:\/\/wordpress.elsa18.fr\/wordpress.elsa18.fr\/wp-content\/uploads\/2011\/01\/2010_2011_IMGP2082-277x300.jpg\" alt=\"IMGP2082\" \/><\/figure><\/div><div class=\"swiper-slide\" role=\"group\" aria-roledescription=\"slide\" aria-label=\"6 sur 7\"><figure class=\"swiper-slide-inner\"><img decoding=\"async\" class=\"swiper-slide-image\" src=\"https:\/\/wordpress.elsa18.fr\/wordpress.elsa18.fr\/wp-content\/uploads\/2011\/01\/photos_en_vrac_musiciens_jacky_2009-12-05-13-300x225.jpg\" alt=\"2009-12-05 (13)\" \/><\/figure><\/div><div class=\"swiper-slide\" role=\"group\" aria-roledescription=\"slide\" aria-label=\"7 sur 7\"><figure class=\"swiper-slide-inner\"><img decoding=\"async\" class=\"swiper-slide-image\" src=\"https:\/\/wordpress.elsa18.fr\/wordpress.elsa18.fr\/wp-content\/uploads\/2011\/01\/2010_2011_danseuses_P1190410-300x225.jpg\" alt=\"P1190410\" \/><\/figure><\/div>\t\t\t<\/div>\n\t\t\t\t\t\t\t\t\t\t\t\t<div class=\"elementor-swiper-button elementor-swiper-button-prev\" role=\"button\" tabindex=\"0\">\n\t\t\t\t\t\t<i aria-hidden=\"true\" class=\"eicon-chevron-left\"><\/i>\t\t\t\t\t<\/div>\n\t\t\t\t\t<div class=\"elementor-swiper-button elementor-swiper-button-next\" role=\"button\" tabindex=\"0\">\n\t\t\t\t\t\t<i aria-hidden=\"true\" class=\"eicon-chevron-right\"><\/i>\t\t\t\t\t<\/div>\n\t\t\t\t\n\t\t\t\t\t\t\t\t\t<div class=\"swiper-pagination\"><\/div>\n\t\t\t\t\t\t\t\t\t<\/div>\n\t\t\t\t\t\t<\/div>\n\t\t\t\t<\/div>\n\t\t\t\t\t<\/div>\n\t\t<\/div>\n\t\t\t\t\t<\/div>\n\t\t<\/section>\n\t\t\t\t<\/div>\n\t\t","protected":false},"excerpt":{"rendered":"<p>&nbsp;Pour que le spectacle soit magnifique, il y a \u00e9videmment ceux qui sont sur sc\u00e8ne, qui chantent et dansent, ceux&nbsp; qui, dans l&#8217;orchestre, jouent la musique ou la dirigent, ceux &hellip;<\/p>\n<p class=\"read-more\"> <a class=\"\" href=\"https:\/\/wordpress.elsa18.fr\/wordpress.elsa18.fr\/index.php\/dans-les-coulisses-delsa\/\"> <span class=\"screen-reader-text\">Dans les coulisses d&#8217;ELSA&#8230;<\/span> Lire la suite\u00a0\u00bb<\/a><\/p>\n","protected":false},"author":1,"featured_media":0,"parent":0,"menu_order":2,"comment_status":"closed","ping_status":"closed","template":"","meta":{"site-sidebar-layout":"default","site-content-layout":"default","ast-global-header-display":"","ast-main-header-display":"","ast-hfb-above-header-display":"","ast-hfb-below-header-display":"","ast-hfb-mobile-header-display":"","site-post-title":"","ast-breadcrumbs-content":"","ast-featured-img":"","footer-sml-layout":"","theme-transparent-header-meta":"","adv-header-id-meta":"","stick-header-meta":"","header-above-stick-meta":"","header-main-stick-meta":"","header-below-stick-meta":"","footnotes":""},"class_list":["post-289","page","type-page","status-publish","hentry"],"yoast_head":"<!-- This site is optimized with the Yoast SEO plugin v27.4 - https:\/\/yoast.com\/product\/yoast-seo-wordpress\/ -->\n<title>Dans les coulisses d&#039;ELSA... - Elsa<\/title>\n<meta name=\"robots\" content=\"index, follow, max-snippet:-1, max-image-preview:large, max-video-preview:-1\" \/>\n<link rel=\"canonical\" href=\"https:\/\/wordpress.elsa18.fr\/wordpress.elsa18.fr\/index.php\/dans-les-coulisses-delsa\/\" \/>\n<meta property=\"og:locale\" content=\"fr_FR\" \/>\n<meta property=\"og:type\" content=\"article\" \/>\n<meta property=\"og:title\" content=\"Dans les coulisses d&#039;ELSA... - Elsa\" \/>\n<meta property=\"og:description\" content=\"&nbsp;Pour que le spectacle soit magnifique, il y a \u00e9videmment ceux qui sont sur sc\u00e8ne, qui chantent et dansent, ceux&nbsp; qui, dans l&#8217;orchestre, jouent la musique ou la dirigent, ceux &hellip; Dans les coulisses d&#8217;ELSA&#8230; Lire la suite\u00a0\u00bb\" \/>\n<meta property=\"og:url\" content=\"https:\/\/wordpress.elsa18.fr\/wordpress.elsa18.fr\/index.php\/dans-les-coulisses-delsa\/\" \/>\n<meta property=\"og:site_name\" content=\"Elsa\" \/>\n<meta property=\"article:publisher\" content=\"https:\/\/www.facebook.com\/ELSA-572253779530070\/\" \/>\n<meta property=\"article:modified_time\" content=\"2022-09-15T08:36:46+00:00\" \/>\n<meta property=\"og:image\" content=\"https:\/\/wordpress.elsa18.fr\/wordpress.elsa18.fr\/wp-content\/uploads\/2016\/06\/2015_2016_vietroupe_rangement-local_100_9879-Copier-225x300.jpg\" \/>\n<meta name=\"twitter:card\" content=\"summary_large_image\" \/>\n<meta name=\"twitter:label1\" content=\"Dur\u00e9e de lecture estim\u00e9e\" \/>\n\t<meta name=\"twitter:data1\" content=\"3 minutes\" \/>\n<script type=\"application\/ld+json\" class=\"yoast-schema-graph\">{\"@context\":\"https:\\\/\\\/schema.org\",\"@graph\":[{\"@type\":\"WebPage\",\"@id\":\"https:\\\/\\\/wordpress.elsa18.fr\\\/wordpress.elsa18.fr\\\/index.php\\\/dans-les-coulisses-delsa\\\/\",\"url\":\"https:\\\/\\\/wordpress.elsa18.fr\\\/wordpress.elsa18.fr\\\/index.php\\\/dans-les-coulisses-delsa\\\/\",\"name\":\"Dans les coulisses d'ELSA... - Elsa\",\"isPartOf\":{\"@id\":\"https:\\\/\\\/wordpress.elsa18.fr\\\/wordpress.elsa18.fr\\\/#website\"},\"primaryImageOfPage\":{\"@id\":\"https:\\\/\\\/wordpress.elsa18.fr\\\/wordpress.elsa18.fr\\\/index.php\\\/dans-les-coulisses-delsa\\\/#primaryimage\"},\"image\":{\"@id\":\"https:\\\/\\\/wordpress.elsa18.fr\\\/wordpress.elsa18.fr\\\/index.php\\\/dans-les-coulisses-delsa\\\/#primaryimage\"},\"thumbnailUrl\":\"https:\\\/\\\/wordpress.elsa18.fr\\\/wordpress.elsa18.fr\\\/wp-content\\\/uploads\\\/2016\\\/06\\\/2015_2016_vietroupe_rangement-local_100_9879-Copier-225x300.jpg\",\"datePublished\":\"2011-01-26T17:56:39+00:00\",\"dateModified\":\"2022-09-15T08:36:46+00:00\",\"breadcrumb\":{\"@id\":\"https:\\\/\\\/wordpress.elsa18.fr\\\/wordpress.elsa18.fr\\\/index.php\\\/dans-les-coulisses-delsa\\\/#breadcrumb\"},\"inLanguage\":\"fr-FR\",\"potentialAction\":[{\"@type\":\"ReadAction\",\"target\":[\"https:\\\/\\\/wordpress.elsa18.fr\\\/wordpress.elsa18.fr\\\/index.php\\\/dans-les-coulisses-delsa\\\/\"]}]},{\"@type\":\"ImageObject\",\"inLanguage\":\"fr-FR\",\"@id\":\"https:\\\/\\\/wordpress.elsa18.fr\\\/wordpress.elsa18.fr\\\/index.php\\\/dans-les-coulisses-delsa\\\/#primaryimage\",\"url\":\"https:\\\/\\\/wordpress.elsa18.fr\\\/wordpress.elsa18.fr\\\/wp-content\\\/uploads\\\/2016\\\/06\\\/2015_2016_vietroupe_rangement-local_100_9879-Copier.JPG\",\"contentUrl\":\"https:\\\/\\\/wordpress.elsa18.fr\\\/wordpress.elsa18.fr\\\/wp-content\\\/uploads\\\/2016\\\/06\\\/2015_2016_vietroupe_rangement-local_100_9879-Copier.JPG\",\"width\":300,\"height\":400,\"caption\":\"100_9879 (Copier)\"},{\"@type\":\"BreadcrumbList\",\"@id\":\"https:\\\/\\\/wordpress.elsa18.fr\\\/wordpress.elsa18.fr\\\/index.php\\\/dans-les-coulisses-delsa\\\/#breadcrumb\",\"itemListElement\":[{\"@type\":\"ListItem\",\"position\":1,\"name\":\"Accueil\",\"item\":\"https:\\\/\\\/wordpress.elsa18.fr\\\/wordpress.elsa18.fr\\\/\"},{\"@type\":\"ListItem\",\"position\":2,\"name\":\"Dans les coulisses d&#8217;ELSA&#8230;\"}]},{\"@type\":\"WebSite\",\"@id\":\"https:\\\/\\\/wordpress.elsa18.fr\\\/wordpress.elsa18.fr\\\/#website\",\"url\":\"https:\\\/\\\/wordpress.elsa18.fr\\\/wordpress.elsa18.fr\\\/\",\"name\":\"Elsa\",\"description\":\"Espoir Lyrique Saint Amandois\",\"publisher\":{\"@id\":\"https:\\\/\\\/wordpress.elsa18.fr\\\/wordpress.elsa18.fr\\\/#organization\"},\"potentialAction\":[{\"@type\":\"SearchAction\",\"target\":{\"@type\":\"EntryPoint\",\"urlTemplate\":\"https:\\\/\\\/wordpress.elsa18.fr\\\/wordpress.elsa18.fr\\\/?s={search_term_string}\"},\"query-input\":{\"@type\":\"PropertyValueSpecification\",\"valueRequired\":true,\"valueName\":\"search_term_string\"}}],\"inLanguage\":\"fr-FR\"},{\"@type\":\"Organization\",\"@id\":\"https:\\\/\\\/wordpress.elsa18.fr\\\/wordpress.elsa18.fr\\\/#organization\",\"name\":\"Elsa\",\"url\":\"https:\\\/\\\/wordpress.elsa18.fr\\\/wordpress.elsa18.fr\\\/\",\"logo\":{\"@type\":\"ImageObject\",\"inLanguage\":\"fr-FR\",\"@id\":\"https:\\\/\\\/wordpress.elsa18.fr\\\/wordpress.elsa18.fr\\\/#\\\/schema\\\/logo\\\/image\\\/\",\"url\":\"https:\\\/\\\/wordpress.elsa18.fr\\\/wordpress.elsa18.fr\\\/wp-content\\\/uploads\\\/2022\\\/07\\\/cropped-ELSA-LOGO_Plan-de-travail-1_Plan-de-travail-1_Plan-de-travail-1_Plan-de-travail-1.png\",\"contentUrl\":\"https:\\\/\\\/wordpress.elsa18.fr\\\/wordpress.elsa18.fr\\\/wp-content\\\/uploads\\\/2022\\\/07\\\/cropped-ELSA-LOGO_Plan-de-travail-1_Plan-de-travail-1_Plan-de-travail-1_Plan-de-travail-1.png\",\"width\":2084,\"height\":2084,\"caption\":\"Elsa\"},\"image\":{\"@id\":\"https:\\\/\\\/wordpress.elsa18.fr\\\/wordpress.elsa18.fr\\\/#\\\/schema\\\/logo\\\/image\\\/\"},\"sameAs\":[\"https:\\\/\\\/www.facebook.com\\\/ELSA-572253779530070\\\/\",\"https:\\\/\\\/www.instagram.com\\\/espoir_lyrique_saint_amandois\\\/?hl=fr\"]}]}<\/script>\n<!-- \/ Yoast SEO plugin. -->","yoast_head_json":{"title":"Dans les coulisses d'ELSA... - Elsa","robots":{"index":"index","follow":"follow","max-snippet":"max-snippet:-1","max-image-preview":"max-image-preview:large","max-video-preview":"max-video-preview:-1"},"canonical":"https:\/\/wordpress.elsa18.fr\/wordpress.elsa18.fr\/index.php\/dans-les-coulisses-delsa\/","og_locale":"fr_FR","og_type":"article","og_title":"Dans les coulisses d'ELSA... - Elsa","og_description":"&nbsp;Pour que le spectacle soit magnifique, il y a \u00e9videmment ceux qui sont sur sc\u00e8ne, qui chantent et dansent, ceux&nbsp; qui, dans l&#8217;orchestre, jouent la musique ou la dirigent, ceux &hellip; Dans les coulisses d&#8217;ELSA&#8230; Lire la suite\u00a0\u00bb","og_url":"https:\/\/wordpress.elsa18.fr\/wordpress.elsa18.fr\/index.php\/dans-les-coulisses-delsa\/","og_site_name":"Elsa","article_publisher":"https:\/\/www.facebook.com\/ELSA-572253779530070\/","article_modified_time":"2022-09-15T08:36:46+00:00","og_image":[{"url":"https:\/\/wordpress.elsa18.fr\/wordpress.elsa18.fr\/wp-content\/uploads\/2016\/06\/2015_2016_vietroupe_rangement-local_100_9879-Copier-225x300.jpg","type":"","width":"","height":""}],"twitter_card":"summary_large_image","twitter_misc":{"Dur\u00e9e de lecture estim\u00e9e":"3 minutes"},"schema":{"@context":"https:\/\/schema.org","@graph":[{"@type":"WebPage","@id":"https:\/\/wordpress.elsa18.fr\/wordpress.elsa18.fr\/index.php\/dans-les-coulisses-delsa\/","url":"https:\/\/wordpress.elsa18.fr\/wordpress.elsa18.fr\/index.php\/dans-les-coulisses-delsa\/","name":"Dans les coulisses d'ELSA... - Elsa","isPartOf":{"@id":"https:\/\/wordpress.elsa18.fr\/wordpress.elsa18.fr\/#website"},"primaryImageOfPage":{"@id":"https:\/\/wordpress.elsa18.fr\/wordpress.elsa18.fr\/index.php\/dans-les-coulisses-delsa\/#primaryimage"},"image":{"@id":"https:\/\/wordpress.elsa18.fr\/wordpress.elsa18.fr\/index.php\/dans-les-coulisses-delsa\/#primaryimage"},"thumbnailUrl":"https:\/\/wordpress.elsa18.fr\/wordpress.elsa18.fr\/wp-content\/uploads\/2016\/06\/2015_2016_vietroupe_rangement-local_100_9879-Copier-225x300.jpg","datePublished":"2011-01-26T17:56:39+00:00","dateModified":"2022-09-15T08:36:46+00:00","breadcrumb":{"@id":"https:\/\/wordpress.elsa18.fr\/wordpress.elsa18.fr\/index.php\/dans-les-coulisses-delsa\/#breadcrumb"},"inLanguage":"fr-FR","potentialAction":[{"@type":"ReadAction","target":["https:\/\/wordpress.elsa18.fr\/wordpress.elsa18.fr\/index.php\/dans-les-coulisses-delsa\/"]}]},{"@type":"ImageObject","inLanguage":"fr-FR","@id":"https:\/\/wordpress.elsa18.fr\/wordpress.elsa18.fr\/index.php\/dans-les-coulisses-delsa\/#primaryimage","url":"https:\/\/wordpress.elsa18.fr\/wordpress.elsa18.fr\/wp-content\/uploads\/2016\/06\/2015_2016_vietroupe_rangement-local_100_9879-Copier.JPG","contentUrl":"https:\/\/wordpress.elsa18.fr\/wordpress.elsa18.fr\/wp-content\/uploads\/2016\/06\/2015_2016_vietroupe_rangement-local_100_9879-Copier.JPG","width":300,"height":400,"caption":"100_9879 (Copier)"},{"@type":"BreadcrumbList","@id":"https:\/\/wordpress.elsa18.fr\/wordpress.elsa18.fr\/index.php\/dans-les-coulisses-delsa\/#breadcrumb","itemListElement":[{"@type":"ListItem","position":1,"name":"Accueil","item":"https:\/\/wordpress.elsa18.fr\/wordpress.elsa18.fr\/"},{"@type":"ListItem","position":2,"name":"Dans les coulisses d&#8217;ELSA&#8230;"}]},{"@type":"WebSite","@id":"https:\/\/wordpress.elsa18.fr\/wordpress.elsa18.fr\/#website","url":"https:\/\/wordpress.elsa18.fr\/wordpress.elsa18.fr\/","name":"Elsa","description":"Espoir Lyrique Saint Amandois","publisher":{"@id":"https:\/\/wordpress.elsa18.fr\/wordpress.elsa18.fr\/#organization"},"potentialAction":[{"@type":"SearchAction","target":{"@type":"EntryPoint","urlTemplate":"https:\/\/wordpress.elsa18.fr\/wordpress.elsa18.fr\/?s={search_term_string}"},"query-input":{"@type":"PropertyValueSpecification","valueRequired":true,"valueName":"search_term_string"}}],"inLanguage":"fr-FR"},{"@type":"Organization","@id":"https:\/\/wordpress.elsa18.fr\/wordpress.elsa18.fr\/#organization","name":"Elsa","url":"https:\/\/wordpress.elsa18.fr\/wordpress.elsa18.fr\/","logo":{"@type":"ImageObject","inLanguage":"fr-FR","@id":"https:\/\/wordpress.elsa18.fr\/wordpress.elsa18.fr\/#\/schema\/logo\/image\/","url":"https:\/\/wordpress.elsa18.fr\/wordpress.elsa18.fr\/wp-content\/uploads\/2022\/07\/cropped-ELSA-LOGO_Plan-de-travail-1_Plan-de-travail-1_Plan-de-travail-1_Plan-de-travail-1.png","contentUrl":"https:\/\/wordpress.elsa18.fr\/wordpress.elsa18.fr\/wp-content\/uploads\/2022\/07\/cropped-ELSA-LOGO_Plan-de-travail-1_Plan-de-travail-1_Plan-de-travail-1_Plan-de-travail-1.png","width":2084,"height":2084,"caption":"Elsa"},"image":{"@id":"https:\/\/wordpress.elsa18.fr\/wordpress.elsa18.fr\/#\/schema\/logo\/image\/"},"sameAs":["https:\/\/www.facebook.com\/ELSA-572253779530070\/","https:\/\/www.instagram.com\/espoir_lyrique_saint_amandois\/?hl=fr"]}]}},"_links":{"self":[{"href":"https:\/\/wordpress.elsa18.fr\/wordpress.elsa18.fr\/index.php\/wp-json\/wp\/v2\/pages\/289","targetHints":{"allow":["GET"]}}],"collection":[{"href":"https:\/\/wordpress.elsa18.fr\/wordpress.elsa18.fr\/index.php\/wp-json\/wp\/v2\/pages"}],"about":[{"href":"https:\/\/wordpress.elsa18.fr\/wordpress.elsa18.fr\/index.php\/wp-json\/wp\/v2\/types\/page"}],"author":[{"embeddable":true,"href":"https:\/\/wordpress.elsa18.fr\/wordpress.elsa18.fr\/index.php\/wp-json\/wp\/v2\/users\/1"}],"replies":[{"embeddable":true,"href":"https:\/\/wordpress.elsa18.fr\/wordpress.elsa18.fr\/index.php\/wp-json\/wp\/v2\/comments?post=289"}],"version-history":[{"count":6,"href":"https:\/\/wordpress.elsa18.fr\/wordpress.elsa18.fr\/index.php\/wp-json\/wp\/v2\/pages\/289\/revisions"}],"predecessor-version":[{"id":1468,"href":"https:\/\/wordpress.elsa18.fr\/wordpress.elsa18.fr\/index.php\/wp-json\/wp\/v2\/pages\/289\/revisions\/1468"}],"wp:attachment":[{"href":"https:\/\/wordpress.elsa18.fr\/wordpress.elsa18.fr\/index.php\/wp-json\/wp\/v2\/media?parent=289"}],"curies":[{"name":"wp","href":"https:\/\/api.w.org\/{rel}","templated":true}]}}