{"id":312,"date":"2011-02-07T11:15:28","date_gmt":"2011-02-07T10:15:28","guid":{"rendered":"http:\/\/wordpress.elsa18.fr\/index.php\/vernissage-de-lexposition-qles-25-ans-delsaq\/"},"modified":"2011-02-07T11:15:28","modified_gmt":"2011-02-07T10:15:28","slug":"vernissage-de-lexposition-qles-25-ans-delsaq","status":"publish","type":"page","link":"https:\/\/wordpress.elsa18.fr\/wordpress.elsa18.fr\/index.php\/vernissage-de-lexposition-qles-25-ans-delsaq\/","title":{"rendered":"Vernissage de l&#8217;exposition &#8220;les 25 ans d&#8217;ELSA&#8221;"},"content":{"rendered":"<p><img fetchpriority=\"high\" decoding=\"async\" class=\" alignleft size-full wp-image-309\" style=\"margin-right: 5px; float: left;\" alt=\"00 [SITE_ELSA]\" src=\"http:\/\/wordpress.elsa18.fr\/wordpress.elsa18.fr\/wp-content\/uploads\/2011\/02\/2010_2011_vernissage_00-SITE_ELSA.jpg\" height=\"361\" width=\"262\" srcset=\"https:\/\/wordpress.elsa18.fr\/wordpress.elsa18.fr\/wp-content\/uploads\/2011\/02\/2010_2011_vernissage_00-SITE_ELSA.jpg 465w, https:\/\/wordpress.elsa18.fr\/wordpress.elsa18.fr\/wp-content\/uploads\/2011\/02\/2010_2011_vernissage_00-SITE_ELSA-218x300.jpg 218w\" sizes=\"(max-width: 262px) 100vw, 262px\" \/>&nbsp;Ce samedi 5 f\u00e9vrier 2011 avait lieu le <strong>vernissage de l&#8217;exposition<\/strong> r\u00e9alis\u00e9e \u00e0 l&#8217;occasion de nos 25 ans d&#8217;op\u00e9rette.<\/p>\n<p>&nbsp;<\/p>\n<p>&nbsp;En pr\u00e9sence du <strong>maire de Saint-Amand-Montrond<\/strong>, M. VINCON, et de tous ceux qui de pr\u00e8s ou de loin contribuent ou ont contribu\u00e9 au succ\u00e8s et \u00e0 l&#8217;histoire de notre troupe d&#8217;op\u00e9rette&#8230;<\/p>\n<p>&nbsp;<\/p>\n<p>Une bien belle occasion de <strong>se retrouver tous et de partager nos souvenirs d&#8217;op\u00e9rette<\/strong>&#8230; Une occasion aussi pour se souvenir de tous nos membres qui nous ont quitt\u00e9s, et de leur rendre hommage.<\/p>\n<p>&nbsp;<\/p>\n<p>&nbsp;<\/p>\n<p><strong>N&#8217;oubliez pas vous aussi de venir voir cette exposition !<\/strong> Profitez de la semaine (de 10h \u00e0 12h et de 14h \u00e0 17h), il y a moins de monde et vous pourrez alors \u00e0 loisir d\u00e9tailler toutes nos photos en prenant votre temps&#8230;<\/p>\n<\/p>\n<p><a target=\"_blank\" href=\"http:\/\/wordpress.elsa18.fr\/wordpress.elsa18.fr\/wp-content\/uploads\/2011\/02\/2010_2011_vernissage_DSC_0017.JPG\" rel=\"noopener\"><img decoding=\"async\" class=\" size-full wp-image-311\" style=\"display: block; margin-left: auto; margin-right: auto;\" alt=\"DSC_0017_pe\" src=\"http:\/\/wordpress.elsa18.fr\/wordpress.elsa18.fr\/wp-content\/uploads\/2011\/02\/2010_2011_vernissage_DSC_0017_pe.JPG\" height=\"200\" width=\"299\" \/><\/a><\/p>\n<\/p>\n<p>&nbsp;<\/p>\n<p>\ufeff\ufeff\ufeff{vsig}\/2010_2011\/vernissage{\/vsig}<\/p>\n","protected":false},"excerpt":{"rendered":"<p>&nbsp;Ce samedi 5 f\u00e9vrier 2011 avait lieu le vernissage de l&#8217;exposition r\u00e9alis\u00e9e \u00e0 l&#8217;occasion de nos 25 ans d&#8217;op\u00e9rette. &nbsp; &nbsp;En pr\u00e9sence du maire de Saint-Amand-Montrond, M. VINCON, et de &hellip;<\/p>\n<p class=\"read-more\"> <a class=\"\" href=\"https:\/\/wordpress.elsa18.fr\/wordpress.elsa18.fr\/index.php\/vernissage-de-lexposition-qles-25-ans-delsaq\/\"> <span class=\"screen-reader-text\">Vernissage de l&#8217;exposition &#8220;les 25 ans d&#8217;ELSA&#8221;<\/span> Lire la suite\u00a0\u00bb<\/a><\/p>\n","protected":false},"author":1,"featured_media":309,"parent":0,"menu_order":19,"comment_status":"closed","ping_status":"closed","template":"","meta":{"site-sidebar-layout":"default","site-content-layout":"default","ast-global-header-display":"","ast-main-header-display":"","ast-hfb-above-header-display":"","ast-hfb-below-header-display":"","ast-hfb-mobile-header-display":"","site-post-title":"","ast-breadcrumbs-content":"","ast-featured-img":"","footer-sml-layout":"","theme-transparent-header-meta":"","adv-header-id-meta":"","stick-header-meta":"","header-above-stick-meta":"","header-main-stick-meta":"","header-below-stick-meta":"","footnotes":""},"class_list":["post-312","page","type-page","status-publish","has-post-thumbnail","hentry"],"yoast_head":"<!-- This site is optimized with the Yoast SEO plugin v27.3 - https:\/\/yoast.com\/product\/yoast-seo-wordpress\/ -->\n<title>Vernissage de l&#039;exposition &quot;les 25 ans d&#039;ELSA&quot; - Elsa<\/title>\n<meta name=\"robots\" content=\"index, follow, max-snippet:-1, max-image-preview:large, max-video-preview:-1\" \/>\n<link rel=\"canonical\" href=\"https:\/\/wordpress.elsa18.fr\/wordpress.elsa18.fr\/index.php\/vernissage-de-lexposition-qles-25-ans-delsaq\/\" \/>\n<meta property=\"og:locale\" content=\"fr_FR\" \/>\n<meta property=\"og:type\" content=\"article\" \/>\n<meta property=\"og:title\" content=\"Vernissage de l&#039;exposition &quot;les 25 ans d&#039;ELSA&quot; - Elsa\" \/>\n<meta property=\"og:description\" content=\"&nbsp;Ce samedi 5 f\u00e9vrier 2011 avait lieu le vernissage de l&#8217;exposition r\u00e9alis\u00e9e \u00e0 l&#8217;occasion de nos 25 ans d&#8217;op\u00e9rette. &nbsp; &nbsp;En pr\u00e9sence du maire de Saint-Amand-Montrond, M. VINCON, et de &hellip; Vernissage de l&#8217;exposition &#8220;les 25 ans d&#8217;ELSA&#8221; Lire la suite\u00a0\u00bb\" \/>\n<meta property=\"og:url\" content=\"https:\/\/wordpress.elsa18.fr\/wordpress.elsa18.fr\/index.php\/vernissage-de-lexposition-qles-25-ans-delsaq\/\" \/>\n<meta property=\"og:site_name\" content=\"Elsa\" \/>\n<meta property=\"article:publisher\" content=\"https:\/\/www.facebook.com\/ELSA-572253779530070\/\" \/>\n<meta property=\"og:image\" content=\"https:\/\/wordpress.elsa18.fr\/wordpress.elsa18.fr\/wp-content\/uploads\/2011\/02\/2010_2011_vernissage_00-SITE_ELSA.jpg\" \/>\n\t<meta property=\"og:image:width\" content=\"465\" \/>\n\t<meta property=\"og:image:height\" content=\"640\" \/>\n\t<meta property=\"og:image:type\" content=\"image\/jpeg\" \/>\n<meta name=\"twitter:card\" content=\"summary_large_image\" \/>\n<meta name=\"twitter:label1\" content=\"Dur\u00e9e de lecture estim\u00e9e\" \/>\n\t<meta name=\"twitter:data1\" content=\"1 minute\" \/>\n<script type=\"application\/ld+json\" class=\"yoast-schema-graph\">{\"@context\":\"https:\\\/\\\/schema.org\",\"@graph\":[{\"@type\":\"WebPage\",\"@id\":\"https:\\\/\\\/wordpress.elsa18.fr\\\/wordpress.elsa18.fr\\\/index.php\\\/vernissage-de-lexposition-qles-25-ans-delsaq\\\/\",\"url\":\"https:\\\/\\\/wordpress.elsa18.fr\\\/wordpress.elsa18.fr\\\/index.php\\\/vernissage-de-lexposition-qles-25-ans-delsaq\\\/\",\"name\":\"Vernissage de l'exposition \\\"les 25 ans d'ELSA\\\" - Elsa\",\"isPartOf\":{\"@id\":\"https:\\\/\\\/wordpress.elsa18.fr\\\/wordpress.elsa18.fr\\\/#website\"},\"primaryImageOfPage\":{\"@id\":\"https:\\\/\\\/wordpress.elsa18.fr\\\/wordpress.elsa18.fr\\\/index.php\\\/vernissage-de-lexposition-qles-25-ans-delsaq\\\/#primaryimage\"},\"image\":{\"@id\":\"https:\\\/\\\/wordpress.elsa18.fr\\\/wordpress.elsa18.fr\\\/index.php\\\/vernissage-de-lexposition-qles-25-ans-delsaq\\\/#primaryimage\"},\"thumbnailUrl\":\"https:\\\/\\\/wordpress.elsa18.fr\\\/wordpress.elsa18.fr\\\/wp-content\\\/uploads\\\/2011\\\/02\\\/2010_2011_vernissage_00-SITE_ELSA.jpg\",\"datePublished\":\"2011-02-07T10:15:28+00:00\",\"breadcrumb\":{\"@id\":\"https:\\\/\\\/wordpress.elsa18.fr\\\/wordpress.elsa18.fr\\\/index.php\\\/vernissage-de-lexposition-qles-25-ans-delsaq\\\/#breadcrumb\"},\"inLanguage\":\"fr-FR\",\"potentialAction\":[{\"@type\":\"ReadAction\",\"target\":[\"https:\\\/\\\/wordpress.elsa18.fr\\\/wordpress.elsa18.fr\\\/index.php\\\/vernissage-de-lexposition-qles-25-ans-delsaq\\\/\"]}]},{\"@type\":\"ImageObject\",\"inLanguage\":\"fr-FR\",\"@id\":\"https:\\\/\\\/wordpress.elsa18.fr\\\/wordpress.elsa18.fr\\\/index.php\\\/vernissage-de-lexposition-qles-25-ans-delsaq\\\/#primaryimage\",\"url\":\"https:\\\/\\\/wordpress.elsa18.fr\\\/wordpress.elsa18.fr\\\/wp-content\\\/uploads\\\/2011\\\/02\\\/2010_2011_vernissage_00-SITE_ELSA.jpg\",\"contentUrl\":\"https:\\\/\\\/wordpress.elsa18.fr\\\/wordpress.elsa18.fr\\\/wp-content\\\/uploads\\\/2011\\\/02\\\/2010_2011_vernissage_00-SITE_ELSA.jpg\",\"width\":465,\"height\":640,\"caption\":\"00 [SITE_ELSA]\"},{\"@type\":\"BreadcrumbList\",\"@id\":\"https:\\\/\\\/wordpress.elsa18.fr\\\/wordpress.elsa18.fr\\\/index.php\\\/vernissage-de-lexposition-qles-25-ans-delsaq\\\/#breadcrumb\",\"itemListElement\":[{\"@type\":\"ListItem\",\"position\":1,\"name\":\"Accueil\",\"item\":\"https:\\\/\\\/wordpress.elsa18.fr\\\/wordpress.elsa18.fr\\\/\"},{\"@type\":\"ListItem\",\"position\":2,\"name\":\"Vernissage de l&rsquo;exposition \u00ab\u00a0les 25 ans d&rsquo;ELSA\u00a0\u00bb\"}]},{\"@type\":\"WebSite\",\"@id\":\"https:\\\/\\\/wordpress.elsa18.fr\\\/wordpress.elsa18.fr\\\/#website\",\"url\":\"https:\\\/\\\/wordpress.elsa18.fr\\\/wordpress.elsa18.fr\\\/\",\"name\":\"Elsa\",\"description\":\"Espoir Lyrique Saint Amandois\",\"publisher\":{\"@id\":\"https:\\\/\\\/wordpress.elsa18.fr\\\/wordpress.elsa18.fr\\\/#organization\"},\"potentialAction\":[{\"@type\":\"SearchAction\",\"target\":{\"@type\":\"EntryPoint\",\"urlTemplate\":\"https:\\\/\\\/wordpress.elsa18.fr\\\/wordpress.elsa18.fr\\\/?s={search_term_string}\"},\"query-input\":{\"@type\":\"PropertyValueSpecification\",\"valueRequired\":true,\"valueName\":\"search_term_string\"}}],\"inLanguage\":\"fr-FR\"},{\"@type\":\"Organization\",\"@id\":\"https:\\\/\\\/wordpress.elsa18.fr\\\/wordpress.elsa18.fr\\\/#organization\",\"name\":\"Elsa\",\"url\":\"https:\\\/\\\/wordpress.elsa18.fr\\\/wordpress.elsa18.fr\\\/\",\"logo\":{\"@type\":\"ImageObject\",\"inLanguage\":\"fr-FR\",\"@id\":\"https:\\\/\\\/wordpress.elsa18.fr\\\/wordpress.elsa18.fr\\\/#\\\/schema\\\/logo\\\/image\\\/\",\"url\":\"https:\\\/\\\/wordpress.elsa18.fr\\\/wordpress.elsa18.fr\\\/wp-content\\\/uploads\\\/2022\\\/07\\\/cropped-ELSA-LOGO_Plan-de-travail-1_Plan-de-travail-1_Plan-de-travail-1_Plan-de-travail-1.png\",\"contentUrl\":\"https:\\\/\\\/wordpress.elsa18.fr\\\/wordpress.elsa18.fr\\\/wp-content\\\/uploads\\\/2022\\\/07\\\/cropped-ELSA-LOGO_Plan-de-travail-1_Plan-de-travail-1_Plan-de-travail-1_Plan-de-travail-1.png\",\"width\":2084,\"height\":2084,\"caption\":\"Elsa\"},\"image\":{\"@id\":\"https:\\\/\\\/wordpress.elsa18.fr\\\/wordpress.elsa18.fr\\\/#\\\/schema\\\/logo\\\/image\\\/\"},\"sameAs\":[\"https:\\\/\\\/www.facebook.com\\\/ELSA-572253779530070\\\/\",\"https:\\\/\\\/www.instagram.com\\\/espoir_lyrique_saint_amandois\\\/?hl=fr\"]}]}<\/script>\n<!-- \/ Yoast SEO plugin. -->","yoast_head_json":{"title":"Vernissage de l'exposition \"les 25 ans d'ELSA\" - Elsa","robots":{"index":"index","follow":"follow","max-snippet":"max-snippet:-1","max-image-preview":"max-image-preview:large","max-video-preview":"max-video-preview:-1"},"canonical":"https:\/\/wordpress.elsa18.fr\/wordpress.elsa18.fr\/index.php\/vernissage-de-lexposition-qles-25-ans-delsaq\/","og_locale":"fr_FR","og_type":"article","og_title":"Vernissage de l'exposition \"les 25 ans d'ELSA\" - Elsa","og_description":"&nbsp;Ce samedi 5 f\u00e9vrier 2011 avait lieu le vernissage de l&#8217;exposition r\u00e9alis\u00e9e \u00e0 l&#8217;occasion de nos 25 ans d&#8217;op\u00e9rette. &nbsp; &nbsp;En pr\u00e9sence du maire de Saint-Amand-Montrond, M. VINCON, et de &hellip; Vernissage de l&#8217;exposition &#8220;les 25 ans d&#8217;ELSA&#8221; Lire la suite\u00a0\u00bb","og_url":"https:\/\/wordpress.elsa18.fr\/wordpress.elsa18.fr\/index.php\/vernissage-de-lexposition-qles-25-ans-delsaq\/","og_site_name":"Elsa","article_publisher":"https:\/\/www.facebook.com\/ELSA-572253779530070\/","og_image":[{"width":465,"height":640,"url":"https:\/\/wordpress.elsa18.fr\/wordpress.elsa18.fr\/wp-content\/uploads\/2011\/02\/2010_2011_vernissage_00-SITE_ELSA.jpg","type":"image\/jpeg"}],"twitter_card":"summary_large_image","twitter_misc":{"Dur\u00e9e de lecture estim\u00e9e":"1 minute"},"schema":{"@context":"https:\/\/schema.org","@graph":[{"@type":"WebPage","@id":"https:\/\/wordpress.elsa18.fr\/wordpress.elsa18.fr\/index.php\/vernissage-de-lexposition-qles-25-ans-delsaq\/","url":"https:\/\/wordpress.elsa18.fr\/wordpress.elsa18.fr\/index.php\/vernissage-de-lexposition-qles-25-ans-delsaq\/","name":"Vernissage de l'exposition \"les 25 ans d'ELSA\" - Elsa","isPartOf":{"@id":"https:\/\/wordpress.elsa18.fr\/wordpress.elsa18.fr\/#website"},"primaryImageOfPage":{"@id":"https:\/\/wordpress.elsa18.fr\/wordpress.elsa18.fr\/index.php\/vernissage-de-lexposition-qles-25-ans-delsaq\/#primaryimage"},"image":{"@id":"https:\/\/wordpress.elsa18.fr\/wordpress.elsa18.fr\/index.php\/vernissage-de-lexposition-qles-25-ans-delsaq\/#primaryimage"},"thumbnailUrl":"https:\/\/wordpress.elsa18.fr\/wordpress.elsa18.fr\/wp-content\/uploads\/2011\/02\/2010_2011_vernissage_00-SITE_ELSA.jpg","datePublished":"2011-02-07T10:15:28+00:00","breadcrumb":{"@id":"https:\/\/wordpress.elsa18.fr\/wordpress.elsa18.fr\/index.php\/vernissage-de-lexposition-qles-25-ans-delsaq\/#breadcrumb"},"inLanguage":"fr-FR","potentialAction":[{"@type":"ReadAction","target":["https:\/\/wordpress.elsa18.fr\/wordpress.elsa18.fr\/index.php\/vernissage-de-lexposition-qles-25-ans-delsaq\/"]}]},{"@type":"ImageObject","inLanguage":"fr-FR","@id":"https:\/\/wordpress.elsa18.fr\/wordpress.elsa18.fr\/index.php\/vernissage-de-lexposition-qles-25-ans-delsaq\/#primaryimage","url":"https:\/\/wordpress.elsa18.fr\/wordpress.elsa18.fr\/wp-content\/uploads\/2011\/02\/2010_2011_vernissage_00-SITE_ELSA.jpg","contentUrl":"https:\/\/wordpress.elsa18.fr\/wordpress.elsa18.fr\/wp-content\/uploads\/2011\/02\/2010_2011_vernissage_00-SITE_ELSA.jpg","width":465,"height":640,"caption":"00 [SITE_ELSA]"},{"@type":"BreadcrumbList","@id":"https:\/\/wordpress.elsa18.fr\/wordpress.elsa18.fr\/index.php\/vernissage-de-lexposition-qles-25-ans-delsaq\/#breadcrumb","itemListElement":[{"@type":"ListItem","position":1,"name":"Accueil","item":"https:\/\/wordpress.elsa18.fr\/wordpress.elsa18.fr\/"},{"@type":"ListItem","position":2,"name":"Vernissage de l&rsquo;exposition \u00ab\u00a0les 25 ans d&rsquo;ELSA\u00a0\u00bb"}]},{"@type":"WebSite","@id":"https:\/\/wordpress.elsa18.fr\/wordpress.elsa18.fr\/#website","url":"https:\/\/wordpress.elsa18.fr\/wordpress.elsa18.fr\/","name":"Elsa","description":"Espoir Lyrique Saint Amandois","publisher":{"@id":"https:\/\/wordpress.elsa18.fr\/wordpress.elsa18.fr\/#organization"},"potentialAction":[{"@type":"SearchAction","target":{"@type":"EntryPoint","urlTemplate":"https:\/\/wordpress.elsa18.fr\/wordpress.elsa18.fr\/?s={search_term_string}"},"query-input":{"@type":"PropertyValueSpecification","valueRequired":true,"valueName":"search_term_string"}}],"inLanguage":"fr-FR"},{"@type":"Organization","@id":"https:\/\/wordpress.elsa18.fr\/wordpress.elsa18.fr\/#organization","name":"Elsa","url":"https:\/\/wordpress.elsa18.fr\/wordpress.elsa18.fr\/","logo":{"@type":"ImageObject","inLanguage":"fr-FR","@id":"https:\/\/wordpress.elsa18.fr\/wordpress.elsa18.fr\/#\/schema\/logo\/image\/","url":"https:\/\/wordpress.elsa18.fr\/wordpress.elsa18.fr\/wp-content\/uploads\/2022\/07\/cropped-ELSA-LOGO_Plan-de-travail-1_Plan-de-travail-1_Plan-de-travail-1_Plan-de-travail-1.png","contentUrl":"https:\/\/wordpress.elsa18.fr\/wordpress.elsa18.fr\/wp-content\/uploads\/2022\/07\/cropped-ELSA-LOGO_Plan-de-travail-1_Plan-de-travail-1_Plan-de-travail-1_Plan-de-travail-1.png","width":2084,"height":2084,"caption":"Elsa"},"image":{"@id":"https:\/\/wordpress.elsa18.fr\/wordpress.elsa18.fr\/#\/schema\/logo\/image\/"},"sameAs":["https:\/\/www.facebook.com\/ELSA-572253779530070\/","https:\/\/www.instagram.com\/espoir_lyrique_saint_amandois\/?hl=fr"]}]}},"_links":{"self":[{"href":"https:\/\/wordpress.elsa18.fr\/wordpress.elsa18.fr\/index.php\/wp-json\/wp\/v2\/pages\/312","targetHints":{"allow":["GET"]}}],"collection":[{"href":"https:\/\/wordpress.elsa18.fr\/wordpress.elsa18.fr\/index.php\/wp-json\/wp\/v2\/pages"}],"about":[{"href":"https:\/\/wordpress.elsa18.fr\/wordpress.elsa18.fr\/index.php\/wp-json\/wp\/v2\/types\/page"}],"author":[{"embeddable":true,"href":"https:\/\/wordpress.elsa18.fr\/wordpress.elsa18.fr\/index.php\/wp-json\/wp\/v2\/users\/1"}],"replies":[{"embeddable":true,"href":"https:\/\/wordpress.elsa18.fr\/wordpress.elsa18.fr\/index.php\/wp-json\/wp\/v2\/comments?post=312"}],"version-history":[{"count":0,"href":"https:\/\/wordpress.elsa18.fr\/wordpress.elsa18.fr\/index.php\/wp-json\/wp\/v2\/pages\/312\/revisions"}],"wp:featuredmedia":[{"embeddable":true,"href":"https:\/\/wordpress.elsa18.fr\/wordpress.elsa18.fr\/index.php\/wp-json\/wp\/v2\/media\/309"}],"wp:attachment":[{"href":"https:\/\/wordpress.elsa18.fr\/wordpress.elsa18.fr\/index.php\/wp-json\/wp\/v2\/media?parent=312"}],"curies":[{"name":"wp","href":"https:\/\/api.w.org\/{rel}","templated":true}]}}