{"id":313,"date":"2011-02-07T11:36:07","date_gmt":"2011-02-07T10:36:07","guid":{"rendered":"http:\/\/wordpress.elsa18.fr\/index.php\/arrivee-des-costumes-demenagement-des-decors\/"},"modified":"2011-02-07T11:36:07","modified_gmt":"2011-02-07T10:36:07","slug":"arrivee-des-costumes-demenagement-des-decors","status":"publish","type":"page","link":"https:\/\/wordpress.elsa18.fr\/wordpress.elsa18.fr\/index.php\/arrivee-des-costumes-demenagement-des-decors\/","title":{"rendered":"Arriv\u00e9e des costumes, d\u00e9m\u00e9nagement des d\u00e9cors"},"content":{"rendered":"<p>*&nbsp; Vendredi, les costumes sont arriv\u00e9s !<\/p>\n<p>Cette ann\u00e9e encore, ils viennent pour la plupart de la maison GROUT, de Bordeaux.&nbsp; Il faut donc les r\u00e9ceptionner, v\u00e9rifier qu&#8217;il ne manque rien, les trier en fonction des r\u00f4les. Puis il faut que chacun vienne r\u00e9cup\u00e9rer les siens, les essayer et faire les \u00e9ventuelles retouches, car nous avons parfois quelques surprises&#8230;de taille ! Vendredi prochain, lors de la r\u00e9p\u00e9tition g\u00e9n\u00e9rale, nous jouerons donc enfin avec les costumes !<\/p>\n<p>{vsig}2010_2011\/costumes_medit{\/vsig}<\/p>\n<p>\u00a0<\/p>\n<p>* Samedi, de bon matin, tous les volontaires de la troupe \u00e9taient r\u00e9quisitionn\u00e9s pour aider au d\u00e9m\u00e9nagement et au montage de nos d\u00e9cors.<\/p>\n<p>Il faut en effet les amener de notre local, o\u00f9 nous les r\u00e9alisons, \u00e0 la Cit\u00e9 de l&#8217;Or, o\u00f9 nous jouons. Il faut ensuite les mettre en place sur les structures, et les monter au bon endroit pour pouvoir ensuite les changer rapidement. C&#8217;est une entreprise longue et loin d&#8217;\u00eatre \u00e9vidente, mais chacun y met de la bonne volont\u00e9 !<\/p>\n<p>Et voil\u00e0, c&#8217;est fait pour cette ann\u00e9e, et nous avons d\u00e9j\u00e0 r\u00e9p\u00e9t\u00e9 dimanche dans nos beaux d\u00e9cors \u00e0 la cit\u00e9 de l&#8217;Or ! Merci \u00e0 toutes les petites mains, et un merci tout particulier \u00e0 M. BLASQUEZ qui nous a bien aid\u00e9s avec son camion dans lequel rentrent en une fois tous nos grands panneaux de d\u00e9cors !<\/p>\n<p>\u00a0<\/p>\n<p>Et pour la premi\u00e8re fois, nous avons pens\u00e9 \u00e0 prendre quelques photos pour vous faire partager ce grand moment&#8230;<\/p>\n<p>{vsig}2010_2011\/demenagement_decors{\/vsig}<\/p>\n","protected":false},"excerpt":{"rendered":"<p>*&nbsp; Vendredi, les costumes sont arriv\u00e9s ! Cette ann\u00e9e encore, ils viennent pour la plupart de la maison GROUT, de Bordeaux.&nbsp; Il faut donc les r\u00e9ceptionner, v\u00e9rifier qu&#8217;il ne manque &hellip;<\/p>\n<p class=\"read-more\"> <a class=\"\" href=\"https:\/\/wordpress.elsa18.fr\/wordpress.elsa18.fr\/index.php\/arrivee-des-costumes-demenagement-des-decors\/\"> <span class=\"screen-reader-text\">Arriv\u00e9e des costumes, d\u00e9m\u00e9nagement des d\u00e9cors<\/span> Lire la suite\u00a0\u00bb<\/a><\/p>\n","protected":false},"author":1,"featured_media":0,"parent":0,"menu_order":3,"comment_status":"closed","ping_status":"closed","template":"","meta":{"site-sidebar-layout":"default","site-content-layout":"default","ast-global-header-display":"","ast-main-header-display":"","ast-hfb-above-header-display":"","ast-hfb-below-header-display":"","ast-hfb-mobile-header-display":"","site-post-title":"","ast-breadcrumbs-content":"","ast-featured-img":"","footer-sml-layout":"","theme-transparent-header-meta":"","adv-header-id-meta":"","stick-header-meta":"","header-above-stick-meta":"","header-main-stick-meta":"","header-below-stick-meta":"","footnotes":""},"class_list":["post-313","page","type-page","status-publish","hentry"],"yoast_head":"<!-- This site is optimized with the Yoast SEO plugin v27.3 - https:\/\/yoast.com\/product\/yoast-seo-wordpress\/ -->\n<title>Arriv\u00e9e des costumes, d\u00e9m\u00e9nagement des d\u00e9cors - Elsa<\/title>\n<meta name=\"robots\" content=\"index, follow, max-snippet:-1, max-image-preview:large, max-video-preview:-1\" \/>\n<link rel=\"canonical\" href=\"https:\/\/wordpress.elsa18.fr\/wordpress.elsa18.fr\/index.php\/arrivee-des-costumes-demenagement-des-decors\/\" \/>\n<meta property=\"og:locale\" content=\"fr_FR\" \/>\n<meta property=\"og:type\" content=\"article\" \/>\n<meta property=\"og:title\" content=\"Arriv\u00e9e des costumes, d\u00e9m\u00e9nagement des d\u00e9cors - Elsa\" \/>\n<meta property=\"og:description\" content=\"*&nbsp; Vendredi, les costumes sont arriv\u00e9s ! Cette ann\u00e9e encore, ils viennent pour la plupart de la maison GROUT, de Bordeaux.&nbsp; Il faut donc les r\u00e9ceptionner, v\u00e9rifier qu&#8217;il ne manque &hellip; Arriv\u00e9e des costumes, d\u00e9m\u00e9nagement des d\u00e9cors Lire la suite\u00a0\u00bb\" \/>\n<meta property=\"og:url\" content=\"https:\/\/wordpress.elsa18.fr\/wordpress.elsa18.fr\/index.php\/arrivee-des-costumes-demenagement-des-decors\/\" \/>\n<meta property=\"og:site_name\" content=\"Elsa\" \/>\n<meta property=\"article:publisher\" content=\"https:\/\/www.facebook.com\/ELSA-572253779530070\/\" \/>\n<meta name=\"twitter:card\" content=\"summary_large_image\" \/>\n<meta name=\"twitter:label1\" content=\"Dur\u00e9e de lecture estim\u00e9e\" \/>\n\t<meta name=\"twitter:data1\" content=\"1 minute\" \/>\n<script type=\"application\/ld+json\" class=\"yoast-schema-graph\">{\"@context\":\"https:\\\/\\\/schema.org\",\"@graph\":[{\"@type\":\"WebPage\",\"@id\":\"https:\\\/\\\/wordpress.elsa18.fr\\\/wordpress.elsa18.fr\\\/index.php\\\/arrivee-des-costumes-demenagement-des-decors\\\/\",\"url\":\"https:\\\/\\\/wordpress.elsa18.fr\\\/wordpress.elsa18.fr\\\/index.php\\\/arrivee-des-costumes-demenagement-des-decors\\\/\",\"name\":\"Arriv\u00e9e des costumes, d\u00e9m\u00e9nagement des d\u00e9cors - Elsa\",\"isPartOf\":{\"@id\":\"https:\\\/\\\/wordpress.elsa18.fr\\\/wordpress.elsa18.fr\\\/#website\"},\"datePublished\":\"2011-02-07T10:36:07+00:00\",\"breadcrumb\":{\"@id\":\"https:\\\/\\\/wordpress.elsa18.fr\\\/wordpress.elsa18.fr\\\/index.php\\\/arrivee-des-costumes-demenagement-des-decors\\\/#breadcrumb\"},\"inLanguage\":\"fr-FR\",\"potentialAction\":[{\"@type\":\"ReadAction\",\"target\":[\"https:\\\/\\\/wordpress.elsa18.fr\\\/wordpress.elsa18.fr\\\/index.php\\\/arrivee-des-costumes-demenagement-des-decors\\\/\"]}]},{\"@type\":\"BreadcrumbList\",\"@id\":\"https:\\\/\\\/wordpress.elsa18.fr\\\/wordpress.elsa18.fr\\\/index.php\\\/arrivee-des-costumes-demenagement-des-decors\\\/#breadcrumb\",\"itemListElement\":[{\"@type\":\"ListItem\",\"position\":1,\"name\":\"Accueil\",\"item\":\"https:\\\/\\\/wordpress.elsa18.fr\\\/wordpress.elsa18.fr\\\/\"},{\"@type\":\"ListItem\",\"position\":2,\"name\":\"Arriv\u00e9e des costumes, d\u00e9m\u00e9nagement des d\u00e9cors\"}]},{\"@type\":\"WebSite\",\"@id\":\"https:\\\/\\\/wordpress.elsa18.fr\\\/wordpress.elsa18.fr\\\/#website\",\"url\":\"https:\\\/\\\/wordpress.elsa18.fr\\\/wordpress.elsa18.fr\\\/\",\"name\":\"Elsa\",\"description\":\"Espoir Lyrique Saint Amandois\",\"publisher\":{\"@id\":\"https:\\\/\\\/wordpress.elsa18.fr\\\/wordpress.elsa18.fr\\\/#organization\"},\"potentialAction\":[{\"@type\":\"SearchAction\",\"target\":{\"@type\":\"EntryPoint\",\"urlTemplate\":\"https:\\\/\\\/wordpress.elsa18.fr\\\/wordpress.elsa18.fr\\\/?s={search_term_string}\"},\"query-input\":{\"@type\":\"PropertyValueSpecification\",\"valueRequired\":true,\"valueName\":\"search_term_string\"}}],\"inLanguage\":\"fr-FR\"},{\"@type\":\"Organization\",\"@id\":\"https:\\\/\\\/wordpress.elsa18.fr\\\/wordpress.elsa18.fr\\\/#organization\",\"name\":\"Elsa\",\"url\":\"https:\\\/\\\/wordpress.elsa18.fr\\\/wordpress.elsa18.fr\\\/\",\"logo\":{\"@type\":\"ImageObject\",\"inLanguage\":\"fr-FR\",\"@id\":\"https:\\\/\\\/wordpress.elsa18.fr\\\/wordpress.elsa18.fr\\\/#\\\/schema\\\/logo\\\/image\\\/\",\"url\":\"https:\\\/\\\/wordpress.elsa18.fr\\\/wordpress.elsa18.fr\\\/wp-content\\\/uploads\\\/2022\\\/07\\\/cropped-ELSA-LOGO_Plan-de-travail-1_Plan-de-travail-1_Plan-de-travail-1_Plan-de-travail-1.png\",\"contentUrl\":\"https:\\\/\\\/wordpress.elsa18.fr\\\/wordpress.elsa18.fr\\\/wp-content\\\/uploads\\\/2022\\\/07\\\/cropped-ELSA-LOGO_Plan-de-travail-1_Plan-de-travail-1_Plan-de-travail-1_Plan-de-travail-1.png\",\"width\":2084,\"height\":2084,\"caption\":\"Elsa\"},\"image\":{\"@id\":\"https:\\\/\\\/wordpress.elsa18.fr\\\/wordpress.elsa18.fr\\\/#\\\/schema\\\/logo\\\/image\\\/\"},\"sameAs\":[\"https:\\\/\\\/www.facebook.com\\\/ELSA-572253779530070\\\/\",\"https:\\\/\\\/www.instagram.com\\\/espoir_lyrique_saint_amandois\\\/?hl=fr\"]}]}<\/script>\n<!-- \/ Yoast SEO plugin. -->","yoast_head_json":{"title":"Arriv\u00e9e des costumes, d\u00e9m\u00e9nagement des d\u00e9cors - Elsa","robots":{"index":"index","follow":"follow","max-snippet":"max-snippet:-1","max-image-preview":"max-image-preview:large","max-video-preview":"max-video-preview:-1"},"canonical":"https:\/\/wordpress.elsa18.fr\/wordpress.elsa18.fr\/index.php\/arrivee-des-costumes-demenagement-des-decors\/","og_locale":"fr_FR","og_type":"article","og_title":"Arriv\u00e9e des costumes, d\u00e9m\u00e9nagement des d\u00e9cors - Elsa","og_description":"*&nbsp; Vendredi, les costumes sont arriv\u00e9s ! Cette ann\u00e9e encore, ils viennent pour la plupart de la maison GROUT, de Bordeaux.&nbsp; Il faut donc les r\u00e9ceptionner, v\u00e9rifier qu&#8217;il ne manque &hellip; Arriv\u00e9e des costumes, d\u00e9m\u00e9nagement des d\u00e9cors Lire la suite\u00a0\u00bb","og_url":"https:\/\/wordpress.elsa18.fr\/wordpress.elsa18.fr\/index.php\/arrivee-des-costumes-demenagement-des-decors\/","og_site_name":"Elsa","article_publisher":"https:\/\/www.facebook.com\/ELSA-572253779530070\/","twitter_card":"summary_large_image","twitter_misc":{"Dur\u00e9e de lecture estim\u00e9e":"1 minute"},"schema":{"@context":"https:\/\/schema.org","@graph":[{"@type":"WebPage","@id":"https:\/\/wordpress.elsa18.fr\/wordpress.elsa18.fr\/index.php\/arrivee-des-costumes-demenagement-des-decors\/","url":"https:\/\/wordpress.elsa18.fr\/wordpress.elsa18.fr\/index.php\/arrivee-des-costumes-demenagement-des-decors\/","name":"Arriv\u00e9e des costumes, d\u00e9m\u00e9nagement des d\u00e9cors - Elsa","isPartOf":{"@id":"https:\/\/wordpress.elsa18.fr\/wordpress.elsa18.fr\/#website"},"datePublished":"2011-02-07T10:36:07+00:00","breadcrumb":{"@id":"https:\/\/wordpress.elsa18.fr\/wordpress.elsa18.fr\/index.php\/arrivee-des-costumes-demenagement-des-decors\/#breadcrumb"},"inLanguage":"fr-FR","potentialAction":[{"@type":"ReadAction","target":["https:\/\/wordpress.elsa18.fr\/wordpress.elsa18.fr\/index.php\/arrivee-des-costumes-demenagement-des-decors\/"]}]},{"@type":"BreadcrumbList","@id":"https:\/\/wordpress.elsa18.fr\/wordpress.elsa18.fr\/index.php\/arrivee-des-costumes-demenagement-des-decors\/#breadcrumb","itemListElement":[{"@type":"ListItem","position":1,"name":"Accueil","item":"https:\/\/wordpress.elsa18.fr\/wordpress.elsa18.fr\/"},{"@type":"ListItem","position":2,"name":"Arriv\u00e9e des costumes, d\u00e9m\u00e9nagement des d\u00e9cors"}]},{"@type":"WebSite","@id":"https:\/\/wordpress.elsa18.fr\/wordpress.elsa18.fr\/#website","url":"https:\/\/wordpress.elsa18.fr\/wordpress.elsa18.fr\/","name":"Elsa","description":"Espoir Lyrique Saint Amandois","publisher":{"@id":"https:\/\/wordpress.elsa18.fr\/wordpress.elsa18.fr\/#organization"},"potentialAction":[{"@type":"SearchAction","target":{"@type":"EntryPoint","urlTemplate":"https:\/\/wordpress.elsa18.fr\/wordpress.elsa18.fr\/?s={search_term_string}"},"query-input":{"@type":"PropertyValueSpecification","valueRequired":true,"valueName":"search_term_string"}}],"inLanguage":"fr-FR"},{"@type":"Organization","@id":"https:\/\/wordpress.elsa18.fr\/wordpress.elsa18.fr\/#organization","name":"Elsa","url":"https:\/\/wordpress.elsa18.fr\/wordpress.elsa18.fr\/","logo":{"@type":"ImageObject","inLanguage":"fr-FR","@id":"https:\/\/wordpress.elsa18.fr\/wordpress.elsa18.fr\/#\/schema\/logo\/image\/","url":"https:\/\/wordpress.elsa18.fr\/wordpress.elsa18.fr\/wp-content\/uploads\/2022\/07\/cropped-ELSA-LOGO_Plan-de-travail-1_Plan-de-travail-1_Plan-de-travail-1_Plan-de-travail-1.png","contentUrl":"https:\/\/wordpress.elsa18.fr\/wordpress.elsa18.fr\/wp-content\/uploads\/2022\/07\/cropped-ELSA-LOGO_Plan-de-travail-1_Plan-de-travail-1_Plan-de-travail-1_Plan-de-travail-1.png","width":2084,"height":2084,"caption":"Elsa"},"image":{"@id":"https:\/\/wordpress.elsa18.fr\/wordpress.elsa18.fr\/#\/schema\/logo\/image\/"},"sameAs":["https:\/\/www.facebook.com\/ELSA-572253779530070\/","https:\/\/www.instagram.com\/espoir_lyrique_saint_amandois\/?hl=fr"]}]}},"_links":{"self":[{"href":"https:\/\/wordpress.elsa18.fr\/wordpress.elsa18.fr\/index.php\/wp-json\/wp\/v2\/pages\/313","targetHints":{"allow":["GET"]}}],"collection":[{"href":"https:\/\/wordpress.elsa18.fr\/wordpress.elsa18.fr\/index.php\/wp-json\/wp\/v2\/pages"}],"about":[{"href":"https:\/\/wordpress.elsa18.fr\/wordpress.elsa18.fr\/index.php\/wp-json\/wp\/v2\/types\/page"}],"author":[{"embeddable":true,"href":"https:\/\/wordpress.elsa18.fr\/wordpress.elsa18.fr\/index.php\/wp-json\/wp\/v2\/users\/1"}],"replies":[{"embeddable":true,"href":"https:\/\/wordpress.elsa18.fr\/wordpress.elsa18.fr\/index.php\/wp-json\/wp\/v2\/comments?post=313"}],"version-history":[{"count":0,"href":"https:\/\/wordpress.elsa18.fr\/wordpress.elsa18.fr\/index.php\/wp-json\/wp\/v2\/pages\/313\/revisions"}],"wp:attachment":[{"href":"https:\/\/wordpress.elsa18.fr\/wordpress.elsa18.fr\/index.php\/wp-json\/wp\/v2\/media?parent=313"}],"curies":[{"name":"wp","href":"https:\/\/api.w.org\/{rel}","templated":true}]}}