{"id":40,"date":"2009-08-20T15:26:49","date_gmt":"2009-08-20T13:26:49","guid":{"rendered":"http:\/\/wordpress.elsa18.fr\/index.php\/test-repet\/"},"modified":"2009-08-20T15:26:49","modified_gmt":"2009-08-20T13:26:49","slug":"test-repet","status":"publish","type":"page","link":"https:\/\/wordpress.elsa18.fr\/wordpress.elsa18.fr\/index.php\/test-repet\/","title":{"rendered":"[2010-2011] DATES REPETITIONS\/SPECTACLES MEDITERRANEE"},"content":{"rendered":"<p style=\"text-align: center;\">\u00a0<\/p>\n<p style=\"text-align: center;\"><span style=\"font-size: 12pt;\"><strong>CALENDRIER DES REPETITIONS DE L&#8217;ANNEE 2010\/2011 <\/strong><\/span><\/p>\n<p style=\"text-align: center;\"><strong><span style=\"text-decoration: underline;\"><br \/><\/span><\/strong><\/p>\n<p><span style=\"text-decoration: underline;\">Les r\u00e9p\u00e9titions du samedi soir sont \u00e0 <strong>20h45<\/strong> et le dimanche \u00e0 <strong>14h30<\/strong> \u00e0 la salle des Carmes sauf exception.<\/span><\/p>\n<p><span style=\"text-decoration: underline;\"><br \/><\/span><\/p>\n<p><strong><span style=\"text-decoration: underline;\">SEPTEMBRE<\/span><\/strong><\/p>\n<p>*Samedi 25 (r\u00e9p\u00e9tition au local&nbsp;!!)<\/p>\n<p>\u00a0<\/p>\n<p><strong><span style=\"text-decoration: underline;\">OCTOBRE<\/span><\/strong><\/p>\n<p>*Samedi 2 et samedi 9 r\u00e9p\u00e9tition \u00e0 l\u2019h\u00f4tel des syndicats&nbsp; au dos de la poste au fond de l\u2019impasse<\/p>\n<p>*Samedi 16 &nbsp;* Samedi 23<\/p>\n<p>*Samedi 30 \/&nbsp; Dimanche 31<\/p>\n<p>\u00a0<\/p>\n<p><strong><span style=\"text-decoration: underline;\">NOVEMBRE<\/span><\/strong><\/p>\n<p>* Samedi 6 &nbsp;\/ dimanche 7<\/p>\n<p>* Jeudi 11 novembre \u00e0 14h30<\/p>\n<p>* Dimanche 14 (pas de r\u00e9p\u00e9tition le samedi 13 car spectacle de SAM en Foir\u2019)<\/p>\n<p>*Samedi 20 \/ Dimanche 21<\/p>\n<p>*Samedi 27 \/ Dimanche 28<\/p>\n<p>\u00a0<\/p>\n<p><strong><span style=\"text-decoration: underline;\">DECEMBRE <\/span><\/strong><\/p>\n<p>*Samedi 4<\/p>\n<p>( Dimanche 5 pas de r\u00e9p\u00e8t&#8217; : spectacle de Montlu\u00e7on <em>La route fleurie<\/em> )<\/p>\n<p>*Samedi 11 \/ Dimanche 12<\/p>\n<p>*Samedi 18 \/ Dimanche 19<\/p>\n<p>*Mardi 28<\/p>\n<p>\u00a0<\/p>\n<p><strong><span style=\"text-decoration: underline;\">JANVIER :<\/span><\/strong><\/p>\n<p>*Dimanche 2<\/p>\n<p>*Dimanche 9<\/p>\n<p>*Samedi 15\/ Dimanche 16<\/p>\n<p>*Samedi 22\/ Dimanche 23<\/p>\n<p>*Samedi 29&nbsp; \/ Dimanche 30<\/p>\n<p>\u00a0<\/p>\n<p><strong><span style=\"text-decoration: underline;\">FEVRIER<\/span><\/strong><\/p>\n<p>*Samedi 5 \/ Dimanche 6 (<strong>14h<\/strong> Cit\u00e9 de l\u2019Or)<\/p>\n<p>\u00a0<\/p>\n<p><span style=\"font-size: 12pt;\"><strong><span style=\"text-decoration: underline;\">REPETITION GENERALE :<\/span><\/strong><\/span><\/p>\n<p>*Vendredi 11 (<strong>20h<\/strong> cit\u00e9 de l\u2019or)<\/p>\n<p>\u00a0<\/p>\n<p><span style=\"font-size: 12pt;\"><strong><span style=\"text-decoration: underline;\">SPECTACLES :<\/span><\/strong><\/span><\/p>\n<p><strong>*Samedi &nbsp;12<\/strong> \u00e0 14h30 et <strong>Dimanche 13<\/strong> \u00e0 14h30<\/p>\n<p><strong>*Samedi 19<\/strong> \u00e0 14h <strong>et<\/strong> 20h30 <strong>et Dimanche 20<\/strong> \u00e0 14h30<\/p>\n<p>\u00a0<\/p>\n<p>\u00a0<\/p>\n","protected":false},"excerpt":{"rendered":"<p>\u00a0 CALENDRIER DES REPETITIONS DE L&#8217;ANNEE 2010\/2011 Les r\u00e9p\u00e9titions du samedi soir sont \u00e0 20h45 et le dimanche \u00e0 14h30 \u00e0 la salle des Carmes sauf exception. SEPTEMBRE *Samedi 25 &hellip;<\/p>\n<p class=\"read-more\"> <a class=\"\" href=\"https:\/\/wordpress.elsa18.fr\/wordpress.elsa18.fr\/index.php\/test-repet\/\"> <span class=\"screen-reader-text\">[2010-2011] DATES REPETITIONS\/SPECTACLES MEDITERRANEE<\/span> Lire la suite\u00a0\u00bb<\/a><\/p>\n","protected":false},"author":1,"featured_media":0,"parent":0,"menu_order":3,"comment_status":"closed","ping_status":"closed","template":"","meta":{"site-sidebar-layout":"default","site-content-layout":"default","ast-global-header-display":"","ast-main-header-display":"","ast-hfb-above-header-display":"","ast-hfb-below-header-display":"","ast-hfb-mobile-header-display":"","site-post-title":"","ast-breadcrumbs-content":"","ast-featured-img":"","footer-sml-layout":"","theme-transparent-header-meta":"","adv-header-id-meta":"","stick-header-meta":"","header-above-stick-meta":"","header-main-stick-meta":"","header-below-stick-meta":"","footnotes":""},"class_list":["post-40","page","type-page","status-publish","hentry"],"yoast_head":"<!-- This site is optimized with the Yoast SEO plugin v27.3 - https:\/\/yoast.com\/product\/yoast-seo-wordpress\/ -->\n<title>[2010-2011] DATES REPETITIONS\/SPECTACLES MEDITERRANEE - Elsa<\/title>\n<meta name=\"robots\" content=\"index, follow, max-snippet:-1, max-image-preview:large, max-video-preview:-1\" \/>\n<link rel=\"canonical\" href=\"https:\/\/wordpress.elsa18.fr\/wordpress.elsa18.fr\/index.php\/test-repet\/\" \/>\n<meta property=\"og:locale\" content=\"fr_FR\" \/>\n<meta property=\"og:type\" content=\"article\" \/>\n<meta property=\"og:title\" content=\"[2010-2011] DATES REPETITIONS\/SPECTACLES MEDITERRANEE - Elsa\" \/>\n<meta property=\"og:description\" content=\"\u00a0 CALENDRIER DES REPETITIONS DE L&#8217;ANNEE 2010\/2011 Les r\u00e9p\u00e9titions du samedi soir sont \u00e0 20h45 et le dimanche \u00e0 14h30 \u00e0 la salle des Carmes sauf exception. SEPTEMBRE *Samedi 25 &hellip; [2010-2011] DATES REPETITIONS\/SPECTACLES MEDITERRANEE Lire la suite\u00a0\u00bb\" \/>\n<meta property=\"og:url\" content=\"https:\/\/wordpress.elsa18.fr\/wordpress.elsa18.fr\/index.php\/test-repet\/\" \/>\n<meta property=\"og:site_name\" content=\"Elsa\" \/>\n<meta property=\"article:publisher\" content=\"https:\/\/www.facebook.com\/ELSA-572253779530070\/\" \/>\n<meta name=\"twitter:card\" content=\"summary_large_image\" \/>\n<meta name=\"twitter:label1\" content=\"Dur\u00e9e de lecture estim\u00e9e\" \/>\n\t<meta name=\"twitter:data1\" content=\"1 minute\" \/>\n<script type=\"application\/ld+json\" class=\"yoast-schema-graph\">{\"@context\":\"https:\\\/\\\/schema.org\",\"@graph\":[{\"@type\":\"WebPage\",\"@id\":\"https:\\\/\\\/wordpress.elsa18.fr\\\/wordpress.elsa18.fr\\\/index.php\\\/test-repet\\\/\",\"url\":\"https:\\\/\\\/wordpress.elsa18.fr\\\/wordpress.elsa18.fr\\\/index.php\\\/test-repet\\\/\",\"name\":\"[2010-2011] DATES REPETITIONS\\\/SPECTACLES MEDITERRANEE - Elsa\",\"isPartOf\":{\"@id\":\"https:\\\/\\\/wordpress.elsa18.fr\\\/wordpress.elsa18.fr\\\/#website\"},\"datePublished\":\"2009-08-20T13:26:49+00:00\",\"breadcrumb\":{\"@id\":\"https:\\\/\\\/wordpress.elsa18.fr\\\/wordpress.elsa18.fr\\\/index.php\\\/test-repet\\\/#breadcrumb\"},\"inLanguage\":\"fr-FR\",\"potentialAction\":[{\"@type\":\"ReadAction\",\"target\":[\"https:\\\/\\\/wordpress.elsa18.fr\\\/wordpress.elsa18.fr\\\/index.php\\\/test-repet\\\/\"]}]},{\"@type\":\"BreadcrumbList\",\"@id\":\"https:\\\/\\\/wordpress.elsa18.fr\\\/wordpress.elsa18.fr\\\/index.php\\\/test-repet\\\/#breadcrumb\",\"itemListElement\":[{\"@type\":\"ListItem\",\"position\":1,\"name\":\"Accueil\",\"item\":\"https:\\\/\\\/wordpress.elsa18.fr\\\/wordpress.elsa18.fr\\\/\"},{\"@type\":\"ListItem\",\"position\":2,\"name\":\"[2010-2011] DATES REPETITIONS\\\/SPECTACLES MEDITERRANEE\"}]},{\"@type\":\"WebSite\",\"@id\":\"https:\\\/\\\/wordpress.elsa18.fr\\\/wordpress.elsa18.fr\\\/#website\",\"url\":\"https:\\\/\\\/wordpress.elsa18.fr\\\/wordpress.elsa18.fr\\\/\",\"name\":\"Elsa\",\"description\":\"Espoir Lyrique Saint Amandois\",\"publisher\":{\"@id\":\"https:\\\/\\\/wordpress.elsa18.fr\\\/wordpress.elsa18.fr\\\/#organization\"},\"potentialAction\":[{\"@type\":\"SearchAction\",\"target\":{\"@type\":\"EntryPoint\",\"urlTemplate\":\"https:\\\/\\\/wordpress.elsa18.fr\\\/wordpress.elsa18.fr\\\/?s={search_term_string}\"},\"query-input\":{\"@type\":\"PropertyValueSpecification\",\"valueRequired\":true,\"valueName\":\"search_term_string\"}}],\"inLanguage\":\"fr-FR\"},{\"@type\":\"Organization\",\"@id\":\"https:\\\/\\\/wordpress.elsa18.fr\\\/wordpress.elsa18.fr\\\/#organization\",\"name\":\"Elsa\",\"url\":\"https:\\\/\\\/wordpress.elsa18.fr\\\/wordpress.elsa18.fr\\\/\",\"logo\":{\"@type\":\"ImageObject\",\"inLanguage\":\"fr-FR\",\"@id\":\"https:\\\/\\\/wordpress.elsa18.fr\\\/wordpress.elsa18.fr\\\/#\\\/schema\\\/logo\\\/image\\\/\",\"url\":\"https:\\\/\\\/wordpress.elsa18.fr\\\/wordpress.elsa18.fr\\\/wp-content\\\/uploads\\\/2022\\\/07\\\/cropped-ELSA-LOGO_Plan-de-travail-1_Plan-de-travail-1_Plan-de-travail-1_Plan-de-travail-1.png\",\"contentUrl\":\"https:\\\/\\\/wordpress.elsa18.fr\\\/wordpress.elsa18.fr\\\/wp-content\\\/uploads\\\/2022\\\/07\\\/cropped-ELSA-LOGO_Plan-de-travail-1_Plan-de-travail-1_Plan-de-travail-1_Plan-de-travail-1.png\",\"width\":2084,\"height\":2084,\"caption\":\"Elsa\"},\"image\":{\"@id\":\"https:\\\/\\\/wordpress.elsa18.fr\\\/wordpress.elsa18.fr\\\/#\\\/schema\\\/logo\\\/image\\\/\"},\"sameAs\":[\"https:\\\/\\\/www.facebook.com\\\/ELSA-572253779530070\\\/\",\"https:\\\/\\\/www.instagram.com\\\/espoir_lyrique_saint_amandois\\\/?hl=fr\"]}]}<\/script>\n<!-- \/ Yoast SEO plugin. -->","yoast_head_json":{"title":"[2010-2011] DATES REPETITIONS\/SPECTACLES MEDITERRANEE - Elsa","robots":{"index":"index","follow":"follow","max-snippet":"max-snippet:-1","max-image-preview":"max-image-preview:large","max-video-preview":"max-video-preview:-1"},"canonical":"https:\/\/wordpress.elsa18.fr\/wordpress.elsa18.fr\/index.php\/test-repet\/","og_locale":"fr_FR","og_type":"article","og_title":"[2010-2011] DATES REPETITIONS\/SPECTACLES MEDITERRANEE - Elsa","og_description":"\u00a0 CALENDRIER DES REPETITIONS DE L&#8217;ANNEE 2010\/2011 Les r\u00e9p\u00e9titions du samedi soir sont \u00e0 20h45 et le dimanche \u00e0 14h30 \u00e0 la salle des Carmes sauf exception. SEPTEMBRE *Samedi 25 &hellip; [2010-2011] DATES REPETITIONS\/SPECTACLES MEDITERRANEE Lire la suite\u00a0\u00bb","og_url":"https:\/\/wordpress.elsa18.fr\/wordpress.elsa18.fr\/index.php\/test-repet\/","og_site_name":"Elsa","article_publisher":"https:\/\/www.facebook.com\/ELSA-572253779530070\/","twitter_card":"summary_large_image","twitter_misc":{"Dur\u00e9e de lecture estim\u00e9e":"1 minute"},"schema":{"@context":"https:\/\/schema.org","@graph":[{"@type":"WebPage","@id":"https:\/\/wordpress.elsa18.fr\/wordpress.elsa18.fr\/index.php\/test-repet\/","url":"https:\/\/wordpress.elsa18.fr\/wordpress.elsa18.fr\/index.php\/test-repet\/","name":"[2010-2011] DATES REPETITIONS\/SPECTACLES MEDITERRANEE - Elsa","isPartOf":{"@id":"https:\/\/wordpress.elsa18.fr\/wordpress.elsa18.fr\/#website"},"datePublished":"2009-08-20T13:26:49+00:00","breadcrumb":{"@id":"https:\/\/wordpress.elsa18.fr\/wordpress.elsa18.fr\/index.php\/test-repet\/#breadcrumb"},"inLanguage":"fr-FR","potentialAction":[{"@type":"ReadAction","target":["https:\/\/wordpress.elsa18.fr\/wordpress.elsa18.fr\/index.php\/test-repet\/"]}]},{"@type":"BreadcrumbList","@id":"https:\/\/wordpress.elsa18.fr\/wordpress.elsa18.fr\/index.php\/test-repet\/#breadcrumb","itemListElement":[{"@type":"ListItem","position":1,"name":"Accueil","item":"https:\/\/wordpress.elsa18.fr\/wordpress.elsa18.fr\/"},{"@type":"ListItem","position":2,"name":"[2010-2011] DATES REPETITIONS\/SPECTACLES MEDITERRANEE"}]},{"@type":"WebSite","@id":"https:\/\/wordpress.elsa18.fr\/wordpress.elsa18.fr\/#website","url":"https:\/\/wordpress.elsa18.fr\/wordpress.elsa18.fr\/","name":"Elsa","description":"Espoir Lyrique Saint Amandois","publisher":{"@id":"https:\/\/wordpress.elsa18.fr\/wordpress.elsa18.fr\/#organization"},"potentialAction":[{"@type":"SearchAction","target":{"@type":"EntryPoint","urlTemplate":"https:\/\/wordpress.elsa18.fr\/wordpress.elsa18.fr\/?s={search_term_string}"},"query-input":{"@type":"PropertyValueSpecification","valueRequired":true,"valueName":"search_term_string"}}],"inLanguage":"fr-FR"},{"@type":"Organization","@id":"https:\/\/wordpress.elsa18.fr\/wordpress.elsa18.fr\/#organization","name":"Elsa","url":"https:\/\/wordpress.elsa18.fr\/wordpress.elsa18.fr\/","logo":{"@type":"ImageObject","inLanguage":"fr-FR","@id":"https:\/\/wordpress.elsa18.fr\/wordpress.elsa18.fr\/#\/schema\/logo\/image\/","url":"https:\/\/wordpress.elsa18.fr\/wordpress.elsa18.fr\/wp-content\/uploads\/2022\/07\/cropped-ELSA-LOGO_Plan-de-travail-1_Plan-de-travail-1_Plan-de-travail-1_Plan-de-travail-1.png","contentUrl":"https:\/\/wordpress.elsa18.fr\/wordpress.elsa18.fr\/wp-content\/uploads\/2022\/07\/cropped-ELSA-LOGO_Plan-de-travail-1_Plan-de-travail-1_Plan-de-travail-1_Plan-de-travail-1.png","width":2084,"height":2084,"caption":"Elsa"},"image":{"@id":"https:\/\/wordpress.elsa18.fr\/wordpress.elsa18.fr\/#\/schema\/logo\/image\/"},"sameAs":["https:\/\/www.facebook.com\/ELSA-572253779530070\/","https:\/\/www.instagram.com\/espoir_lyrique_saint_amandois\/?hl=fr"]}]}},"_links":{"self":[{"href":"https:\/\/wordpress.elsa18.fr\/wordpress.elsa18.fr\/index.php\/wp-json\/wp\/v2\/pages\/40","targetHints":{"allow":["GET"]}}],"collection":[{"href":"https:\/\/wordpress.elsa18.fr\/wordpress.elsa18.fr\/index.php\/wp-json\/wp\/v2\/pages"}],"about":[{"href":"https:\/\/wordpress.elsa18.fr\/wordpress.elsa18.fr\/index.php\/wp-json\/wp\/v2\/types\/page"}],"author":[{"embeddable":true,"href":"https:\/\/wordpress.elsa18.fr\/wordpress.elsa18.fr\/index.php\/wp-json\/wp\/v2\/users\/1"}],"replies":[{"embeddable":true,"href":"https:\/\/wordpress.elsa18.fr\/wordpress.elsa18.fr\/index.php\/wp-json\/wp\/v2\/comments?post=40"}],"version-history":[{"count":0,"href":"https:\/\/wordpress.elsa18.fr\/wordpress.elsa18.fr\/index.php\/wp-json\/wp\/v2\/pages\/40\/revisions"}],"wp:attachment":[{"href":"https:\/\/wordpress.elsa18.fr\/wordpress.elsa18.fr\/index.php\/wp-json\/wp\/v2\/media?parent=40"}],"curies":[{"name":"wp","href":"https:\/\/api.w.org\/{rel}","templated":true}]}}