{"id":441,"date":"2014-01-14T16:57:57","date_gmt":"2014-01-14T15:57:57","guid":{"rendered":"http:\/\/wordpress.elsa18.fr\/index.php\/les-repetitions-de-violettes-imperiales-sont-dans-le-berry-republicain\/"},"modified":"2022-08-30T12:00:47","modified_gmt":"2022-08-30T10:00:47","slug":"les-repetitions-de-violettes-imperiales-sont-dans-le-berry-republicain","status":"publish","type":"page","link":"https:\/\/wordpress.elsa18.fr\/wordpress.elsa18.fr\/index.php\/les-repetitions-de-violettes-imperiales-sont-dans-le-berry-republicain\/","title":{"rendered":"Les r\u00e9p\u00e9titions de Violettes Imp\u00e9riales sont dans le Berry R\u00e9publicain."},"content":{"rendered":"<h1>&#8220;Depuis septembre et jusqu\u2019au mois de f\u00e9vrier, la troupe d\u2019Elsa r\u00e9p\u00e8te deux fois par semaine<\/h1>\n<div id=\"798520\"><a href=\"http:\/\/www.leberry.fr\/photoSRC\/bqViVeldaWelbKxCPNWs_pusXXdNGltxXD4uu1iw_sR0IkLcazbGupnwlQUaVQo_pWI48f0HY_sxYvETMFwM2diAkJo-_\/1386847.jpeg\" title=\"Violetta et l\u2019imp\u00e9ratrice Eug\u00e9nie, lors des r\u00e9p\u00e9titions dimanche. - mcraymond\"> <img fetchpriority=\"high\" decoding=\"async\" style=\"float: left;\" src=\"http:\/\/www.leberry.fr\/photoSRC\/bqUyVelNbWe1aAxBwXruFG8LIKncgI5EqzxysNngmzhLQqc95EY68d5L1WxH7gOSe4AgvLt9FhffSVHCrA9xuoG6bA--_\/1386847.jpeg\" alt=\"Violetta et l\u2019imp\u00e9ratrice Eug\u00e9nie, lors des r\u00e9p\u00e9titions dimanche. - mcraymond\" height=\"325\" width=\"238\" \/><\/a>Violetta et l\u2019imp\u00e9ratrice Eug\u00e9nie, lors des r\u00e9p\u00e9titions dimanche. &#8211; mcraymond<\/div>\n<div><\/div>\n<div>\n<div data-href=\"http:\/\/www.leberry.fr\/cher\/actualite\/pays\/boischaut\/2013\/12\/12\/depuis-septembre-et-jusquau-mois-de-fevrier-la-troupe-delsa-repete-deux-fois-par-semaine_1798520.html\" data-send=\"true\" width=\"450\" data-action=\"recommend\" data-show-faces=\"false\"><\/div>\n<\/div>\n<div>Jusqu\u2019au mois de f\u00e9vrier, la troupe d\u2019 Elsa r\u00e9p\u00e8te Violettes imp\u00e9riales , une op\u00e9rette dont le tube est L\u2019Amour est un bouquet de violettes .<\/div>\n<div>\n<p>Dans la salle des Carmes dimanche, c&#8217;est jour de r\u00e9p\u00e9titions pour la troupe d&#8217; Elsa. Sur la sc\u00e8ne, des jeunes filles, bouquet de violettes \u00e0 la main, r\u00e8glent une chor\u00e9graphie sous l&#8221;il bienveillant de la metteure en sc\u00e8ne, Chantal Verger. \u00ab Aujourd&#8217;hui, explique Jean-Marc Verger, pr\u00e9sident de l&#8217;association, ne sont pr\u00e9sents que ceux qui ont du texte. On ne fait pas venir les ensembles, si c&#8217;est pour qu&#8217;ils fassent banquette. \u00c7a use les bonnes volont\u00e9s. \u00bb<\/p>\n<p>Elsa, pour Ensemble lyrique saint-amandois, s&#8217;est fait une sp\u00e9cialit\u00e9 : l&#8217;op\u00e9rette. \u00ab Ce qui est bien avec l&#8217;op\u00e9rette, poursuit le pr\u00e9sident, c&#8217;est que tout le monde y a un emploi : gros, petit, grand, maigre, tout le monde. L&#8217;op\u00e9rette, c&#8217;est comme la vie. On a besoin de gens qui chantent, et d&#8217;autres qui chantent moins. \u00bb<\/p>\n<p>Cette ann\u00e9e, Elsa a choisi de monter Violettes imp\u00e9riales, un succ\u00e8s cr\u00e9\u00e9 en 1947 (lire ci-dessous). Un spectacle qui une fois de plus, respire la bonne humeur. \u00ab Si on barbait le public, on n&#8217;existerait plus depuis longtemps. \u00bb<\/p>\n<div>\n<div>\n<div><\/div>\n<\/div>\n<\/div>\n<p>Or les cr\u00e9ations d&#8217; Elsa, ann\u00e9e apr\u00e8s ann\u00e9e, connaissent toujours le m\u00eame succ\u00e8s et rassemblent deux milles spectateurs en moyenne, en cinq spectacles \u00e0 la Cit\u00e9 de l&#8217;or. \u00ab Chaque fois, c&#8217;est un pari. On se demande si on va remplir. \u00bb<\/p>\n<p>La bonne humeur est d\u00e9j\u00e0 palpable lors des r\u00e9p\u00e9titions : \u00ab Il faut absolument que l&#8217;engagement associatif reste convivial. Si on se prend la t\u00eate, c&#8217;est fini. On doit pouvoir rire de nos b\u00eatises. \u00bb Alors forc\u00e9ment, il y a des moments o\u00f9 les r\u00e9p\u00e9tions avancent \u00e0 pas de g\u00e9ant, et d&#8217;autres o\u00f9 les chanteurs peinent \u00e0 se concentrer entre deux fous rires. \u00ab Et puis souvent, on vient \u00e0 Elsa en famille, souligne Jean-Marc Verger. Les couples am\u00e8nent leurs enfants, qui s&#8217;amusent comme des fous au fond de la salle. Ils partagent notre passion. \u00bb<\/p>\n<p>Le spectacle rassemble quatre-vingts amateurs : quarante chanteurs (solistes et ch&#8217;urs), vingt-cinq musiciens, plus les techniciens, les costumi\u00e8res\u2026 \u00ab On re\u00e7oit les costumes une semaine avant. Ce qui fait que notre premi\u00e8re r\u00e9p\u00e9tition en costumes, c&#8217;est la g\u00e9n\u00e9rale. La couturi\u00e8re est sans costume, mais dans les d\u00e9cors. \u00bb Des d\u00e9cors tr\u00e8s Napol\u00e9on III cette ann\u00e9e, dont la construction est supervis\u00e9e par l&#8217;incroyable Amador Castaner.<\/p>\n<\/p>\n<p>Pratique. Repr\u00e9sentations d&#8217; Elsa samedi 15 f\u00e9vrier \u00e0 14 h 30, dimanche 16 \u00e0 14 h 30, samedi 22 \u00e0 14 heures et 20 h 30, dimanche 23 \u00e0 14 h 30. R\u00e9servations \u00e0 partir du 27 janvier \u00e0 l&#8217;office du tourisme.&#8221;<\/p>\n<\/p>\n<p><em>Merci \u00e0 Marie-Claire Raymond<\/em>, du Berry R\u00e9publicain, le 12\/12\/2013<\/p>\n<\/div>\n","protected":false},"excerpt":{"rendered":"<p>&#8220;Depuis septembre et jusqu\u2019au mois de f\u00e9vrier, la troupe d\u2019Elsa r\u00e9p\u00e8te deux fois par semaine Violetta et l\u2019imp\u00e9ratrice Eug\u00e9nie, lors des r\u00e9p\u00e9titions dimanche. &#8211; mcraymond Jusqu\u2019au mois de f\u00e9vrier, la &hellip;<\/p>\n<p class=\"read-more\"> <a class=\"\" href=\"https:\/\/wordpress.elsa18.fr\/wordpress.elsa18.fr\/index.php\/les-repetitions-de-violettes-imperiales-sont-dans-le-berry-republicain\/\"> <span class=\"screen-reader-text\">Les r\u00e9p\u00e9titions de Violettes Imp\u00e9riales sont dans le Berry R\u00e9publicain.<\/span> Lire la suite\u00a0\u00bb<\/a><\/p>\n","protected":false},"author":1,"featured_media":0,"parent":0,"menu_order":6,"comment_status":"closed","ping_status":"closed","template":"","meta":{"site-sidebar-layout":"default","site-content-layout":"default","ast-global-header-display":"","ast-main-header-display":"","ast-hfb-above-header-display":"","ast-hfb-below-header-display":"","ast-hfb-mobile-header-display":"","site-post-title":"","ast-breadcrumbs-content":"","ast-featured-img":"","footer-sml-layout":"","theme-transparent-header-meta":"","adv-header-id-meta":"","stick-header-meta":"","header-above-stick-meta":"","header-main-stick-meta":"","header-below-stick-meta":"","footnotes":""},"class_list":["post-441","page","type-page","status-publish","hentry"],"yoast_head":"<!-- This site is optimized with the Yoast SEO plugin v27.4 - https:\/\/yoast.com\/product\/yoast-seo-wordpress\/ -->\n<title>Les r\u00e9p\u00e9titions de Violettes Imp\u00e9riales sont dans le Berry R\u00e9publicain. - Elsa<\/title>\n<meta name=\"robots\" content=\"index, follow, max-snippet:-1, max-image-preview:large, max-video-preview:-1\" \/>\n<link rel=\"canonical\" href=\"https:\/\/wordpress.elsa18.fr\/wordpress.elsa18.fr\/index.php\/les-repetitions-de-violettes-imperiales-sont-dans-le-berry-republicain\/\" \/>\n<meta property=\"og:locale\" content=\"fr_FR\" \/>\n<meta property=\"og:type\" content=\"article\" \/>\n<meta property=\"og:title\" content=\"Les r\u00e9p\u00e9titions de Violettes Imp\u00e9riales sont dans le Berry R\u00e9publicain. - Elsa\" \/>\n<meta property=\"og:description\" content=\"&#8220;Depuis septembre et jusqu\u2019au mois de f\u00e9vrier, la troupe d\u2019Elsa r\u00e9p\u00e8te deux fois par semaine Violetta et l\u2019imp\u00e9ratrice Eug\u00e9nie, lors des r\u00e9p\u00e9titions dimanche. &#8211; mcraymond Jusqu\u2019au mois de f\u00e9vrier, la &hellip; Les r\u00e9p\u00e9titions de Violettes Imp\u00e9riales sont dans le Berry R\u00e9publicain. Lire la suite\u00a0\u00bb\" \/>\n<meta property=\"og:url\" content=\"https:\/\/wordpress.elsa18.fr\/wordpress.elsa18.fr\/index.php\/les-repetitions-de-violettes-imperiales-sont-dans-le-berry-republicain\/\" \/>\n<meta property=\"og:site_name\" content=\"Elsa\" \/>\n<meta property=\"article:publisher\" content=\"https:\/\/www.facebook.com\/ELSA-572253779530070\/\" \/>\n<meta property=\"article:modified_time\" content=\"2022-08-30T10:00:47+00:00\" \/>\n<meta property=\"og:image\" content=\"http:\/\/www.leberry.fr\/photoSRC\/bqUyVelNbWe1aAxBwXruFG8LIKncgI5EqzxysNngmzhLQqc95EY68d5L1WxH7gOSe4AgvLt9FhffSVHCrA9xuoG6bA--_\/1386847.jpeg\" \/>\n<meta name=\"twitter:card\" content=\"summary_large_image\" \/>\n<meta name=\"twitter:label1\" content=\"Dur\u00e9e de lecture estim\u00e9e\" \/>\n\t<meta name=\"twitter:data1\" content=\"2 minutes\" \/>\n<script type=\"application\/ld+json\" class=\"yoast-schema-graph\">{\"@context\":\"https:\\\/\\\/schema.org\",\"@graph\":[{\"@type\":\"WebPage\",\"@id\":\"https:\\\/\\\/wordpress.elsa18.fr\\\/wordpress.elsa18.fr\\\/index.php\\\/les-repetitions-de-violettes-imperiales-sont-dans-le-berry-republicain\\\/\",\"url\":\"https:\\\/\\\/wordpress.elsa18.fr\\\/wordpress.elsa18.fr\\\/index.php\\\/les-repetitions-de-violettes-imperiales-sont-dans-le-berry-republicain\\\/\",\"name\":\"Les r\u00e9p\u00e9titions de Violettes Imp\u00e9riales sont dans le Berry R\u00e9publicain. - Elsa\",\"isPartOf\":{\"@id\":\"https:\\\/\\\/wordpress.elsa18.fr\\\/wordpress.elsa18.fr\\\/#website\"},\"primaryImageOfPage\":{\"@id\":\"https:\\\/\\\/wordpress.elsa18.fr\\\/wordpress.elsa18.fr\\\/index.php\\\/les-repetitions-de-violettes-imperiales-sont-dans-le-berry-republicain\\\/#primaryimage\"},\"image\":{\"@id\":\"https:\\\/\\\/wordpress.elsa18.fr\\\/wordpress.elsa18.fr\\\/index.php\\\/les-repetitions-de-violettes-imperiales-sont-dans-le-berry-republicain\\\/#primaryimage\"},\"thumbnailUrl\":\"http:\\\/\\\/www.leberry.fr\\\/photoSRC\\\/bqUyVelNbWe1aAxBwXruFG8LIKncgI5EqzxysNngmzhLQqc95EY68d5L1WxH7gOSe4AgvLt9FhffSVHCrA9xuoG6bA--_\\\/1386847.jpeg\",\"datePublished\":\"2014-01-14T15:57:57+00:00\",\"dateModified\":\"2022-08-30T10:00:47+00:00\",\"breadcrumb\":{\"@id\":\"https:\\\/\\\/wordpress.elsa18.fr\\\/wordpress.elsa18.fr\\\/index.php\\\/les-repetitions-de-violettes-imperiales-sont-dans-le-berry-republicain\\\/#breadcrumb\"},\"inLanguage\":\"fr-FR\",\"potentialAction\":[{\"@type\":\"ReadAction\",\"target\":[\"https:\\\/\\\/wordpress.elsa18.fr\\\/wordpress.elsa18.fr\\\/index.php\\\/les-repetitions-de-violettes-imperiales-sont-dans-le-berry-republicain\\\/\"]}]},{\"@type\":\"ImageObject\",\"inLanguage\":\"fr-FR\",\"@id\":\"https:\\\/\\\/wordpress.elsa18.fr\\\/wordpress.elsa18.fr\\\/index.php\\\/les-repetitions-de-violettes-imperiales-sont-dans-le-berry-republicain\\\/#primaryimage\",\"url\":\"http:\\\/\\\/www.leberry.fr\\\/photoSRC\\\/bqUyVelNbWe1aAxBwXruFG8LIKncgI5EqzxysNngmzhLQqc95EY68d5L1WxH7gOSe4AgvLt9FhffSVHCrA9xuoG6bA--_\\\/1386847.jpeg\",\"contentUrl\":\"http:\\\/\\\/www.leberry.fr\\\/photoSRC\\\/bqUyVelNbWe1aAxBwXruFG8LIKncgI5EqzxysNngmzhLQqc95EY68d5L1WxH7gOSe4AgvLt9FhffSVHCrA9xuoG6bA--_\\\/1386847.jpeg\"},{\"@type\":\"BreadcrumbList\",\"@id\":\"https:\\\/\\\/wordpress.elsa18.fr\\\/wordpress.elsa18.fr\\\/index.php\\\/les-repetitions-de-violettes-imperiales-sont-dans-le-berry-republicain\\\/#breadcrumb\",\"itemListElement\":[{\"@type\":\"ListItem\",\"position\":1,\"name\":\"Accueil\",\"item\":\"https:\\\/\\\/wordpress.elsa18.fr\\\/wordpress.elsa18.fr\\\/\"},{\"@type\":\"ListItem\",\"position\":2,\"name\":\"Les r\u00e9p\u00e9titions de Violettes Imp\u00e9riales sont dans le Berry R\u00e9publicain.\"}]},{\"@type\":\"WebSite\",\"@id\":\"https:\\\/\\\/wordpress.elsa18.fr\\\/wordpress.elsa18.fr\\\/#website\",\"url\":\"https:\\\/\\\/wordpress.elsa18.fr\\\/wordpress.elsa18.fr\\\/\",\"name\":\"Elsa\",\"description\":\"Espoir Lyrique Saint Amandois\",\"publisher\":{\"@id\":\"https:\\\/\\\/wordpress.elsa18.fr\\\/wordpress.elsa18.fr\\\/#organization\"},\"potentialAction\":[{\"@type\":\"SearchAction\",\"target\":{\"@type\":\"EntryPoint\",\"urlTemplate\":\"https:\\\/\\\/wordpress.elsa18.fr\\\/wordpress.elsa18.fr\\\/?s={search_term_string}\"},\"query-input\":{\"@type\":\"PropertyValueSpecification\",\"valueRequired\":true,\"valueName\":\"search_term_string\"}}],\"inLanguage\":\"fr-FR\"},{\"@type\":\"Organization\",\"@id\":\"https:\\\/\\\/wordpress.elsa18.fr\\\/wordpress.elsa18.fr\\\/#organization\",\"name\":\"Elsa\",\"url\":\"https:\\\/\\\/wordpress.elsa18.fr\\\/wordpress.elsa18.fr\\\/\",\"logo\":{\"@type\":\"ImageObject\",\"inLanguage\":\"fr-FR\",\"@id\":\"https:\\\/\\\/wordpress.elsa18.fr\\\/wordpress.elsa18.fr\\\/#\\\/schema\\\/logo\\\/image\\\/\",\"url\":\"https:\\\/\\\/wordpress.elsa18.fr\\\/wordpress.elsa18.fr\\\/wp-content\\\/uploads\\\/2022\\\/07\\\/cropped-ELSA-LOGO_Plan-de-travail-1_Plan-de-travail-1_Plan-de-travail-1_Plan-de-travail-1.png\",\"contentUrl\":\"https:\\\/\\\/wordpress.elsa18.fr\\\/wordpress.elsa18.fr\\\/wp-content\\\/uploads\\\/2022\\\/07\\\/cropped-ELSA-LOGO_Plan-de-travail-1_Plan-de-travail-1_Plan-de-travail-1_Plan-de-travail-1.png\",\"width\":2084,\"height\":2084,\"caption\":\"Elsa\"},\"image\":{\"@id\":\"https:\\\/\\\/wordpress.elsa18.fr\\\/wordpress.elsa18.fr\\\/#\\\/schema\\\/logo\\\/image\\\/\"},\"sameAs\":[\"https:\\\/\\\/www.facebook.com\\\/ELSA-572253779530070\\\/\",\"https:\\\/\\\/www.instagram.com\\\/espoir_lyrique_saint_amandois\\\/?hl=fr\"]}]}<\/script>\n<!-- \/ Yoast SEO plugin. -->","yoast_head_json":{"title":"Les r\u00e9p\u00e9titions de Violettes Imp\u00e9riales sont dans le Berry R\u00e9publicain. - Elsa","robots":{"index":"index","follow":"follow","max-snippet":"max-snippet:-1","max-image-preview":"max-image-preview:large","max-video-preview":"max-video-preview:-1"},"canonical":"https:\/\/wordpress.elsa18.fr\/wordpress.elsa18.fr\/index.php\/les-repetitions-de-violettes-imperiales-sont-dans-le-berry-republicain\/","og_locale":"fr_FR","og_type":"article","og_title":"Les r\u00e9p\u00e9titions de Violettes Imp\u00e9riales sont dans le Berry R\u00e9publicain. - Elsa","og_description":"&#8220;Depuis septembre et jusqu\u2019au mois de f\u00e9vrier, la troupe d\u2019Elsa r\u00e9p\u00e8te deux fois par semaine Violetta et l\u2019imp\u00e9ratrice Eug\u00e9nie, lors des r\u00e9p\u00e9titions dimanche. &#8211; mcraymond Jusqu\u2019au mois de f\u00e9vrier, la &hellip; Les r\u00e9p\u00e9titions de Violettes Imp\u00e9riales sont dans le Berry R\u00e9publicain. Lire la suite\u00a0\u00bb","og_url":"https:\/\/wordpress.elsa18.fr\/wordpress.elsa18.fr\/index.php\/les-repetitions-de-violettes-imperiales-sont-dans-le-berry-republicain\/","og_site_name":"Elsa","article_publisher":"https:\/\/www.facebook.com\/ELSA-572253779530070\/","article_modified_time":"2022-08-30T10:00:47+00:00","og_image":[{"url":"http:\/\/www.leberry.fr\/photoSRC\/bqUyVelNbWe1aAxBwXruFG8LIKncgI5EqzxysNngmzhLQqc95EY68d5L1WxH7gOSe4AgvLt9FhffSVHCrA9xuoG6bA--_\/1386847.jpeg","type":"","width":"","height":""}],"twitter_card":"summary_large_image","twitter_misc":{"Dur\u00e9e de lecture estim\u00e9e":"2 minutes"},"schema":{"@context":"https:\/\/schema.org","@graph":[{"@type":"WebPage","@id":"https:\/\/wordpress.elsa18.fr\/wordpress.elsa18.fr\/index.php\/les-repetitions-de-violettes-imperiales-sont-dans-le-berry-republicain\/","url":"https:\/\/wordpress.elsa18.fr\/wordpress.elsa18.fr\/index.php\/les-repetitions-de-violettes-imperiales-sont-dans-le-berry-republicain\/","name":"Les r\u00e9p\u00e9titions de Violettes Imp\u00e9riales sont dans le Berry R\u00e9publicain. - Elsa","isPartOf":{"@id":"https:\/\/wordpress.elsa18.fr\/wordpress.elsa18.fr\/#website"},"primaryImageOfPage":{"@id":"https:\/\/wordpress.elsa18.fr\/wordpress.elsa18.fr\/index.php\/les-repetitions-de-violettes-imperiales-sont-dans-le-berry-republicain\/#primaryimage"},"image":{"@id":"https:\/\/wordpress.elsa18.fr\/wordpress.elsa18.fr\/index.php\/les-repetitions-de-violettes-imperiales-sont-dans-le-berry-republicain\/#primaryimage"},"thumbnailUrl":"http:\/\/www.leberry.fr\/photoSRC\/bqUyVelNbWe1aAxBwXruFG8LIKncgI5EqzxysNngmzhLQqc95EY68d5L1WxH7gOSe4AgvLt9FhffSVHCrA9xuoG6bA--_\/1386847.jpeg","datePublished":"2014-01-14T15:57:57+00:00","dateModified":"2022-08-30T10:00:47+00:00","breadcrumb":{"@id":"https:\/\/wordpress.elsa18.fr\/wordpress.elsa18.fr\/index.php\/les-repetitions-de-violettes-imperiales-sont-dans-le-berry-republicain\/#breadcrumb"},"inLanguage":"fr-FR","potentialAction":[{"@type":"ReadAction","target":["https:\/\/wordpress.elsa18.fr\/wordpress.elsa18.fr\/index.php\/les-repetitions-de-violettes-imperiales-sont-dans-le-berry-republicain\/"]}]},{"@type":"ImageObject","inLanguage":"fr-FR","@id":"https:\/\/wordpress.elsa18.fr\/wordpress.elsa18.fr\/index.php\/les-repetitions-de-violettes-imperiales-sont-dans-le-berry-republicain\/#primaryimage","url":"http:\/\/www.leberry.fr\/photoSRC\/bqUyVelNbWe1aAxBwXruFG8LIKncgI5EqzxysNngmzhLQqc95EY68d5L1WxH7gOSe4AgvLt9FhffSVHCrA9xuoG6bA--_\/1386847.jpeg","contentUrl":"http:\/\/www.leberry.fr\/photoSRC\/bqUyVelNbWe1aAxBwXruFG8LIKncgI5EqzxysNngmzhLQqc95EY68d5L1WxH7gOSe4AgvLt9FhffSVHCrA9xuoG6bA--_\/1386847.jpeg"},{"@type":"BreadcrumbList","@id":"https:\/\/wordpress.elsa18.fr\/wordpress.elsa18.fr\/index.php\/les-repetitions-de-violettes-imperiales-sont-dans-le-berry-republicain\/#breadcrumb","itemListElement":[{"@type":"ListItem","position":1,"name":"Accueil","item":"https:\/\/wordpress.elsa18.fr\/wordpress.elsa18.fr\/"},{"@type":"ListItem","position":2,"name":"Les r\u00e9p\u00e9titions de Violettes Imp\u00e9riales sont dans le Berry R\u00e9publicain."}]},{"@type":"WebSite","@id":"https:\/\/wordpress.elsa18.fr\/wordpress.elsa18.fr\/#website","url":"https:\/\/wordpress.elsa18.fr\/wordpress.elsa18.fr\/","name":"Elsa","description":"Espoir Lyrique Saint Amandois","publisher":{"@id":"https:\/\/wordpress.elsa18.fr\/wordpress.elsa18.fr\/#organization"},"potentialAction":[{"@type":"SearchAction","target":{"@type":"EntryPoint","urlTemplate":"https:\/\/wordpress.elsa18.fr\/wordpress.elsa18.fr\/?s={search_term_string}"},"query-input":{"@type":"PropertyValueSpecification","valueRequired":true,"valueName":"search_term_string"}}],"inLanguage":"fr-FR"},{"@type":"Organization","@id":"https:\/\/wordpress.elsa18.fr\/wordpress.elsa18.fr\/#organization","name":"Elsa","url":"https:\/\/wordpress.elsa18.fr\/wordpress.elsa18.fr\/","logo":{"@type":"ImageObject","inLanguage":"fr-FR","@id":"https:\/\/wordpress.elsa18.fr\/wordpress.elsa18.fr\/#\/schema\/logo\/image\/","url":"https:\/\/wordpress.elsa18.fr\/wordpress.elsa18.fr\/wp-content\/uploads\/2022\/07\/cropped-ELSA-LOGO_Plan-de-travail-1_Plan-de-travail-1_Plan-de-travail-1_Plan-de-travail-1.png","contentUrl":"https:\/\/wordpress.elsa18.fr\/wordpress.elsa18.fr\/wp-content\/uploads\/2022\/07\/cropped-ELSA-LOGO_Plan-de-travail-1_Plan-de-travail-1_Plan-de-travail-1_Plan-de-travail-1.png","width":2084,"height":2084,"caption":"Elsa"},"image":{"@id":"https:\/\/wordpress.elsa18.fr\/wordpress.elsa18.fr\/#\/schema\/logo\/image\/"},"sameAs":["https:\/\/www.facebook.com\/ELSA-572253779530070\/","https:\/\/www.instagram.com\/espoir_lyrique_saint_amandois\/?hl=fr"]}]}},"_links":{"self":[{"href":"https:\/\/wordpress.elsa18.fr\/wordpress.elsa18.fr\/index.php\/wp-json\/wp\/v2\/pages\/441","targetHints":{"allow":["GET"]}}],"collection":[{"href":"https:\/\/wordpress.elsa18.fr\/wordpress.elsa18.fr\/index.php\/wp-json\/wp\/v2\/pages"}],"about":[{"href":"https:\/\/wordpress.elsa18.fr\/wordpress.elsa18.fr\/index.php\/wp-json\/wp\/v2\/types\/page"}],"author":[{"embeddable":true,"href":"https:\/\/wordpress.elsa18.fr\/wordpress.elsa18.fr\/index.php\/wp-json\/wp\/v2\/users\/1"}],"replies":[{"embeddable":true,"href":"https:\/\/wordpress.elsa18.fr\/wordpress.elsa18.fr\/index.php\/wp-json\/wp\/v2\/comments?post=441"}],"version-history":[{"count":2,"href":"https:\/\/wordpress.elsa18.fr\/wordpress.elsa18.fr\/index.php\/wp-json\/wp\/v2\/pages\/441\/revisions"}],"predecessor-version":[{"id":712,"href":"https:\/\/wordpress.elsa18.fr\/wordpress.elsa18.fr\/index.php\/wp-json\/wp\/v2\/pages\/441\/revisions\/712"}],"wp:attachment":[{"href":"https:\/\/wordpress.elsa18.fr\/wordpress.elsa18.fr\/index.php\/wp-json\/wp\/v2\/media?parent=441"}],"curies":[{"name":"wp","href":"https:\/\/api.w.org\/{rel}","templated":true}]}}