{"id":45,"date":"2009-08-27T16:43:02","date_gmt":"2009-08-27T14:43:02","guid":{"rendered":"http:\/\/wordpress.elsa18.fr\/index.php\/description\/"},"modified":"2022-08-30T15:19:11","modified_gmt":"2022-08-30T13:19:11","slug":"description","status":"publish","type":"page","link":"https:\/\/wordpress.elsa18.fr\/wordpress.elsa18.fr\/index.php\/description\/","title":{"rendered":"L&#8217;histoire de la route fleurie"},"content":{"rendered":"<div style=\"text-align: center;\"><a target=\"_blank\" href=\"http:\/\/wordpress.elsa18.fr\/wordpress.elsa18.fr\/wp-content\/uploads\/2009\/08\/operettes_laroutefleurie_groupe_laroutefleurie_groupe.jpg\" rel=\"noopener\"><img decoding=\"async\" class=\" size-full wp-image-41\" alt=\"laroutefleurie_groupe_th\" src=\"http:\/\/wordpress.elsa18.fr\/wordpress.elsa18.fr\/wp-content\/uploads\/2009\/08\/operettes_laroutefleurie_groupe_laroutefleurie_groupe_th.jpg\" style=\"width: 612px; height: 244px; margin-bottom: 10px;\" width=\"612\" srcset=\"https:\/\/wordpress.elsa18.fr\/wordpress.elsa18.fr\/wp-content\/uploads\/2009\/08\/operettes_laroutefleurie_groupe_laroutefleurie_groupe_th.jpg 640w, https:\/\/wordpress.elsa18.fr\/wordpress.elsa18.fr\/wp-content\/uploads\/2009\/08\/operettes_laroutefleurie_groupe_laroutefleurie_groupe_th-300x120.jpg 300w\" sizes=\"(max-width: 640px) 100vw, 640px\" \/><\/a><\/div>\n<p>\u00c0 Montmartre. Place du Tertre, Jean-Pierre, compositeur de musique, Rapha\u00ebl, po\u00e8te rat\u00e9 et peintre m\u00e9connu, et Lorette, son mod\u00e8le favori, sont trois amis insouciants, boh\u00e8mes, joyeux, qui mettent en commun leurs ressources, et pour l&#8217;instant surtout leur manque de ressources.  Ils sont toujours \u00e0 court d&#8217;argent et, sans le ch\u00e8que mensuel que Jean-Pierre re\u00e7oit d&#8217;une tante riche, la situation serait d\u00e9sesp\u00e9r\u00e9e. Un espoir de fortune se dessine toutefois. Un producteur est enthousiasm\u00e9 par la musique d\u2019une op\u00e9rette compos\u00e9e par Jean-Pierre.   Rapha\u00ebl, pour sa part, songe surtout \u00e0 d\u00e9clarer sa flamme \u00e0 Lorette.<\/p>\n<p>\u00a0<\/p>\n<p><img fetchpriority=\"high\" decoding=\"async\" class=\" alignright size-full wp-image-43\" style=\"margin-left: 10px; float: right;\" alt=\"routefleurie 003\" src=\"http:\/\/wordpress.elsa18.fr\/wordpress.elsa18.fr\/wp-content\/uploads\/2009\/08\/operettes_laroutefleurie_routefleurie-003.jpg\" width=\"293\" height=\"414\" srcset=\"https:\/\/wordpress.elsa18.fr\/wordpress.elsa18.fr\/wp-content\/uploads\/2009\/08\/operettes_laroutefleurie_routefleurie-003.jpg 452w, https:\/\/wordpress.elsa18.fr\/wordpress.elsa18.fr\/wp-content\/uploads\/2009\/08\/operettes_laroutefleurie_routefleurie-003-212x300.jpg 212w\" sizes=\"(max-width: 293px) 100vw, 293px\" \/> En cette belle matin\u00e9e de juin, Mimi, ,jeune mannequin, profite de sa premi\u00e8re journ\u00e9e de vacances pour faire un petit p\u00e8lerinage dans ce Montmartre o\u00f9 elle a \u00e9t\u00e9 \u00e9lev\u00e9e. Elle retrouve Lorette<\/p>\n<p>et Rapha\u00ebl, ses amis d&#8217;enfance, et est pr\u00e9sent\u00e9e \u00e0 Jean-Pierre. En la voyant, le jeune homme comprend qu&#8217;il vient de rencontrer la femme de sa vie. Mimi, de son c\u00f4t\u00e9, n&#8217;est pas insensible au charme de Jean-Pierre. Mais elle a re\u00e7u une demande en mariage de Bonnardel, un producteur de cin\u00e9ma quinquag\u00e9naire. L&#8217;aventure ici, la s\u00e9curit\u00e9 l\u00e0-bas. La jeune fille veut laisser passer les vacances avant de prendre une d\u00e9cision.<\/p>\n<p>\u00a0<\/p>\n<p style=\"text-align: left;\">Jean-Pierre d\u00e9cide Mimi, Lorette et Rapha\u00ebl \u00e0 partir en vacances avec lui sur la c\u00f4te d&#8217;Azur. Le ch\u00e8que de sa tante, qui doit lui parvenir le lendemain, permettra de faire face aux premiers frais. Mais  la tante a d\u00e9cid\u00e9 de couper les vivres \u00e0 son neveu. Toutefois, elle met \u00e0 sa disposition, pendant le mois de juillet, sa lux<\/p>\n<p style=\"text-align: left;\">ueuse villa d&#8217;Antibes.  Jean-Pierre se rend chez Bonnardel, qui n\u2019est autre que le fameux producteur. Il ne peut obtenir d&#8217;avance, mais r\u00e9ussit \u00e0 lui louer pour un mois la villa de sa tante, au profit de Rita Florida, la capiteuse ma\u00eetresse du producteur. Nos quatre h\u00e9ros peuvent maintenant prendre &#8220;la route fleurie&#8221;, qui les m\u00e8nera sur les bords de la M\u00e9diterran\u00e9e.  \u00c0 Antibes, Gustave, le majordome, a eu la m\u00eame id\u00e9e que le neveu de sa patronne. Il a lou\u00e9 la villa &#8230; au professeur Poupoutzoff. Jean-Pierre et ses amis arrivent \u00e0 la villa, en principe pour quelques heures seulement. Mais, par suite de la double location, ils sont conduits \u00e0 rester pour pallier les difficult\u00e9s \u00e9ventuelles. Effectivement, Rita et Poupoutzoff arrivent successivement. La jeune femme n&#8217;est pas insensible au charme de Jean-Pierre, et le professeur au faci\u00e8s de Rapha\u00ebl, en qui il reconna\u00eet le type parfait du d\u00e9g\u00e9n\u00e9r\u00e9 parano\u00efaque.<\/p>\n<p style=\"text-align: left;\">\u00a0<\/p>\n<p>\u00a0<\/p>\n<div style=\"text-align: justify;\"><\/div>\n<div style=\"text-align: justify;\"><\/div>\n<p>On apprend bient\u00f4t l&#8217;arriv\u00e9e impr\u00e9vue de Bonnardel. Jusque-l\u00e0, Mimi, qui n&#8217;\u00e9tait pas s\u00fbre de ses sentiments pour Jean-Pierre, n&#8217;avait pas os\u00e9 lui dire qu&#8217;elle connaissait le producteur. Aujourd&#8217;hui, elle sait qu&#8217;elle aime le jeune homme. Elle lui avoue la v\u00e9rit\u00e9. D&#8217;abord jaloux, Jean-Pierre est touch\u00e9 par le d\u00e9sint\u00e9ressement de Mimi. Sans fortune lui-m\u00eame, il ne veut pas g\u00e2cher la vie de celle qu&#8217;il aime. Il lui fait comprendre qu&#8217;elle n&#8217;est qu&#8217;une amourette pour lui ; Mimi se retire furieuse. Le producteur reconna\u00eet son compositeur, Rita apprend l&#8217;existence de Mimi.   Bonnardel demande \u00e0 Jean-Pierre de s&#8217;expliquer. Le jeune homme lui raconte leurs aventures. Bonnardel est enthousiasm\u00e9 : leur histoire fera un excellent sc\u00e9nario, il l\u2019ach\u00e8te imm\u00e9diatement. Mimi, Lorette et Rita seront les vedettes du film La route fleurie, qui en sera tir\u00e9.  Et cette histoire se terminera par un triple mariage : Jean-Pierre et Mimi, Rapha\u00ebl et Lorette, Bonnardel et Rita.<\/p>\n<p>\u00a0<\/p>\n<div style=\"text-align: justify;\"><\/div>\n<div style=\"text-align: center;\"><strong>~~~<\/strong><\/div>\n<div style=\"text-align: center;\"><strong><br \/><\/strong><\/div>\n<p style=\"text-align: center;\"><span style=\"text-decoration: underline;\"><strong>La Route Fleurie <\/strong><\/span><\/p>\n<p>\u00a0<\/p>\n<p>Op\u00e9rette en 2 actes et 12 tableaux de Raymond Vincy<\/p>\n<p>Musique de Francis Lopez, orchestration de Jacques-Henri Rys<\/p>\n<p>Cr\u00e9ation mondiale \u00e0 Lyon, th\u00e9\u00e2tre des C\u00e9lestins, le 9 d\u00e9cembre 1952 ; Cr\u00e9ation \u00e0 Paris : th\u00e9\u00e2tre de l&#8217;ABC, le 19 d\u00e9cembre 1952.<\/p>\n<p>\u00a0<\/p>\n<p style=\"text-align: center;\"><a target=\"_blank\" href=\"http:\/\/wordpress.elsa18.fr\/wordpress.elsa18.fr\/wp-content\/uploads\/2009\/08\/operettes_laroutefleurie_LaRouteFleurie2_2006.jpg\" rel=\"noopener\"><img decoding=\"async\" class=\" size-full wp-image-44\" alt=\"LaRouteFleurie2_2006\" src=\"http:\/\/wordpress.elsa18.fr\/wordpress.elsa18.fr\/wp-content\/uploads\/2009\/08\/operettes_laroutefleurie_LaRouteFleurie2_2006.jpg\" width=\"600\" srcset=\"https:\/\/wordpress.elsa18.fr\/wordpress.elsa18.fr\/wp-content\/uploads\/2009\/08\/operettes_laroutefleurie_LaRouteFleurie2_2006.jpg 1114w, https:\/\/wordpress.elsa18.fr\/wordpress.elsa18.fr\/wp-content\/uploads\/2009\/08\/operettes_laroutefleurie_LaRouteFleurie2_2006-300x212.jpg 300w, https:\/\/wordpress.elsa18.fr\/wordpress.elsa18.fr\/wp-content\/uploads\/2009\/08\/operettes_laroutefleurie_LaRouteFleurie2_2006-1024x725.jpg 1024w, https:\/\/wordpress.elsa18.fr\/wordpress.elsa18.fr\/wp-content\/uploads\/2009\/08\/operettes_laroutefleurie_LaRouteFleurie2_2006-768x544.jpg 768w\" sizes=\"(max-width: 1114px) 100vw, 1114px\" \/><\/a><\/p>\n","protected":false},"excerpt":{"rendered":"<p>\u00c0 Montmartre. Place du Tertre, Jean-Pierre, compositeur de musique, Rapha\u00ebl, po\u00e8te rat\u00e9 et peintre m\u00e9connu, et Lorette, son mod\u00e8le favori, sont trois amis insouciants, boh\u00e8mes, joyeux, qui mettent en commun &hellip;<\/p>\n<p class=\"read-more\"> <a class=\"\" href=\"https:\/\/wordpress.elsa18.fr\/wordpress.elsa18.fr\/index.php\/description\/\"> <span class=\"screen-reader-text\">L&#8217;histoire de la route fleurie<\/span> Lire la suite\u00a0\u00bb<\/a><\/p>\n","protected":false},"author":1,"featured_media":41,"parent":0,"menu_order":2,"comment_status":"closed","ping_status":"closed","template":"","meta":{"site-sidebar-layout":"default","site-content-layout":"default","ast-global-header-display":"","ast-main-header-display":"","ast-hfb-above-header-display":"","ast-hfb-below-header-display":"","ast-hfb-mobile-header-display":"","site-post-title":"","ast-breadcrumbs-content":"","ast-featured-img":"","footer-sml-layout":"","theme-transparent-header-meta":"","adv-header-id-meta":"","stick-header-meta":"","header-above-stick-meta":"","header-main-stick-meta":"","header-below-stick-meta":"","footnotes":""},"class_list":["post-45","page","type-page","status-publish","has-post-thumbnail","hentry"],"yoast_head":"<!-- This site is optimized with the Yoast SEO plugin v27.5 - https:\/\/yoast.com\/product\/yoast-seo-wordpress\/ -->\n<title>L&#039;histoire de la route fleurie - Elsa<\/title>\n<meta name=\"robots\" content=\"index, follow, max-snippet:-1, max-image-preview:large, max-video-preview:-1\" \/>\n<link rel=\"canonical\" href=\"https:\/\/wordpress.elsa18.fr\/wordpress.elsa18.fr\/index.php\/description\/\" \/>\n<meta property=\"og:locale\" content=\"fr_FR\" \/>\n<meta property=\"og:type\" content=\"article\" \/>\n<meta property=\"og:title\" content=\"L&#039;histoire de la route fleurie - Elsa\" \/>\n<meta property=\"og:description\" content=\"\u00c0 Montmartre. Place du Tertre, Jean-Pierre, compositeur de musique, Rapha\u00ebl, po\u00e8te rat\u00e9 et peintre m\u00e9connu, et Lorette, son mod\u00e8le favori, sont trois amis insouciants, boh\u00e8mes, joyeux, qui mettent en commun &hellip; L&#8217;histoire de la route fleurie Lire la suite\u00a0\u00bb\" \/>\n<meta property=\"og:url\" content=\"https:\/\/wordpress.elsa18.fr\/wordpress.elsa18.fr\/index.php\/description\/\" \/>\n<meta property=\"og:site_name\" content=\"Elsa\" \/>\n<meta property=\"article:publisher\" content=\"https:\/\/www.facebook.com\/ELSA-572253779530070\/\" \/>\n<meta property=\"article:modified_time\" content=\"2022-08-30T13:19:11+00:00\" \/>\n<meta property=\"og:image\" content=\"https:\/\/wordpress.elsa18.fr\/wordpress.elsa18.fr\/wp-content\/uploads\/2009\/08\/operettes_laroutefleurie_groupe_laroutefleurie_groupe_th.jpg\" \/>\n\t<meta property=\"og:image:width\" content=\"640\" \/>\n\t<meta property=\"og:image:height\" content=\"257\" \/>\n\t<meta property=\"og:image:type\" content=\"image\/jpeg\" \/>\n<meta name=\"twitter:card\" content=\"summary_large_image\" \/>\n<meta name=\"twitter:label1\" content=\"Dur\u00e9e de lecture estim\u00e9e\" \/>\n\t<meta name=\"twitter:data1\" content=\"3 minutes\" \/>\n<script type=\"application\/ld+json\" class=\"yoast-schema-graph\">{\"@context\":\"https:\\\/\\\/schema.org\",\"@graph\":[{\"@type\":\"WebPage\",\"@id\":\"https:\\\/\\\/wordpress.elsa18.fr\\\/wordpress.elsa18.fr\\\/index.php\\\/description\\\/\",\"url\":\"https:\\\/\\\/wordpress.elsa18.fr\\\/wordpress.elsa18.fr\\\/index.php\\\/description\\\/\",\"name\":\"L'histoire de la route fleurie - Elsa\",\"isPartOf\":{\"@id\":\"https:\\\/\\\/wordpress.elsa18.fr\\\/wordpress.elsa18.fr\\\/#website\"},\"primaryImageOfPage\":{\"@id\":\"https:\\\/\\\/wordpress.elsa18.fr\\\/wordpress.elsa18.fr\\\/index.php\\\/description\\\/#primaryimage\"},\"image\":{\"@id\":\"https:\\\/\\\/wordpress.elsa18.fr\\\/wordpress.elsa18.fr\\\/index.php\\\/description\\\/#primaryimage\"},\"thumbnailUrl\":\"https:\\\/\\\/wordpress.elsa18.fr\\\/wordpress.elsa18.fr\\\/wp-content\\\/uploads\\\/2009\\\/08\\\/operettes_laroutefleurie_groupe_laroutefleurie_groupe_th.jpg\",\"datePublished\":\"2009-08-27T14:43:02+00:00\",\"dateModified\":\"2022-08-30T13:19:11+00:00\",\"breadcrumb\":{\"@id\":\"https:\\\/\\\/wordpress.elsa18.fr\\\/wordpress.elsa18.fr\\\/index.php\\\/description\\\/#breadcrumb\"},\"inLanguage\":\"fr-FR\",\"potentialAction\":[{\"@type\":\"ReadAction\",\"target\":[\"https:\\\/\\\/wordpress.elsa18.fr\\\/wordpress.elsa18.fr\\\/index.php\\\/description\\\/\"]}]},{\"@type\":\"ImageObject\",\"inLanguage\":\"fr-FR\",\"@id\":\"https:\\\/\\\/wordpress.elsa18.fr\\\/wordpress.elsa18.fr\\\/index.php\\\/description\\\/#primaryimage\",\"url\":\"https:\\\/\\\/wordpress.elsa18.fr\\\/wordpress.elsa18.fr\\\/wp-content\\\/uploads\\\/2009\\\/08\\\/operettes_laroutefleurie_groupe_laroutefleurie_groupe_th.jpg\",\"contentUrl\":\"https:\\\/\\\/wordpress.elsa18.fr\\\/wordpress.elsa18.fr\\\/wp-content\\\/uploads\\\/2009\\\/08\\\/operettes_laroutefleurie_groupe_laroutefleurie_groupe_th.jpg\",\"width\":640,\"height\":257,\"caption\":\"laroutefleurie_groupe_th\"},{\"@type\":\"BreadcrumbList\",\"@id\":\"https:\\\/\\\/wordpress.elsa18.fr\\\/wordpress.elsa18.fr\\\/index.php\\\/description\\\/#breadcrumb\",\"itemListElement\":[{\"@type\":\"ListItem\",\"position\":1,\"name\":\"Accueil\",\"item\":\"https:\\\/\\\/wordpress.elsa18.fr\\\/wordpress.elsa18.fr\\\/\"},{\"@type\":\"ListItem\",\"position\":2,\"name\":\"L&rsquo;histoire de la route fleurie\"}]},{\"@type\":\"WebSite\",\"@id\":\"https:\\\/\\\/wordpress.elsa18.fr\\\/wordpress.elsa18.fr\\\/#website\",\"url\":\"https:\\\/\\\/wordpress.elsa18.fr\\\/wordpress.elsa18.fr\\\/\",\"name\":\"Elsa\",\"description\":\"Espoir Lyrique Saint Amandois\",\"publisher\":{\"@id\":\"https:\\\/\\\/wordpress.elsa18.fr\\\/wordpress.elsa18.fr\\\/#organization\"},\"potentialAction\":[{\"@type\":\"SearchAction\",\"target\":{\"@type\":\"EntryPoint\",\"urlTemplate\":\"https:\\\/\\\/wordpress.elsa18.fr\\\/wordpress.elsa18.fr\\\/?s={search_term_string}\"},\"query-input\":{\"@type\":\"PropertyValueSpecification\",\"valueRequired\":true,\"valueName\":\"search_term_string\"}}],\"inLanguage\":\"fr-FR\"},{\"@type\":\"Organization\",\"@id\":\"https:\\\/\\\/wordpress.elsa18.fr\\\/wordpress.elsa18.fr\\\/#organization\",\"name\":\"Elsa\",\"url\":\"https:\\\/\\\/wordpress.elsa18.fr\\\/wordpress.elsa18.fr\\\/\",\"logo\":{\"@type\":\"ImageObject\",\"inLanguage\":\"fr-FR\",\"@id\":\"https:\\\/\\\/wordpress.elsa18.fr\\\/wordpress.elsa18.fr\\\/#\\\/schema\\\/logo\\\/image\\\/\",\"url\":\"https:\\\/\\\/wordpress.elsa18.fr\\\/wordpress.elsa18.fr\\\/wp-content\\\/uploads\\\/2022\\\/07\\\/cropped-ELSA-LOGO_Plan-de-travail-1_Plan-de-travail-1_Plan-de-travail-1_Plan-de-travail-1.png\",\"contentUrl\":\"https:\\\/\\\/wordpress.elsa18.fr\\\/wordpress.elsa18.fr\\\/wp-content\\\/uploads\\\/2022\\\/07\\\/cropped-ELSA-LOGO_Plan-de-travail-1_Plan-de-travail-1_Plan-de-travail-1_Plan-de-travail-1.png\",\"width\":2084,\"height\":2084,\"caption\":\"Elsa\"},\"image\":{\"@id\":\"https:\\\/\\\/wordpress.elsa18.fr\\\/wordpress.elsa18.fr\\\/#\\\/schema\\\/logo\\\/image\\\/\"},\"sameAs\":[\"https:\\\/\\\/www.facebook.com\\\/ELSA-572253779530070\\\/\",\"https:\\\/\\\/www.instagram.com\\\/espoir_lyrique_saint_amandois\\\/?hl=fr\"]}]}<\/script>\n<!-- \/ Yoast SEO plugin. -->","yoast_head_json":{"title":"L'histoire de la route fleurie - Elsa","robots":{"index":"index","follow":"follow","max-snippet":"max-snippet:-1","max-image-preview":"max-image-preview:large","max-video-preview":"max-video-preview:-1"},"canonical":"https:\/\/wordpress.elsa18.fr\/wordpress.elsa18.fr\/index.php\/description\/","og_locale":"fr_FR","og_type":"article","og_title":"L'histoire de la route fleurie - Elsa","og_description":"\u00c0 Montmartre. Place du Tertre, Jean-Pierre, compositeur de musique, Rapha\u00ebl, po\u00e8te rat\u00e9 et peintre m\u00e9connu, et Lorette, son mod\u00e8le favori, sont trois amis insouciants, boh\u00e8mes, joyeux, qui mettent en commun &hellip; L&#8217;histoire de la route fleurie Lire la suite\u00a0\u00bb","og_url":"https:\/\/wordpress.elsa18.fr\/wordpress.elsa18.fr\/index.php\/description\/","og_site_name":"Elsa","article_publisher":"https:\/\/www.facebook.com\/ELSA-572253779530070\/","article_modified_time":"2022-08-30T13:19:11+00:00","og_image":[{"width":640,"height":257,"url":"https:\/\/wordpress.elsa18.fr\/wordpress.elsa18.fr\/wp-content\/uploads\/2009\/08\/operettes_laroutefleurie_groupe_laroutefleurie_groupe_th.jpg","type":"image\/jpeg"}],"twitter_card":"summary_large_image","twitter_misc":{"Dur\u00e9e de lecture estim\u00e9e":"3 minutes"},"schema":{"@context":"https:\/\/schema.org","@graph":[{"@type":"WebPage","@id":"https:\/\/wordpress.elsa18.fr\/wordpress.elsa18.fr\/index.php\/description\/","url":"https:\/\/wordpress.elsa18.fr\/wordpress.elsa18.fr\/index.php\/description\/","name":"L'histoire de la route fleurie - Elsa","isPartOf":{"@id":"https:\/\/wordpress.elsa18.fr\/wordpress.elsa18.fr\/#website"},"primaryImageOfPage":{"@id":"https:\/\/wordpress.elsa18.fr\/wordpress.elsa18.fr\/index.php\/description\/#primaryimage"},"image":{"@id":"https:\/\/wordpress.elsa18.fr\/wordpress.elsa18.fr\/index.php\/description\/#primaryimage"},"thumbnailUrl":"https:\/\/wordpress.elsa18.fr\/wordpress.elsa18.fr\/wp-content\/uploads\/2009\/08\/operettes_laroutefleurie_groupe_laroutefleurie_groupe_th.jpg","datePublished":"2009-08-27T14:43:02+00:00","dateModified":"2022-08-30T13:19:11+00:00","breadcrumb":{"@id":"https:\/\/wordpress.elsa18.fr\/wordpress.elsa18.fr\/index.php\/description\/#breadcrumb"},"inLanguage":"fr-FR","potentialAction":[{"@type":"ReadAction","target":["https:\/\/wordpress.elsa18.fr\/wordpress.elsa18.fr\/index.php\/description\/"]}]},{"@type":"ImageObject","inLanguage":"fr-FR","@id":"https:\/\/wordpress.elsa18.fr\/wordpress.elsa18.fr\/index.php\/description\/#primaryimage","url":"https:\/\/wordpress.elsa18.fr\/wordpress.elsa18.fr\/wp-content\/uploads\/2009\/08\/operettes_laroutefleurie_groupe_laroutefleurie_groupe_th.jpg","contentUrl":"https:\/\/wordpress.elsa18.fr\/wordpress.elsa18.fr\/wp-content\/uploads\/2009\/08\/operettes_laroutefleurie_groupe_laroutefleurie_groupe_th.jpg","width":640,"height":257,"caption":"laroutefleurie_groupe_th"},{"@type":"BreadcrumbList","@id":"https:\/\/wordpress.elsa18.fr\/wordpress.elsa18.fr\/index.php\/description\/#breadcrumb","itemListElement":[{"@type":"ListItem","position":1,"name":"Accueil","item":"https:\/\/wordpress.elsa18.fr\/wordpress.elsa18.fr\/"},{"@type":"ListItem","position":2,"name":"L&rsquo;histoire de la route fleurie"}]},{"@type":"WebSite","@id":"https:\/\/wordpress.elsa18.fr\/wordpress.elsa18.fr\/#website","url":"https:\/\/wordpress.elsa18.fr\/wordpress.elsa18.fr\/","name":"Elsa","description":"Espoir Lyrique Saint Amandois","publisher":{"@id":"https:\/\/wordpress.elsa18.fr\/wordpress.elsa18.fr\/#organization"},"potentialAction":[{"@type":"SearchAction","target":{"@type":"EntryPoint","urlTemplate":"https:\/\/wordpress.elsa18.fr\/wordpress.elsa18.fr\/?s={search_term_string}"},"query-input":{"@type":"PropertyValueSpecification","valueRequired":true,"valueName":"search_term_string"}}],"inLanguage":"fr-FR"},{"@type":"Organization","@id":"https:\/\/wordpress.elsa18.fr\/wordpress.elsa18.fr\/#organization","name":"Elsa","url":"https:\/\/wordpress.elsa18.fr\/wordpress.elsa18.fr\/","logo":{"@type":"ImageObject","inLanguage":"fr-FR","@id":"https:\/\/wordpress.elsa18.fr\/wordpress.elsa18.fr\/#\/schema\/logo\/image\/","url":"https:\/\/wordpress.elsa18.fr\/wordpress.elsa18.fr\/wp-content\/uploads\/2022\/07\/cropped-ELSA-LOGO_Plan-de-travail-1_Plan-de-travail-1_Plan-de-travail-1_Plan-de-travail-1.png","contentUrl":"https:\/\/wordpress.elsa18.fr\/wordpress.elsa18.fr\/wp-content\/uploads\/2022\/07\/cropped-ELSA-LOGO_Plan-de-travail-1_Plan-de-travail-1_Plan-de-travail-1_Plan-de-travail-1.png","width":2084,"height":2084,"caption":"Elsa"},"image":{"@id":"https:\/\/wordpress.elsa18.fr\/wordpress.elsa18.fr\/#\/schema\/logo\/image\/"},"sameAs":["https:\/\/www.facebook.com\/ELSA-572253779530070\/","https:\/\/www.instagram.com\/espoir_lyrique_saint_amandois\/?hl=fr"]}]}},"_links":{"self":[{"href":"https:\/\/wordpress.elsa18.fr\/wordpress.elsa18.fr\/index.php\/wp-json\/wp\/v2\/pages\/45","targetHints":{"allow":["GET"]}}],"collection":[{"href":"https:\/\/wordpress.elsa18.fr\/wordpress.elsa18.fr\/index.php\/wp-json\/wp\/v2\/pages"}],"about":[{"href":"https:\/\/wordpress.elsa18.fr\/wordpress.elsa18.fr\/index.php\/wp-json\/wp\/v2\/types\/page"}],"author":[{"embeddable":true,"href":"https:\/\/wordpress.elsa18.fr\/wordpress.elsa18.fr\/index.php\/wp-json\/wp\/v2\/users\/1"}],"replies":[{"embeddable":true,"href":"https:\/\/wordpress.elsa18.fr\/wordpress.elsa18.fr\/index.php\/wp-json\/wp\/v2\/comments?post=45"}],"version-history":[{"count":1,"href":"https:\/\/wordpress.elsa18.fr\/wordpress.elsa18.fr\/index.php\/wp-json\/wp\/v2\/pages\/45\/revisions"}],"predecessor-version":[{"id":776,"href":"https:\/\/wordpress.elsa18.fr\/wordpress.elsa18.fr\/index.php\/wp-json\/wp\/v2\/pages\/45\/revisions\/776"}],"wp:featuredmedia":[{"embeddable":true,"href":"https:\/\/wordpress.elsa18.fr\/wordpress.elsa18.fr\/index.php\/wp-json\/wp\/v2\/media\/41"}],"wp:attachment":[{"href":"https:\/\/wordpress.elsa18.fr\/wordpress.elsa18.fr\/index.php\/wp-json\/wp\/v2\/media?parent=45"}],"curies":[{"name":"wp","href":"https:\/\/api.w.org\/{rel}","templated":true}]}}