{"id":482,"date":"2016-01-06T18:29:54","date_gmt":"2016-01-06T17:29:54","guid":{"rendered":"http:\/\/wordpress.elsa18.fr\/index.php\/le-sire-de-vergy-a-deja-les-honneurs-de-la-presse\/"},"modified":"2016-01-06T18:29:54","modified_gmt":"2016-01-06T17:29:54","slug":"le-sire-de-vergy-a-deja-les-honneurs-de-la-presse","status":"publish","type":"page","link":"https:\/\/wordpress.elsa18.fr\/wordpress.elsa18.fr\/index.php\/le-sire-de-vergy-a-deja-les-honneurs-de-la-presse\/","title":{"rendered":"Le sire de Vergy a d\u00e9j\u00e0 les honneurs de la presse"},"content":{"rendered":"<p><span style=\"line-height: 1.3em;\">D<\/span><a href=\"http:\/\/www.leberry.fr\/cher\/actualite\/pays\/boischaut\/2016\/01\/05\/la-troupe-d-elsa-met-tout-son-c-h-oeur-dans-les-repetitions_11726716.html\" target=\"_blank\" style=\"line-height: 1.3em;\" rel=\"noopener\">\u00e9j\u00e0 un article et des photos et vid\u00e9os en avant-premi\u00e8re dans le Berry R\u00e9publicain,<\/a><span style=\"line-height: 1.3em;\"> merci \u00e0&nbsp;<\/span><span style=\"line-height: 1.3em;\">Marl\u00e8ne Lestang,<\/span><span style=\"line-height: 1.3em;\">&nbsp;journaliste, pour cette m\u00e9diatisation.&nbsp;<\/span><\/p>\n<p><img decoding=\"async\" src=\"http:\/\/www.leberry.fr\/photoSRC\/bqUyVelNbWe1aAxBwXruFG8LIKncgI5EqzxysNngmzhLQqc95EY68d5L1WxH7gOSe4AgvLt9FhffSVHCrA9xuoG6bA--_\/elsa-repetitions-le-sire-de-vergy_2426739.jpeg\" \/><\/p>\n<div>&#8220;\u00c0 un mois des repr\u00e9sentations du&nbsp;Sire de Vergy, l&#8217;Espoir lyrique saint-amandois (Elsa) encha\u00eene les r\u00e9p\u00e9titions, tous les samedis et dimanches.<\/div>\n<div>\n<div>\n<p>Cette ann\u00e9e, la troupe saint-amandoise a choisi un op\u00e9ra-bouffe compos\u00e9 au d\u00e9but du si\u00e8cle dernier par Claude Terrasse, sur un livret de Robert de Flers et Gaston Arman de Caillavet.<\/p>\n<div>\n<div>\n<div>\n<div ref=\"article\">\n<div id=\"div-gpt--732377866\">\n<div id=\"google_ads_iframe_\/31755961\/GCF_leberry.fr\/infoslocales\/villes\/18_saint_amand_montrond_articles\/article_0__container__\"><\/div>\n<\/div>\n<\/div>\n<\/div>\n<\/div>\n<\/div>\n<p>\u00ab&nbsp;L\u2019action se passe au Moyen \u00c2ge, autour de la vie d\u2019un mari, sa femme et son amant. Le livret est ing\u00e9nieux et dr\u00f4le, et la pi\u00e8ce a beau avoir \u00e9t\u00e9 \u00e9crite en 1903, on retrouve un peu les m\u00eames histoires qu\u2019aujourd\u2019hui, observe Chantal Verger. C\u2019est une fresque de la vie de tous les jours, une mini-soci\u00e9t\u00e9 sur sc\u00e8ne, avec ses al\u00e9as, ses codes,&nbsp;etc.&nbsp;\u00bb<\/p>\n<p>\u00c0 ce spectacle d\u00e9j\u00e0 r\u00e9jouissant sur le papier, la metteuse en sc\u00e8ne a rajout\u00e9 une poign\u00e9e d\u2019anachronismes. Des clins d\u2019\u0153il attendus par les fid\u00e8les des spectacles d&#8217;Elsa, qui attirent chaque ann\u00e9e entre 1.600 et 2.100 spectateurs.&#8221;<\/p>\n<\/div>\n<\/div>\n","protected":false},"excerpt":{"rendered":"<p>D\u00e9j\u00e0 un article et des photos et vid\u00e9os en avant-premi\u00e8re dans le Berry R\u00e9publicain, merci \u00e0&nbsp;Marl\u00e8ne Lestang,&nbsp;journaliste, pour cette m\u00e9diatisation.&nbsp; &#8220;\u00c0 un mois des repr\u00e9sentations du&nbsp;Sire de Vergy, l&#8217;Espoir lyrique &hellip;<\/p>\n<p class=\"read-more\"> <a class=\"\" href=\"https:\/\/wordpress.elsa18.fr\/wordpress.elsa18.fr\/index.php\/le-sire-de-vergy-a-deja-les-honneurs-de-la-presse\/\"> <span class=\"screen-reader-text\">Le sire de Vergy a d\u00e9j\u00e0 les honneurs de la presse<\/span> Lire la suite\u00a0\u00bb<\/a><\/p>\n","protected":false},"author":1,"featured_media":0,"parent":0,"menu_order":4,"comment_status":"closed","ping_status":"closed","template":"","meta":{"site-sidebar-layout":"default","site-content-layout":"default","ast-global-header-display":"","ast-main-header-display":"","ast-hfb-above-header-display":"","ast-hfb-below-header-display":"","ast-hfb-mobile-header-display":"","site-post-title":"","ast-breadcrumbs-content":"","ast-featured-img":"","footer-sml-layout":"","theme-transparent-header-meta":"","adv-header-id-meta":"","stick-header-meta":"","header-above-stick-meta":"","header-main-stick-meta":"","header-below-stick-meta":"","footnotes":""},"class_list":["post-482","page","type-page","status-publish","hentry"],"yoast_head":"<!-- This site is optimized with the Yoast SEO plugin v27.6 - https:\/\/yoast.com\/product\/yoast-seo-wordpress\/ -->\n<title>Le sire de Vergy a d\u00e9j\u00e0 les honneurs de la presse - Elsa<\/title>\n<meta name=\"robots\" content=\"index, follow, max-snippet:-1, max-image-preview:large, max-video-preview:-1\" \/>\n<link rel=\"canonical\" href=\"https:\/\/wordpress.elsa18.fr\/wordpress.elsa18.fr\/index.php\/le-sire-de-vergy-a-deja-les-honneurs-de-la-presse\/\" \/>\n<meta property=\"og:locale\" content=\"fr_FR\" \/>\n<meta property=\"og:type\" content=\"article\" \/>\n<meta property=\"og:title\" content=\"Le sire de Vergy a d\u00e9j\u00e0 les honneurs de la presse - Elsa\" \/>\n<meta property=\"og:description\" content=\"D\u00e9j\u00e0 un article et des photos et vid\u00e9os en avant-premi\u00e8re dans le Berry R\u00e9publicain, merci \u00e0&nbsp;Marl\u00e8ne Lestang,&nbsp;journaliste, pour cette m\u00e9diatisation.&nbsp; &#8220;\u00c0 un mois des repr\u00e9sentations du&nbsp;Sire de Vergy, l&#8217;Espoir lyrique &hellip; Le sire de Vergy a d\u00e9j\u00e0 les honneurs de la presse Lire la suite\u00a0\u00bb\" \/>\n<meta property=\"og:url\" content=\"https:\/\/wordpress.elsa18.fr\/wordpress.elsa18.fr\/index.php\/le-sire-de-vergy-a-deja-les-honneurs-de-la-presse\/\" \/>\n<meta property=\"og:site_name\" content=\"Elsa\" \/>\n<meta property=\"article:publisher\" content=\"https:\/\/www.facebook.com\/ELSA-572253779530070\/\" \/>\n<meta property=\"og:image\" content=\"http:\/\/www.leberry.fr\/photoSRC\/bqUyVelNbWe1aAxBwXruFG8LIKncgI5EqzxysNngmzhLQqc95EY68d5L1WxH7gOSe4AgvLt9FhffSVHCrA9xuoG6bA--_\/elsa-repetitions-le-sire-de-vergy_2426739.jpeg\" \/>\n<meta name=\"twitter:card\" content=\"summary_large_image\" \/>\n<meta name=\"twitter:label1\" content=\"Dur\u00e9e de lecture estim\u00e9e\" \/>\n\t<meta name=\"twitter:data1\" content=\"1 minute\" \/>\n<script type=\"application\/ld+json\" class=\"yoast-schema-graph\">{\"@context\":\"https:\\\/\\\/schema.org\",\"@graph\":[{\"@type\":\"WebPage\",\"@id\":\"https:\\\/\\\/wordpress.elsa18.fr\\\/wordpress.elsa18.fr\\\/index.php\\\/le-sire-de-vergy-a-deja-les-honneurs-de-la-presse\\\/\",\"url\":\"https:\\\/\\\/wordpress.elsa18.fr\\\/wordpress.elsa18.fr\\\/index.php\\\/le-sire-de-vergy-a-deja-les-honneurs-de-la-presse\\\/\",\"name\":\"Le sire de Vergy a d\u00e9j\u00e0 les honneurs de la presse - Elsa\",\"isPartOf\":{\"@id\":\"https:\\\/\\\/wordpress.elsa18.fr\\\/wordpress.elsa18.fr\\\/#website\"},\"primaryImageOfPage\":{\"@id\":\"https:\\\/\\\/wordpress.elsa18.fr\\\/wordpress.elsa18.fr\\\/index.php\\\/le-sire-de-vergy-a-deja-les-honneurs-de-la-presse\\\/#primaryimage\"},\"image\":{\"@id\":\"https:\\\/\\\/wordpress.elsa18.fr\\\/wordpress.elsa18.fr\\\/index.php\\\/le-sire-de-vergy-a-deja-les-honneurs-de-la-presse\\\/#primaryimage\"},\"thumbnailUrl\":\"http:\\\/\\\/www.leberry.fr\\\/photoSRC\\\/bqUyVelNbWe1aAxBwXruFG8LIKncgI5EqzxysNngmzhLQqc95EY68d5L1WxH7gOSe4AgvLt9FhffSVHCrA9xuoG6bA--_\\\/elsa-repetitions-le-sire-de-vergy_2426739.jpeg\",\"datePublished\":\"2016-01-06T17:29:54+00:00\",\"breadcrumb\":{\"@id\":\"https:\\\/\\\/wordpress.elsa18.fr\\\/wordpress.elsa18.fr\\\/index.php\\\/le-sire-de-vergy-a-deja-les-honneurs-de-la-presse\\\/#breadcrumb\"},\"inLanguage\":\"fr-FR\",\"potentialAction\":[{\"@type\":\"ReadAction\",\"target\":[\"https:\\\/\\\/wordpress.elsa18.fr\\\/wordpress.elsa18.fr\\\/index.php\\\/le-sire-de-vergy-a-deja-les-honneurs-de-la-presse\\\/\"]}]},{\"@type\":\"ImageObject\",\"inLanguage\":\"fr-FR\",\"@id\":\"https:\\\/\\\/wordpress.elsa18.fr\\\/wordpress.elsa18.fr\\\/index.php\\\/le-sire-de-vergy-a-deja-les-honneurs-de-la-presse\\\/#primaryimage\",\"url\":\"http:\\\/\\\/www.leberry.fr\\\/photoSRC\\\/bqUyVelNbWe1aAxBwXruFG8LIKncgI5EqzxysNngmzhLQqc95EY68d5L1WxH7gOSe4AgvLt9FhffSVHCrA9xuoG6bA--_\\\/elsa-repetitions-le-sire-de-vergy_2426739.jpeg\",\"contentUrl\":\"http:\\\/\\\/www.leberry.fr\\\/photoSRC\\\/bqUyVelNbWe1aAxBwXruFG8LIKncgI5EqzxysNngmzhLQqc95EY68d5L1WxH7gOSe4AgvLt9FhffSVHCrA9xuoG6bA--_\\\/elsa-repetitions-le-sire-de-vergy_2426739.jpeg\"},{\"@type\":\"BreadcrumbList\",\"@id\":\"https:\\\/\\\/wordpress.elsa18.fr\\\/wordpress.elsa18.fr\\\/index.php\\\/le-sire-de-vergy-a-deja-les-honneurs-de-la-presse\\\/#breadcrumb\",\"itemListElement\":[{\"@type\":\"ListItem\",\"position\":1,\"name\":\"Accueil\",\"item\":\"https:\\\/\\\/wordpress.elsa18.fr\\\/wordpress.elsa18.fr\\\/\"},{\"@type\":\"ListItem\",\"position\":2,\"name\":\"Le sire de Vergy a d\u00e9j\u00e0 les honneurs de la presse\"}]},{\"@type\":\"WebSite\",\"@id\":\"https:\\\/\\\/wordpress.elsa18.fr\\\/wordpress.elsa18.fr\\\/#website\",\"url\":\"https:\\\/\\\/wordpress.elsa18.fr\\\/wordpress.elsa18.fr\\\/\",\"name\":\"Elsa\",\"description\":\"Espoir Lyrique Saint Amandois\",\"publisher\":{\"@id\":\"https:\\\/\\\/wordpress.elsa18.fr\\\/wordpress.elsa18.fr\\\/#organization\"},\"potentialAction\":[{\"@type\":\"SearchAction\",\"target\":{\"@type\":\"EntryPoint\",\"urlTemplate\":\"https:\\\/\\\/wordpress.elsa18.fr\\\/wordpress.elsa18.fr\\\/?s={search_term_string}\"},\"query-input\":{\"@type\":\"PropertyValueSpecification\",\"valueRequired\":true,\"valueName\":\"search_term_string\"}}],\"inLanguage\":\"fr-FR\"},{\"@type\":\"Organization\",\"@id\":\"https:\\\/\\\/wordpress.elsa18.fr\\\/wordpress.elsa18.fr\\\/#organization\",\"name\":\"Elsa\",\"url\":\"https:\\\/\\\/wordpress.elsa18.fr\\\/wordpress.elsa18.fr\\\/\",\"logo\":{\"@type\":\"ImageObject\",\"inLanguage\":\"fr-FR\",\"@id\":\"https:\\\/\\\/wordpress.elsa18.fr\\\/wordpress.elsa18.fr\\\/#\\\/schema\\\/logo\\\/image\\\/\",\"url\":\"https:\\\/\\\/wordpress.elsa18.fr\\\/wordpress.elsa18.fr\\\/wp-content\\\/uploads\\\/2022\\\/07\\\/cropped-ELSA-LOGO_Plan-de-travail-1_Plan-de-travail-1_Plan-de-travail-1_Plan-de-travail-1.png\",\"contentUrl\":\"https:\\\/\\\/wordpress.elsa18.fr\\\/wordpress.elsa18.fr\\\/wp-content\\\/uploads\\\/2022\\\/07\\\/cropped-ELSA-LOGO_Plan-de-travail-1_Plan-de-travail-1_Plan-de-travail-1_Plan-de-travail-1.png\",\"width\":2084,\"height\":2084,\"caption\":\"Elsa\"},\"image\":{\"@id\":\"https:\\\/\\\/wordpress.elsa18.fr\\\/wordpress.elsa18.fr\\\/#\\\/schema\\\/logo\\\/image\\\/\"},\"sameAs\":[\"https:\\\/\\\/www.facebook.com\\\/ELSA-572253779530070\\\/\",\"https:\\\/\\\/www.instagram.com\\\/espoir_lyrique_saint_amandois\\\/?hl=fr\"]}]}<\/script>\n<!-- \/ Yoast SEO plugin. -->","yoast_head_json":{"title":"Le sire de Vergy a d\u00e9j\u00e0 les honneurs de la presse - Elsa","robots":{"index":"index","follow":"follow","max-snippet":"max-snippet:-1","max-image-preview":"max-image-preview:large","max-video-preview":"max-video-preview:-1"},"canonical":"https:\/\/wordpress.elsa18.fr\/wordpress.elsa18.fr\/index.php\/le-sire-de-vergy-a-deja-les-honneurs-de-la-presse\/","og_locale":"fr_FR","og_type":"article","og_title":"Le sire de Vergy a d\u00e9j\u00e0 les honneurs de la presse - Elsa","og_description":"D\u00e9j\u00e0 un article et des photos et vid\u00e9os en avant-premi\u00e8re dans le Berry R\u00e9publicain, merci \u00e0&nbsp;Marl\u00e8ne Lestang,&nbsp;journaliste, pour cette m\u00e9diatisation.&nbsp; &#8220;\u00c0 un mois des repr\u00e9sentations du&nbsp;Sire de Vergy, l&#8217;Espoir lyrique &hellip; Le sire de Vergy a d\u00e9j\u00e0 les honneurs de la presse Lire la suite\u00a0\u00bb","og_url":"https:\/\/wordpress.elsa18.fr\/wordpress.elsa18.fr\/index.php\/le-sire-de-vergy-a-deja-les-honneurs-de-la-presse\/","og_site_name":"Elsa","article_publisher":"https:\/\/www.facebook.com\/ELSA-572253779530070\/","og_image":[{"url":"http:\/\/www.leberry.fr\/photoSRC\/bqUyVelNbWe1aAxBwXruFG8LIKncgI5EqzxysNngmzhLQqc95EY68d5L1WxH7gOSe4AgvLt9FhffSVHCrA9xuoG6bA--_\/elsa-repetitions-le-sire-de-vergy_2426739.jpeg","type":"","width":"","height":""}],"twitter_card":"summary_large_image","twitter_misc":{"Dur\u00e9e de lecture estim\u00e9e":"1 minute"},"schema":{"@context":"https:\/\/schema.org","@graph":[{"@type":"WebPage","@id":"https:\/\/wordpress.elsa18.fr\/wordpress.elsa18.fr\/index.php\/le-sire-de-vergy-a-deja-les-honneurs-de-la-presse\/","url":"https:\/\/wordpress.elsa18.fr\/wordpress.elsa18.fr\/index.php\/le-sire-de-vergy-a-deja-les-honneurs-de-la-presse\/","name":"Le sire de Vergy a d\u00e9j\u00e0 les honneurs de la presse - Elsa","isPartOf":{"@id":"https:\/\/wordpress.elsa18.fr\/wordpress.elsa18.fr\/#website"},"primaryImageOfPage":{"@id":"https:\/\/wordpress.elsa18.fr\/wordpress.elsa18.fr\/index.php\/le-sire-de-vergy-a-deja-les-honneurs-de-la-presse\/#primaryimage"},"image":{"@id":"https:\/\/wordpress.elsa18.fr\/wordpress.elsa18.fr\/index.php\/le-sire-de-vergy-a-deja-les-honneurs-de-la-presse\/#primaryimage"},"thumbnailUrl":"http:\/\/www.leberry.fr\/photoSRC\/bqUyVelNbWe1aAxBwXruFG8LIKncgI5EqzxysNngmzhLQqc95EY68d5L1WxH7gOSe4AgvLt9FhffSVHCrA9xuoG6bA--_\/elsa-repetitions-le-sire-de-vergy_2426739.jpeg","datePublished":"2016-01-06T17:29:54+00:00","breadcrumb":{"@id":"https:\/\/wordpress.elsa18.fr\/wordpress.elsa18.fr\/index.php\/le-sire-de-vergy-a-deja-les-honneurs-de-la-presse\/#breadcrumb"},"inLanguage":"fr-FR","potentialAction":[{"@type":"ReadAction","target":["https:\/\/wordpress.elsa18.fr\/wordpress.elsa18.fr\/index.php\/le-sire-de-vergy-a-deja-les-honneurs-de-la-presse\/"]}]},{"@type":"ImageObject","inLanguage":"fr-FR","@id":"https:\/\/wordpress.elsa18.fr\/wordpress.elsa18.fr\/index.php\/le-sire-de-vergy-a-deja-les-honneurs-de-la-presse\/#primaryimage","url":"http:\/\/www.leberry.fr\/photoSRC\/bqUyVelNbWe1aAxBwXruFG8LIKncgI5EqzxysNngmzhLQqc95EY68d5L1WxH7gOSe4AgvLt9FhffSVHCrA9xuoG6bA--_\/elsa-repetitions-le-sire-de-vergy_2426739.jpeg","contentUrl":"http:\/\/www.leberry.fr\/photoSRC\/bqUyVelNbWe1aAxBwXruFG8LIKncgI5EqzxysNngmzhLQqc95EY68d5L1WxH7gOSe4AgvLt9FhffSVHCrA9xuoG6bA--_\/elsa-repetitions-le-sire-de-vergy_2426739.jpeg"},{"@type":"BreadcrumbList","@id":"https:\/\/wordpress.elsa18.fr\/wordpress.elsa18.fr\/index.php\/le-sire-de-vergy-a-deja-les-honneurs-de-la-presse\/#breadcrumb","itemListElement":[{"@type":"ListItem","position":1,"name":"Accueil","item":"https:\/\/wordpress.elsa18.fr\/wordpress.elsa18.fr\/"},{"@type":"ListItem","position":2,"name":"Le sire de Vergy a d\u00e9j\u00e0 les honneurs de la presse"}]},{"@type":"WebSite","@id":"https:\/\/wordpress.elsa18.fr\/wordpress.elsa18.fr\/#website","url":"https:\/\/wordpress.elsa18.fr\/wordpress.elsa18.fr\/","name":"Elsa","description":"Espoir Lyrique Saint Amandois","publisher":{"@id":"https:\/\/wordpress.elsa18.fr\/wordpress.elsa18.fr\/#organization"},"potentialAction":[{"@type":"SearchAction","target":{"@type":"EntryPoint","urlTemplate":"https:\/\/wordpress.elsa18.fr\/wordpress.elsa18.fr\/?s={search_term_string}"},"query-input":{"@type":"PropertyValueSpecification","valueRequired":true,"valueName":"search_term_string"}}],"inLanguage":"fr-FR"},{"@type":"Organization","@id":"https:\/\/wordpress.elsa18.fr\/wordpress.elsa18.fr\/#organization","name":"Elsa","url":"https:\/\/wordpress.elsa18.fr\/wordpress.elsa18.fr\/","logo":{"@type":"ImageObject","inLanguage":"fr-FR","@id":"https:\/\/wordpress.elsa18.fr\/wordpress.elsa18.fr\/#\/schema\/logo\/image\/","url":"https:\/\/wordpress.elsa18.fr\/wordpress.elsa18.fr\/wp-content\/uploads\/2022\/07\/cropped-ELSA-LOGO_Plan-de-travail-1_Plan-de-travail-1_Plan-de-travail-1_Plan-de-travail-1.png","contentUrl":"https:\/\/wordpress.elsa18.fr\/wordpress.elsa18.fr\/wp-content\/uploads\/2022\/07\/cropped-ELSA-LOGO_Plan-de-travail-1_Plan-de-travail-1_Plan-de-travail-1_Plan-de-travail-1.png","width":2084,"height":2084,"caption":"Elsa"},"image":{"@id":"https:\/\/wordpress.elsa18.fr\/wordpress.elsa18.fr\/#\/schema\/logo\/image\/"},"sameAs":["https:\/\/www.facebook.com\/ELSA-572253779530070\/","https:\/\/www.instagram.com\/espoir_lyrique_saint_amandois\/?hl=fr"]}]}},"_links":{"self":[{"href":"https:\/\/wordpress.elsa18.fr\/wordpress.elsa18.fr\/index.php\/wp-json\/wp\/v2\/pages\/482","targetHints":{"allow":["GET"]}}],"collection":[{"href":"https:\/\/wordpress.elsa18.fr\/wordpress.elsa18.fr\/index.php\/wp-json\/wp\/v2\/pages"}],"about":[{"href":"https:\/\/wordpress.elsa18.fr\/wordpress.elsa18.fr\/index.php\/wp-json\/wp\/v2\/types\/page"}],"author":[{"embeddable":true,"href":"https:\/\/wordpress.elsa18.fr\/wordpress.elsa18.fr\/index.php\/wp-json\/wp\/v2\/users\/1"}],"replies":[{"embeddable":true,"href":"https:\/\/wordpress.elsa18.fr\/wordpress.elsa18.fr\/index.php\/wp-json\/wp\/v2\/comments?post=482"}],"version-history":[{"count":0,"href":"https:\/\/wordpress.elsa18.fr\/wordpress.elsa18.fr\/index.php\/wp-json\/wp\/v2\/pages\/482\/revisions"}],"wp:attachment":[{"href":"https:\/\/wordpress.elsa18.fr\/wordpress.elsa18.fr\/index.php\/wp-json\/wp\/v2\/media?parent=482"}],"curies":[{"name":"wp","href":"https:\/\/api.w.org\/{rel}","templated":true}]}}