{"id":487,"date":"2016-02-19T11:08:48","date_gmt":"2016-02-19T10:08:48","guid":{"rendered":"http:\/\/wordpress.elsa18.fr\/index.php\/le-sire-de-vergy-dans-la-presse\/"},"modified":"2016-02-19T11:08:48","modified_gmt":"2016-02-19T10:08:48","slug":"le-sire-de-vergy-dans-la-presse","status":"publish","type":"page","link":"https:\/\/wordpress.elsa18.fr\/wordpress.elsa18.fr\/index.php\/le-sire-de-vergy-dans-la-presse\/","title":{"rendered":"Le Sire de Vergy dans la presse"},"content":{"rendered":"<p>Voil\u00e0, apr\u00e8s notre premier weekend de repr\u00e9sentation, le <em>Sire de Vergy<\/em> \u00e0 les honneurs de la presse locale.&nbsp;<\/p>\n<p>Merci aux journalistes du <em>Berry R\u00e9publicain<\/em> et de<em> l&#8217;Echo du Berry<\/em> pour ces beaux articles illustr\u00e9s !<\/p>\n<\/p>\n<p><img fetchpriority=\"high\" decoding=\"async\" class=\" size-full wp-image-483\" src=\"http:\/\/wordpress.elsa18.fr\/wordpress.elsa18.fr\/wp-content\/uploads\/2016\/02\/2015_2016_journaux-_vergy_article1bis.jpg\" width=\"703\" height=\"600\" alt=\"article1bis\" srcset=\"https:\/\/wordpress.elsa18.fr\/wordpress.elsa18.fr\/wp-content\/uploads\/2016\/02\/2015_2016_journaux-_vergy_article1bis.jpg 703w, https:\/\/wordpress.elsa18.fr\/wordpress.elsa18.fr\/wp-content\/uploads\/2016\/02\/2015_2016_journaux-_vergy_article1bis-300x256.jpg 300w\" sizes=\"(max-width: 703px) 100vw, 703px\" \/><\/p>\n<p><a href=\"http:\/\/www.leberry.fr\/cher\/actualite\/pays\/boischaut\/2016\/02\/10\/les-coulisses-des-preparatifs-d-elsa-en-photos_11777692.html\" target=\"_blank\" rel=\"noopener\"><img decoding=\"async\" class=\" size-full wp-image-484\" src=\"http:\/\/wordpress.elsa18.fr\/wordpress.elsa18.fr\/wp-content\/uploads\/2016\/02\/2015_2016_journaux-_vergy_article2bis.jpg\" width=\"696\" height=\"600\" alt=\"article2bis\" srcset=\"https:\/\/wordpress.elsa18.fr\/wordpress.elsa18.fr\/wp-content\/uploads\/2016\/02\/2015_2016_journaux-_vergy_article2bis.jpg 696w, https:\/\/wordpress.elsa18.fr\/wordpress.elsa18.fr\/wp-content\/uploads\/2016\/02\/2015_2016_journaux-_vergy_article2bis-300x259.jpg 300w\" sizes=\"(max-width: 696px) 100vw, 696px\" \/><\/a><\/p>\n<p><a href=\"http:\/\/www.leberry.fr\/cher\/actualite\/pays\/boischaut\/2016\/02\/10\/les-coulisses-des-preparatifs-d-elsa-en-photos_11777692.html\" target=\"_blank\" rel=\"noopener\">Cliquez : Galerie photo ici !<\/a>&nbsp;<\/p>\n<p><a href=\"http:\/\/www.leberry.fr\/cher\/actualite\/pays\/boischaut\/2016\/02\/11\/la-troupe-doperette-prend-ses-marques-a-la-cite-de-lor-avant-la-premiere-de-samedi_11779115.html\" target=\"_blank\" rel=\"noopener\">et article l\u00e0&#8230;<\/a><\/p>\n<\/p>\n<p><img decoding=\"async\" class=\" size-full wp-image-485\" src=\"http:\/\/wordpress.elsa18.fr\/wordpress.elsa18.fr\/wp-content\/uploads\/2016\/02\/2015_2016_journaux-_vergy_article3bis.jpg\" width=\"422\" height=\"600\" alt=\"article3bis\" srcset=\"https:\/\/wordpress.elsa18.fr\/wordpress.elsa18.fr\/wp-content\/uploads\/2016\/02\/2015_2016_journaux-_vergy_article3bis.jpg 422w, https:\/\/wordpress.elsa18.fr\/wordpress.elsa18.fr\/wp-content\/uploads\/2016\/02\/2015_2016_journaux-_vergy_article3bis-211x300.jpg 211w\" sizes=\"(max-width: 422px) 100vw, 422px\" \/><\/p>\n<\/p>\n<p><img loading=\"lazy\" decoding=\"async\" class=\" size-full wp-image-486\" src=\"http:\/\/wordpress.elsa18.fr\/wordpress.elsa18.fr\/wp-content\/uploads\/2016\/02\/2015_2016_journaux-_vergy_articles4bis.jpg\" width=\"699\" height=\"600\" alt=\"articles4bis\" srcset=\"https:\/\/wordpress.elsa18.fr\/wordpress.elsa18.fr\/wp-content\/uploads\/2016\/02\/2015_2016_journaux-_vergy_articles4bis.jpg 699w, https:\/\/wordpress.elsa18.fr\/wordpress.elsa18.fr\/wp-content\/uploads\/2016\/02\/2015_2016_journaux-_vergy_articles4bis-300x258.jpg 300w\" sizes=\"(max-width: 699px) 100vw, 699px\" \/><\/p>\n<\/p>\n<p><strong>Vous pouvez aussi aller voir directement les articles et les photos sur le site du Berry R\u00e9publicain, \u00e7a se passe<a href=\"http:\/\/www.leberry.fr\/cher\/actualite\/pays\/boischaut\/2016\/02\/14\/salle-comble-pour-le-sire-de-vergy-ce-dimanche_11783592.html\" target=\"_blank\" rel=\"noopener\"> l\u00e0<\/a>, et aussi <a href=\"http:\/\/www.leberry.fr\/cher\/actualite\/pays\/boischaut\/2016\/02\/10\/les-coulisses-des-preparatifs-d-elsa-en-photos_11777692.html\" target=\"_blank\" rel=\"noopener\">ici<\/a>.<\/strong><\/p>\n","protected":false},"excerpt":{"rendered":"<p>Voil\u00e0, apr\u00e8s notre premier weekend de repr\u00e9sentation, le Sire de Vergy \u00e0 les honneurs de la presse locale.&nbsp; Merci aux journalistes du Berry R\u00e9publicain et de l&#8217;Echo du Berry pour &hellip;<\/p>\n<p class=\"read-more\"> <a class=\"\" href=\"https:\/\/wordpress.elsa18.fr\/wordpress.elsa18.fr\/index.php\/le-sire-de-vergy-dans-la-presse\/\"> <span class=\"screen-reader-text\">Le Sire de Vergy dans la presse<\/span> Lire la suite\u00a0\u00bb<\/a><\/p>\n","protected":false},"author":1,"featured_media":483,"parent":0,"menu_order":3,"comment_status":"closed","ping_status":"closed","template":"","meta":{"site-sidebar-layout":"default","site-content-layout":"default","ast-global-header-display":"","ast-main-header-display":"","ast-hfb-above-header-display":"","ast-hfb-below-header-display":"","ast-hfb-mobile-header-display":"","site-post-title":"","ast-breadcrumbs-content":"","ast-featured-img":"","footer-sml-layout":"","theme-transparent-header-meta":"","adv-header-id-meta":"","stick-header-meta":"","header-above-stick-meta":"","header-main-stick-meta":"","header-below-stick-meta":"","footnotes":""},"class_list":["post-487","page","type-page","status-publish","has-post-thumbnail","hentry"],"yoast_head":"<!-- This site is optimized with the Yoast SEO plugin v27.4 - https:\/\/yoast.com\/product\/yoast-seo-wordpress\/ -->\n<title>Le Sire de Vergy dans la presse - Elsa<\/title>\n<meta name=\"robots\" content=\"index, follow, max-snippet:-1, max-image-preview:large, max-video-preview:-1\" \/>\n<link rel=\"canonical\" href=\"https:\/\/wordpress.elsa18.fr\/wordpress.elsa18.fr\/index.php\/le-sire-de-vergy-dans-la-presse\/\" \/>\n<meta property=\"og:locale\" content=\"fr_FR\" \/>\n<meta property=\"og:type\" content=\"article\" \/>\n<meta property=\"og:title\" content=\"Le Sire de Vergy dans la presse - Elsa\" \/>\n<meta property=\"og:description\" content=\"Voil\u00e0, apr\u00e8s notre premier weekend de repr\u00e9sentation, le Sire de Vergy \u00e0 les honneurs de la presse locale.&nbsp; Merci aux journalistes du Berry R\u00e9publicain et de l&#8217;Echo du Berry pour &hellip; Le Sire de Vergy dans la presse Lire la suite\u00a0\u00bb\" \/>\n<meta property=\"og:url\" content=\"https:\/\/wordpress.elsa18.fr\/wordpress.elsa18.fr\/index.php\/le-sire-de-vergy-dans-la-presse\/\" \/>\n<meta property=\"og:site_name\" content=\"Elsa\" \/>\n<meta property=\"article:publisher\" content=\"https:\/\/www.facebook.com\/ELSA-572253779530070\/\" \/>\n<meta property=\"og:image\" content=\"https:\/\/wordpress.elsa18.fr\/wordpress.elsa18.fr\/wp-content\/uploads\/2016\/02\/2015_2016_journaux-_vergy_article1bis.jpg\" \/>\n\t<meta property=\"og:image:width\" content=\"703\" \/>\n\t<meta property=\"og:image:height\" content=\"600\" \/>\n\t<meta property=\"og:image:type\" content=\"image\/jpeg\" \/>\n<meta name=\"twitter:card\" content=\"summary_large_image\" \/>\n<script type=\"application\/ld+json\" class=\"yoast-schema-graph\">{\"@context\":\"https:\\\/\\\/schema.org\",\"@graph\":[{\"@type\":\"WebPage\",\"@id\":\"https:\\\/\\\/wordpress.elsa18.fr\\\/wordpress.elsa18.fr\\\/index.php\\\/le-sire-de-vergy-dans-la-presse\\\/\",\"url\":\"https:\\\/\\\/wordpress.elsa18.fr\\\/wordpress.elsa18.fr\\\/index.php\\\/le-sire-de-vergy-dans-la-presse\\\/\",\"name\":\"Le Sire de Vergy dans la presse - Elsa\",\"isPartOf\":{\"@id\":\"https:\\\/\\\/wordpress.elsa18.fr\\\/wordpress.elsa18.fr\\\/#website\"},\"primaryImageOfPage\":{\"@id\":\"https:\\\/\\\/wordpress.elsa18.fr\\\/wordpress.elsa18.fr\\\/index.php\\\/le-sire-de-vergy-dans-la-presse\\\/#primaryimage\"},\"image\":{\"@id\":\"https:\\\/\\\/wordpress.elsa18.fr\\\/wordpress.elsa18.fr\\\/index.php\\\/le-sire-de-vergy-dans-la-presse\\\/#primaryimage\"},\"thumbnailUrl\":\"https:\\\/\\\/wordpress.elsa18.fr\\\/wordpress.elsa18.fr\\\/wp-content\\\/uploads\\\/2016\\\/02\\\/2015_2016_journaux-_vergy_article1bis.jpg\",\"datePublished\":\"2016-02-19T10:08:48+00:00\",\"breadcrumb\":{\"@id\":\"https:\\\/\\\/wordpress.elsa18.fr\\\/wordpress.elsa18.fr\\\/index.php\\\/le-sire-de-vergy-dans-la-presse\\\/#breadcrumb\"},\"inLanguage\":\"fr-FR\",\"potentialAction\":[{\"@type\":\"ReadAction\",\"target\":[\"https:\\\/\\\/wordpress.elsa18.fr\\\/wordpress.elsa18.fr\\\/index.php\\\/le-sire-de-vergy-dans-la-presse\\\/\"]}]},{\"@type\":\"ImageObject\",\"inLanguage\":\"fr-FR\",\"@id\":\"https:\\\/\\\/wordpress.elsa18.fr\\\/wordpress.elsa18.fr\\\/index.php\\\/le-sire-de-vergy-dans-la-presse\\\/#primaryimage\",\"url\":\"https:\\\/\\\/wordpress.elsa18.fr\\\/wordpress.elsa18.fr\\\/wp-content\\\/uploads\\\/2016\\\/02\\\/2015_2016_journaux-_vergy_article1bis.jpg\",\"contentUrl\":\"https:\\\/\\\/wordpress.elsa18.fr\\\/wordpress.elsa18.fr\\\/wp-content\\\/uploads\\\/2016\\\/02\\\/2015_2016_journaux-_vergy_article1bis.jpg\",\"width\":703,\"height\":600,\"caption\":\"article1bis\"},{\"@type\":\"BreadcrumbList\",\"@id\":\"https:\\\/\\\/wordpress.elsa18.fr\\\/wordpress.elsa18.fr\\\/index.php\\\/le-sire-de-vergy-dans-la-presse\\\/#breadcrumb\",\"itemListElement\":[{\"@type\":\"ListItem\",\"position\":1,\"name\":\"Accueil\",\"item\":\"https:\\\/\\\/wordpress.elsa18.fr\\\/wordpress.elsa18.fr\\\/\"},{\"@type\":\"ListItem\",\"position\":2,\"name\":\"Le Sire de Vergy dans la presse\"}]},{\"@type\":\"WebSite\",\"@id\":\"https:\\\/\\\/wordpress.elsa18.fr\\\/wordpress.elsa18.fr\\\/#website\",\"url\":\"https:\\\/\\\/wordpress.elsa18.fr\\\/wordpress.elsa18.fr\\\/\",\"name\":\"Elsa\",\"description\":\"Espoir Lyrique Saint Amandois\",\"publisher\":{\"@id\":\"https:\\\/\\\/wordpress.elsa18.fr\\\/wordpress.elsa18.fr\\\/#organization\"},\"potentialAction\":[{\"@type\":\"SearchAction\",\"target\":{\"@type\":\"EntryPoint\",\"urlTemplate\":\"https:\\\/\\\/wordpress.elsa18.fr\\\/wordpress.elsa18.fr\\\/?s={search_term_string}\"},\"query-input\":{\"@type\":\"PropertyValueSpecification\",\"valueRequired\":true,\"valueName\":\"search_term_string\"}}],\"inLanguage\":\"fr-FR\"},{\"@type\":\"Organization\",\"@id\":\"https:\\\/\\\/wordpress.elsa18.fr\\\/wordpress.elsa18.fr\\\/#organization\",\"name\":\"Elsa\",\"url\":\"https:\\\/\\\/wordpress.elsa18.fr\\\/wordpress.elsa18.fr\\\/\",\"logo\":{\"@type\":\"ImageObject\",\"inLanguage\":\"fr-FR\",\"@id\":\"https:\\\/\\\/wordpress.elsa18.fr\\\/wordpress.elsa18.fr\\\/#\\\/schema\\\/logo\\\/image\\\/\",\"url\":\"https:\\\/\\\/wordpress.elsa18.fr\\\/wordpress.elsa18.fr\\\/wp-content\\\/uploads\\\/2022\\\/07\\\/cropped-ELSA-LOGO_Plan-de-travail-1_Plan-de-travail-1_Plan-de-travail-1_Plan-de-travail-1.png\",\"contentUrl\":\"https:\\\/\\\/wordpress.elsa18.fr\\\/wordpress.elsa18.fr\\\/wp-content\\\/uploads\\\/2022\\\/07\\\/cropped-ELSA-LOGO_Plan-de-travail-1_Plan-de-travail-1_Plan-de-travail-1_Plan-de-travail-1.png\",\"width\":2084,\"height\":2084,\"caption\":\"Elsa\"},\"image\":{\"@id\":\"https:\\\/\\\/wordpress.elsa18.fr\\\/wordpress.elsa18.fr\\\/#\\\/schema\\\/logo\\\/image\\\/\"},\"sameAs\":[\"https:\\\/\\\/www.facebook.com\\\/ELSA-572253779530070\\\/\",\"https:\\\/\\\/www.instagram.com\\\/espoir_lyrique_saint_amandois\\\/?hl=fr\"]}]}<\/script>\n<!-- \/ Yoast SEO plugin. -->","yoast_head_json":{"title":"Le Sire de Vergy dans la presse - Elsa","robots":{"index":"index","follow":"follow","max-snippet":"max-snippet:-1","max-image-preview":"max-image-preview:large","max-video-preview":"max-video-preview:-1"},"canonical":"https:\/\/wordpress.elsa18.fr\/wordpress.elsa18.fr\/index.php\/le-sire-de-vergy-dans-la-presse\/","og_locale":"fr_FR","og_type":"article","og_title":"Le Sire de Vergy dans la presse - Elsa","og_description":"Voil\u00e0, apr\u00e8s notre premier weekend de repr\u00e9sentation, le Sire de Vergy \u00e0 les honneurs de la presse locale.&nbsp; Merci aux journalistes du Berry R\u00e9publicain et de l&#8217;Echo du Berry pour &hellip; Le Sire de Vergy dans la presse Lire la suite\u00a0\u00bb","og_url":"https:\/\/wordpress.elsa18.fr\/wordpress.elsa18.fr\/index.php\/le-sire-de-vergy-dans-la-presse\/","og_site_name":"Elsa","article_publisher":"https:\/\/www.facebook.com\/ELSA-572253779530070\/","og_image":[{"width":703,"height":600,"url":"https:\/\/wordpress.elsa18.fr\/wordpress.elsa18.fr\/wp-content\/uploads\/2016\/02\/2015_2016_journaux-_vergy_article1bis.jpg","type":"image\/jpeg"}],"twitter_card":"summary_large_image","schema":{"@context":"https:\/\/schema.org","@graph":[{"@type":"WebPage","@id":"https:\/\/wordpress.elsa18.fr\/wordpress.elsa18.fr\/index.php\/le-sire-de-vergy-dans-la-presse\/","url":"https:\/\/wordpress.elsa18.fr\/wordpress.elsa18.fr\/index.php\/le-sire-de-vergy-dans-la-presse\/","name":"Le Sire de Vergy dans la presse - Elsa","isPartOf":{"@id":"https:\/\/wordpress.elsa18.fr\/wordpress.elsa18.fr\/#website"},"primaryImageOfPage":{"@id":"https:\/\/wordpress.elsa18.fr\/wordpress.elsa18.fr\/index.php\/le-sire-de-vergy-dans-la-presse\/#primaryimage"},"image":{"@id":"https:\/\/wordpress.elsa18.fr\/wordpress.elsa18.fr\/index.php\/le-sire-de-vergy-dans-la-presse\/#primaryimage"},"thumbnailUrl":"https:\/\/wordpress.elsa18.fr\/wordpress.elsa18.fr\/wp-content\/uploads\/2016\/02\/2015_2016_journaux-_vergy_article1bis.jpg","datePublished":"2016-02-19T10:08:48+00:00","breadcrumb":{"@id":"https:\/\/wordpress.elsa18.fr\/wordpress.elsa18.fr\/index.php\/le-sire-de-vergy-dans-la-presse\/#breadcrumb"},"inLanguage":"fr-FR","potentialAction":[{"@type":"ReadAction","target":["https:\/\/wordpress.elsa18.fr\/wordpress.elsa18.fr\/index.php\/le-sire-de-vergy-dans-la-presse\/"]}]},{"@type":"ImageObject","inLanguage":"fr-FR","@id":"https:\/\/wordpress.elsa18.fr\/wordpress.elsa18.fr\/index.php\/le-sire-de-vergy-dans-la-presse\/#primaryimage","url":"https:\/\/wordpress.elsa18.fr\/wordpress.elsa18.fr\/wp-content\/uploads\/2016\/02\/2015_2016_journaux-_vergy_article1bis.jpg","contentUrl":"https:\/\/wordpress.elsa18.fr\/wordpress.elsa18.fr\/wp-content\/uploads\/2016\/02\/2015_2016_journaux-_vergy_article1bis.jpg","width":703,"height":600,"caption":"article1bis"},{"@type":"BreadcrumbList","@id":"https:\/\/wordpress.elsa18.fr\/wordpress.elsa18.fr\/index.php\/le-sire-de-vergy-dans-la-presse\/#breadcrumb","itemListElement":[{"@type":"ListItem","position":1,"name":"Accueil","item":"https:\/\/wordpress.elsa18.fr\/wordpress.elsa18.fr\/"},{"@type":"ListItem","position":2,"name":"Le Sire de Vergy dans la presse"}]},{"@type":"WebSite","@id":"https:\/\/wordpress.elsa18.fr\/wordpress.elsa18.fr\/#website","url":"https:\/\/wordpress.elsa18.fr\/wordpress.elsa18.fr\/","name":"Elsa","description":"Espoir Lyrique Saint Amandois","publisher":{"@id":"https:\/\/wordpress.elsa18.fr\/wordpress.elsa18.fr\/#organization"},"potentialAction":[{"@type":"SearchAction","target":{"@type":"EntryPoint","urlTemplate":"https:\/\/wordpress.elsa18.fr\/wordpress.elsa18.fr\/?s={search_term_string}"},"query-input":{"@type":"PropertyValueSpecification","valueRequired":true,"valueName":"search_term_string"}}],"inLanguage":"fr-FR"},{"@type":"Organization","@id":"https:\/\/wordpress.elsa18.fr\/wordpress.elsa18.fr\/#organization","name":"Elsa","url":"https:\/\/wordpress.elsa18.fr\/wordpress.elsa18.fr\/","logo":{"@type":"ImageObject","inLanguage":"fr-FR","@id":"https:\/\/wordpress.elsa18.fr\/wordpress.elsa18.fr\/#\/schema\/logo\/image\/","url":"https:\/\/wordpress.elsa18.fr\/wordpress.elsa18.fr\/wp-content\/uploads\/2022\/07\/cropped-ELSA-LOGO_Plan-de-travail-1_Plan-de-travail-1_Plan-de-travail-1_Plan-de-travail-1.png","contentUrl":"https:\/\/wordpress.elsa18.fr\/wordpress.elsa18.fr\/wp-content\/uploads\/2022\/07\/cropped-ELSA-LOGO_Plan-de-travail-1_Plan-de-travail-1_Plan-de-travail-1_Plan-de-travail-1.png","width":2084,"height":2084,"caption":"Elsa"},"image":{"@id":"https:\/\/wordpress.elsa18.fr\/wordpress.elsa18.fr\/#\/schema\/logo\/image\/"},"sameAs":["https:\/\/www.facebook.com\/ELSA-572253779530070\/","https:\/\/www.instagram.com\/espoir_lyrique_saint_amandois\/?hl=fr"]}]}},"_links":{"self":[{"href":"https:\/\/wordpress.elsa18.fr\/wordpress.elsa18.fr\/index.php\/wp-json\/wp\/v2\/pages\/487","targetHints":{"allow":["GET"]}}],"collection":[{"href":"https:\/\/wordpress.elsa18.fr\/wordpress.elsa18.fr\/index.php\/wp-json\/wp\/v2\/pages"}],"about":[{"href":"https:\/\/wordpress.elsa18.fr\/wordpress.elsa18.fr\/index.php\/wp-json\/wp\/v2\/types\/page"}],"author":[{"embeddable":true,"href":"https:\/\/wordpress.elsa18.fr\/wordpress.elsa18.fr\/index.php\/wp-json\/wp\/v2\/users\/1"}],"replies":[{"embeddable":true,"href":"https:\/\/wordpress.elsa18.fr\/wordpress.elsa18.fr\/index.php\/wp-json\/wp\/v2\/comments?post=487"}],"version-history":[{"count":0,"href":"https:\/\/wordpress.elsa18.fr\/wordpress.elsa18.fr\/index.php\/wp-json\/wp\/v2\/pages\/487\/revisions"}],"wp:featuredmedia":[{"embeddable":true,"href":"https:\/\/wordpress.elsa18.fr\/wordpress.elsa18.fr\/index.php\/wp-json\/wp\/v2\/media\/483"}],"wp:attachment":[{"href":"https:\/\/wordpress.elsa18.fr\/wordpress.elsa18.fr\/index.php\/wp-json\/wp\/v2\/media?parent=487"}],"curies":[{"name":"wp","href":"https:\/\/api.w.org\/{rel}","templated":true}]}}