{"id":524,"date":"2017-10-27T01:00:00","date_gmt":"2017-10-26T23:00:00","guid":{"rendered":"http:\/\/wordpress.elsa18.fr\/index.php\/description-29\/"},"modified":"2022-08-30T16:23:34","modified_gmt":"2022-08-30T14:23:34","slug":"description-29","status":"publish","type":"page","link":"https:\/\/wordpress.elsa18.fr\/wordpress.elsa18.fr\/index.php\/description-29\/","title":{"rendered":"L&#8217;histoire de 3 Jeunes Filles Nues"},"content":{"rendered":"<p style=\"text-align: center;\"><span style=\"text-decoration: underline;\"><strong>3 jeunes filles nues<\/strong><\/span><\/p>\n<p style=\"text-align: center;\">\n<p><\/p>\n<p><strong>Musique de Raoul Moretti et texte d\u2019Albert Willemetz et Yves Mirande, \u00e9crit en 1925.<\/strong><\/p>\n<\/p>\n<p><img fetchpriority=\"high\" decoding=\"async\" class=\" size-full wp-image-523\" src=\"http:\/\/wordpress.elsa18.fr\/wordpress.elsa18.fr\/wp-content\/uploads\/2017\/10\/operettes_3jeunesfillesnues_3jeunesfillesnues2018-Copier.jpg\" width=\"700\" height=\"423\" alt=\"3jeunesfillesnues2018 (Copier)\" style=\"display: block; margin-left: auto; margin-right: auto;\" srcset=\"https:\/\/wordpress.elsa18.fr\/wordpress.elsa18.fr\/wp-content\/uploads\/2017\/10\/operettes_3jeunesfillesnues_3jeunesfillesnues2018-Copier.jpg 2208w, https:\/\/wordpress.elsa18.fr\/wordpress.elsa18.fr\/wp-content\/uploads\/2017\/10\/operettes_3jeunesfillesnues_3jeunesfillesnues2018-Copier-300x181.jpg 300w, https:\/\/wordpress.elsa18.fr\/wordpress.elsa18.fr\/wp-content\/uploads\/2017\/10\/operettes_3jeunesfillesnues_3jeunesfillesnues2018-Copier-1024x618.jpg 1024w, https:\/\/wordpress.elsa18.fr\/wordpress.elsa18.fr\/wp-content\/uploads\/2017\/10\/operettes_3jeunesfillesnues_3jeunesfillesnues2018-Copier-768x463.jpg 768w, https:\/\/wordpress.elsa18.fr\/wordpress.elsa18.fr\/wp-content\/uploads\/2017\/10\/operettes_3jeunesfillesnues_3jeunesfillesnues2018-Copier-1536x927.jpg 1536w, https:\/\/wordpress.elsa18.fr\/wordpress.elsa18.fr\/wp-content\/uploads\/2017\/10\/operettes_3jeunesfillesnues_3jeunesfillesnues2018-Copier-2048x1235.jpg 2048w, https:\/\/wordpress.elsa18.fr\/wordpress.elsa18.fr\/wp-content\/uploads\/2017\/10\/operettes_3jeunesfillesnues_3jeunesfillesnues2018-Copier-1568x946.jpg 1568w\" sizes=\"(max-width: 700px) 100vw, 700px\" \/><\/p>\n<\/p>\n<p><strong><br \/><\/strong><\/p>\n<p><iframe width=\"560\" height=\"315\" src=\"https:\/\/www.youtube.com\/embed\/fMsaS06ksBY?rel=0\" frameborder=\"0\" allow=\"autoplay; encrypted-media\" allowfullscreen=\"\"><\/iframe><\/p>\n<p><span style=\"text-decoration: underline;\"><strong>L&#8217;histoire&#8230;<\/strong><\/span><\/p>\n<\/p>\n<p><span style=\"text-align: justify;\">Mme Ducros a trois ni\u00e8ces, Lilette, Lola et Lulu, dont elle a confi\u00e9 l&#8217;\u00e9ducation \u00e0 H\u00e9g\u00e9sippe, s\u00e9minariste d\u00e9froqu\u00e9. Lotte, la quatri\u00e8me pupille de Mme Ducros aime en secret ce fantasque mentor. Alors que Mme Ducros croit qu&#8217;H\u00e9g\u00e9sippe parfait l&#8217;\u00e9ducation de ses 3 ni\u00e8ces \u00e0 l&#8217;\u00e9cole Berlitz, il leur apprend en r\u00e9alit\u00e9 \u00e0 &#8220;faire l&#8217;artiste&#8221; et con\u00e7oit un num\u00e9ro de music-hall afin qu&#8217;elles passent aux &#8220;Folies-Bocag\u00e8res&#8221;. H\u00e9g\u00e9sippe est en secret l&#8217;auteur et metteur en sc\u00e8ne des revues l\u00e9g\u00e8res de ces dr\u00f4les de Folies. Par leurs charmes d\u00e9nud\u00e9s, les 3 jeunes filles pourraient bien ainsi attirer l&#8217;attention de jeunes gens fortun\u00e9s, futurs \u00e9poux possibles.<\/span><\/p>\n<p> Bien entendu, les jeunes filles rencontrent par hasard 3 charmants officiers de marine qui en tombent amoureux, amour qu&#8217;elles vont mettre \u00e0 l&#8217;\u00e9preuve de leur activit\u00e9 de girls de music-hall afin d&#8217;etres s\u00fbres de la sinc\u00e9rit\u00e9 et de la passion des trois marins, tandis que Lotte-la-sage court d\u00e9sesp\u00e9r\u00e9ment apr\u00e8s H\u00e9g\u00e9sippe.<\/p>\n<p> Comme au vaudeville, tous ces personnages de com\u00e9die se retrouvent aux &#8220;Folies-Bocag\u00e8res&#8221; pour la premi\u00e8re de la nouvelle revue de l&#8217;ancien s\u00e9minariste et, comme de bien entendu, se rencontrent tous ceux qui n&#8217;auraient jamais d\u00fb se croiser en cet endroit, provoquant ainsi quiproquos et situations cocasses. L&#8217;absence de certains interpr\u00e8tes obligera H\u00e9g\u00e9sippe \u00e0 se mettre en Apollon du Belv\u00e9d\u00e8re, Lotte \u00e0 se mettre aussi nue que ses soeurs, et les trois officiers de marine qui les courtisent \u00e0 servir de comp\u00e8res \u00e0 la nouvelle revue.<\/p>\n<p> Les trois jeunes filles se jetteront d\u00e9finitivement dans les bras de leurs marins, la revue d&#8217;H\u00e9g\u00e9sippe triomphera, et Mme Ducros en fera l&#8217;homme de sa vie.<\/p>\n<p> Comme elle a d\u00e9couvert le th\u00e9\u00e2tre, go\u00fbt\u00e9 des joies de la plume et du strass, Lotte jette son bonnet par dessus les moulins : foin d&#8217;H\u00e9g\u00e9sippe ! Pourquoi n&#8217;\u00eatre mari\u00e9e qu&#8217;avec un seul homme quand on peut en avoir des dizaines \u00e0 ses pieds ? Elle deviendra star de music-hall !<\/p>\n<\/p>\n<p style=\"text-align: center;\">&#8212;<\/p>\n<p style=\"text-align: center;\">\n<\/p>\n<p><\/p>\n<p>Une Op\u00e9rette des ann\u00e9es folles, l\u00e9g\u00e8re, pleine de gags et de quiproquos et qui permettra des prises de r\u00f4les pour nos jeunes acteurs&nbsp;!<\/p>\n<\/p>\n<p><\/p>\n<p><span style=\"text-decoration: underline;\"><strong>Dates 2018<\/strong><\/span><\/p>\n<\/p>\n<p><img decoding=\"async\" class=\" size-full wp-image-508\" src=\"http:\/\/wordpress.elsa18.fr\/wordpress.elsa18.fr\/wp-content\/uploads\/2017\/10\/2017_2018_a2018.jpg\" alt=\"a2018\" style=\"vertical-align: middle; display: block; margin-left: auto; margin-right: auto;\" width=\"400\" height=\"580\" srcset=\"https:\/\/wordpress.elsa18.fr\/wordpress.elsa18.fr\/wp-content\/uploads\/2017\/10\/2017_2018_a2018.jpg 706w, https:\/\/wordpress.elsa18.fr\/wordpress.elsa18.fr\/wp-content\/uploads\/2017\/10\/2017_2018_a2018-207x300.jpg 207w\" sizes=\"(max-width: 400px) 100vw, 400px\" \/><\/p>\n<\/p>\n<p><\/p>\n<p><span style=\"text-decoration: underline;\"><strong>Airs connus&#8230;<\/strong><\/span><\/p>\n<table id=\"table7\" style=\"width: 100%;\" cellpadding=\"0\" bordercolor=\"#111111\" border=\"0\">\n<tbody>\n<tr>\n<td valign=\"top\">Est-ce-que je te demande<\/td>\n<td valign=\"top\"><\/td>\n<\/tr>\n<tr>\n<td valign=\"top\">Raymonde<\/td>\n<td valign=\"top\"><\/td>\n<\/tr>\n<tr>\n<td valign=\"top\">Marina<\/td>\n<td valign=\"top\"><\/td>\n<\/tr>\n<tr>\n<td valign=\"top\">Quand on n&#8217;en a pas<\/td>\n<td valign=\"top\"><\/td>\n<\/tr>\n<tr>\n<td valign=\"top\">Quand on ne dit rien<\/td>\n<\/tr>\n<\/tbody>\n<\/table>\n","protected":false},"excerpt":{"rendered":"<p>3 jeunes filles nues Musique de Raoul Moretti et texte d\u2019Albert Willemetz et Yves Mirande, \u00e9crit en 1925. L&#8217;histoire&#8230; Mme Ducros a trois ni\u00e8ces, Lilette, Lola et Lulu, dont elle &hellip;<\/p>\n<p class=\"read-more\"> <a class=\"\" href=\"https:\/\/wordpress.elsa18.fr\/wordpress.elsa18.fr\/index.php\/description-29\/\"> <span class=\"screen-reader-text\">L&#8217;histoire de 3 Jeunes Filles Nues<\/span> Lire la suite\u00a0\u00bb<\/a><\/p>\n","protected":false},"author":1,"featured_media":523,"parent":0,"menu_order":2,"comment_status":"closed","ping_status":"closed","template":"","meta":{"site-sidebar-layout":"default","site-content-layout":"default","ast-global-header-display":"","ast-main-header-display":"","ast-hfb-above-header-display":"","ast-hfb-below-header-display":"","ast-hfb-mobile-header-display":"","site-post-title":"","ast-breadcrumbs-content":"","ast-featured-img":"","footer-sml-layout":"","theme-transparent-header-meta":"","adv-header-id-meta":"","stick-header-meta":"","header-above-stick-meta":"","header-main-stick-meta":"","header-below-stick-meta":"","footnotes":""},"class_list":["post-524","page","type-page","status-publish","has-post-thumbnail","hentry"],"yoast_head":"<!-- This site is optimized with the Yoast SEO plugin v27.5 - https:\/\/yoast.com\/product\/yoast-seo-wordpress\/ -->\n<title>L&#039;histoire de 3 Jeunes Filles Nues - Elsa<\/title>\n<meta name=\"robots\" content=\"index, follow, max-snippet:-1, max-image-preview:large, max-video-preview:-1\" \/>\n<link rel=\"canonical\" href=\"https:\/\/wordpress.elsa18.fr\/wordpress.elsa18.fr\/index.php\/description-29\/\" \/>\n<meta property=\"og:locale\" content=\"fr_FR\" \/>\n<meta property=\"og:type\" content=\"article\" \/>\n<meta property=\"og:title\" content=\"L&#039;histoire de 3 Jeunes Filles Nues - Elsa\" \/>\n<meta property=\"og:description\" content=\"3 jeunes filles nues Musique de Raoul Moretti et texte d\u2019Albert Willemetz et Yves Mirande, \u00e9crit en 1925. L&#8217;histoire&#8230; Mme Ducros a trois ni\u00e8ces, Lilette, Lola et Lulu, dont elle &hellip; L&#8217;histoire de 3 Jeunes Filles Nues Lire la suite\u00a0\u00bb\" \/>\n<meta property=\"og:url\" content=\"https:\/\/wordpress.elsa18.fr\/wordpress.elsa18.fr\/index.php\/description-29\/\" \/>\n<meta property=\"og:site_name\" content=\"Elsa\" \/>\n<meta property=\"article:publisher\" content=\"https:\/\/www.facebook.com\/ELSA-572253779530070\/\" \/>\n<meta property=\"article:modified_time\" content=\"2022-08-30T14:23:34+00:00\" \/>\n<meta property=\"og:image\" content=\"https:\/\/wordpress.elsa18.fr\/wordpress.elsa18.fr\/wp-content\/uploads\/2017\/10\/operettes_3jeunesfillesnues_3jeunesfillesnues2018-Copier.jpg\" \/>\n\t<meta property=\"og:image:width\" content=\"2208\" \/>\n\t<meta property=\"og:image:height\" content=\"1332\" \/>\n\t<meta property=\"og:image:type\" content=\"image\/jpeg\" \/>\n<meta name=\"twitter:card\" content=\"summary_large_image\" \/>\n<meta name=\"twitter:label1\" content=\"Dur\u00e9e de lecture estim\u00e9e\" \/>\n\t<meta name=\"twitter:data1\" content=\"2 minutes\" \/>\n<script type=\"application\/ld+json\" class=\"yoast-schema-graph\">{\"@context\":\"https:\\\/\\\/schema.org\",\"@graph\":[{\"@type\":\"WebPage\",\"@id\":\"https:\\\/\\\/wordpress.elsa18.fr\\\/wordpress.elsa18.fr\\\/index.php\\\/description-29\\\/\",\"url\":\"https:\\\/\\\/wordpress.elsa18.fr\\\/wordpress.elsa18.fr\\\/index.php\\\/description-29\\\/\",\"name\":\"L'histoire de 3 Jeunes Filles Nues - Elsa\",\"isPartOf\":{\"@id\":\"https:\\\/\\\/wordpress.elsa18.fr\\\/wordpress.elsa18.fr\\\/#website\"},\"primaryImageOfPage\":{\"@id\":\"https:\\\/\\\/wordpress.elsa18.fr\\\/wordpress.elsa18.fr\\\/index.php\\\/description-29\\\/#primaryimage\"},\"image\":{\"@id\":\"https:\\\/\\\/wordpress.elsa18.fr\\\/wordpress.elsa18.fr\\\/index.php\\\/description-29\\\/#primaryimage\"},\"thumbnailUrl\":\"https:\\\/\\\/wordpress.elsa18.fr\\\/wordpress.elsa18.fr\\\/wp-content\\\/uploads\\\/2017\\\/10\\\/operettes_3jeunesfillesnues_3jeunesfillesnues2018-Copier.jpg\",\"datePublished\":\"2017-10-26T23:00:00+00:00\",\"dateModified\":\"2022-08-30T14:23:34+00:00\",\"breadcrumb\":{\"@id\":\"https:\\\/\\\/wordpress.elsa18.fr\\\/wordpress.elsa18.fr\\\/index.php\\\/description-29\\\/#breadcrumb\"},\"inLanguage\":\"fr-FR\",\"potentialAction\":[{\"@type\":\"ReadAction\",\"target\":[\"https:\\\/\\\/wordpress.elsa18.fr\\\/wordpress.elsa18.fr\\\/index.php\\\/description-29\\\/\"]}]},{\"@type\":\"ImageObject\",\"inLanguage\":\"fr-FR\",\"@id\":\"https:\\\/\\\/wordpress.elsa18.fr\\\/wordpress.elsa18.fr\\\/index.php\\\/description-29\\\/#primaryimage\",\"url\":\"https:\\\/\\\/wordpress.elsa18.fr\\\/wordpress.elsa18.fr\\\/wp-content\\\/uploads\\\/2017\\\/10\\\/operettes_3jeunesfillesnues_3jeunesfillesnues2018-Copier.jpg\",\"contentUrl\":\"https:\\\/\\\/wordpress.elsa18.fr\\\/wordpress.elsa18.fr\\\/wp-content\\\/uploads\\\/2017\\\/10\\\/operettes_3jeunesfillesnues_3jeunesfillesnues2018-Copier.jpg\",\"width\":2208,\"height\":1332,\"caption\":\"3jeunesfillesnues2018 (Copier)\"},{\"@type\":\"BreadcrumbList\",\"@id\":\"https:\\\/\\\/wordpress.elsa18.fr\\\/wordpress.elsa18.fr\\\/index.php\\\/description-29\\\/#breadcrumb\",\"itemListElement\":[{\"@type\":\"ListItem\",\"position\":1,\"name\":\"Accueil\",\"item\":\"https:\\\/\\\/wordpress.elsa18.fr\\\/wordpress.elsa18.fr\\\/\"},{\"@type\":\"ListItem\",\"position\":2,\"name\":\"L&rsquo;histoire de 3 Jeunes Filles Nues\"}]},{\"@type\":\"WebSite\",\"@id\":\"https:\\\/\\\/wordpress.elsa18.fr\\\/wordpress.elsa18.fr\\\/#website\",\"url\":\"https:\\\/\\\/wordpress.elsa18.fr\\\/wordpress.elsa18.fr\\\/\",\"name\":\"Elsa\",\"description\":\"Espoir Lyrique Saint Amandois\",\"publisher\":{\"@id\":\"https:\\\/\\\/wordpress.elsa18.fr\\\/wordpress.elsa18.fr\\\/#organization\"},\"potentialAction\":[{\"@type\":\"SearchAction\",\"target\":{\"@type\":\"EntryPoint\",\"urlTemplate\":\"https:\\\/\\\/wordpress.elsa18.fr\\\/wordpress.elsa18.fr\\\/?s={search_term_string}\"},\"query-input\":{\"@type\":\"PropertyValueSpecification\",\"valueRequired\":true,\"valueName\":\"search_term_string\"}}],\"inLanguage\":\"fr-FR\"},{\"@type\":\"Organization\",\"@id\":\"https:\\\/\\\/wordpress.elsa18.fr\\\/wordpress.elsa18.fr\\\/#organization\",\"name\":\"Elsa\",\"url\":\"https:\\\/\\\/wordpress.elsa18.fr\\\/wordpress.elsa18.fr\\\/\",\"logo\":{\"@type\":\"ImageObject\",\"inLanguage\":\"fr-FR\",\"@id\":\"https:\\\/\\\/wordpress.elsa18.fr\\\/wordpress.elsa18.fr\\\/#\\\/schema\\\/logo\\\/image\\\/\",\"url\":\"https:\\\/\\\/wordpress.elsa18.fr\\\/wordpress.elsa18.fr\\\/wp-content\\\/uploads\\\/2022\\\/07\\\/cropped-ELSA-LOGO_Plan-de-travail-1_Plan-de-travail-1_Plan-de-travail-1_Plan-de-travail-1.png\",\"contentUrl\":\"https:\\\/\\\/wordpress.elsa18.fr\\\/wordpress.elsa18.fr\\\/wp-content\\\/uploads\\\/2022\\\/07\\\/cropped-ELSA-LOGO_Plan-de-travail-1_Plan-de-travail-1_Plan-de-travail-1_Plan-de-travail-1.png\",\"width\":2084,\"height\":2084,\"caption\":\"Elsa\"},\"image\":{\"@id\":\"https:\\\/\\\/wordpress.elsa18.fr\\\/wordpress.elsa18.fr\\\/#\\\/schema\\\/logo\\\/image\\\/\"},\"sameAs\":[\"https:\\\/\\\/www.facebook.com\\\/ELSA-572253779530070\\\/\",\"https:\\\/\\\/www.instagram.com\\\/espoir_lyrique_saint_amandois\\\/?hl=fr\"]}]}<\/script>\n<!-- \/ Yoast SEO plugin. -->","yoast_head_json":{"title":"L'histoire de 3 Jeunes Filles Nues - Elsa","robots":{"index":"index","follow":"follow","max-snippet":"max-snippet:-1","max-image-preview":"max-image-preview:large","max-video-preview":"max-video-preview:-1"},"canonical":"https:\/\/wordpress.elsa18.fr\/wordpress.elsa18.fr\/index.php\/description-29\/","og_locale":"fr_FR","og_type":"article","og_title":"L'histoire de 3 Jeunes Filles Nues - Elsa","og_description":"3 jeunes filles nues Musique de Raoul Moretti et texte d\u2019Albert Willemetz et Yves Mirande, \u00e9crit en 1925. L&#8217;histoire&#8230; Mme Ducros a trois ni\u00e8ces, Lilette, Lola et Lulu, dont elle &hellip; L&#8217;histoire de 3 Jeunes Filles Nues Lire la suite\u00a0\u00bb","og_url":"https:\/\/wordpress.elsa18.fr\/wordpress.elsa18.fr\/index.php\/description-29\/","og_site_name":"Elsa","article_publisher":"https:\/\/www.facebook.com\/ELSA-572253779530070\/","article_modified_time":"2022-08-30T14:23:34+00:00","og_image":[{"width":2208,"height":1332,"url":"https:\/\/wordpress.elsa18.fr\/wordpress.elsa18.fr\/wp-content\/uploads\/2017\/10\/operettes_3jeunesfillesnues_3jeunesfillesnues2018-Copier.jpg","type":"image\/jpeg"}],"twitter_card":"summary_large_image","twitter_misc":{"Dur\u00e9e de lecture estim\u00e9e":"2 minutes"},"schema":{"@context":"https:\/\/schema.org","@graph":[{"@type":"WebPage","@id":"https:\/\/wordpress.elsa18.fr\/wordpress.elsa18.fr\/index.php\/description-29\/","url":"https:\/\/wordpress.elsa18.fr\/wordpress.elsa18.fr\/index.php\/description-29\/","name":"L'histoire de 3 Jeunes Filles Nues - Elsa","isPartOf":{"@id":"https:\/\/wordpress.elsa18.fr\/wordpress.elsa18.fr\/#website"},"primaryImageOfPage":{"@id":"https:\/\/wordpress.elsa18.fr\/wordpress.elsa18.fr\/index.php\/description-29\/#primaryimage"},"image":{"@id":"https:\/\/wordpress.elsa18.fr\/wordpress.elsa18.fr\/index.php\/description-29\/#primaryimage"},"thumbnailUrl":"https:\/\/wordpress.elsa18.fr\/wordpress.elsa18.fr\/wp-content\/uploads\/2017\/10\/operettes_3jeunesfillesnues_3jeunesfillesnues2018-Copier.jpg","datePublished":"2017-10-26T23:00:00+00:00","dateModified":"2022-08-30T14:23:34+00:00","breadcrumb":{"@id":"https:\/\/wordpress.elsa18.fr\/wordpress.elsa18.fr\/index.php\/description-29\/#breadcrumb"},"inLanguage":"fr-FR","potentialAction":[{"@type":"ReadAction","target":["https:\/\/wordpress.elsa18.fr\/wordpress.elsa18.fr\/index.php\/description-29\/"]}]},{"@type":"ImageObject","inLanguage":"fr-FR","@id":"https:\/\/wordpress.elsa18.fr\/wordpress.elsa18.fr\/index.php\/description-29\/#primaryimage","url":"https:\/\/wordpress.elsa18.fr\/wordpress.elsa18.fr\/wp-content\/uploads\/2017\/10\/operettes_3jeunesfillesnues_3jeunesfillesnues2018-Copier.jpg","contentUrl":"https:\/\/wordpress.elsa18.fr\/wordpress.elsa18.fr\/wp-content\/uploads\/2017\/10\/operettes_3jeunesfillesnues_3jeunesfillesnues2018-Copier.jpg","width":2208,"height":1332,"caption":"3jeunesfillesnues2018 (Copier)"},{"@type":"BreadcrumbList","@id":"https:\/\/wordpress.elsa18.fr\/wordpress.elsa18.fr\/index.php\/description-29\/#breadcrumb","itemListElement":[{"@type":"ListItem","position":1,"name":"Accueil","item":"https:\/\/wordpress.elsa18.fr\/wordpress.elsa18.fr\/"},{"@type":"ListItem","position":2,"name":"L&rsquo;histoire de 3 Jeunes Filles Nues"}]},{"@type":"WebSite","@id":"https:\/\/wordpress.elsa18.fr\/wordpress.elsa18.fr\/#website","url":"https:\/\/wordpress.elsa18.fr\/wordpress.elsa18.fr\/","name":"Elsa","description":"Espoir Lyrique Saint Amandois","publisher":{"@id":"https:\/\/wordpress.elsa18.fr\/wordpress.elsa18.fr\/#organization"},"potentialAction":[{"@type":"SearchAction","target":{"@type":"EntryPoint","urlTemplate":"https:\/\/wordpress.elsa18.fr\/wordpress.elsa18.fr\/?s={search_term_string}"},"query-input":{"@type":"PropertyValueSpecification","valueRequired":true,"valueName":"search_term_string"}}],"inLanguage":"fr-FR"},{"@type":"Organization","@id":"https:\/\/wordpress.elsa18.fr\/wordpress.elsa18.fr\/#organization","name":"Elsa","url":"https:\/\/wordpress.elsa18.fr\/wordpress.elsa18.fr\/","logo":{"@type":"ImageObject","inLanguage":"fr-FR","@id":"https:\/\/wordpress.elsa18.fr\/wordpress.elsa18.fr\/#\/schema\/logo\/image\/","url":"https:\/\/wordpress.elsa18.fr\/wordpress.elsa18.fr\/wp-content\/uploads\/2022\/07\/cropped-ELSA-LOGO_Plan-de-travail-1_Plan-de-travail-1_Plan-de-travail-1_Plan-de-travail-1.png","contentUrl":"https:\/\/wordpress.elsa18.fr\/wordpress.elsa18.fr\/wp-content\/uploads\/2022\/07\/cropped-ELSA-LOGO_Plan-de-travail-1_Plan-de-travail-1_Plan-de-travail-1_Plan-de-travail-1.png","width":2084,"height":2084,"caption":"Elsa"},"image":{"@id":"https:\/\/wordpress.elsa18.fr\/wordpress.elsa18.fr\/#\/schema\/logo\/image\/"},"sameAs":["https:\/\/www.facebook.com\/ELSA-572253779530070\/","https:\/\/www.instagram.com\/espoir_lyrique_saint_amandois\/?hl=fr"]}]}},"_links":{"self":[{"href":"https:\/\/wordpress.elsa18.fr\/wordpress.elsa18.fr\/index.php\/wp-json\/wp\/v2\/pages\/524","targetHints":{"allow":["GET"]}}],"collection":[{"href":"https:\/\/wordpress.elsa18.fr\/wordpress.elsa18.fr\/index.php\/wp-json\/wp\/v2\/pages"}],"about":[{"href":"https:\/\/wordpress.elsa18.fr\/wordpress.elsa18.fr\/index.php\/wp-json\/wp\/v2\/types\/page"}],"author":[{"embeddable":true,"href":"https:\/\/wordpress.elsa18.fr\/wordpress.elsa18.fr\/index.php\/wp-json\/wp\/v2\/users\/1"}],"replies":[{"embeddable":true,"href":"https:\/\/wordpress.elsa18.fr\/wordpress.elsa18.fr\/index.php\/wp-json\/wp\/v2\/comments?post=524"}],"version-history":[{"count":1,"href":"https:\/\/wordpress.elsa18.fr\/wordpress.elsa18.fr\/index.php\/wp-json\/wp\/v2\/pages\/524\/revisions"}],"predecessor-version":[{"id":893,"href":"https:\/\/wordpress.elsa18.fr\/wordpress.elsa18.fr\/index.php\/wp-json\/wp\/v2\/pages\/524\/revisions\/893"}],"wp:featuredmedia":[{"embeddable":true,"href":"https:\/\/wordpress.elsa18.fr\/wordpress.elsa18.fr\/index.php\/wp-json\/wp\/v2\/media\/523"}],"wp:attachment":[{"href":"https:\/\/wordpress.elsa18.fr\/wordpress.elsa18.fr\/index.php\/wp-json\/wp\/v2\/media?parent=524"}],"curies":[{"name":"wp","href":"https:\/\/api.w.org\/{rel}","templated":true}]}}