{"id":534,"date":"2017-10-27T01:00:00","date_gmt":"2017-10-26T23:00:00","guid":{"rendered":"http:\/\/wordpress.elsa18.fr\/index.php\/description-30\/"},"modified":"2022-10-04T13:51:11","modified_gmt":"2022-10-04T11:51:11","slug":"description-30","status":"publish","type":"page","link":"https:\/\/wordpress.elsa18.fr\/wordpress.elsa18.fr\/index.php\/description-30\/","title":{"rendered":"L&#8217;histoire de Monsieur Palisse"},"content":{"rendered":"<div style=\"text-align: center;\"><span style=\"font-size: 14pt;\"><strong><span style=\"text-decoration-line: underline; color: #88611d;\">Monsieur de La Palisse<\/span><\/strong><\/span><\/div>\n<div>\n<h3 style=\"text-align: center;\" align=\"center\">Op\u00e9ra-bouffe en trois actes de Robert de Flers et G.-A. de Caillavet.<\/h3>\n<p><img fetchpriority=\"high\" decoding=\"async\" class=\" size-full wp-image-531\" style=\"display: block; margin-left: auto; margin-right: auto;\" src=\"http:\/\/wordpress.elsa18.fr\/wordpress.elsa18.fr\/wp-content\/uploads\/2017\/10\/2018_2019_Monsieur-Lapalisse_Groupe-N%C2%B03-Copier.JPG\" alt=\"Groupe N\u00b03 (Copier)\" width=\"800\" height=\"248\" \/><\/p>\n<div>our 2019, ELSA a choisi\u00a0<strong>\u201cMonsieur de la Palisse\u201d<\/strong>\u00a0comme op\u00e9rette !<\/div>\n<div><\/div>\n<div>C\u2019est une oeuvre peu jou\u00e9e, et c\u2019est bien dommage car elle fourmille d\u2019effets musicaux dignes d\u2019un Offenbach, de comique de situations, de jeux de r\u00e9parties et de caricatures. Tous les personnages sont ainsi tr\u00e8s justement croqu\u00e9s et les acteurs et chanteurs d\u2019ELSA pourront s\u2019en donner \u00e0 coeur joie, pour un public friand de ce genre.<\/div>\n<div><\/div>\n<div><em>Monsieur de La Palisse<\/em>\u00a0est un\u00a0<strong>op\u00e9ra comique<\/strong>\u00a0et Claude\u00a0Terrasse s\u2019en explique lui m\u00eame : \u201c<em>\u00a0l\u2019op\u00e9ra comique est une com\u00e9die en musique, tandis que l\u2019op\u00e9rette est une pi\u00e8ce musicalement comique!.<\/em><\/div>\n<div><\/div>\n<p><img decoding=\"async\" class=\" alignleft size-full wp-image-532\" style=\"margin-right: 8px; float: left;\" src=\"http:\/\/wordpress.elsa18.fr\/wordpress.elsa18.fr\/wp-content\/uploads\/2017\/10\/operettes_monsieurdelapalisse_affiche_lapalisse2019-scaled.jpg\" alt=\"affiche_lapalisse2019\" width=\"350\" height=\"495\" srcset=\"https:\/\/wordpress.elsa18.fr\/wordpress.elsa18.fr\/wp-content\/uploads\/2017\/10\/operettes_monsieurdelapalisse_affiche_lapalisse2019-scaled.jpg 1810w, https:\/\/wordpress.elsa18.fr\/wordpress.elsa18.fr\/wp-content\/uploads\/2017\/10\/operettes_monsieurdelapalisse_affiche_lapalisse2019-212x300.jpg 212w, https:\/\/wordpress.elsa18.fr\/wordpress.elsa18.fr\/wp-content\/uploads\/2017\/10\/operettes_monsieurdelapalisse_affiche_lapalisse2019-724x1024.jpg 724w, https:\/\/wordpress.elsa18.fr\/wordpress.elsa18.fr\/wp-content\/uploads\/2017\/10\/operettes_monsieurdelapalisse_affiche_lapalisse2019-768x1086.jpg 768w, https:\/\/wordpress.elsa18.fr\/wordpress.elsa18.fr\/wp-content\/uploads\/2017\/10\/operettes_monsieurdelapalisse_affiche_lapalisse2019-1086x1536.jpg 1086w, https:\/\/wordpress.elsa18.fr\/wordpress.elsa18.fr\/wp-content\/uploads\/2017\/10\/operettes_monsieurdelapalisse_affiche_lapalisse2019-1448x2048.jpg 1448w, https:\/\/wordpress.elsa18.fr\/wordpress.elsa18.fr\/wp-content\/uploads\/2017\/10\/operettes_monsieurdelapalisse_affiche_lapalisse2019-1568x2217.jpg 1568w\" sizes=\"(max-width: 350px) 100vw, 350px\" \/>\u00c0 juste titre, Terrasse est consid\u00e9r\u00e9 comme le v\u00e9ritable successeur d\u2019Offenbach par sa verve comique et son humour p\u00e9n\u00e9trant et caustique, et il a su comme Offenbach se choisir des livrets p\u00e9tillants d\u2019esprit. La recette de base \u00e9tait pourtant la m\u00eame : parodie d\u2019une \u00e9poque (antiquit\u00e9 grecque ; moyen \u00e2ge ; milieux diplomatiques ; histoire biblique, etc.) avec un fourmillement d\u2019anachronismes savoureux, de mots d\u2019auteur, d\u2019allusions politiques et sociales, sur une musique gaie, spirituelle, nerveuse, tout \u00e0 fait contemporaine de l\u2019\u00e9poque de la cr\u00e9ation de l\u2019\u0153uvre. Chez chacun d\u2019eux se retrouve cette parfaite ma\u00eetrise classique de la forme musicale et le recours \u00e0 la grande musique tour \u00e0 tour grandiloquente et passionn\u00e9ment languissante, sur des paroles hautement amusantes, cr\u00e9ant l\u2019effet comique.<\/p>\n<p><b>\u00a0<\/b><\/p>\n<p><span style=\"text-decoration: underline;\"><b>L\u2019histoire :<\/b><\/span><\/p>\n<p>Nous sommes conduits successivement au manoir campagnard de M. de la Palisse, en Touraine (Acte Ier), puis au palais de Don Diego \u00e0 S\u00e9ville (Acte IIe), en dernier lieu \u00e0 l&#8217;auberge \u00e0 l&#8217;enseigne &#8221; Aux pommes d&#8217;amour &#8221; sur la fronti\u00e8re espagnole (Acte IIIe).<\/p>\n<p><em>\u00a0<\/em><\/p>\n<p style=\"text-align: left;\">L\u2019histoire se passe au XVIIIe si\u00e8cle et a pour h\u00e9ros Placide de La Palisse, un descendant du c\u00e9l\u00e8bre baron. Misogyne convaincu, il s\u2019appr\u00eate \u00e0 \u00e9pouser H\u00e9lo\u00efse de la Verdure, veuve assez m\u00fbre dont il esp\u00e8re profiter de l\u2019 exp\u00e9rience, lui qui en est compl\u00e8tement d\u00e9pourvu, mais suffisamment disgracieuse pour \u00e9viter qu\u2019elle le trompe. Mais devant l\u2019empressement amoureux de sa fianc\u00e9e, il accepte une mission en Espagne que lui propose son cousin Bertrand. A S\u00e9ville, il rencontre la charmante ni\u00e8ce du Gouverneur, In\u00e9sita, au temp\u00e9rament volcanique et qui d\u00e9sire trouver un mari au plus t\u00f4t. Le coup de foudre est r\u00e9ciproque et, apr\u00e8s avoir accompli sa mission, Placide, renon\u00e7ant \u00e0 ses principes, \u00e9pouse \u00a0Inesita.<i><br \/>\n<\/i><\/p>\n<p style=\"text-align: center;\"><i>\u00a0<\/i><\/p>\n<p><img decoding=\"async\" class=\" size-full wp-image-533\" style=\"display: block; margin-left: auto; margin-right: auto;\" src=\"http:\/\/wordpress.elsa18.fr\/wordpress.elsa18.fr\/wp-content\/uploads\/2017\/10\/2018_2019_Monsieur-Lapalisse_Groupe-N%C2%B04-Copier.JPG\" alt=\"Groupe N\u00b04 (Copier)\" width=\"800\" height=\"292\" \/><\/p>\n<div align=\"center\"><\/div>\n<p><b>\u00a0<\/b><b>\u00a0<\/b><\/p>\n<p><b>\u00a0<\/b><\/p>\n<p><span style=\"text-decoration: underline;\"><b>PARTITION\u00a0:\u00a0<\/b><\/span><\/p>\n<p><img decoding=\"async\" style=\"margin-left: 8px; float: right;\" src=\"images\/stories\/operettes\/monsieurdelapalisse\/Th%C3%A9%C3%A2tre_des_vari%C3%A9t%C3%A9s_Monsieur_de_%255b...%255dHenriot_(1857-1933)_btv1b8438593r.JPEG\" alt=\"Th\u00e9\u00e2tre_des_vari\u00e9t\u00e9s_Monsieur_de_%5b...%5dHenriot_(1857-1933)_btv1b8438593r\" width=\"400\" \/><\/p>\n<p><b><br \/>\n<\/b><b>Acte 1\u00a0: <\/b><i>Ouverture<\/i>, Augustine, Augustin, ch\u0153urs\u00a0: \u00ab\u00a0<i>l\u2019Agriculture manque de bras<\/i>\u00a0\u00bb (duo). La Palisse\u00a0: \u00ab\u00a0<i>Ah, Ah, Ah<\/i>\u00a0\u00bb (chanson de la Verdillon). H\u00e9lo\u00efse, Ch\u0153ur\u00a0: \u00ab\u00a0<i>Voici Madame de la Verdure<\/i>\u00a0\u00bb. H\u00e9loise\u00a0; \u00ab\u00a0<i>Ah, cousin que notre beaut\u00e9<\/i>\u00a0\u00bb. Dorette, Bertrand, ch\u0153urs\u00a0: \u00ab\u00a0<i>clic clac, hue, dia, hol\u00e0<\/i>\u00a0\u00bb. La Palisse\u00a0: \u00ab\u00a0<i>La Palisse eut peu de bien\/Pour soutenir sa naissance<\/i>\u00a0\u00bb. Final 1, Dorette, Augustine, Bertrand, Augustin, ch\u0153urs\u00a0: \u00ab\u00a0<i>Bon voyage Mr de La Palisse<\/i>\u00a0\u00bb, Dorette, les m\u00eames\u00a0: \u00ab\u00a0<i>Lorsqu\u2019on veut plaire \u00e0 la cour\u00a0<\/i>\u00bb.<\/p>\n<p><b>Acte 2<\/b>\u00a0: <i>Entr\u2019act<\/i>. Les Alguazils, Estudiantana, Saltabadil, Diego, Pepito, Dominguez\u00a0: \u00ab\u00a0<i>Nous sommes les Alguazils<\/i>\u00a0\u00bb. Pepito\u00a0: \u00ab\u00a0<i>C\u2019est la valise diplomatique<\/i>\u00a0\u00bb. Inesita\u00a0: \u00ab\u00a0<i>Avant-hier, pr\u00e8s de la Plaza\u00a0<\/i>\u00bb. Dorette, La Palisse et Diego, Pepito, Dominguez et ch\u0153urs\u00a0: <i>\u00ab\u00a0Salut Mr de la Palisse\u00a0<\/i>\u00bb. Dorette, ch\u0153urs\u00a0: \u00ab\u00a0<i>D\u00e8s qu\u2019on franchit votre fronti\u00e8re<\/i>\u00a0\u00bb (chanson des ch\u00e2teaux en Espagne\u00a0\u00bb. Inesita, La Palisse\u00a0: \u00ab\u00a0<i>Mon c\u0153ur est rempli d\u2019un tendre tambour\u00a0<\/i>\u00bb (duo du tambour). Final 2\u00a0: In\u00e9sita, Dorette, La Palisse, Diego et ch\u0153urs\u00a0: <i>\u00ab\u00a0Vive Mr de La Palisse<\/i>\u00a0\u00bb.<\/p>\n<p><b>Acte 3<\/b>\u00a0: Entr\u2019act. Lola, Fran\u00e7oise, ch\u0153urs\u00a0: \u00ab\u00a0<i>A l\u2019Auberge des Pommes d\u2019Amour<\/i>\u00a0\u00ab\u00a0 (duo). Dorette, Diego et ch\u0153urs\u00a0: \u00ab\u00a0<i>Voici les touristes<\/i>\u00a0\u00bb (couplets des Pyr\u00e9n\u00e9es). Dorette, Bertrand et Diego, Pepito, Dominguez\u00a0: \u00ab\u00a0<i>Corbleu Madame<\/i>\u00a0\u00bb. Inesita, La Palisse\u00a0: \u00ab\u00a0<i>petite amie<\/i>\u00a0\u00bb (duo). Final 3 Inesita, Dorette, La Palisse et ch\u0153urs \u00ab\u00a0vous le voyez mon gar\u00e7on\u00a0\u00bb.<\/p>\n<\/div>\n<div><\/div>\n<div><\/div>\n<div><span style=\"text-decoration: underline;\"><strong>Les dates :\u00a0<\/strong><\/span><\/div>\n<div>\n<p><strong>&#8211; samedi 23 f\u00e9vrier 2019 \u00e0 14h30<\/strong><\/p>\n<p><strong>&#8211; dimanche 24 f\u00e9vrier 2019 \u00e0 14h30<\/strong><\/p>\n<p><strong>&#8211; samedi 2 mars 2019 \u00e0 20h30<\/strong><\/p>\n<p><strong>&#8211; dimanche 3 mars 2019 \u00e0 14h30<\/strong><\/p>\n<\/div>\n","protected":false},"excerpt":{"rendered":"<p>Monsieur de La Palisse Op\u00e9ra-bouffe en trois actes de Robert de Flers et G.-A. de Caillavet. our 2019, ELSA a choisi\u00a0\u201cMonsieur de la Palisse\u201d\u00a0comme op\u00e9rette ! C\u2019est une oeuvre peu &hellip;<\/p>\n<p class=\"read-more\"> <a class=\"\" href=\"https:\/\/wordpress.elsa18.fr\/wordpress.elsa18.fr\/index.php\/description-30\/\"> <span class=\"screen-reader-text\">L&#8217;histoire de Monsieur Palisse<\/span> Lire la suite\u00a0\u00bb<\/a><\/p>\n","protected":false},"author":1,"featured_media":531,"parent":0,"menu_order":4,"comment_status":"closed","ping_status":"closed","template":"","meta":{"site-sidebar-layout":"default","site-content-layout":"default","ast-global-header-display":"","ast-main-header-display":"","ast-hfb-above-header-display":"","ast-hfb-below-header-display":"","ast-hfb-mobile-header-display":"","site-post-title":"","ast-breadcrumbs-content":"","ast-featured-img":"","footer-sml-layout":"","theme-transparent-header-meta":"","adv-header-id-meta":"","stick-header-meta":"","header-above-stick-meta":"","header-main-stick-meta":"","header-below-stick-meta":"","footnotes":""},"class_list":["post-534","page","type-page","status-publish","has-post-thumbnail","hentry"],"yoast_head":"<!-- This site is optimized with the Yoast SEO plugin v27.5 - https:\/\/yoast.com\/product\/yoast-seo-wordpress\/ -->\n<title>L&#039;histoire de Monsieur Palisse - Elsa<\/title>\n<meta name=\"robots\" content=\"index, follow, max-snippet:-1, max-image-preview:large, max-video-preview:-1\" \/>\n<link rel=\"canonical\" href=\"https:\/\/wordpress.elsa18.fr\/wordpress.elsa18.fr\/index.php\/description-30\/\" \/>\n<meta property=\"og:locale\" content=\"fr_FR\" \/>\n<meta property=\"og:type\" content=\"article\" \/>\n<meta property=\"og:title\" content=\"L&#039;histoire de Monsieur Palisse - Elsa\" \/>\n<meta property=\"og:description\" content=\"Monsieur de La Palisse Op\u00e9ra-bouffe en trois actes de Robert de Flers et G.-A. de Caillavet. our 2019, ELSA a choisi\u00a0\u201cMonsieur de la Palisse\u201d\u00a0comme op\u00e9rette ! C\u2019est une oeuvre peu &hellip; L&#8217;histoire de Monsieur Palisse Lire la suite\u00a0\u00bb\" \/>\n<meta property=\"og:url\" content=\"https:\/\/wordpress.elsa18.fr\/wordpress.elsa18.fr\/index.php\/description-30\/\" \/>\n<meta property=\"og:site_name\" content=\"Elsa\" \/>\n<meta property=\"article:publisher\" content=\"https:\/\/www.facebook.com\/ELSA-572253779530070\/\" \/>\n<meta property=\"article:modified_time\" content=\"2022-10-04T11:51:11+00:00\" \/>\n<meta property=\"og:image\" content=\"https:\/\/wordpress.elsa18.fr\/wordpress.elsa18.fr\/wp-content\/uploads\/2017\/10\/2018_2019_Monsieur-Lapalisse_Groupe-N\u00b03-Copier.JPG\" \/>\n\t<meta property=\"og:image:width\" content=\"2376\" \/>\n\t<meta property=\"og:image:height\" content=\"736\" \/>\n\t<meta property=\"og:image:type\" content=\"image\/jpeg\" \/>\n<meta name=\"twitter:card\" content=\"summary_large_image\" \/>\n<meta name=\"twitter:label1\" content=\"Dur\u00e9e de lecture estim\u00e9e\" \/>\n\t<meta name=\"twitter:data1\" content=\"4 minutes\" \/>\n<script type=\"application\/ld+json\" class=\"yoast-schema-graph\">{\"@context\":\"https:\\\/\\\/schema.org\",\"@graph\":[{\"@type\":\"WebPage\",\"@id\":\"https:\\\/\\\/wordpress.elsa18.fr\\\/wordpress.elsa18.fr\\\/index.php\\\/description-30\\\/\",\"url\":\"https:\\\/\\\/wordpress.elsa18.fr\\\/wordpress.elsa18.fr\\\/index.php\\\/description-30\\\/\",\"name\":\"L'histoire de Monsieur Palisse - Elsa\",\"isPartOf\":{\"@id\":\"https:\\\/\\\/wordpress.elsa18.fr\\\/wordpress.elsa18.fr\\\/#website\"},\"primaryImageOfPage\":{\"@id\":\"https:\\\/\\\/wordpress.elsa18.fr\\\/wordpress.elsa18.fr\\\/index.php\\\/description-30\\\/#primaryimage\"},\"image\":{\"@id\":\"https:\\\/\\\/wordpress.elsa18.fr\\\/wordpress.elsa18.fr\\\/index.php\\\/description-30\\\/#primaryimage\"},\"thumbnailUrl\":\"https:\\\/\\\/wordpress.elsa18.fr\\\/wordpress.elsa18.fr\\\/wp-content\\\/uploads\\\/2017\\\/10\\\/2018_2019_Monsieur-Lapalisse_Groupe-N\u00b03-Copier.JPG\",\"datePublished\":\"2017-10-26T23:00:00+00:00\",\"dateModified\":\"2022-10-04T11:51:11+00:00\",\"breadcrumb\":{\"@id\":\"https:\\\/\\\/wordpress.elsa18.fr\\\/wordpress.elsa18.fr\\\/index.php\\\/description-30\\\/#breadcrumb\"},\"inLanguage\":\"fr-FR\",\"potentialAction\":[{\"@type\":\"ReadAction\",\"target\":[\"https:\\\/\\\/wordpress.elsa18.fr\\\/wordpress.elsa18.fr\\\/index.php\\\/description-30\\\/\"]}]},{\"@type\":\"ImageObject\",\"inLanguage\":\"fr-FR\",\"@id\":\"https:\\\/\\\/wordpress.elsa18.fr\\\/wordpress.elsa18.fr\\\/index.php\\\/description-30\\\/#primaryimage\",\"url\":\"https:\\\/\\\/wordpress.elsa18.fr\\\/wordpress.elsa18.fr\\\/wp-content\\\/uploads\\\/2017\\\/10\\\/2018_2019_Monsieur-Lapalisse_Groupe-N\u00b03-Copier.JPG\",\"contentUrl\":\"https:\\\/\\\/wordpress.elsa18.fr\\\/wordpress.elsa18.fr\\\/wp-content\\\/uploads\\\/2017\\\/10\\\/2018_2019_Monsieur-Lapalisse_Groupe-N\u00b03-Copier.JPG\",\"width\":2376,\"height\":736,\"caption\":\"Groupe N\u00b03 (Copier)\"},{\"@type\":\"BreadcrumbList\",\"@id\":\"https:\\\/\\\/wordpress.elsa18.fr\\\/wordpress.elsa18.fr\\\/index.php\\\/description-30\\\/#breadcrumb\",\"itemListElement\":[{\"@type\":\"ListItem\",\"position\":1,\"name\":\"Accueil\",\"item\":\"https:\\\/\\\/wordpress.elsa18.fr\\\/wordpress.elsa18.fr\\\/\"},{\"@type\":\"ListItem\",\"position\":2,\"name\":\"L&#8217;histoire de Monsieur Palisse\"}]},{\"@type\":\"WebSite\",\"@id\":\"https:\\\/\\\/wordpress.elsa18.fr\\\/wordpress.elsa18.fr\\\/#website\",\"url\":\"https:\\\/\\\/wordpress.elsa18.fr\\\/wordpress.elsa18.fr\\\/\",\"name\":\"Elsa\",\"description\":\"Espoir Lyrique Saint Amandois\",\"publisher\":{\"@id\":\"https:\\\/\\\/wordpress.elsa18.fr\\\/wordpress.elsa18.fr\\\/#organization\"},\"potentialAction\":[{\"@type\":\"SearchAction\",\"target\":{\"@type\":\"EntryPoint\",\"urlTemplate\":\"https:\\\/\\\/wordpress.elsa18.fr\\\/wordpress.elsa18.fr\\\/?s={search_term_string}\"},\"query-input\":{\"@type\":\"PropertyValueSpecification\",\"valueRequired\":true,\"valueName\":\"search_term_string\"}}],\"inLanguage\":\"fr-FR\"},{\"@type\":\"Organization\",\"@id\":\"https:\\\/\\\/wordpress.elsa18.fr\\\/wordpress.elsa18.fr\\\/#organization\",\"name\":\"Elsa\",\"url\":\"https:\\\/\\\/wordpress.elsa18.fr\\\/wordpress.elsa18.fr\\\/\",\"logo\":{\"@type\":\"ImageObject\",\"inLanguage\":\"fr-FR\",\"@id\":\"https:\\\/\\\/wordpress.elsa18.fr\\\/wordpress.elsa18.fr\\\/#\\\/schema\\\/logo\\\/image\\\/\",\"url\":\"https:\\\/\\\/wordpress.elsa18.fr\\\/wordpress.elsa18.fr\\\/wp-content\\\/uploads\\\/2022\\\/07\\\/cropped-ELSA-LOGO_Plan-de-travail-1_Plan-de-travail-1_Plan-de-travail-1_Plan-de-travail-1.png\",\"contentUrl\":\"https:\\\/\\\/wordpress.elsa18.fr\\\/wordpress.elsa18.fr\\\/wp-content\\\/uploads\\\/2022\\\/07\\\/cropped-ELSA-LOGO_Plan-de-travail-1_Plan-de-travail-1_Plan-de-travail-1_Plan-de-travail-1.png\",\"width\":2084,\"height\":2084,\"caption\":\"Elsa\"},\"image\":{\"@id\":\"https:\\\/\\\/wordpress.elsa18.fr\\\/wordpress.elsa18.fr\\\/#\\\/schema\\\/logo\\\/image\\\/\"},\"sameAs\":[\"https:\\\/\\\/www.facebook.com\\\/ELSA-572253779530070\\\/\",\"https:\\\/\\\/www.instagram.com\\\/espoir_lyrique_saint_amandois\\\/?hl=fr\"]}]}<\/script>\n<!-- \/ Yoast SEO plugin. -->","yoast_head_json":{"title":"L'histoire de Monsieur Palisse - Elsa","robots":{"index":"index","follow":"follow","max-snippet":"max-snippet:-1","max-image-preview":"max-image-preview:large","max-video-preview":"max-video-preview:-1"},"canonical":"https:\/\/wordpress.elsa18.fr\/wordpress.elsa18.fr\/index.php\/description-30\/","og_locale":"fr_FR","og_type":"article","og_title":"L'histoire de Monsieur Palisse - Elsa","og_description":"Monsieur de La Palisse Op\u00e9ra-bouffe en trois actes de Robert de Flers et G.-A. de Caillavet. our 2019, ELSA a choisi\u00a0\u201cMonsieur de la Palisse\u201d\u00a0comme op\u00e9rette ! C\u2019est une oeuvre peu &hellip; L&#8217;histoire de Monsieur Palisse Lire la suite\u00a0\u00bb","og_url":"https:\/\/wordpress.elsa18.fr\/wordpress.elsa18.fr\/index.php\/description-30\/","og_site_name":"Elsa","article_publisher":"https:\/\/www.facebook.com\/ELSA-572253779530070\/","article_modified_time":"2022-10-04T11:51:11+00:00","og_image":[{"width":2376,"height":736,"url":"https:\/\/wordpress.elsa18.fr\/wordpress.elsa18.fr\/wp-content\/uploads\/2017\/10\/2018_2019_Monsieur-Lapalisse_Groupe-N\u00b03-Copier.JPG","type":"image\/jpeg"}],"twitter_card":"summary_large_image","twitter_misc":{"Dur\u00e9e de lecture estim\u00e9e":"4 minutes"},"schema":{"@context":"https:\/\/schema.org","@graph":[{"@type":"WebPage","@id":"https:\/\/wordpress.elsa18.fr\/wordpress.elsa18.fr\/index.php\/description-30\/","url":"https:\/\/wordpress.elsa18.fr\/wordpress.elsa18.fr\/index.php\/description-30\/","name":"L'histoire de Monsieur Palisse - Elsa","isPartOf":{"@id":"https:\/\/wordpress.elsa18.fr\/wordpress.elsa18.fr\/#website"},"primaryImageOfPage":{"@id":"https:\/\/wordpress.elsa18.fr\/wordpress.elsa18.fr\/index.php\/description-30\/#primaryimage"},"image":{"@id":"https:\/\/wordpress.elsa18.fr\/wordpress.elsa18.fr\/index.php\/description-30\/#primaryimage"},"thumbnailUrl":"https:\/\/wordpress.elsa18.fr\/wordpress.elsa18.fr\/wp-content\/uploads\/2017\/10\/2018_2019_Monsieur-Lapalisse_Groupe-N\u00b03-Copier.JPG","datePublished":"2017-10-26T23:00:00+00:00","dateModified":"2022-10-04T11:51:11+00:00","breadcrumb":{"@id":"https:\/\/wordpress.elsa18.fr\/wordpress.elsa18.fr\/index.php\/description-30\/#breadcrumb"},"inLanguage":"fr-FR","potentialAction":[{"@type":"ReadAction","target":["https:\/\/wordpress.elsa18.fr\/wordpress.elsa18.fr\/index.php\/description-30\/"]}]},{"@type":"ImageObject","inLanguage":"fr-FR","@id":"https:\/\/wordpress.elsa18.fr\/wordpress.elsa18.fr\/index.php\/description-30\/#primaryimage","url":"https:\/\/wordpress.elsa18.fr\/wordpress.elsa18.fr\/wp-content\/uploads\/2017\/10\/2018_2019_Monsieur-Lapalisse_Groupe-N\u00b03-Copier.JPG","contentUrl":"https:\/\/wordpress.elsa18.fr\/wordpress.elsa18.fr\/wp-content\/uploads\/2017\/10\/2018_2019_Monsieur-Lapalisse_Groupe-N\u00b03-Copier.JPG","width":2376,"height":736,"caption":"Groupe N\u00b03 (Copier)"},{"@type":"BreadcrumbList","@id":"https:\/\/wordpress.elsa18.fr\/wordpress.elsa18.fr\/index.php\/description-30\/#breadcrumb","itemListElement":[{"@type":"ListItem","position":1,"name":"Accueil","item":"https:\/\/wordpress.elsa18.fr\/wordpress.elsa18.fr\/"},{"@type":"ListItem","position":2,"name":"L&#8217;histoire de Monsieur Palisse"}]},{"@type":"WebSite","@id":"https:\/\/wordpress.elsa18.fr\/wordpress.elsa18.fr\/#website","url":"https:\/\/wordpress.elsa18.fr\/wordpress.elsa18.fr\/","name":"Elsa","description":"Espoir Lyrique Saint Amandois","publisher":{"@id":"https:\/\/wordpress.elsa18.fr\/wordpress.elsa18.fr\/#organization"},"potentialAction":[{"@type":"SearchAction","target":{"@type":"EntryPoint","urlTemplate":"https:\/\/wordpress.elsa18.fr\/wordpress.elsa18.fr\/?s={search_term_string}"},"query-input":{"@type":"PropertyValueSpecification","valueRequired":true,"valueName":"search_term_string"}}],"inLanguage":"fr-FR"},{"@type":"Organization","@id":"https:\/\/wordpress.elsa18.fr\/wordpress.elsa18.fr\/#organization","name":"Elsa","url":"https:\/\/wordpress.elsa18.fr\/wordpress.elsa18.fr\/","logo":{"@type":"ImageObject","inLanguage":"fr-FR","@id":"https:\/\/wordpress.elsa18.fr\/wordpress.elsa18.fr\/#\/schema\/logo\/image\/","url":"https:\/\/wordpress.elsa18.fr\/wordpress.elsa18.fr\/wp-content\/uploads\/2022\/07\/cropped-ELSA-LOGO_Plan-de-travail-1_Plan-de-travail-1_Plan-de-travail-1_Plan-de-travail-1.png","contentUrl":"https:\/\/wordpress.elsa18.fr\/wordpress.elsa18.fr\/wp-content\/uploads\/2022\/07\/cropped-ELSA-LOGO_Plan-de-travail-1_Plan-de-travail-1_Plan-de-travail-1_Plan-de-travail-1.png","width":2084,"height":2084,"caption":"Elsa"},"image":{"@id":"https:\/\/wordpress.elsa18.fr\/wordpress.elsa18.fr\/#\/schema\/logo\/image\/"},"sameAs":["https:\/\/www.facebook.com\/ELSA-572253779530070\/","https:\/\/www.instagram.com\/espoir_lyrique_saint_amandois\/?hl=fr"]}]}},"_links":{"self":[{"href":"https:\/\/wordpress.elsa18.fr\/wordpress.elsa18.fr\/index.php\/wp-json\/wp\/v2\/pages\/534","targetHints":{"allow":["GET"]}}],"collection":[{"href":"https:\/\/wordpress.elsa18.fr\/wordpress.elsa18.fr\/index.php\/wp-json\/wp\/v2\/pages"}],"about":[{"href":"https:\/\/wordpress.elsa18.fr\/wordpress.elsa18.fr\/index.php\/wp-json\/wp\/v2\/types\/page"}],"author":[{"embeddable":true,"href":"https:\/\/wordpress.elsa18.fr\/wordpress.elsa18.fr\/index.php\/wp-json\/wp\/v2\/users\/1"}],"replies":[{"embeddable":true,"href":"https:\/\/wordpress.elsa18.fr\/wordpress.elsa18.fr\/index.php\/wp-json\/wp\/v2\/comments?post=534"}],"version-history":[{"count":3,"href":"https:\/\/wordpress.elsa18.fr\/wordpress.elsa18.fr\/index.php\/wp-json\/wp\/v2\/pages\/534\/revisions"}],"predecessor-version":[{"id":1550,"href":"https:\/\/wordpress.elsa18.fr\/wordpress.elsa18.fr\/index.php\/wp-json\/wp\/v2\/pages\/534\/revisions\/1550"}],"wp:featuredmedia":[{"embeddable":true,"href":"https:\/\/wordpress.elsa18.fr\/wordpress.elsa18.fr\/index.php\/wp-json\/wp\/v2\/media\/531"}],"wp:attachment":[{"href":"https:\/\/wordpress.elsa18.fr\/wordpress.elsa18.fr\/index.php\/wp-json\/wp\/v2\/media?parent=534"}],"curies":[{"name":"wp","href":"https:\/\/api.w.org\/{rel}","templated":true}]}}