{"id":548,"date":"2019-10-16T15:19:08","date_gmt":"2019-10-16T13:19:08","guid":{"rendered":"http:\/\/wordpress.elsa18.fr\/index.php\/lhistoire-6\/"},"modified":"2022-08-30T15:44:34","modified_gmt":"2022-08-30T13:44:34","slug":"lhistoire-6","status":"publish","type":"page","link":"https:\/\/wordpress.elsa18.fr\/wordpress.elsa18.fr\/index.php\/lhistoire-6\/","title":{"rendered":"L&#8217;histoire de La Belle de Cadix"},"content":{"rendered":"<\/p>\n<p style=\"text-align: center;\"><em><span style=\"font-size: 18pt;\">La belle de Cadix<\/span><\/em><\/p>\n<p style=\"text-align: center;\"><em><span style=\"font-size: 18pt;\"><br \/><\/span><\/em><\/p>\n<\/p>\n<p>Op\u00e9rette en 2 actes et 10 tableaux. Musique de Francis Lopez, livret de Marc Cab et Raymond Vincy.<\/p>\n<p>Cr\u00e9ation \u00e0 Paris, \u00e0 la Casino Montparnasse le 22 d\u00e9cembre 1945 .<\/p>\n<\/p>\n<h3 style=\"text-align: left;\"><\/h3>\n<h3><span style=\"text-decoration: underline; color: #993300;\"><strong><img fetchpriority=\"high\" decoding=\"async\" class=\" alignleft size-full wp-image-18\" src=\"http:\/\/wordpress.elsa18.fr\/wordpress.elsa18.fr\/wp-content\/uploads\/2019\/10\/operettes_labelledecadix2_belle-de-cadix_affiche.jpg\" width=\"283\" height=\"400\" alt=\"belle de cadix_affiche\" style=\"margin-right: 5px; float: left;\" srcset=\"https:\/\/wordpress.elsa18.fr\/wordpress.elsa18.fr\/wp-content\/uploads\/2019\/10\/operettes_labelledecadix2_belle-de-cadix_affiche.jpg 283w, https:\/\/wordpress.elsa18.fr\/wordpress.elsa18.fr\/wp-content\/uploads\/2019\/10\/operettes_labelledecadix2_belle-de-cadix_affiche-212x300.jpg 212w\" sizes=\"(max-width: 283px) 100vw, 283px\" \/>L&#8217;histoire :<\/strong><\/span><\/h3>\n<p>Carlos Medina, grande vedette de cin\u00e9ma, quitte la C\u00f4te d\u2019Azur pour aller tourner un film au sud de l\u2019Espagne au milieu des derni\u00e8res tribus gitanes qui gardent encore leurs traditions, leurs chants et leurs danses.&nbsp;Maria-Luisa, la plus belle des gitanes, est jalouse. Son fianc\u00e9 Ramirez s\u2019est fait engager comme guitariste dans la troupe. Jalouse et peut-\u00eatre d\u00e9j\u00e0 attir\u00e9e par Carlos, elle accepte de tenir le r\u00f4le de la Belle de Cadix dans le film en pr\u00e9paration. Une des sc\u00e8nes les plus importantes du film est la c\u00e9r\u00e9monie du mariage. Le figurant choisi \u00e9tant un v\u00e9ritable roi gitan, Carlos et Maria-Luisa se retrouvent r\u00e9ellement mari\u00e9s.<\/p>\n<p>Les deux jeunes gens s\u2019accusent mutuellement d\u2019\u00eatre responsable de la situation. Ils se disputent all\u00e8grement tout en jouant la com\u00e9die du grand amour devant leurs admirateurs attendris\u2026 Ils passeront la nuit ensemble\u2026 mais chacun dans une pi\u00e8ce s\u00e9par\u00e9e.&nbsp;Le lendemain, les prises de vues continuent. La jalousie de Ramirez et de Miss Hampton, fianc\u00e9e de Carlos, contribue \u00e0 semer la confusion la plus compl\u00e8te. On apprend alors que le roi gitan n\u2019\u00e9tait qu\u2019un imposteur. Le mariage est donc nul\u2026<br \/>Carlos part pour Cannes, Maria-Luisa reste \u00e0 Cadix. Miss Hampton a compris que Carlos et Maria-Luisa s\u2019aimaient d\u2019amour tendre&nbsp;; elle joue les bons offices et cette belle histoire peut se terminer par le happy end attendu du spectateur depuis 3 heures.<\/p>\n<\/p>\n<h3><\/h3>\n<p>\u266a&nbsp;<strong>AIRS C\u00c9L\u00c8BRES&nbsp;<\/strong>\u266b<\/p>\n<p>Ouverture (orchestre), \u00ab&nbsp;Chanter pour vous&nbsp;\u00bb (Carlos), \u00ab&nbsp;Les sentiers de la montagne (Maria-Luisa), \u00ab&nbsp;Pour toi, Pepita&nbsp;\u00bb (Peppa, Manillon), \u00ab&nbsp;Le clocher du village&nbsp;\u00bb (Carlos), \u00ab&nbsp;Rendez-vous sous la lune&nbsp;\u00bb (Carlos, Maria-Luisa), \u00ab&nbsp;La fiesta boh\u00e9mienne&nbsp;\u00bb (Carlos), \u00ab&nbsp;La belle de Cadix&nbsp;\u00bb (Carlos), La valse du mariage (Maria-Luisa), \u00ab&nbsp;D\u00e9sir&nbsp;\u00bb (Carlos), \u00ab&nbsp;Ma gitane, dis-moi Gi&nbsp;\u00bb (Manillon, Peppa), \u00ab&nbsp;Maria-Luisa&nbsp;\u00bb (Carlos), \u00ab&nbsp;Le coeur des femmes&nbsp;\u00bb (Ramirez), \u00ab&nbsp;Une nuit \u00e0 Grenade&nbsp;\u00bb (Carlos), Final (Carlos, Maria Luisa)<\/p>\n<h3><\/h3>\n<\/p>\n<p><span style=\"text-decoration: underline; color: #993300;\"><strong>Les dates<\/strong><\/span><\/p>\n<div><strong>R\u00e9servations&nbsp;<\/strong><strong>\u00e0 l&#8217;office de tourisme (02 48 96 16 86)&nbsp;\u00e0 partir du<\/strong><\/div>\n<div>-mardi 19 novembre pour les groupes de 10 personnes&nbsp;<\/div>\n<div>-mardi 28 janvier 2020 pour les individuels<\/div>\n<div><\/div>\n<div>\n<p>Spectacles les&nbsp;<strong>15\/16 et 22\/23 f\u00e9vrier 2020<\/strong><\/p>\n<p><strong><br \/><\/strong><\/p>\n<\/div>\n<div><\/div>\n<div><strong>Tarifs inchang\u00e9s :<\/strong><\/div>\n<div>-25 euros en bas<\/div>\n<div>-20 euros au balcon<\/div>\n<div>&#8211; tarif groupes 10 personnes&nbsp; : 23 euros<\/div>\n<div>&#8211; tarif enfant (- 12 ans) : 13 euros<\/div>\n","protected":false},"excerpt":{"rendered":"<p>La belle de Cadix Op\u00e9rette en 2 actes et 10 tableaux. Musique de Francis Lopez, livret de Marc Cab et Raymond Vincy. Cr\u00e9ation \u00e0 Paris, \u00e0 la Casino Montparnasse le &hellip;<\/p>\n<p class=\"read-more\"> <a class=\"\" href=\"https:\/\/wordpress.elsa18.fr\/wordpress.elsa18.fr\/index.php\/lhistoire-6\/\"> <span class=\"screen-reader-text\">L&#8217;histoire de La Belle de Cadix<\/span> Lire la suite\u00a0\u00bb<\/a><\/p>\n","protected":false},"author":1,"featured_media":18,"parent":0,"menu_order":2,"comment_status":"closed","ping_status":"closed","template":"","meta":{"site-sidebar-layout":"default","site-content-layout":"default","ast-global-header-display":"","ast-main-header-display":"","ast-hfb-above-header-display":"","ast-hfb-below-header-display":"","ast-hfb-mobile-header-display":"","site-post-title":"","ast-breadcrumbs-content":"","ast-featured-img":"","footer-sml-layout":"","theme-transparent-header-meta":"","adv-header-id-meta":"","stick-header-meta":"","header-above-stick-meta":"","header-main-stick-meta":"","header-below-stick-meta":"","footnotes":""},"class_list":["post-548","page","type-page","status-publish","has-post-thumbnail","hentry"],"yoast_head":"<!-- This site is optimized with the Yoast SEO plugin v27.3 - https:\/\/yoast.com\/product\/yoast-seo-wordpress\/ -->\n<title>L&#039;histoire de La Belle de Cadix - Elsa<\/title>\n<meta name=\"robots\" content=\"index, follow, max-snippet:-1, max-image-preview:large, max-video-preview:-1\" \/>\n<link rel=\"canonical\" href=\"https:\/\/wordpress.elsa18.fr\/wordpress.elsa18.fr\/index.php\/lhistoire-6\/\" \/>\n<meta property=\"og:locale\" content=\"fr_FR\" \/>\n<meta property=\"og:type\" content=\"article\" \/>\n<meta property=\"og:title\" content=\"L&#039;histoire de La Belle de Cadix - Elsa\" \/>\n<meta property=\"og:description\" content=\"La belle de Cadix Op\u00e9rette en 2 actes et 10 tableaux. Musique de Francis Lopez, livret de Marc Cab et Raymond Vincy. Cr\u00e9ation \u00e0 Paris, \u00e0 la Casino Montparnasse le &hellip; L&#8217;histoire de La Belle de Cadix Lire la suite\u00a0\u00bb\" \/>\n<meta property=\"og:url\" content=\"https:\/\/wordpress.elsa18.fr\/wordpress.elsa18.fr\/index.php\/lhistoire-6\/\" \/>\n<meta property=\"og:site_name\" content=\"Elsa\" \/>\n<meta property=\"article:publisher\" content=\"https:\/\/www.facebook.com\/ELSA-572253779530070\/\" \/>\n<meta property=\"article:modified_time\" content=\"2022-08-30T13:44:34+00:00\" \/>\n<meta property=\"og:image\" content=\"https:\/\/wordpress.elsa18.fr\/wordpress.elsa18.fr\/wp-content\/uploads\/2019\/10\/operettes_labelledecadix2_belle-de-cadix_affiche.jpg\" \/>\n\t<meta property=\"og:image:width\" content=\"283\" \/>\n\t<meta property=\"og:image:height\" content=\"400\" \/>\n\t<meta property=\"og:image:type\" content=\"image\/jpeg\" \/>\n<meta name=\"twitter:card\" content=\"summary_large_image\" \/>\n<meta name=\"twitter:label1\" content=\"Dur\u00e9e de lecture estim\u00e9e\" \/>\n\t<meta name=\"twitter:data1\" content=\"2 minutes\" \/>\n<script type=\"application\/ld+json\" class=\"yoast-schema-graph\">{\"@context\":\"https:\\\/\\\/schema.org\",\"@graph\":[{\"@type\":\"WebPage\",\"@id\":\"https:\\\/\\\/wordpress.elsa18.fr\\\/wordpress.elsa18.fr\\\/index.php\\\/lhistoire-6\\\/\",\"url\":\"https:\\\/\\\/wordpress.elsa18.fr\\\/wordpress.elsa18.fr\\\/index.php\\\/lhistoire-6\\\/\",\"name\":\"L'histoire de La Belle de Cadix - Elsa\",\"isPartOf\":{\"@id\":\"https:\\\/\\\/wordpress.elsa18.fr\\\/wordpress.elsa18.fr\\\/#website\"},\"primaryImageOfPage\":{\"@id\":\"https:\\\/\\\/wordpress.elsa18.fr\\\/wordpress.elsa18.fr\\\/index.php\\\/lhistoire-6\\\/#primaryimage\"},\"image\":{\"@id\":\"https:\\\/\\\/wordpress.elsa18.fr\\\/wordpress.elsa18.fr\\\/index.php\\\/lhistoire-6\\\/#primaryimage\"},\"thumbnailUrl\":\"https:\\\/\\\/wordpress.elsa18.fr\\\/wordpress.elsa18.fr\\\/wp-content\\\/uploads\\\/2019\\\/10\\\/operettes_labelledecadix2_belle-de-cadix_affiche.jpg\",\"datePublished\":\"2019-10-16T13:19:08+00:00\",\"dateModified\":\"2022-08-30T13:44:34+00:00\",\"breadcrumb\":{\"@id\":\"https:\\\/\\\/wordpress.elsa18.fr\\\/wordpress.elsa18.fr\\\/index.php\\\/lhistoire-6\\\/#breadcrumb\"},\"inLanguage\":\"fr-FR\",\"potentialAction\":[{\"@type\":\"ReadAction\",\"target\":[\"https:\\\/\\\/wordpress.elsa18.fr\\\/wordpress.elsa18.fr\\\/index.php\\\/lhistoire-6\\\/\"]}]},{\"@type\":\"ImageObject\",\"inLanguage\":\"fr-FR\",\"@id\":\"https:\\\/\\\/wordpress.elsa18.fr\\\/wordpress.elsa18.fr\\\/index.php\\\/lhistoire-6\\\/#primaryimage\",\"url\":\"https:\\\/\\\/wordpress.elsa18.fr\\\/wordpress.elsa18.fr\\\/wp-content\\\/uploads\\\/2019\\\/10\\\/operettes_labelledecadix2_belle-de-cadix_affiche.jpg\",\"contentUrl\":\"https:\\\/\\\/wordpress.elsa18.fr\\\/wordpress.elsa18.fr\\\/wp-content\\\/uploads\\\/2019\\\/10\\\/operettes_labelledecadix2_belle-de-cadix_affiche.jpg\",\"width\":283,\"height\":400,\"caption\":\"belle de cadix_affiche\"},{\"@type\":\"BreadcrumbList\",\"@id\":\"https:\\\/\\\/wordpress.elsa18.fr\\\/wordpress.elsa18.fr\\\/index.php\\\/lhistoire-6\\\/#breadcrumb\",\"itemListElement\":[{\"@type\":\"ListItem\",\"position\":1,\"name\":\"Accueil\",\"item\":\"https:\\\/\\\/wordpress.elsa18.fr\\\/wordpress.elsa18.fr\\\/\"},{\"@type\":\"ListItem\",\"position\":2,\"name\":\"L&rsquo;histoire de La Belle de Cadix\"}]},{\"@type\":\"WebSite\",\"@id\":\"https:\\\/\\\/wordpress.elsa18.fr\\\/wordpress.elsa18.fr\\\/#website\",\"url\":\"https:\\\/\\\/wordpress.elsa18.fr\\\/wordpress.elsa18.fr\\\/\",\"name\":\"Elsa\",\"description\":\"Espoir Lyrique Saint Amandois\",\"publisher\":{\"@id\":\"https:\\\/\\\/wordpress.elsa18.fr\\\/wordpress.elsa18.fr\\\/#organization\"},\"potentialAction\":[{\"@type\":\"SearchAction\",\"target\":{\"@type\":\"EntryPoint\",\"urlTemplate\":\"https:\\\/\\\/wordpress.elsa18.fr\\\/wordpress.elsa18.fr\\\/?s={search_term_string}\"},\"query-input\":{\"@type\":\"PropertyValueSpecification\",\"valueRequired\":true,\"valueName\":\"search_term_string\"}}],\"inLanguage\":\"fr-FR\"},{\"@type\":\"Organization\",\"@id\":\"https:\\\/\\\/wordpress.elsa18.fr\\\/wordpress.elsa18.fr\\\/#organization\",\"name\":\"Elsa\",\"url\":\"https:\\\/\\\/wordpress.elsa18.fr\\\/wordpress.elsa18.fr\\\/\",\"logo\":{\"@type\":\"ImageObject\",\"inLanguage\":\"fr-FR\",\"@id\":\"https:\\\/\\\/wordpress.elsa18.fr\\\/wordpress.elsa18.fr\\\/#\\\/schema\\\/logo\\\/image\\\/\",\"url\":\"https:\\\/\\\/wordpress.elsa18.fr\\\/wordpress.elsa18.fr\\\/wp-content\\\/uploads\\\/2022\\\/07\\\/cropped-ELSA-LOGO_Plan-de-travail-1_Plan-de-travail-1_Plan-de-travail-1_Plan-de-travail-1.png\",\"contentUrl\":\"https:\\\/\\\/wordpress.elsa18.fr\\\/wordpress.elsa18.fr\\\/wp-content\\\/uploads\\\/2022\\\/07\\\/cropped-ELSA-LOGO_Plan-de-travail-1_Plan-de-travail-1_Plan-de-travail-1_Plan-de-travail-1.png\",\"width\":2084,\"height\":2084,\"caption\":\"Elsa\"},\"image\":{\"@id\":\"https:\\\/\\\/wordpress.elsa18.fr\\\/wordpress.elsa18.fr\\\/#\\\/schema\\\/logo\\\/image\\\/\"},\"sameAs\":[\"https:\\\/\\\/www.facebook.com\\\/ELSA-572253779530070\\\/\",\"https:\\\/\\\/www.instagram.com\\\/espoir_lyrique_saint_amandois\\\/?hl=fr\"]}]}<\/script>\n<!-- \/ Yoast SEO plugin. -->","yoast_head_json":{"title":"L'histoire de La Belle de Cadix - Elsa","robots":{"index":"index","follow":"follow","max-snippet":"max-snippet:-1","max-image-preview":"max-image-preview:large","max-video-preview":"max-video-preview:-1"},"canonical":"https:\/\/wordpress.elsa18.fr\/wordpress.elsa18.fr\/index.php\/lhistoire-6\/","og_locale":"fr_FR","og_type":"article","og_title":"L'histoire de La Belle de Cadix - Elsa","og_description":"La belle de Cadix Op\u00e9rette en 2 actes et 10 tableaux. Musique de Francis Lopez, livret de Marc Cab et Raymond Vincy. Cr\u00e9ation \u00e0 Paris, \u00e0 la Casino Montparnasse le &hellip; L&#8217;histoire de La Belle de Cadix Lire la suite\u00a0\u00bb","og_url":"https:\/\/wordpress.elsa18.fr\/wordpress.elsa18.fr\/index.php\/lhistoire-6\/","og_site_name":"Elsa","article_publisher":"https:\/\/www.facebook.com\/ELSA-572253779530070\/","article_modified_time":"2022-08-30T13:44:34+00:00","og_image":[{"width":283,"height":400,"url":"https:\/\/wordpress.elsa18.fr\/wordpress.elsa18.fr\/wp-content\/uploads\/2019\/10\/operettes_labelledecadix2_belle-de-cadix_affiche.jpg","type":"image\/jpeg"}],"twitter_card":"summary_large_image","twitter_misc":{"Dur\u00e9e de lecture estim\u00e9e":"2 minutes"},"schema":{"@context":"https:\/\/schema.org","@graph":[{"@type":"WebPage","@id":"https:\/\/wordpress.elsa18.fr\/wordpress.elsa18.fr\/index.php\/lhistoire-6\/","url":"https:\/\/wordpress.elsa18.fr\/wordpress.elsa18.fr\/index.php\/lhistoire-6\/","name":"L'histoire de La Belle de Cadix - Elsa","isPartOf":{"@id":"https:\/\/wordpress.elsa18.fr\/wordpress.elsa18.fr\/#website"},"primaryImageOfPage":{"@id":"https:\/\/wordpress.elsa18.fr\/wordpress.elsa18.fr\/index.php\/lhistoire-6\/#primaryimage"},"image":{"@id":"https:\/\/wordpress.elsa18.fr\/wordpress.elsa18.fr\/index.php\/lhistoire-6\/#primaryimage"},"thumbnailUrl":"https:\/\/wordpress.elsa18.fr\/wordpress.elsa18.fr\/wp-content\/uploads\/2019\/10\/operettes_labelledecadix2_belle-de-cadix_affiche.jpg","datePublished":"2019-10-16T13:19:08+00:00","dateModified":"2022-08-30T13:44:34+00:00","breadcrumb":{"@id":"https:\/\/wordpress.elsa18.fr\/wordpress.elsa18.fr\/index.php\/lhistoire-6\/#breadcrumb"},"inLanguage":"fr-FR","potentialAction":[{"@type":"ReadAction","target":["https:\/\/wordpress.elsa18.fr\/wordpress.elsa18.fr\/index.php\/lhistoire-6\/"]}]},{"@type":"ImageObject","inLanguage":"fr-FR","@id":"https:\/\/wordpress.elsa18.fr\/wordpress.elsa18.fr\/index.php\/lhistoire-6\/#primaryimage","url":"https:\/\/wordpress.elsa18.fr\/wordpress.elsa18.fr\/wp-content\/uploads\/2019\/10\/operettes_labelledecadix2_belle-de-cadix_affiche.jpg","contentUrl":"https:\/\/wordpress.elsa18.fr\/wordpress.elsa18.fr\/wp-content\/uploads\/2019\/10\/operettes_labelledecadix2_belle-de-cadix_affiche.jpg","width":283,"height":400,"caption":"belle de cadix_affiche"},{"@type":"BreadcrumbList","@id":"https:\/\/wordpress.elsa18.fr\/wordpress.elsa18.fr\/index.php\/lhistoire-6\/#breadcrumb","itemListElement":[{"@type":"ListItem","position":1,"name":"Accueil","item":"https:\/\/wordpress.elsa18.fr\/wordpress.elsa18.fr\/"},{"@type":"ListItem","position":2,"name":"L&rsquo;histoire de La Belle de Cadix"}]},{"@type":"WebSite","@id":"https:\/\/wordpress.elsa18.fr\/wordpress.elsa18.fr\/#website","url":"https:\/\/wordpress.elsa18.fr\/wordpress.elsa18.fr\/","name":"Elsa","description":"Espoir Lyrique Saint Amandois","publisher":{"@id":"https:\/\/wordpress.elsa18.fr\/wordpress.elsa18.fr\/#organization"},"potentialAction":[{"@type":"SearchAction","target":{"@type":"EntryPoint","urlTemplate":"https:\/\/wordpress.elsa18.fr\/wordpress.elsa18.fr\/?s={search_term_string}"},"query-input":{"@type":"PropertyValueSpecification","valueRequired":true,"valueName":"search_term_string"}}],"inLanguage":"fr-FR"},{"@type":"Organization","@id":"https:\/\/wordpress.elsa18.fr\/wordpress.elsa18.fr\/#organization","name":"Elsa","url":"https:\/\/wordpress.elsa18.fr\/wordpress.elsa18.fr\/","logo":{"@type":"ImageObject","inLanguage":"fr-FR","@id":"https:\/\/wordpress.elsa18.fr\/wordpress.elsa18.fr\/#\/schema\/logo\/image\/","url":"https:\/\/wordpress.elsa18.fr\/wordpress.elsa18.fr\/wp-content\/uploads\/2022\/07\/cropped-ELSA-LOGO_Plan-de-travail-1_Plan-de-travail-1_Plan-de-travail-1_Plan-de-travail-1.png","contentUrl":"https:\/\/wordpress.elsa18.fr\/wordpress.elsa18.fr\/wp-content\/uploads\/2022\/07\/cropped-ELSA-LOGO_Plan-de-travail-1_Plan-de-travail-1_Plan-de-travail-1_Plan-de-travail-1.png","width":2084,"height":2084,"caption":"Elsa"},"image":{"@id":"https:\/\/wordpress.elsa18.fr\/wordpress.elsa18.fr\/#\/schema\/logo\/image\/"},"sameAs":["https:\/\/www.facebook.com\/ELSA-572253779530070\/","https:\/\/www.instagram.com\/espoir_lyrique_saint_amandois\/?hl=fr"]}]}},"_links":{"self":[{"href":"https:\/\/wordpress.elsa18.fr\/wordpress.elsa18.fr\/index.php\/wp-json\/wp\/v2\/pages\/548","targetHints":{"allow":["GET"]}}],"collection":[{"href":"https:\/\/wordpress.elsa18.fr\/wordpress.elsa18.fr\/index.php\/wp-json\/wp\/v2\/pages"}],"about":[{"href":"https:\/\/wordpress.elsa18.fr\/wordpress.elsa18.fr\/index.php\/wp-json\/wp\/v2\/types\/page"}],"author":[{"embeddable":true,"href":"https:\/\/wordpress.elsa18.fr\/wordpress.elsa18.fr\/index.php\/wp-json\/wp\/v2\/users\/1"}],"replies":[{"embeddable":true,"href":"https:\/\/wordpress.elsa18.fr\/wordpress.elsa18.fr\/index.php\/wp-json\/wp\/v2\/comments?post=548"}],"version-history":[{"count":1,"href":"https:\/\/wordpress.elsa18.fr\/wordpress.elsa18.fr\/index.php\/wp-json\/wp\/v2\/pages\/548\/revisions"}],"predecessor-version":[{"id":823,"href":"https:\/\/wordpress.elsa18.fr\/wordpress.elsa18.fr\/index.php\/wp-json\/wp\/v2\/pages\/548\/revisions\/823"}],"wp:featuredmedia":[{"embeddable":true,"href":"https:\/\/wordpress.elsa18.fr\/wordpress.elsa18.fr\/index.php\/wp-json\/wp\/v2\/media\/18"}],"wp:attachment":[{"href":"https:\/\/wordpress.elsa18.fr\/wordpress.elsa18.fr\/index.php\/wp-json\/wp\/v2\/media?parent=548"}],"curies":[{"name":"wp","href":"https:\/\/api.w.org\/{rel}","templated":true}]}}