{"id":88,"date":"2009-09-08T22:08:16","date_gmt":"2009-09-08T20:08:16","guid":{"rendered":"http:\/\/wordpress.elsa18.fr\/index.php\/description-12\/"},"modified":"2022-08-30T15:37:48","modified_gmt":"2022-08-30T13:37:48","slug":"description-12","status":"publish","type":"page","link":"https:\/\/wordpress.elsa18.fr\/wordpress.elsa18.fr\/index.php\/description-12\/","title":{"rendered":"Description de La Mascotte"},"content":{"rendered":"<p style=\"text-align: center;\">\u00a0<\/p>\n<p style=\"text-align: center;\"><strong>La mascotte<\/strong><\/p>\n<p>\u00a0<\/p>\n<p>Bettina, gardeuse de dindons, est une mascotte. Autrement dit, elle apportera \u00e0 son ma\u00eetre bonheur et r\u00e9ussite tant qu\u2019elle restera chaste et pure. Elle ignore ses dons, sa pr\u00e9occupation actuelle \u00e9tant son prochain mariage avec le berger Pippo, dont le ma\u00eetre, Rocco, est connu aux alentours pour la &#8221;\u00a0guigne\u00a0&#8221; qui le poursuit sans rel\u00e2che.  Bettina est c\u00e9d\u00e9e \u00e0 Rocco, mais celui-ci n\u2019a gu\u00e8re le temps de profiter de ses dons. En effet, le Prince Laurent XVII, autre grand malchanceux, s\u2019arr\u00eate \u00e0 la ferme pour se rafra\u00eechir, en compagnie de sa fille Fiametta et de son futur gendre Fritellini. Surprenant par hasard le secret de la jeune fille, il s\u2019empresse de lui inventer de nobles a\u00efeux et l\u2019emm\u00e8ne \u00e0 sa Cour.  Depuis que Bettina est au Palais, la prosp\u00e9rit\u00e9 est revenue dans les \u00e9tats du Prince. L\u2019ex-gardeuse de dindons est entour\u00e9e de tant de pr\u00e9venances qu\u2019elle passe bient\u00f4t pour la ma\u00eetresse du souverain. Ce dernier, qui s\u2019inqui\u00e8te pour l\u2019avenir, envisage s\u00e9rieusement d\u2019\u00e9pouser sa mascotte, mariage blanc, bien entendu.  Pippo, d\u00e9guis\u00e9 en baladin, accourt pour retrouver son amoureuse. Reconnu, il est jet\u00e9 en prison o\u00f9 il re\u00e7oit la visite de Fiametta. Celle-ci, qui avait \u00e9t\u00e9 impressionn\u00e9e \u00e0 la ferme par la belle allure du berger, se laisserait volontiers conter fleurette par lui. Elle r\u00e9ussit \u00e0 le rendre jaloux de Bettina et \u00e0 se faire surprendre dans ses bras par Laurent XVII et les courtisans.  Scandale \u00e0 la Cour\u00a0! Le Prince r\u00e9agit avec une efficacit\u00e9 \u00e9ph\u00e9m\u00e8re\u00a0: Pippo est anobli et \u00e9pousera Fiametta. Bettina, rendue \u00e0 son tour jalouse, accepte d\u2019accorder sa main au vieux monarque. Fritellini, cong\u00e9di\u00e9, quitte le Palais en prof\u00e9rant des menaces.  Au moment o\u00f9 la double union va se concr\u00e9tiser, Pippo et Bettina comprennent qu\u2019on se joue d\u2019eux. Ils s\u2019enfuient par une fen\u00eatre&#8230;  Rien ne va plus pour Laurent. \u00c0 la t\u00eate de son arm\u00e9e, Fritellini lui inflige d\u00e9faite sur d\u00e9faite. Il est vrai que Pippo et Bettina ont rejoint ses rangs.  Laurent et Fiametta se sont enfuis du Palais, d\u00e9guis\u00e9s en mendiants. Ils arrivent aux abords du camp de Fritellini \u00e0 l\u2019instant o\u00f9 l\u2019on c\u00e9l\u00e8bre le mariage du capitaine Pippo et de Bettina. Le Prince r\u00e9v\u00e8le \u00e0 Pippo les dons de son \u00e9pouse et tente de le convaincre de ne pas consommer le mariage. Rocco, pour se venger du souverain d\u00e9chu, le pousse au contraire \u00e0 rejoindre sa femme. Pippo h\u00e9site, h\u00e9site&#8230; mais l\u2019amour l\u2019emporte et Bettina perd bient\u00f4t&#8230; ses dons.  Les fugitifs sont reconnus et arr\u00eat\u00e9s. Fiametta est si belle sous ses haillons et Fritellini \u00e0 si grande allure dans son bel uniforme, que les deux anciens fianc\u00e9s se r\u00e9concilient s\u00e9ance tenante.  L\u2019all\u00e9gresse devient g\u00e9n\u00e9rale lorsqu\u2019on apprend que la &#8221;\u00a0mascotterie\u00a0&#8221; est h\u00e9r\u00e9ditaire.<\/p>\n<p>\u00a0<\/p>\n<p style=\"text-align: center;\"><strong>~~~<br \/><\/strong><\/p>\n<p style=\"text-align: center;\"><strong><br \/><\/strong><\/p>\n<div style=\"text-align: center;\"><span style=\"text-decoration: underline;\"><strong><span style=\"font-family: Arial; font-size: x-small;\">La Mascotte<\/span><\/strong><\/span><\/div>\n<p><span style=\"font-family: Arial; font-size: x-small;\"> <br \/> Op\u00e9ra-comique en 3 actes de Henri Chivot et Alfred Duru<\/span><\/p>\n<p><span style=\"font-family: Arial; font-size: x-small;\">Musique de Edmond Audran. <\/span><\/p>\n<p><span style=\"font-family: Arial; font-size: x-small;\">Cr\u00e9ation \u00e0 Paris, th\u00e9\u00e2tre des Bouffes-Parisiens le 29 (ou le 30) d\u00e9cembre 1880 <\/span><\/p>\n<p>\u00a0<\/p>\n<p><img fetchpriority=\"high\" decoding=\"async\" class=\" size-full wp-image-87\" src=\"http:\/\/wordpress.elsa18.fr\/wordpress.elsa18.fr\/wp-content\/uploads\/2009\/09\/operettes_1997-La-Mascotte-3.jpg\" width=\"659\" height=\"468\" srcset=\"https:\/\/wordpress.elsa18.fr\/wordpress.elsa18.fr\/wp-content\/uploads\/2009\/09\/operettes_1997-La-Mascotte-3.jpg 1118w, https:\/\/wordpress.elsa18.fr\/wordpress.elsa18.fr\/wp-content\/uploads\/2009\/09\/operettes_1997-La-Mascotte-3-300x213.jpg 300w, https:\/\/wordpress.elsa18.fr\/wordpress.elsa18.fr\/wp-content\/uploads\/2009\/09\/operettes_1997-La-Mascotte-3-1024x727.jpg 1024w, https:\/\/wordpress.elsa18.fr\/wordpress.elsa18.fr\/wp-content\/uploads\/2009\/09\/operettes_1997-La-Mascotte-3-768x545.jpg 768w\" sizes=\"(max-width: 659px) 100vw, 659px\" \/><\/p>\n","protected":false},"excerpt":{"rendered":"<p>\u00a0 La mascotte \u00a0 Bettina, gardeuse de dindons, est une mascotte. Autrement dit, elle apportera \u00e0 son ma\u00eetre bonheur et r\u00e9ussite tant qu\u2019elle restera chaste et pure. Elle ignore ses &hellip;<\/p>\n<p class=\"read-more\"> <a class=\"\" href=\"https:\/\/wordpress.elsa18.fr\/wordpress.elsa18.fr\/index.php\/description-12\/\"> <span class=\"screen-reader-text\">Description de La Mascotte<\/span> Lire la suite\u00a0\u00bb<\/a><\/p>\n","protected":false},"author":1,"featured_media":87,"parent":0,"menu_order":2,"comment_status":"closed","ping_status":"closed","template":"","meta":{"site-sidebar-layout":"default","site-content-layout":"default","ast-global-header-display":"","ast-main-header-display":"","ast-hfb-above-header-display":"","ast-hfb-below-header-display":"","ast-hfb-mobile-header-display":"","site-post-title":"","ast-breadcrumbs-content":"","ast-featured-img":"","footer-sml-layout":"","theme-transparent-header-meta":"","adv-header-id-meta":"","stick-header-meta":"","header-above-stick-meta":"","header-main-stick-meta":"","header-below-stick-meta":"","footnotes":""},"class_list":["post-88","page","type-page","status-publish","has-post-thumbnail","hentry"],"yoast_head":"<!-- This site is optimized with the Yoast SEO plugin v27.4 - https:\/\/yoast.com\/product\/yoast-seo-wordpress\/ -->\n<title>Description de La Mascotte - Elsa<\/title>\n<meta name=\"robots\" content=\"index, follow, max-snippet:-1, max-image-preview:large, max-video-preview:-1\" \/>\n<link rel=\"canonical\" href=\"https:\/\/wordpress.elsa18.fr\/wordpress.elsa18.fr\/index.php\/description-12\/\" \/>\n<meta property=\"og:locale\" content=\"fr_FR\" \/>\n<meta property=\"og:type\" content=\"article\" \/>\n<meta property=\"og:title\" content=\"Description de La Mascotte - Elsa\" \/>\n<meta property=\"og:description\" content=\"\u00a0 La mascotte \u00a0 Bettina, gardeuse de dindons, est une mascotte. Autrement dit, elle apportera \u00e0 son ma\u00eetre bonheur et r\u00e9ussite tant qu\u2019elle restera chaste et pure. Elle ignore ses &hellip; Description de La Mascotte Lire la suite\u00a0\u00bb\" \/>\n<meta property=\"og:url\" content=\"https:\/\/wordpress.elsa18.fr\/wordpress.elsa18.fr\/index.php\/description-12\/\" \/>\n<meta property=\"og:site_name\" content=\"Elsa\" \/>\n<meta property=\"article:publisher\" content=\"https:\/\/www.facebook.com\/ELSA-572253779530070\/\" \/>\n<meta property=\"article:modified_time\" content=\"2022-08-30T13:37:48+00:00\" \/>\n<meta property=\"og:image\" content=\"https:\/\/wordpress.elsa18.fr\/wordpress.elsa18.fr\/wp-content\/uploads\/2009\/09\/operettes_1997-La-Mascotte-3.jpg\" \/>\n\t<meta property=\"og:image:width\" content=\"1118\" \/>\n\t<meta property=\"og:image:height\" content=\"794\" \/>\n\t<meta property=\"og:image:type\" content=\"image\/jpeg\" \/>\n<meta name=\"twitter:card\" content=\"summary_large_image\" \/>\n<meta name=\"twitter:label1\" content=\"Dur\u00e9e de lecture estim\u00e9e\" \/>\n\t<meta name=\"twitter:data1\" content=\"3 minutes\" \/>\n<script type=\"application\/ld+json\" class=\"yoast-schema-graph\">{\"@context\":\"https:\\\/\\\/schema.org\",\"@graph\":[{\"@type\":\"WebPage\",\"@id\":\"https:\\\/\\\/wordpress.elsa18.fr\\\/wordpress.elsa18.fr\\\/index.php\\\/description-12\\\/\",\"url\":\"https:\\\/\\\/wordpress.elsa18.fr\\\/wordpress.elsa18.fr\\\/index.php\\\/description-12\\\/\",\"name\":\"Description de La Mascotte - Elsa\",\"isPartOf\":{\"@id\":\"https:\\\/\\\/wordpress.elsa18.fr\\\/wordpress.elsa18.fr\\\/#website\"},\"primaryImageOfPage\":{\"@id\":\"https:\\\/\\\/wordpress.elsa18.fr\\\/wordpress.elsa18.fr\\\/index.php\\\/description-12\\\/#primaryimage\"},\"image\":{\"@id\":\"https:\\\/\\\/wordpress.elsa18.fr\\\/wordpress.elsa18.fr\\\/index.php\\\/description-12\\\/#primaryimage\"},\"thumbnailUrl\":\"https:\\\/\\\/wordpress.elsa18.fr\\\/wordpress.elsa18.fr\\\/wp-content\\\/uploads\\\/2009\\\/09\\\/operettes_1997-La-Mascotte-3.jpg\",\"datePublished\":\"2009-09-08T20:08:16+00:00\",\"dateModified\":\"2022-08-30T13:37:48+00:00\",\"breadcrumb\":{\"@id\":\"https:\\\/\\\/wordpress.elsa18.fr\\\/wordpress.elsa18.fr\\\/index.php\\\/description-12\\\/#breadcrumb\"},\"inLanguage\":\"fr-FR\",\"potentialAction\":[{\"@type\":\"ReadAction\",\"target\":[\"https:\\\/\\\/wordpress.elsa18.fr\\\/wordpress.elsa18.fr\\\/index.php\\\/description-12\\\/\"]}]},{\"@type\":\"ImageObject\",\"inLanguage\":\"fr-FR\",\"@id\":\"https:\\\/\\\/wordpress.elsa18.fr\\\/wordpress.elsa18.fr\\\/index.php\\\/description-12\\\/#primaryimage\",\"url\":\"https:\\\/\\\/wordpress.elsa18.fr\\\/wordpress.elsa18.fr\\\/wp-content\\\/uploads\\\/2009\\\/09\\\/operettes_1997-La-Mascotte-3.jpg\",\"contentUrl\":\"https:\\\/\\\/wordpress.elsa18.fr\\\/wordpress.elsa18.fr\\\/wp-content\\\/uploads\\\/2009\\\/09\\\/operettes_1997-La-Mascotte-3.jpg\",\"width\":1118,\"height\":794},{\"@type\":\"BreadcrumbList\",\"@id\":\"https:\\\/\\\/wordpress.elsa18.fr\\\/wordpress.elsa18.fr\\\/index.php\\\/description-12\\\/#breadcrumb\",\"itemListElement\":[{\"@type\":\"ListItem\",\"position\":1,\"name\":\"Accueil\",\"item\":\"https:\\\/\\\/wordpress.elsa18.fr\\\/wordpress.elsa18.fr\\\/\"},{\"@type\":\"ListItem\",\"position\":2,\"name\":\"Description de La Mascotte\"}]},{\"@type\":\"WebSite\",\"@id\":\"https:\\\/\\\/wordpress.elsa18.fr\\\/wordpress.elsa18.fr\\\/#website\",\"url\":\"https:\\\/\\\/wordpress.elsa18.fr\\\/wordpress.elsa18.fr\\\/\",\"name\":\"Elsa\",\"description\":\"Espoir Lyrique Saint Amandois\",\"publisher\":{\"@id\":\"https:\\\/\\\/wordpress.elsa18.fr\\\/wordpress.elsa18.fr\\\/#organization\"},\"potentialAction\":[{\"@type\":\"SearchAction\",\"target\":{\"@type\":\"EntryPoint\",\"urlTemplate\":\"https:\\\/\\\/wordpress.elsa18.fr\\\/wordpress.elsa18.fr\\\/?s={search_term_string}\"},\"query-input\":{\"@type\":\"PropertyValueSpecification\",\"valueRequired\":true,\"valueName\":\"search_term_string\"}}],\"inLanguage\":\"fr-FR\"},{\"@type\":\"Organization\",\"@id\":\"https:\\\/\\\/wordpress.elsa18.fr\\\/wordpress.elsa18.fr\\\/#organization\",\"name\":\"Elsa\",\"url\":\"https:\\\/\\\/wordpress.elsa18.fr\\\/wordpress.elsa18.fr\\\/\",\"logo\":{\"@type\":\"ImageObject\",\"inLanguage\":\"fr-FR\",\"@id\":\"https:\\\/\\\/wordpress.elsa18.fr\\\/wordpress.elsa18.fr\\\/#\\\/schema\\\/logo\\\/image\\\/\",\"url\":\"https:\\\/\\\/wordpress.elsa18.fr\\\/wordpress.elsa18.fr\\\/wp-content\\\/uploads\\\/2022\\\/07\\\/cropped-ELSA-LOGO_Plan-de-travail-1_Plan-de-travail-1_Plan-de-travail-1_Plan-de-travail-1.png\",\"contentUrl\":\"https:\\\/\\\/wordpress.elsa18.fr\\\/wordpress.elsa18.fr\\\/wp-content\\\/uploads\\\/2022\\\/07\\\/cropped-ELSA-LOGO_Plan-de-travail-1_Plan-de-travail-1_Plan-de-travail-1_Plan-de-travail-1.png\",\"width\":2084,\"height\":2084,\"caption\":\"Elsa\"},\"image\":{\"@id\":\"https:\\\/\\\/wordpress.elsa18.fr\\\/wordpress.elsa18.fr\\\/#\\\/schema\\\/logo\\\/image\\\/\"},\"sameAs\":[\"https:\\\/\\\/www.facebook.com\\\/ELSA-572253779530070\\\/\",\"https:\\\/\\\/www.instagram.com\\\/espoir_lyrique_saint_amandois\\\/?hl=fr\"]}]}<\/script>\n<!-- \/ Yoast SEO plugin. -->","yoast_head_json":{"title":"Description de La Mascotte - Elsa","robots":{"index":"index","follow":"follow","max-snippet":"max-snippet:-1","max-image-preview":"max-image-preview:large","max-video-preview":"max-video-preview:-1"},"canonical":"https:\/\/wordpress.elsa18.fr\/wordpress.elsa18.fr\/index.php\/description-12\/","og_locale":"fr_FR","og_type":"article","og_title":"Description de La Mascotte - Elsa","og_description":"\u00a0 La mascotte \u00a0 Bettina, gardeuse de dindons, est une mascotte. Autrement dit, elle apportera \u00e0 son ma\u00eetre bonheur et r\u00e9ussite tant qu\u2019elle restera chaste et pure. Elle ignore ses &hellip; Description de La Mascotte Lire la suite\u00a0\u00bb","og_url":"https:\/\/wordpress.elsa18.fr\/wordpress.elsa18.fr\/index.php\/description-12\/","og_site_name":"Elsa","article_publisher":"https:\/\/www.facebook.com\/ELSA-572253779530070\/","article_modified_time":"2022-08-30T13:37:48+00:00","og_image":[{"width":1118,"height":794,"url":"https:\/\/wordpress.elsa18.fr\/wordpress.elsa18.fr\/wp-content\/uploads\/2009\/09\/operettes_1997-La-Mascotte-3.jpg","type":"image\/jpeg"}],"twitter_card":"summary_large_image","twitter_misc":{"Dur\u00e9e de lecture estim\u00e9e":"3 minutes"},"schema":{"@context":"https:\/\/schema.org","@graph":[{"@type":"WebPage","@id":"https:\/\/wordpress.elsa18.fr\/wordpress.elsa18.fr\/index.php\/description-12\/","url":"https:\/\/wordpress.elsa18.fr\/wordpress.elsa18.fr\/index.php\/description-12\/","name":"Description de La Mascotte - Elsa","isPartOf":{"@id":"https:\/\/wordpress.elsa18.fr\/wordpress.elsa18.fr\/#website"},"primaryImageOfPage":{"@id":"https:\/\/wordpress.elsa18.fr\/wordpress.elsa18.fr\/index.php\/description-12\/#primaryimage"},"image":{"@id":"https:\/\/wordpress.elsa18.fr\/wordpress.elsa18.fr\/index.php\/description-12\/#primaryimage"},"thumbnailUrl":"https:\/\/wordpress.elsa18.fr\/wordpress.elsa18.fr\/wp-content\/uploads\/2009\/09\/operettes_1997-La-Mascotte-3.jpg","datePublished":"2009-09-08T20:08:16+00:00","dateModified":"2022-08-30T13:37:48+00:00","breadcrumb":{"@id":"https:\/\/wordpress.elsa18.fr\/wordpress.elsa18.fr\/index.php\/description-12\/#breadcrumb"},"inLanguage":"fr-FR","potentialAction":[{"@type":"ReadAction","target":["https:\/\/wordpress.elsa18.fr\/wordpress.elsa18.fr\/index.php\/description-12\/"]}]},{"@type":"ImageObject","inLanguage":"fr-FR","@id":"https:\/\/wordpress.elsa18.fr\/wordpress.elsa18.fr\/index.php\/description-12\/#primaryimage","url":"https:\/\/wordpress.elsa18.fr\/wordpress.elsa18.fr\/wp-content\/uploads\/2009\/09\/operettes_1997-La-Mascotte-3.jpg","contentUrl":"https:\/\/wordpress.elsa18.fr\/wordpress.elsa18.fr\/wp-content\/uploads\/2009\/09\/operettes_1997-La-Mascotte-3.jpg","width":1118,"height":794},{"@type":"BreadcrumbList","@id":"https:\/\/wordpress.elsa18.fr\/wordpress.elsa18.fr\/index.php\/description-12\/#breadcrumb","itemListElement":[{"@type":"ListItem","position":1,"name":"Accueil","item":"https:\/\/wordpress.elsa18.fr\/wordpress.elsa18.fr\/"},{"@type":"ListItem","position":2,"name":"Description de La Mascotte"}]},{"@type":"WebSite","@id":"https:\/\/wordpress.elsa18.fr\/wordpress.elsa18.fr\/#website","url":"https:\/\/wordpress.elsa18.fr\/wordpress.elsa18.fr\/","name":"Elsa","description":"Espoir Lyrique Saint Amandois","publisher":{"@id":"https:\/\/wordpress.elsa18.fr\/wordpress.elsa18.fr\/#organization"},"potentialAction":[{"@type":"SearchAction","target":{"@type":"EntryPoint","urlTemplate":"https:\/\/wordpress.elsa18.fr\/wordpress.elsa18.fr\/?s={search_term_string}"},"query-input":{"@type":"PropertyValueSpecification","valueRequired":true,"valueName":"search_term_string"}}],"inLanguage":"fr-FR"},{"@type":"Organization","@id":"https:\/\/wordpress.elsa18.fr\/wordpress.elsa18.fr\/#organization","name":"Elsa","url":"https:\/\/wordpress.elsa18.fr\/wordpress.elsa18.fr\/","logo":{"@type":"ImageObject","inLanguage":"fr-FR","@id":"https:\/\/wordpress.elsa18.fr\/wordpress.elsa18.fr\/#\/schema\/logo\/image\/","url":"https:\/\/wordpress.elsa18.fr\/wordpress.elsa18.fr\/wp-content\/uploads\/2022\/07\/cropped-ELSA-LOGO_Plan-de-travail-1_Plan-de-travail-1_Plan-de-travail-1_Plan-de-travail-1.png","contentUrl":"https:\/\/wordpress.elsa18.fr\/wordpress.elsa18.fr\/wp-content\/uploads\/2022\/07\/cropped-ELSA-LOGO_Plan-de-travail-1_Plan-de-travail-1_Plan-de-travail-1_Plan-de-travail-1.png","width":2084,"height":2084,"caption":"Elsa"},"image":{"@id":"https:\/\/wordpress.elsa18.fr\/wordpress.elsa18.fr\/#\/schema\/logo\/image\/"},"sameAs":["https:\/\/www.facebook.com\/ELSA-572253779530070\/","https:\/\/www.instagram.com\/espoir_lyrique_saint_amandois\/?hl=fr"]}]}},"_links":{"self":[{"href":"https:\/\/wordpress.elsa18.fr\/wordpress.elsa18.fr\/index.php\/wp-json\/wp\/v2\/pages\/88","targetHints":{"allow":["GET"]}}],"collection":[{"href":"https:\/\/wordpress.elsa18.fr\/wordpress.elsa18.fr\/index.php\/wp-json\/wp\/v2\/pages"}],"about":[{"href":"https:\/\/wordpress.elsa18.fr\/wordpress.elsa18.fr\/index.php\/wp-json\/wp\/v2\/types\/page"}],"author":[{"embeddable":true,"href":"https:\/\/wordpress.elsa18.fr\/wordpress.elsa18.fr\/index.php\/wp-json\/wp\/v2\/users\/1"}],"replies":[{"embeddable":true,"href":"https:\/\/wordpress.elsa18.fr\/wordpress.elsa18.fr\/index.php\/wp-json\/wp\/v2\/comments?post=88"}],"version-history":[{"count":1,"href":"https:\/\/wordpress.elsa18.fr\/wordpress.elsa18.fr\/index.php\/wp-json\/wp\/v2\/pages\/88\/revisions"}],"predecessor-version":[{"id":817,"href":"https:\/\/wordpress.elsa18.fr\/wordpress.elsa18.fr\/index.php\/wp-json\/wp\/v2\/pages\/88\/revisions\/817"}],"wp:featuredmedia":[{"embeddable":true,"href":"https:\/\/wordpress.elsa18.fr\/wordpress.elsa18.fr\/index.php\/wp-json\/wp\/v2\/media\/87"}],"wp:attachment":[{"href":"https:\/\/wordpress.elsa18.fr\/wordpress.elsa18.fr\/index.php\/wp-json\/wp\/v2\/media?parent=88"}],"curies":[{"name":"wp","href":"https:\/\/api.w.org\/{rel}","templated":true}]}}